{"id":940,"date":"2025-12-03T06:50:03","date_gmt":"2025-12-03T06:50:03","guid":{"rendered":"https:\/\/jsd-sinks.com\/?post_type=product&#038;p=940"},"modified":"2025-12-09T02:25:31","modified_gmt":"2025-12-09T02:25:31","slug":"rust-resistant-stainless-steel-sink-bottom-grids","status":"publish","type":"product","link":"https:\/\/jsd-sinks.com\/pt\/rust-resistant-stainless-steel-sink-bottom-grids\/","title":{"rendered":"Grelhas de fundo de lava-loi\u00e7a em a\u00e7o inoxid\u00e1vel resistente \u00e0 ferrugem para prote\u00e7\u00e3o do lava-loi\u00e7a de cozinha"},"content":{"rendered":"<h2 data-start=\"303\" data-end=\"813\"><span class=\"YPkS7KbdpWfGdYKd3QB9\" data-src-align=\"0:4\">Base de prote\u00e7\u00e3o<\/span> <span class=\"YPkS7KbdpWfGdYKd3QB9\" data-src-align=\"5:6\">para proteger o brilho do lava-loi\u00e7a<\/span><\/h2>\n<p data-start=\"303\" data-end=\"813\">Esta grelha de fundo de lava-loi\u00e7a em a\u00e7o inoxid\u00e1vel foi concebida para melhorar o desempenho, a longevidade e a comodidade do seu lava-loi\u00e7a de cozinha. Constru\u00edda a partir de a\u00e7o inoxid\u00e1vel de primeira qualidade e resistente \u00e0 corros\u00e3o, proporciona uma camada protetora robusta e fi\u00e1vel entre o lava-loi\u00e7a e os utens\u00edlios de cozinha di\u00e1rios. Ao elevar pratos, panelas e utens\u00edlios acima da superf\u00edcie do lava-loi\u00e7a, a grelha evita eficazmente riscos, arranh\u00f5es e desgaste a longo prazo, ajudando a manter o acabamento original do seu lava-loi\u00e7a.<\/p>\n<p><img decoding=\"async\" class=\"size-medium wp-image-1089\" src=\"https:\/\/jsd-sinks.com\/wp-content\/uploads\/2025\/12\/\u4e0d\u9508\u94a2\u6c34\u69fd\u5e95\u90e8\u7f51\u683c11211-300x300.jpg\" alt=\"Grelhas de fundo de lava-loi\u00e7a em a\u00e7o inoxid\u00e1vel\" width=\"300\" height=\"300\" title=\"\" srcset=\"https:\/\/jsd-sinks.com\/wp-content\/uploads\/2025\/12\/\u4e0d\u9508\u94a2\u6c34\u69fd\u5e95\u90e8\u7f51\u683c11211-300x300.jpg 300w, https:\/\/jsd-sinks.com\/wp-content\/uploads\/2025\/12\/\u4e0d\u9508\u94a2\u6c34\u69fd\u5e95\u90e8\u7f51\u683c11211-100x100.jpg 100w, https:\/\/jsd-sinks.com\/wp-content\/uploads\/2025\/12\/\u4e0d\u9508\u94a2\u6c34\u69fd\u5e95\u90e8\u7f51\u683c11211-600x600.jpg 600w, https:\/\/jsd-sinks.com\/wp-content\/uploads\/2025\/12\/\u4e0d\u9508\u94a2\u6c34\u69fd\u5e95\u90e8\u7f51\u683c11211-500x500.jpg 500w, https:\/\/jsd-sinks.com\/wp-content\/uploads\/2025\/12\/\u4e0d\u9508\u94a2\u6c34\u69fd\u5e95\u90e8\u7f51\u683c11211-150x150.jpg 150w, https:\/\/jsd-sinks.com\/wp-content\/uploads\/2025\/12\/\u4e0d\u9508\u94a2\u6c34\u69fd\u5e95\u90e8\u7f51\u683c11211-12x12.jpg 12w, https:\/\/jsd-sinks.com\/wp-content\/uploads\/2025\/12\/\u4e0d\u9508\u94a2\u6c34\u69fd\u5e95\u90e8\u7f51\u683c11211.jpg 667w\" sizes=\"(max-width: 300px) 100vw, 300px\" \/><\/p>\n<h3 data-start=\"815\" data-end=\"1255\"><span class=\"YPkS7KbdpWfGdYKd3QB9\" data-src-align=\"17:4\">Drenagem suave<\/span> <span class=\"YPkS7KbdpWfGdYKd3QB9\" data-src-align=\"22:4\">e manter limpo<\/span><\/h3>\n<p data-start=\"815\" data-end=\"1255\">O design de fio aberto permite que a \u00e1gua flua livremente, promovendo uma drenagem mais r\u00e1pida e reduzindo a acumula\u00e7\u00e3o de res\u00edduos ou de \u00e1gua parada. Isto garante um ambiente de lava-loi\u00e7a mais limpo e higi\u00e9nico, tornando o trabalho de rotina na cozinha visivelmente mais suave. A abertura de drenagem redonda posicionada com precis\u00e3o oferece total compatibilidade com as localiza\u00e7\u00f5es de drenagem padr\u00e3o do lava-loi\u00e7a, permitindo um acesso f\u00e1cil \u00e0s fun\u00e7\u00f5es de lavagem, enxaguamento e elimina\u00e7\u00e3o sem remover a grelha.<\/p>\n<h3 data-start=\"1257\" data-end=\"1643\"><span class=\"YPkS7KbdpWfGdYKd3QB9\" data-src-align=\"32:4\">Est\u00e1vel e silencioso<\/span>, <span class=\"YPkS7KbdpWfGdYKd3QB9\" data-src-align=\"37:4\">absor\u00e7\u00e3o de choques e anti-colis\u00e3o<\/span><\/h3>\n<p data-start=\"1257\" data-end=\"1643\">Para melhorar a estabilidade e reduzir o ru\u00eddo, a grelha est\u00e1 equipada com p\u00e9s de borracha protectores e amortecedores laterais. Estas almofadas macias mas duradouras mant\u00eam a grelha firmemente no lugar, evitando o contacto metal-metal que poderia marcar ou danificar a superf\u00edcie do lava-loi\u00e7a. Tamb\u00e9m amortecem o impacto da coloca\u00e7\u00e3o da loi\u00e7a, ajudando a minimizar o ru\u00eddo e a proteger artigos delicados, como copos e ta\u00e7as de cer\u00e2mica.<\/p>\n<h3 data-start=\"1645\" data-end=\"2049\"><span class=\"YPkS7KbdpWfGdYKd3QB9\" data-src-align=\"47:4\">F\u00e1cil de limpar<\/span>, <span class=\"YPkS7KbdpWfGdYKd3QB9\" data-src-align=\"52:4\">adapta\u00e7\u00e3o universal<\/span><\/h3>\n<p data-start=\"1645\" data-end=\"2049\">F\u00e1cil de limpar e manter, a constru\u00e7\u00e3o em a\u00e7o inoxid\u00e1vel resiste \u00e0 ferrugem, \u00e0s manchas e \u00e0 descolora\u00e7\u00e3o, mesmo com exposi\u00e7\u00e3o constante \u00e0 \u00e1gua, ao calor e aos detergentes. A grelha pode ser enxaguada, limpa ou colocada na m\u00e1quina de lavar lou\u00e7a para uma manuten\u00e7\u00e3o sem esfor\u00e7o. A sua forma retangular universal torna-a adequada para muitos estilos de lava-loi\u00e7as modernos e tamanhos de bacias, quer em cozinhas residenciais, esta\u00e7\u00f5es de prepara\u00e7\u00e3o ou \u00e1reas de servi\u00e7o.<\/p>\n<h3 data-start=\"2051\" data-end=\"2242\"><span class=\"YPkS7KbdpWfGdYKd3QB9\" data-src-align=\"62:4\">Atualiza\u00e7\u00e3o pr\u00e1tica<\/span>, <span class=\"YPkS7KbdpWfGdYKd3QB9\" data-src-align=\"67:4\">guardi\u00e3o di\u00e1rio<\/span><\/h3>\n<p data-start=\"2051\" data-end=\"2242\" data-is-last-node=\"\" data-is-only-node=\"\">Combinando durabilidade, design cuidado e fun\u00e7\u00e3o pr\u00e1tica, esta grelha para o fundo do lava-loi\u00e7a \u00e9 uma atualiza\u00e7\u00e3o simples mas essencial que mant\u00e9m o seu lava-loi\u00e7a mais limpo, mais silencioso e mais bem protegido todos os dias.<\/p>","protected":false},"excerpt":{"rendered":"<p>Grelhas de fundo de lava-loi\u00e7a em a\u00e7o inoxid\u00e1vel duradouras concebidas para proteger o lava-loi\u00e7a de riscos, suportar utens\u00edlios de cozinha pesados e melhorar a drenagem. Inclui uma abertura de drenagem precisa, p\u00e9s de borracha antiderrapantes e uma estrutura de arame resistente \u00e0 ferrugem e f\u00e1cil de limpar para utiliza\u00e7\u00e3o quotidiana na cozinha.<\/p>","protected":false},"featured_media":1088,"template":"","meta":{"_gspb_post_css":""},"product_brand":[],"product_cat":[24],"product_tag":[119],"class_list":{"0":"post-940","1":"product","2":"type-product","3":"status-publish","4":"has-post-thumbnail","6":"product_cat-accessories","7":"product_tag-stainless-steel-sink-accessories-bottom-grid","9":"first","10":"instock","11":"shipping-taxable","12":"product-type-simple"},"_links":{"self":[{"href":"https:\/\/jsd-sinks.com\/pt\/wp-json\/wp\/v2\/product\/940","targetHints":{"allow":["GET"]}}],"collection":[{"href":"https:\/\/jsd-sinks.com\/pt\/wp-json\/wp\/v2\/product"}],"about":[{"href":"https:\/\/jsd-sinks.com\/pt\/wp-json\/wp\/v2\/types\/product"}],"wp:featuredmedia":[{"embeddable":true,"href":"https:\/\/jsd-sinks.com\/pt\/wp-json\/wp\/v2\/media\/1088"}],"wp:attachment":[{"href":"https:\/\/jsd-sinks.com\/pt\/wp-json\/wp\/v2\/media?parent=940"}],"wp:term":[{"taxonomy":"product_brand","embeddable":true,"href":"https:\/\/jsd-sinks.com\/pt\/wp-json\/wp\/v2\/product_brand?post=940"},{"taxonomy":"product_cat","embeddable":true,"href":"https:\/\/jsd-sinks.com\/pt\/wp-json\/wp\/v2\/product_cat?post=940"},{"taxonomy":"product_tag","embeddable":true,"href":"https:\/\/jsd-sinks.com\/pt\/wp-json\/wp\/v2\/product_tag?post=940"}],"curies":[{"name":"wp","href":"https:\/\/api.w.org\/{rel}","templated":true}]}}