{"id":937,"date":"2025-12-03T06:39:08","date_gmt":"2025-12-03T06:39:08","guid":{"rendered":"https:\/\/jsd-sinks.com\/?post_type=product&#038;p=937"},"modified":"2025-12-09T02:06:02","modified_gmt":"2025-12-09T02:06:02","slug":"kitchen-sink-rack-with-drainage-for-dish-drying","status":"publish","type":"product","link":"https:\/\/jsd-sinks.com\/pt\/kitchen-sink-rack-with-drainage-for-dish-drying\/","title":{"rendered":"Rack de lava-loi\u00e7a compacto com drenagem para uma secagem eficiente da loi\u00e7a"},"content":{"rendered":"<h2 data-start=\"0\" data-end=\"410\"><strong data-start=\"0\" data-end=\"88\">Melhore a funcionalidade da sua cozinha com este suporte de lava-loi\u00e7a elegante e pr\u00e1tico<\/strong><\/h2>\n<p data-start=\"0\" data-end=\"410\">Melhore a sua cozinha com este suporte para lava-loi\u00e7a elegante e funcional, concebido para facilitar a secagem de pratos, ch\u00e1venas e talheres. Com uma constru\u00e7\u00e3o duradoura e um design que poupa espa\u00e7o, adapta-se perfeitamente ao lado do lava-loi\u00e7a. Fabricado com materiais de alta qualidade e com acabamentos num tom cinzento moderno, complementa qualquer decora\u00e7\u00e3o de cozinha.<\/p>\n<figure id=\"attachment_1084\" aria-describedby=\"caption-attachment-1084\" style=\"width: 300px\" class=\"wp-caption alignnone\"><img decoding=\"async\" class=\"size-medium wp-image-1084\" src=\"https:\/\/jsd-sinks.com\/wp-content\/uploads\/2025\/12\/7\u67085\u65e514.jpg1_-300x300.jpg\" alt=\"suporte para lava-loi\u00e7as\" width=\"300\" height=\"300\" title=\"\" srcset=\"\" sizes=\"(max-width: 300px) 100vw, 300px\" data-srcset=\"\" \/><figcaption id=\"caption-attachment-1084\" class=\"wp-caption-text\">suporte para lava-loi\u00e7as<\/figcaption><\/figure>\n<h3 data-start=\"412\" data-end=\"789\"><strong data-start=\"412\" data-end=\"459\">Otimizar a secagem com carater\u00edsticas de design inteligentes<\/strong><\/h3>\n<p data-start=\"412\" data-end=\"789\">Esta prateleira \u00e9 constru\u00edda com v\u00e1rias ripas para promover o fluxo de ar e assegurar uma drenagem r\u00e1pida da \u00e1gua, mantendo a sua loi\u00e7a seca e sem excesso de humidade. A base perfurada evita a acumula\u00e7\u00e3o de \u00e1gua, ajudando a manter um espa\u00e7o limpo e organizado. O seu design inteligente facilita o enxaguamento e a manuten\u00e7\u00e3o, para que esteja sempre pronta a ser utilizada.<\/p>\n<h3 data-start=\"791\" data-end=\"1227\"><strong data-start=\"791\" data-end=\"841\">Perfeito para cozinhas compactas e espa\u00e7os modernos<\/strong><\/h3>\n<p data-start=\"791\" data-end=\"1227\" data-is-last-node=\"\" data-is-only-node=\"\">Ideal para cozinhas com espa\u00e7o limitado no balc\u00e3o, o design elegante desta prateleira oferece uma solu\u00e7\u00e3o pr\u00e1tica para secar a lou\u00e7a ou guardar os objectos de cozinha de forma organizada. O seu estilo minimalista d\u00e1 um toque de eleg\u00e2ncia moderna \u00e0 sua cozinha, mantendo-se altamente funcional. Quer seja um cozinheiro dom\u00e9stico ou um entusiasta da cozinha, esta prateleira tornar\u00e1 a sua rotina de cozinha mais eficiente e conveniente.<\/p>","protected":false},"excerpt":{"rendered":"<p>Este vers\u00e1til suporte para lava-loi\u00e7as de cozinha foi concebido para maximizar o espa\u00e7o e proporcionar uma secagem eficiente de pratos, copos e utens\u00edlios. Com uma cor cinzenta moderna, inclui um design robusto com ranhuras de drenagem para o fluxo de \u00e1gua e uma base compacta e f\u00e1cil de arrumar. Um must-have para qualquer bancada de cozinha.<\/p>","protected":false},"featured_media":1084,"template":"","meta":{"_gspb_post_css":""},"product_brand":[],"product_cat":[24],"product_tag":[118],"class_list":{"0":"post-937","1":"product","2":"type-product","3":"status-publish","4":"has-post-thumbnail","6":"product_cat-accessories","7":"product_tag-kitchen-sink-rackdish-drying-rackcountertop-organizer","9":"first","10":"instock","11":"shipping-taxable","12":"product-type-simple"},"_links":{"self":[{"href":"https:\/\/jsd-sinks.com\/pt\/wp-json\/wp\/v2\/product\/937","targetHints":{"allow":["GET"]}}],"collection":[{"href":"https:\/\/jsd-sinks.com\/pt\/wp-json\/wp\/v2\/product"}],"about":[{"href":"https:\/\/jsd-sinks.com\/pt\/wp-json\/wp\/v2\/types\/product"}],"wp:featuredmedia":[{"embeddable":true,"href":"https:\/\/jsd-sinks.com\/pt\/wp-json\/wp\/v2\/media\/1084"}],"wp:attachment":[{"href":"https:\/\/jsd-sinks.com\/pt\/wp-json\/wp\/v2\/media?parent=937"}],"wp:term":[{"taxonomy":"product_brand","embeddable":true,"href":"https:\/\/jsd-sinks.com\/pt\/wp-json\/wp\/v2\/product_brand?post=937"},{"taxonomy":"product_cat","embeddable":true,"href":"https:\/\/jsd-sinks.com\/pt\/wp-json\/wp\/v2\/product_cat?post=937"},{"taxonomy":"product_tag","embeddable":true,"href":"https:\/\/jsd-sinks.com\/pt\/wp-json\/wp\/v2\/product_tag?post=937"}],"curies":[{"name":"wp","href":"https:\/\/api.w.org\/{rel}","templated":true}]}}