{"id":905,"date":"2025-12-03T03:27:25","date_gmt":"2025-12-03T03:27:25","guid":{"rendered":"https:\/\/jsd-sinks.com\/?post_type=product&#038;p=905"},"modified":"2025-12-09T06:16:06","modified_gmt":"2025-12-09T06:16:06","slug":"expand-your-countertop-bamboo-cutting-board-for-sink","status":"publish","type":"product","link":"https:\/\/jsd-sinks.com\/pt\/expand-your-countertop-bamboo-cutting-board-for-sink\/","title":{"rendered":"Expanda a sua bancada: T\u00e1bua de corte de bambu para lava-loi\u00e7a em nogueira e teca"},"content":{"rendered":"<h2 data-start=\"0\" data-end=\"447\"><strong data-start=\"0\" data-end=\"33\">T\u00e1bua de corte de bambu para lava-loi\u00e7a<\/strong><\/h2>\n<p data-start=\"0\" data-end=\"447\">Esta t\u00e1bua de cortar em bambu \u00e9 a solu\u00e7\u00e3o perfeita para poupar espa\u00e7o na sua cozinha. Encaixa perfeitamente na maioria dos lava-loi\u00e7as, proporcionando uma forma inovadora de preparar frutas, legumes e carnes diretamente sobre o lava-loi\u00e7a, mantendo as suas bancadas livres de desordem. Feito de bambu dur\u00e1vel e ecol\u00f3gico, resiste a marcas de faca e possui uma superf\u00edcie de corte suave. O gr\u00e3o natural do bambu d\u00e1 um toque de eleg\u00e2ncia \u00e0 sua cozinha.<\/p>\n<p><img decoding=\"async\" class=\"size-medium wp-image-909\" src=\"https:\/\/jsd-sinks.com\/wp-content\/uploads\/2025\/12\/bamboo-cutting-board-for-sink-4-300x300.jpg\" alt=\"t\u00e1bua de corte em bambu para lava-loi\u00e7a\" width=\"300\" height=\"300\" title=\"\" srcset=\"https:\/\/jsd-sinks.com\/wp-content\/uploads\/2025\/12\/bamboo-cutting-board-for-sink-4-300x300.jpg 300w, https:\/\/jsd-sinks.com\/wp-content\/uploads\/2025\/12\/bamboo-cutting-board-for-sink-4-100x100.jpg 100w, https:\/\/jsd-sinks.com\/wp-content\/uploads\/2025\/12\/bamboo-cutting-board-for-sink-4-600x599.jpg 600w, https:\/\/jsd-sinks.com\/wp-content\/uploads\/2025\/12\/bamboo-cutting-board-for-sink-4-500x499.jpg 500w, https:\/\/jsd-sinks.com\/wp-content\/uploads\/2025\/12\/bamboo-cutting-board-for-sink-4-150x150.jpg 150w, https:\/\/jsd-sinks.com\/wp-content\/uploads\/2025\/12\/bamboo-cutting-board-for-sink-4-768x767.jpg 768w, https:\/\/jsd-sinks.com\/wp-content\/uploads\/2025\/12\/bamboo-cutting-board-for-sink-4-12x12.jpg 12w, https:\/\/jsd-sinks.com\/wp-content\/uploads\/2025\/12\/bamboo-cutting-board-for-sink-4.jpg 800w\" sizes=\"(max-width: 300px) 100vw, 300px\" \/><\/p>\n<h3 data-start=\"449\" data-end=\"927\"><strong data-start=\"449\" data-end=\"487\">Dupla funcionalidade para maior comodidade<\/strong><\/h3>\n<p data-start=\"449\" data-end=\"927\">Uma das carater\u00edsticas de destaque desta t\u00e1bua de cortar \u00e9 a sua dupla funcionalidade. Permite-lhe preparar ingredientes sobre o lava-loi\u00e7a enquanto recolhe sumos e res\u00edduos, garantindo que as suas bancadas se mant\u00eam limpas. Pode facilmente enxaguar os produtos ou raspar os restos diretamente no lava-loi\u00e7a, tornando a limpeza f\u00e1cil. A sua constru\u00e7\u00e3o robusta e o seu tamanho generoso garantem que aguenta uma utiliza\u00e7\u00e3o intensa, quer seja a cortar fruta, a fatiar legumes ou a trinchar carne.<\/p>\n<h3 data-start=\"929\" data-end=\"1273\"><strong data-start=\"929\" data-end=\"966\">F\u00e1cil manuten\u00e7\u00e3o e amigo do ambiente<\/strong><\/h3>\n<p data-start=\"929\" data-end=\"1273\">A manuten\u00e7\u00e3o desta t\u00e1bua de corte \u00e9 simples, mantendo-a com um \u00f3timo aspeto durante anos. O bambu \u00e9 naturalmente resistente a bact\u00e9rias e \u00e0 \u00e1gua, proporcionando uma superf\u00edcie higi\u00e9nica para a prepara\u00e7\u00e3o de alimentos. Fabricada a partir de bambu de origem sustent\u00e1vel, \u00e9 uma escolha amiga do ambiente para quem procura reduzir a sua pegada de carbono.<\/p>\n<h3 data-start=\"1275\" data-end=\"1554\"><strong data-start=\"1275\" data-end=\"1318\">Ideal para cozinhas pequenas e cozinheiros atarefados<\/strong><\/h3>\n<p data-start=\"1275\" data-end=\"1554\" data-is-last-node=\"\" data-is-only-node=\"\">Quer tenha uma cozinha pequena ou queira apenas manter o seu espa\u00e7o organizado, esta t\u00e1bua de corte em bambu \u00e9 pr\u00e1tica e elegante. Oferece uma solu\u00e7\u00e3o inteligente para a prepara\u00e7\u00e3o de alimentos e poupan\u00e7a de espa\u00e7o, tornando-a numa ferramenta essencial para qualquer casa.<\/p>","protected":false},"excerpt":{"rendered":"<p>Melhore a sua cozinha com esta t\u00e1bua de corte em bambu de qualidade superior, concebida para se adaptar ao seu lava-loi\u00e7a. Perfeita para cortar, lavar e escorrer, ajuda-o a maximizar o espa\u00e7o e a manter a sua bancada arrumada. Dur\u00e1vel, ecol\u00f3gica e f\u00e1cil de limpar, esta t\u00e1bua de cortar \u00e9 essencial para a cozinha.<\/p>","protected":false},"featured_media":906,"template":"","meta":{"_gspb_post_css":""},"product_brand":[],"product_cat":[24],"product_tag":[107,108,106],"class_list":{"0":"post-905","1":"product","2":"type-product","3":"status-publish","4":"has-post-thumbnail","6":"product_cat-accessories","7":"product_tag-bamboo-chopping-board","8":"product_tag-kitchen-prep-board","9":"product_tag-sink-cover-cutting-board","11":"first","12":"instock","13":"shipping-taxable","14":"product-type-simple"},"_links":{"self":[{"href":"https:\/\/jsd-sinks.com\/pt\/wp-json\/wp\/v2\/product\/905","targetHints":{"allow":["GET"]}}],"collection":[{"href":"https:\/\/jsd-sinks.com\/pt\/wp-json\/wp\/v2\/product"}],"about":[{"href":"https:\/\/jsd-sinks.com\/pt\/wp-json\/wp\/v2\/types\/product"}],"wp:featuredmedia":[{"embeddable":true,"href":"https:\/\/jsd-sinks.com\/pt\/wp-json\/wp\/v2\/media\/906"}],"wp:attachment":[{"href":"https:\/\/jsd-sinks.com\/pt\/wp-json\/wp\/v2\/media?parent=905"}],"wp:term":[{"taxonomy":"product_brand","embeddable":true,"href":"https:\/\/jsd-sinks.com\/pt\/wp-json\/wp\/v2\/product_brand?post=905"},{"taxonomy":"product_cat","embeddable":true,"href":"https:\/\/jsd-sinks.com\/pt\/wp-json\/wp\/v2\/product_cat?post=905"},{"taxonomy":"product_tag","embeddable":true,"href":"https:\/\/jsd-sinks.com\/pt\/wp-json\/wp\/v2\/product_tag?post=905"}],"curies":[{"name":"wp","href":"https:\/\/api.w.org\/{rel}","templated":true}]}}