{"id":895,"date":"2025-12-03T03:12:38","date_gmt":"2025-12-03T03:12:38","guid":{"rendered":"https:\/\/jsd-sinks.com\/?post_type=product&#038;p=895"},"modified":"2025-12-13T03:49:47","modified_gmt":"2025-12-13T03:49:47","slug":"round-stainless-steel-sink-in-matte-black-options","status":"publish","type":"product","link":"https:\/\/jsd-sinks.com\/pt\/round-stainless-steel-sink-in-matte-black-options\/","title":{"rendered":"Lava-lou\u00e7as redondo em a\u00e7o inoxid\u00e1vel para servi\u00e7o pesado em preto mate e op\u00e7\u00f5es douradas"},"content":{"rendered":"<h2 data-start=\"0\" data-end=\"309\"><strong data-start=\"0\" data-end=\"40\">Luxuoso lava-loi\u00e7a redondo em a\u00e7o inoxid\u00e1vel<\/strong><\/h2>\n<p data-start=\"0\" data-end=\"309\">D\u00ea um toque de luxo e funcionalidade \u00e0 sua casa de banho com este lavat\u00f3rio redondo artesanal em a\u00e7o inoxid\u00e1vel. Criado para elevar o aspeto das casas de banho modernas ou contempor\u00e2neas, \u00e9 fabricado em a\u00e7o inoxid\u00e1vel SUS304 de alta qualidade, que resiste \u00e0 corros\u00e3o, ferrugem e manchas.<\/p>\n<p><img decoding=\"async\" class=\"size-medium wp-image-1105\" src=\"https:\/\/jsd-sinks.com\/wp-content\/uploads\/2025\/12\/2-300x300.jpg\" alt=\"Lava-lou\u00e7as redondo em a\u00e7o inoxid\u00e1vel\" width=\"300\" height=\"300\" title=\"\" srcset=\"https:\/\/jsd-sinks.com\/wp-content\/uploads\/2025\/12\/2-300x300.jpg 300w, https:\/\/jsd-sinks.com\/wp-content\/uploads\/2025\/12\/2-100x100.jpg 100w, https:\/\/jsd-sinks.com\/wp-content\/uploads\/2025\/12\/2-600x600.jpg 600w, https:\/\/jsd-sinks.com\/wp-content\/uploads\/2025\/12\/2-500x500.jpg 500w, https:\/\/jsd-sinks.com\/wp-content\/uploads\/2025\/12\/2-150x150.jpg 150w, https:\/\/jsd-sinks.com\/wp-content\/uploads\/2025\/12\/2-768x768.jpg 768w, https:\/\/jsd-sinks.com\/wp-content\/uploads\/2025\/12\/2-12x12.jpg 12w, https:\/\/jsd-sinks.com\/wp-content\/uploads\/2025\/12\/2.jpg 800w\" sizes=\"(max-width: 300px) 100vw, 300px\" \/><\/p>\n<h3><strong data-start=\"311\" data-end=\"340\">Design espa\u00e7oso e elegante<\/strong><\/h3>\n<p data-start=\"311\" data-end=\"598\">Com um di\u00e2metro de 380 mm e uma profundidade de 110 mm, este lava-loi\u00e7a oferece um espa\u00e7o amplo para uma utiliza\u00e7\u00e3o confort\u00e1vel, mantendo um design compacto que se adapta perfeitamente a v\u00e1rios estilos de casa de banho. A sua superf\u00edcie lisa e polida real\u00e7a a sua beleza e facilita a limpeza.<\/p>\n<h3 data-start=\"600\" data-end=\"930\"><strong data-start=\"600\" data-end=\"638\">Acabamentos elegantes que se adaptam a qualquer espa\u00e7o<\/strong><\/h3>\n<p data-start=\"600\" data-end=\"930\">Dispon\u00edvel numa variedade de acabamentos deslumbrantes, incluindo Tyrant Gold, Rose Gold, Matt Black e Brushed Steel, este lavat\u00f3rio pode complementar o esquema de cores e as ferragens de qualquer casa de banho. Escolha um acabamento que se adeq\u00fae ao seu estilo, quer esteja a misturar-se com os equipamentos existentes ou a fazer uma afirma\u00e7\u00e3o arrojada.<\/p>\n<p><img decoding=\"async\" class=\"size-medium wp-image-1106\" src=\"https:\/\/jsd-sinks.com\/wp-content\/uploads\/2025\/12\/3-300x300.jpg\" alt=\"Lava-lou\u00e7as redondo em a\u00e7o inoxid\u00e1vel\" width=\"300\" height=\"300\" title=\"\" srcset=\"https:\/\/jsd-sinks.com\/wp-content\/uploads\/2025\/12\/3-300x300.jpg 300w, https:\/\/jsd-sinks.com\/wp-content\/uploads\/2025\/12\/3-100x100.jpg 100w, https:\/\/jsd-sinks.com\/wp-content\/uploads\/2025\/12\/3-600x600.jpg 600w, https:\/\/jsd-sinks.com\/wp-content\/uploads\/2025\/12\/3-500x500.jpg 500w, https:\/\/jsd-sinks.com\/wp-content\/uploads\/2025\/12\/3-150x150.jpg 150w, https:\/\/jsd-sinks.com\/wp-content\/uploads\/2025\/12\/3-768x768.jpg 768w, https:\/\/jsd-sinks.com\/wp-content\/uploads\/2025\/12\/3-12x12.jpg 12w, https:\/\/jsd-sinks.com\/wp-content\/uploads\/2025\/12\/3.jpg 800w\" sizes=\"(max-width: 300px) 100vw, 300px\" \/><\/p>\n<h3 data-start=\"932\" data-end=\"1213\"><strong data-start=\"932\" data-end=\"976\">Ideal para uso residencial e comercial<\/strong><\/h3>\n<p data-start=\"932\" data-end=\"1213\">Perfeito para espa\u00e7os dom\u00e9sticos e comerciais, este lavat\u00f3rio \u00e9 uma pe\u00e7a funcional e elegante. A sua constru\u00e7\u00e3o duradoura e o seu design elegante tornam-no ideal para casas de banho de alta qualidade, seja num hotel de luxo ou numa casa pessoal.<\/p>\n<h3 data-start=\"1215\" data-end=\"1487\"><strong data-start=\"1215\" data-end=\"1241\">Valor dur\u00e1vel e duradouro<\/strong><\/h3>\n<p data-start=\"1215\" data-end=\"1487\" data-is-last-node=\"\" data-is-only-node=\"\">Com um peso aproximado de 4300 g, este lava-loi\u00e7a foi constru\u00eddo para durar. Oferece resist\u00eancia e beleza, tornando-o uma adi\u00e7\u00e3o duradoura \u00e0 renova\u00e7\u00e3o da sua casa de banho. Com a sua combina\u00e7\u00e3o de design, durabilidade e acabamento, deixar\u00e1 uma impress\u00e3o duradoura.<\/p>","protected":false},"excerpt":{"rendered":"<p>Lava-loi\u00e7a redondo em a\u00e7o inoxid\u00e1vel SUS304 feito \u00e0 m\u00e3o, com 380 mm de di\u00e2metro x 110 mm de profundidade. Inclui um avental robusto de 2 mm e um lavat\u00f3rio de 1,2 mm. Dispon\u00edvel em acabamentos de alta qualidade: Escovado, Preto mate, Ouro escovado, Ouro rosa, Cinzento pistola e mais. Uma pe\u00e7a central dur\u00e1vel e elegante para qualquer casa de banho moderna.<\/p>","protected":false},"featured_media":896,"template":"","meta":{"_gspb_post_css":""},"product_brand":[],"product_cat":[23],"product_tag":[105,104,103],"class_list":{"0":"post-895","1":"product","2":"type-product","3":"status-publish","4":"has-post-thumbnail","6":"product_cat-bathroom-sink","7":"product_tag-brushed-gold-sink","8":"product_tag-round-vessel-sink","9":"product_tag-sus304-bathroom-sink","11":"first","12":"instock","13":"shipping-taxable","14":"product-type-simple"},"_links":{"self":[{"href":"https:\/\/jsd-sinks.com\/pt\/wp-json\/wp\/v2\/product\/895","targetHints":{"allow":["GET"]}}],"collection":[{"href":"https:\/\/jsd-sinks.com\/pt\/wp-json\/wp\/v2\/product"}],"about":[{"href":"https:\/\/jsd-sinks.com\/pt\/wp-json\/wp\/v2\/types\/product"}],"wp:featuredmedia":[{"embeddable":true,"href":"https:\/\/jsd-sinks.com\/pt\/wp-json\/wp\/v2\/media\/896"}],"wp:attachment":[{"href":"https:\/\/jsd-sinks.com\/pt\/wp-json\/wp\/v2\/media?parent=895"}],"wp:term":[{"taxonomy":"product_brand","embeddable":true,"href":"https:\/\/jsd-sinks.com\/pt\/wp-json\/wp\/v2\/product_brand?post=895"},{"taxonomy":"product_cat","embeddable":true,"href":"https:\/\/jsd-sinks.com\/pt\/wp-json\/wp\/v2\/product_cat?post=895"},{"taxonomy":"product_tag","embeddable":true,"href":"https:\/\/jsd-sinks.com\/pt\/wp-json\/wp\/v2\/product_tag?post=895"}],"curies":[{"name":"wp","href":"https:\/\/api.w.org\/{rel}","templated":true}]}}