{"id":888,"date":"2025-12-03T02:58:01","date_gmt":"2025-12-03T02:58:01","guid":{"rendered":"https:\/\/jsd-sinks.com\/?post_type=product&#038;p=888"},"modified":"2025-12-13T03:49:37","modified_gmt":"2025-12-13T03:49:37","slug":"rectangular-bathroom-sinks-for-easy-cleaning","status":"publish","type":"product","link":"https:\/\/jsd-sinks.com\/pt\/rectangular-bathroom-sinks-for-easy-cleaning\/","title":{"rendered":"Modernos lavat\u00f3rios de casa de banho rectangulares de canto redondo R10 para uma limpeza f\u00e1cil"},"content":{"rendered":"<h2 data-start=\"101\" data-end=\"419\"><strong data-start=\"101\" data-end=\"170\">Eleve a sua casa de banho com este lavat\u00f3rio retangular elegante e moderno<\/strong><\/h2>\n<p data-start=\"101\" data-end=\"419\">D\u00ea um toque de minimalismo e praticidade ao seu espa\u00e7o com este lavat\u00f3rio vers\u00e1til e de linhas simples. Perfeito para lavat\u00f3rios modernos, casas de banho compactas ou lavabos, oferece um aspeto intemporal que combina facilmente com uma variedade de estilos de interiores.<\/p>\n<p><img decoding=\"async\" class=\"size-medium wp-image-1102\" src=\"https:\/\/jsd-sinks.com\/wp-content\/uploads\/2025\/12\/1-300x300.jpg\" alt=\"lavat\u00f3rios de casa de banho rectangulares\" width=\"300\" height=\"300\" title=\"\" srcset=\"https:\/\/jsd-sinks.com\/wp-content\/uploads\/2025\/12\/1-300x300.jpg 300w, https:\/\/jsd-sinks.com\/wp-content\/uploads\/2025\/12\/1-100x100.jpg 100w, https:\/\/jsd-sinks.com\/wp-content\/uploads\/2025\/12\/1-600x600.jpg 600w, https:\/\/jsd-sinks.com\/wp-content\/uploads\/2025\/12\/1-500x500.jpg 500w, https:\/\/jsd-sinks.com\/wp-content\/uploads\/2025\/12\/1-150x150.jpg 150w, https:\/\/jsd-sinks.com\/wp-content\/uploads\/2025\/12\/1-768x768.jpg 768w, https:\/\/jsd-sinks.com\/wp-content\/uploads\/2025\/12\/1-12x12.jpg 12w, https:\/\/jsd-sinks.com\/wp-content\/uploads\/2025\/12\/1.jpg 800w\" sizes=\"(max-width: 300px) 100vw, 300px\" \/><\/p>\n<h3 data-start=\"421\" data-end=\"785\"><strong data-start=\"421\" data-end=\"476\">Concebida para uma limpeza f\u00e1cil com cantos arredondados R10<\/strong><\/h3>\n<p data-start=\"421\" data-end=\"785\">Este lava-loi\u00e7a apresenta cantos R10 suaves e arredondados, o que o torna n\u00e3o s\u00f3 esteticamente agrad\u00e1vel, mas tamb\u00e9m muito pr\u00e1tico. As curvas suaves eliminam as arestas vivas, garantindo uma limpeza e manuten\u00e7\u00e3o f\u00e1ceis. N\u00e3o se preocupe mais com sujidade ou manchas de \u00e1gua - \u00e9 perfeito para manter o seu lava-loi\u00e7a higi\u00e9nico com o m\u00ednimo esfor\u00e7o.<\/p>\n<h3 data-start=\"787\" data-end=\"1100\"><strong data-start=\"787\" data-end=\"850\">Escolha entre uma gama de acabamentos elegantes para combinar com a sua decora\u00e7\u00e3o<\/strong><\/h3>\n<p data-start=\"787\" data-end=\"1100\">Personalize a sua casa de banho com uma sele\u00e7\u00e3o exclusiva de acabamentos. Desde o arrojado Black King Kong at\u00e9 ao luxuoso Gold, ao quente Rose Gold, ao Gun Grey industrial e ao cl\u00e1ssico a\u00e7o inoxid\u00e1vel, cada op\u00e7\u00e3o foi concebida para uma durabilidade e um uso duradouro.<\/p>\n<h3 data-start=\"1102\" data-end=\"1372\"><strong data-start=\"1102\" data-end=\"1158\">Compacto mas funcional, com as propor\u00e7\u00f5es perfeitas<\/strong><\/h3>\n<p data-start=\"1102\" data-end=\"1372\">Com dimens\u00f5es de 560 mm de comprimento, 320 mm de largura e 120 mm de profundidade, este lava-loi\u00e7a tem o tamanho perfeito para lavar as m\u00e3os, cuidar da higiene e para as tarefas di\u00e1rias da casa de banho, oferecendo uma ampla utilidade sem sobrecarregar o espa\u00e7o.<\/p>\n<p><img decoding=\"async\" class=\"size-medium wp-image-1103\" src=\"https:\/\/jsd-sinks.com\/wp-content\/uploads\/2025\/12\/6-300x222.jpg\" alt=\"lavat\u00f3rios de casa de banho rectangulares\" width=\"300\" height=\"222\" title=\"\" srcset=\"https:\/\/jsd-sinks.com\/wp-content\/uploads\/2025\/12\/6-300x222.jpg 300w, https:\/\/jsd-sinks.com\/wp-content\/uploads\/2025\/12\/6-600x444.jpg 600w, https:\/\/jsd-sinks.com\/wp-content\/uploads\/2025\/12\/6-500x370.jpg 500w, https:\/\/jsd-sinks.com\/wp-content\/uploads\/2025\/12\/6-768x568.jpg 768w, https:\/\/jsd-sinks.com\/wp-content\/uploads\/2025\/12\/6-16x12.jpg 16w, https:\/\/jsd-sinks.com\/wp-content\/uploads\/2025\/12\/6.jpg 800w\" sizes=\"(max-width: 300px) 100vw, 300px\" \/><\/p>\n<h3 data-start=\"1374\" data-end=\"1687\"><strong data-start=\"1374\" data-end=\"1416\">Fabricado para ser dur\u00e1vel e f\u00e1cil de manter<\/strong><\/h3>\n<p data-start=\"1374\" data-end=\"1687\">Fabricado com materiais de alta qualidade, este lavat\u00f3rio combina um design elegante com carater\u00edsticas pr\u00e1ticas, garantindo uma durabilidade duradoura e uma manuten\u00e7\u00e3o f\u00e1cil. \u00c9 uma excelente escolha para quem procura uma mistura de estilo, limpeza e conveni\u00eancia moderna para a sua casa de banho.<\/p>","protected":false},"excerpt":{"rendered":"<p>Lavat\u00f3rios de casa de banho rectangulares modernos com design de canto redondo R10 para uma limpeza sem esfor\u00e7o. Dispon\u00edvel em v\u00e1rios acabamentos de qualidade superior: King Kong preto, Luxury Gold, Rose Gold, Gun Grey e a\u00e7o inoxid\u00e1vel cl\u00e1ssico. Dimens\u00f5es compactas de 560x320x120 mm, perfeitas para casas de banho com pouco espa\u00e7o.<\/p>","protected":false},"featured_media":889,"template":"","meta":{"_gspb_post_css":""},"product_brand":[],"product_cat":[23],"product_tag":[100,101,102],"class_list":{"0":"post-888","1":"product","2":"type-product","3":"status-publish","4":"has-post-thumbnail","6":"product_cat-bathroom-sink","7":"product_tag-bathroom-vanity-sink","8":"product_tag-modern-bathroom-sink","9":"product_tag-stainless-steel-basin","11":"first","12":"instock","13":"shipping-taxable","14":"product-type-simple"},"_links":{"self":[{"href":"https:\/\/jsd-sinks.com\/pt\/wp-json\/wp\/v2\/product\/888","targetHints":{"allow":["GET"]}}],"collection":[{"href":"https:\/\/jsd-sinks.com\/pt\/wp-json\/wp\/v2\/product"}],"about":[{"href":"https:\/\/jsd-sinks.com\/pt\/wp-json\/wp\/v2\/types\/product"}],"wp:featuredmedia":[{"embeddable":true,"href":"https:\/\/jsd-sinks.com\/pt\/wp-json\/wp\/v2\/media\/889"}],"wp:attachment":[{"href":"https:\/\/jsd-sinks.com\/pt\/wp-json\/wp\/v2\/media?parent=888"}],"wp:term":[{"taxonomy":"product_brand","embeddable":true,"href":"https:\/\/jsd-sinks.com\/pt\/wp-json\/wp\/v2\/product_brand?post=888"},{"taxonomy":"product_cat","embeddable":true,"href":"https:\/\/jsd-sinks.com\/pt\/wp-json\/wp\/v2\/product_cat?post=888"},{"taxonomy":"product_tag","embeddable":true,"href":"https:\/\/jsd-sinks.com\/pt\/wp-json\/wp\/v2\/product_tag?post=888"}],"curies":[{"name":"wp","href":"https:\/\/api.w.org\/{rel}","templated":true}]}}