{"id":856,"date":"2025-12-02T09:26:17","date_gmt":"2025-12-02T09:26:17","guid":{"rendered":"https:\/\/jsd-sinks.com\/?post_type=product&#038;p=856"},"modified":"2025-12-13T03:45:36","modified_gmt":"2025-12-13T03:45:36","slug":"embossed-single-bowl-undermount-sink-jsd-us5545","status":"publish","type":"product","link":"https:\/\/jsd-sinks.com\/pt\/embossed-single-bowl-undermount-sink-jsd-us5545\/","title":{"rendered":"Lavat\u00f3rio de uma cuba com relevo - JSD US5545"},"content":{"rendered":"<h2 data-start=\"287\" data-end=\"382\">JSD US5545 Lava-lou\u00e7as de cuba \u00fanica em relevo - O estilo duradouro alia-se \u00e0 conveni\u00eancia do dia a dia<\/h2>\n<h3 data-start=\"384\" data-end=\"684\"><strong data-start=\"384\" data-end=\"419\">Tamanho equilibrado para a maioria das cozinhas<\/strong><\/h3>\n<p data-start=\"384\" data-end=\"684\">A JSD US5545 tem 550 mm de largura por 450 mm de profundidade - uma \u00e1rea de implanta\u00e7\u00e3o bem equilibrada que se adapta confortavelmente \u00e0 maioria das disposi\u00e7\u00f5es da cozinha. A cuba principal mede 350 \u00d7 400 mm com uma profundidade de 230 mm, o que lhe d\u00e1 muito espa\u00e7o para pratos, prepara\u00e7\u00e3o de refei\u00e7\u00f5es ou tarefas di\u00e1rias na cozinha.<\/p>\n<p><img decoding=\"async\" class=\"size-medium wp-image-862\" src=\"https:\/\/jsd-sinks.com\/wp-content\/uploads\/2025\/12\/Embossed-Single-Bowl-Undermount-Sink-6-300x300.jpg\" alt=\"Lava-lou\u00e7as de cuba \u00fanica em relevo\" width=\"300\" height=\"300\" title=\"\" srcset=\"https:\/\/jsd-sinks.com\/wp-content\/uploads\/2025\/12\/Embossed-Single-Bowl-Undermount-Sink-6-300x300.jpg 300w, https:\/\/jsd-sinks.com\/wp-content\/uploads\/2025\/12\/Embossed-Single-Bowl-Undermount-Sink-6-100x100.jpg 100w, https:\/\/jsd-sinks.com\/wp-content\/uploads\/2025\/12\/Embossed-Single-Bowl-Undermount-Sink-6-600x600.jpg 600w, https:\/\/jsd-sinks.com\/wp-content\/uploads\/2025\/12\/Embossed-Single-Bowl-Undermount-Sink-6-500x500.jpg 500w, https:\/\/jsd-sinks.com\/wp-content\/uploads\/2025\/12\/Embossed-Single-Bowl-Undermount-Sink-6-150x150.jpg 150w, https:\/\/jsd-sinks.com\/wp-content\/uploads\/2025\/12\/Embossed-Single-Bowl-Undermount-Sink-6-768x768.jpg 768w, https:\/\/jsd-sinks.com\/wp-content\/uploads\/2025\/12\/Embossed-Single-Bowl-Undermount-Sink-6-12x12.jpg 12w, https:\/\/jsd-sinks.com\/wp-content\/uploads\/2025\/12\/Embossed-Single-Bowl-Undermount-Sink-6.jpg 800w\" sizes=\"(max-width: 300px) 100vw, 300px\" \/><\/p>\n<h3 data-start=\"686\" data-end=\"1018\"><strong data-start=\"686\" data-end=\"718\">Acabamento elegante mas pr\u00e1tico<\/strong><\/h3>\n<p data-start=\"686\" data-end=\"1018\">Este lava-lou\u00e7a tem uma superf\u00edcie em a\u00e7o inoxid\u00e1vel escovado e apresenta uma subtil textura em relevo. O acabamento confere um apelo moderno e t\u00e1til - e gra\u00e7as \u00e0 sua superf\u00edcie escovada e texturada, resiste a riscos, impress\u00f5es digitais e manchas de \u00e1gua, ajudando-o a manter um aspeto limpo e requintado com o m\u00ednimo esfor\u00e7o.<\/p>\n<h3 data-start=\"1020\" data-end=\"1226\"><strong data-start=\"1020\" data-end=\"1057\">Forma f\u00e1cil de limpar e design inteligente<\/strong><\/h3>\n<p data-start=\"1020\" data-end=\"1226\">Os cantos suaves e arredondados conferem ao lava-loi\u00e7a um aspeto elegante e contempor\u00e2neo - mas tamb\u00e9m s\u00e3o pr\u00e1ticos: eliminam os recantos dif\u00edceis de alcan\u00e7ar, pelo que a limpeza \u00e9 r\u00e1pida e f\u00e1cil.<\/p>\n<p data-start=\"1228\" data-end=\"1456\">No interior da bacia existem ranhuras em forma de X inteligentemente concebidas que criam uma ligeira inclina\u00e7\u00e3o em dire\u00e7\u00e3o ao ralo. Isto ajuda a \u00e1gua a escoar rapidamente, minimizando a \u00e1gua parada e acelerando a secagem - o que mant\u00e9m o seu lava-loi\u00e7a higi\u00e9nico e fresco.<\/p>\n<h3 data-start=\"1458\" data-end=\"1705\"><strong data-start=\"1458\" data-end=\"1501\">Instala\u00e7\u00e3o e compatibilidade sem falhas<\/strong><\/h3>\n<p data-start=\"1458\" data-end=\"1705\">O lava-loi\u00e7a inclui um orif\u00edcio de drenagem padr\u00e3o de 3,5 polegadas para uma f\u00e1cil instala\u00e7\u00e3o em sistemas de canaliza\u00e7\u00e3o comuns. Tamb\u00e9m \u00e9 compat\u00edvel com um escorredor maior de 114 mm, se preferir - oferecendo op\u00e7\u00f5es flex\u00edveis de instala\u00e7\u00e3o.<\/p>\n<p data-start=\"1707\" data-end=\"2055\"><strong data-start=\"1707\" data-end=\"1757\">Constru\u00eddo para durar - tamb\u00e9m com op\u00e7\u00f5es de personaliza\u00e7\u00e3o<\/strong><br data-start=\"1757\" data-end=\"1760\" \/>A JSD US5545 beneficia de uma garantia vital\u00edcia total, pelo que pode confiar que foi concebida para uma utiliza\u00e7\u00e3o a longo prazo. E se estiver a equipar v\u00e1rias cozinhas ou quiser um design personalizado, oferecemos servi\u00e7os OEM\/ODM com uma encomenda m\u00ednima de 10 conjuntos - dando-lhe flexibilidade para encomendas em massa ou especifica\u00e7\u00f5es personalizadas.<\/p>","protected":false},"excerpt":{"rendered":"<p>JSD US5545 Lava-lou\u00e7as de uma cuba em relevo. Tamanho vers\u00e1til de 550x450 mm com uma pr\u00e1tica cuba de 350x400 mm e 230 mm de profundidade. Apresenta um elegante acabamento em a\u00e7o inoxid\u00e1vel escovado com uma subtil textura em relevo, cantos redondos f\u00e1ceis de limpar, ranhuras de drenagem eficientes em forma de X e um orif\u00edcio de drenagem padr\u00e3o de 3,5\u2033. Inclui garantia vital\u00edcia e servi\u00e7os OEM\/ODM.<\/p>\n<p>Modelo: JSD US5545<br \/>\nDetalhes do produto:<br \/>\nTamanho total: 550X450mm<br \/>\nTamanho da ta\u00e7a: 350x400mm<br \/>\nProfundidade: 230 mm<br \/>\nOrif\u00edcio do escorredor: 114mm<br \/>\nTratamento de superf\u00edcie\uff1aBrushed<br \/>\nServi\u00e7os: Servi\u00e7o OEM\/ODM dispon\u00edvel<br \/>\nGarantia: Vital\u00edcia<br \/>\nMOQ: 10 conjuntos<\/p>","protected":false},"featured_media":863,"template":"","meta":{"_gspb_post_css":""},"product_brand":[],"product_cat":[21],"product_tag":[92,88,91],"class_list":{"0":"post-856","1":"product","2":"type-product","3":"status-publish","4":"has-post-thumbnail","6":"product_cat-embossed-sink","7":"product_tag-brushed-stainless-steel-sink","8":"product_tag-embossed-kitchen-sink","9":"product_tag-single-bowl-undermount","11":"first","12":"instock","13":"shipping-taxable","14":"product-type-simple"},"_links":{"self":[{"href":"https:\/\/jsd-sinks.com\/pt\/wp-json\/wp\/v2\/product\/856","targetHints":{"allow":["GET"]}}],"collection":[{"href":"https:\/\/jsd-sinks.com\/pt\/wp-json\/wp\/v2\/product"}],"about":[{"href":"https:\/\/jsd-sinks.com\/pt\/wp-json\/wp\/v2\/types\/product"}],"wp:featuredmedia":[{"embeddable":true,"href":"https:\/\/jsd-sinks.com\/pt\/wp-json\/wp\/v2\/media\/863"}],"wp:attachment":[{"href":"https:\/\/jsd-sinks.com\/pt\/wp-json\/wp\/v2\/media?parent=856"}],"wp:term":[{"taxonomy":"product_brand","embeddable":true,"href":"https:\/\/jsd-sinks.com\/pt\/wp-json\/wp\/v2\/product_brand?post=856"},{"taxonomy":"product_cat","embeddable":true,"href":"https:\/\/jsd-sinks.com\/pt\/wp-json\/wp\/v2\/product_cat?post=856"},{"taxonomy":"product_tag","embeddable":true,"href":"https:\/\/jsd-sinks.com\/pt\/wp-json\/wp\/v2\/product_tag?post=856"}],"curies":[{"name":"wp","href":"https:\/\/api.w.org\/{rel}","templated":true}]}}