{"id":755,"date":"2025-12-01T09:26:42","date_gmt":"2025-12-01T09:26:42","guid":{"rendered":"https:\/\/jsd-sinks.com\/?post_type=product&#038;p=755"},"modified":"2025-12-13T03:12:43","modified_gmt":"2025-12-13T03:12:43","slug":"modern-stainless-double-sink-undermount","status":"publish","type":"product","link":"https:\/\/jsd-sinks.com\/pt\/modern-stainless-double-sink-undermount\/","title":{"rendered":"Lava-loi\u00e7a duplo moderno em a\u00e7o inoxid\u00e1vel com cantos arredondados R10 UD8046"},"content":{"rendered":"<h2 data-start=\"248\" data-end=\"295\"><strong data-start=\"250\" data-end=\"293\">UD8046 Lava-loi\u00e7a duplo de encastrar em a\u00e7o inoxid\u00e1vel<\/strong><\/h2>\n<h3 data-start=\"345\" data-end=\"371\"><strong data-start=\"349\" data-end=\"369\">Vis\u00e3o geral do produto<\/strong><\/h3>\n<p data-start=\"372\" data-end=\"725\">Design elegante de montagem inferior para bancadas perfeitas<br data-start=\"421\" data-end=\"424\" \/>O UD8046 confere um aspeto limpo e moderno a qualquer cozinha. Como \u00e9 instalado por baixo da bancada, obt\u00e9m-se uma superf\u00edcie lisa e ininterrupta que torna incrivelmente f\u00e1cil limpar migalhas ou derrames diretamente para o lava-loi\u00e7a. O resultado \u00e9 um visual simples e polido que parece naturalmente integrado no seu espa\u00e7o.<\/p>\n<p><img decoding=\"async\" class=\"size-medium wp-image-1116\" src=\"https:\/\/jsd-sinks.com\/wp-content\/uploads\/2025\/12\/13-298x300.jpg\" alt=\"Lava-loi\u00e7a duplo em a\u00e7o inoxid\u00e1vel de encastrar\" width=\"298\" height=\"300\" title=\"\" srcset=\"https:\/\/jsd-sinks.com\/wp-content\/uploads\/2025\/12\/13-298x300.jpg 298w, https:\/\/jsd-sinks.com\/wp-content\/uploads\/2025\/12\/13-100x100.jpg 100w, https:\/\/jsd-sinks.com\/wp-content\/uploads\/2025\/12\/13-600x604.jpg 600w, https:\/\/jsd-sinks.com\/wp-content\/uploads\/2025\/12\/13-500x503.jpg 500w, https:\/\/jsd-sinks.com\/wp-content\/uploads\/2025\/12\/13-150x150.jpg 150w, https:\/\/jsd-sinks.com\/wp-content\/uploads\/2025\/12\/13-768x773.jpg 768w, https:\/\/jsd-sinks.com\/wp-content\/uploads\/2025\/12\/13-12x12.jpg 12w, https:\/\/jsd-sinks.com\/wp-content\/uploads\/2025\/12\/13.jpg 800w\" sizes=\"(max-width: 298px) 100vw, 298px\" \/><\/p>\n<h3 data-start=\"727\" data-end=\"759\"><strong data-start=\"731\" data-end=\"757\">Design e conveni\u00eancia<\/strong><\/h3>\n<p data-start=\"760\" data-end=\"1100\">Duas ta\u00e7as generosas para uma f\u00e1cil execu\u00e7\u00e3o de v\u00e1rias tarefas<br data-start=\"804\" data-end=\"807\" \/>Com duas bacias espa\u00e7osas (362 \u00d7 406 mm cada), as tarefas di\u00e1rias ficam mais organizadas. Pode lavar os legumes num recipiente enquanto p\u00f5e a loi\u00e7a de molho no outro, ou manter os itens limpos e sujos separados - o que se adequar \u00e0 sua rotina culin\u00e1ria. \u00c9 uma disposi\u00e7\u00e3o que ajuda tudo a mover-se mais rapidamente e de forma mais suave.<\/p>\n<h3 data-start=\"1102\" data-end=\"1136\"><strong data-start=\"1106\" data-end=\"1134\">Capacidade e desempenho<\/strong><\/h3>\n<p data-start=\"1137\" data-end=\"1411\">Bacias profundas que suportam utens\u00edlios de cozinha grandes<br data-start=\"1179\" data-end=\"1182\" \/>Cada ta\u00e7a tem 230 mm de profundidade, o que lhe d\u00e1 muito espa\u00e7o para panelas altas, frigideiras largas e assadeiras. A profundidade tamb\u00e9m ajuda a manter a \u00e1gua no seu devido lugar - dentro do lava-loi\u00e7a - para que os seus balc\u00f5es se mantenham mais limpos e secos durante as tarefas de cozinha.<\/p>\n<h3 data-start=\"1413\" data-end=\"1441\"><strong data-start=\"1417\" data-end=\"1439\">Carater\u00edsticas de f\u00e1cil manuten\u00e7\u00e3o<\/strong><\/h3>\n<p data-start=\"1442\" data-end=\"1762\">Cantos arredondados e drenagem eficiente<br data-start=\"1484\" data-end=\"1487\" \/>Os cantos arredondados do R10 facilitam a limpeza do lava-loi\u00e7a, eliminando os cantos ocultos onde a sujidade normalmente se instala. As ranhuras de drenagem em forma de X orientam a \u00e1gua para o ralo padr\u00e3o de 3,5 polegadas, ajudando o lavat\u00f3rio a manter-se seco e higi\u00e9nico com o m\u00ednimo esfor\u00e7o da sua parte.<\/p>\n<h3 data-start=\"1764\" data-end=\"1799\"><strong data-start=\"1768\" data-end=\"1797\">Qualidade de constru\u00e7\u00e3o e op\u00e7\u00f5es<\/strong><\/h3>\n<p data-start=\"1800\" data-end=\"2146\">A\u00e7o inoxid\u00e1vel dur\u00e1vel com op\u00e7\u00f5es de espessura personalizadas<br data-start=\"1857\" data-end=\"1860\" \/>Fabricado em a\u00e7o inoxid\u00e1vel robusto, o UD8046 foi concebido para uma utiliza\u00e7\u00e3o quotidiana. Pode escolher entre tr\u00eas op\u00e7\u00f5es de espessura - 0,95 mm, 1,05 mm ou 1,2 mm - consoante prefira uma constru\u00e7\u00e3o mais leve ou a m\u00e1xima durabilidade. \u00c9 uma forma pr\u00e1tica de combinar o lava-loi\u00e7a com o volume de trabalho da sua cozinha.<\/p>\n<h3 data-start=\"2148\" data-end=\"2178\"><strong data-start=\"2152\" data-end=\"2176\">Garantia e assist\u00eancia<\/strong><\/h3>\n<p data-start=\"2179\" data-end=\"2485\"><strong data-start=\"2179\" data-end=\"2229\">Apoiado por I&amp;D e servi\u00e7o p\u00f3s-venda vital\u00edcio<\/strong><br data-start=\"2229\" data-end=\"2232\" \/>Com o apoio de uma equipa de investiga\u00e7\u00e3o e desenvolvimento dedicada e uma garantia p\u00f3s-venda vital\u00edcia, o UD8046 n\u00e3o \u00e9 apenas uma compra - \u00e9 uma atualiza\u00e7\u00e3o a longo prazo. Pode contar com um desempenho fi\u00e1vel, uma engenharia cuidada e assist\u00eancia sempre que precisar.<\/p>","protected":false},"excerpt":{"rendered":"<p>Apresentamos o lava-loi\u00e7a duplo de encastrar em a\u00e7o inoxid\u00e1vel UD8046, concebido para um estilo perfeito e uma funcionalidade superior. Com duas bacias espa\u00e7osas de 362x406 mm e um design profundo de 230 mm, \u00e9 perfeito para multitarefas eficientes. Desfrute de uma limpeza f\u00e1cil com cantos arredondados R10, drenagem eficiente a partir de ranhuras em forma de X e a flexibilidade de uma espessura personaliz\u00e1vel. Experimente um aspeto elegante e integrado com assist\u00eancia t\u00e9cnica vital\u00edcia.<\/p>\n<p>Modelo: UD8046<br \/>\nDimens\u00f5es exteriores: 789 x 446 mm<br \/>\nDimens\u00f5es internas: 362 x 406 mm<br \/>\nProfundidade: 230 mm<br \/>\nEspessura: 0,95\/1,05\/1,2 mm\/Personaliza\u00e7\u00e3o<br \/>\nEmbalagem individual Dimens\u00f5es: 839 x 496 x 290 mm<br \/>\nPeso l\u00edquido: 10 kg<br \/>\nPeso bruto: 11,5 kg<\/p>","protected":false},"featured_media":1286,"template":"","meta":{"_gspb_post_css":""},"product_brand":[],"product_cat":[20],"product_tag":[63],"class_list":{"0":"post-755","1":"product","2":"type-product","3":"status-publish","4":"has-post-thumbnail","6":"product_cat-undermount-sink","7":"product_tag-undermount-double-sink-seamless-installation-dual-basin-design","9":"first","10":"instock","11":"shipping-taxable","12":"product-type-simple"},"_links":{"self":[{"href":"https:\/\/jsd-sinks.com\/pt\/wp-json\/wp\/v2\/product\/755","targetHints":{"allow":["GET"]}}],"collection":[{"href":"https:\/\/jsd-sinks.com\/pt\/wp-json\/wp\/v2\/product"}],"about":[{"href":"https:\/\/jsd-sinks.com\/pt\/wp-json\/wp\/v2\/types\/product"}],"wp:featuredmedia":[{"embeddable":true,"href":"https:\/\/jsd-sinks.com\/pt\/wp-json\/wp\/v2\/media\/1286"}],"wp:attachment":[{"href":"https:\/\/jsd-sinks.com\/pt\/wp-json\/wp\/v2\/media?parent=755"}],"wp:term":[{"taxonomy":"product_brand","embeddable":true,"href":"https:\/\/jsd-sinks.com\/pt\/wp-json\/wp\/v2\/product_brand?post=755"},{"taxonomy":"product_cat","embeddable":true,"href":"https:\/\/jsd-sinks.com\/pt\/wp-json\/wp\/v2\/product_cat?post=755"},{"taxonomy":"product_tag","embeddable":true,"href":"https:\/\/jsd-sinks.com\/pt\/wp-json\/wp\/v2\/product_tag?post=755"}],"curies":[{"name":"wp","href":"https:\/\/api.w.org\/{rel}","templated":true}]}}