{"id":644,"date":"2025-11-29T07:52:52","date_gmt":"2025-11-29T07:52:52","guid":{"rendered":"https:\/\/jsd-sinks.com\/?post_type=product&#038;p=644"},"modified":"2025-12-10T02:30:19","modified_gmt":"2025-12-10T02:30:19","slug":"durable-304-stainless-steel-sink-multiple-thickness","status":"publish","type":"product","link":"https:\/\/jsd-sinks.com\/pt\/durable-304-stainless-steel-sink-multiple-thickness\/","title":{"rendered":"Lava-loi\u00e7a em a\u00e7o inoxid\u00e1vel 304 dur\u00e1vel - V\u00e1rias op\u00e7\u00f5es de espessura e acabamento WUS3019"},"content":{"rendered":"<h2 data-start=\"316\" data-end=\"384\">Lava-lou\u00e7as em a\u00e7o inoxid\u00e1vel 304 - Criado para cozinhas reais, vida real<\/h2>\n<h3 data-start=\"386\" data-end=\"428\"><strong data-start=\"386\" data-end=\"428\">Criado para cozinhas reais, vida real<\/strong><\/h3>\n<p data-start=\"430\" data-end=\"776\">Este lava-loi\u00e7a foi concebido para pessoas que cozinham, limpam, se divertem e vivem em torno da sua cozinha. Fabricado em a\u00e7o inoxid\u00e1vel SUS304 genu\u00edno, oferece o tipo de resist\u00eancia e fiabilidade que pode sentir no momento em que passa a m\u00e3o pela superf\u00edcie. \u00c9 robusto, suave e foi concebido para lidar com o caos da utiliza\u00e7\u00e3o quotidiana sem perder o seu aspeto limpo e moderno.<\/p>\n<p data-start=\"778\" data-end=\"1154\">A ta\u00e7a mede 711 \u00d7 432 mm, proporcionando-lhe um espa\u00e7o de trabalho generoso, quer esteja a lavar legumes para o jantar ou a demolhar uma panela depois de uma grande refei\u00e7\u00e3o em fam\u00edlia. A profundidade de 230 mm mant\u00e9m os salpicos sob controlo e facilita o manuseamento de utens\u00edlios de cozinha volumosos sem se sentir apertado. \u00c9 o tipo de profundidade que parece natural - nem demasiado rasa, nem demasiado funda - ideal para as rotinas di\u00e1rias.<\/p>\n<p><img decoding=\"async\" class=\"size-medium wp-image-1162\" src=\"https:\/\/jsd-sinks.com\/wp-content\/uploads\/2025\/11\/\u672a\u547d\u540d1-300x300.jpg\" alt=\"Lava-loi\u00e7a em a\u00e7o inoxid\u00e1vel 304\" width=\"300\" height=\"300\" title=\"\" srcset=\"https:\/\/jsd-sinks.com\/wp-content\/uploads\/2025\/11\/\u672a\u547d\u540d1-300x300.jpg 300w, https:\/\/jsd-sinks.com\/wp-content\/uploads\/2025\/11\/\u672a\u547d\u540d1-100x100.jpg 100w, https:\/\/jsd-sinks.com\/wp-content\/uploads\/2025\/11\/\u672a\u547d\u540d1-600x599.jpg 600w, https:\/\/jsd-sinks.com\/wp-content\/uploads\/2025\/11\/\u672a\u547d\u540d1-500x499.jpg 500w, https:\/\/jsd-sinks.com\/wp-content\/uploads\/2025\/11\/\u672a\u547d\u540d1-150x150.jpg 150w, https:\/\/jsd-sinks.com\/wp-content\/uploads\/2025\/11\/\u672a\u547d\u540d1-768x767.jpg 768w, https:\/\/jsd-sinks.com\/wp-content\/uploads\/2025\/11\/\u672a\u547d\u540d1-12x12.jpg 12w, https:\/\/jsd-sinks.com\/wp-content\/uploads\/2025\/11\/\u672a\u547d\u540d1.jpg 802w\" sizes=\"(max-width: 300px) 100vw, 300px\" \/><\/p>\n<h3 data-start=\"1156\" data-end=\"1206\"><strong data-start=\"1156\" data-end=\"1206\">Pormenores atenciosos que fazem uma verdadeira diferen\u00e7a<\/strong><\/h3>\n<p data-start=\"1208\" data-end=\"1628\">Uma das carater\u00edsticas mais satisfat\u00f3rias \u00e9 o sistema de drenagem em forma de X. Em vez de a \u00e1gua ficar na bacia, as ranhuras guiam-na suavemente para o ralo de 3,5 polegadas, mantendo a superf\u00edcie do lava-loi\u00e7a seca e limpa. \u00c9 um pequeno pormenor que melhora discretamente toda a sua experi\u00eancia na cozinha. Os cantos arredondados e suaves contribuem para a personalidade moderna do lava-loi\u00e7a, ao mesmo tempo que tornam a limpeza quase sem esfor\u00e7o - sem cantos apertados ou sujidade persistente.<\/p>\n<h3 data-start=\"1630\" data-end=\"1671\"><strong data-start=\"1630\" data-end=\"1671\">Constru\u00eddo \u00e0 sua maneira, n\u00e3o de tamanho \u00fanico<\/strong><\/h3>\n<p data-start=\"1673\" data-end=\"2068\">Pode escolher a espessura que melhor se adequa \u00e0s suas prefer\u00eancias, de 0,95 mm a 1,35 mm. Se gosta de um lava-loi\u00e7a um pouco mais pesado e substancial, pode t\u00ea-lo. Se preferir algo mais leve mas fi\u00e1vel, essa op\u00e7\u00e3o tamb\u00e9m est\u00e1 aqui. As op\u00e7\u00f5es de acabamento - escovado, preto nano, preto mate, cinzento pistola e dourado - permitem-lhe combinar o seu lava-loi\u00e7a com o car\u00e1cter da sua casa, e n\u00e3o o contr\u00e1rio.<\/p>\n<p data-start=\"2070\" data-end=\"2329\">Cada pe\u00e7a \u00e9 testada, verificada e aperfei\u00e7oada pela nossa equipa antes de chegar \u00e0 sua cozinha. E com apoio p\u00f3s-venda vital\u00edcio e uma equipa de I&amp;D dedicada por tr\u00e1s do produto, n\u00e3o est\u00e1 apenas a comprar um lava-lou\u00e7a - est\u00e1 a investir em anos de confian\u00e7a e conforto.<\/p>\n<h3 data-start=\"2331\" data-end=\"2370\"><strong data-start=\"2331\" data-end=\"2370\">Um lava-loi\u00e7a que trabalha tanto como voc\u00ea<\/strong><\/h3>\n<p data-start=\"2372\" data-end=\"2608\">Este lava-loi\u00e7a em a\u00e7o inoxid\u00e1vel 304 foi concebido para ser mais do que um espa\u00e7o utilit\u00e1rio. Foi concebido para ser intuitivo, duradouro e fi\u00e1vel - uma parte da sua cozinha que apoia tranquilamente todas as refei\u00e7\u00f5es, todas as limpezas e todos os momentos passados \u00e0 sua volta.<\/p>","protected":false},"excerpt":{"rendered":"<p>Descubra o nosso lava-loi\u00e7a em a\u00e7o inoxid\u00e1vel 304 de qualidade superior, habilmente concebido para durabilidade e funcionalidade. Com uma cuba espa\u00e7osa de 711x432 mm com 230 mm de profundidade, ranhuras de drenagem em forma de X e cantos arredondados para uma limpeza f\u00e1cil. Dispon\u00edvel em v\u00e1rias op\u00e7\u00f5es de espessura e acabamentos, incluindo escovado, Nano Black e dourado. Com o apoio de um servi\u00e7o de apoio ao cliente vital\u00edcio - a combina\u00e7\u00e3o perfeita de qualidade e desempenho para a sua cozinha.<\/p>\n<p>Modelo: WUS3019<br \/>\nDimens\u00f5es externas: 762X482MM<br \/>\nDimens\u00f5es internas: 711X432MM<br \/>\nProfundidade: 230MM<br \/>\nMaterial: SUS201\/SUS304\/SUS316<br \/>\nEspessura: 0,95\/1,05\/1,15\/1,35MM\/personaliz\u00e1vel<br \/>\nAcabamento da superf\u00edcie: Escovado\/Nano preto\/Preto mate\/Cinza pistola\/Dourado<br \/>\nMOQ: 5-10PCS<br \/>\nEmbalagem individual: 812X532X290MM<br \/>\nPeso l\u00edquido: 7.5KG<br \/>\nPeso bruto: 9KG<\/p>","protected":false},"featured_media":645,"template":"","meta":{"_gspb_post_css":""},"product_brand":[],"product_cat":[18],"product_tag":[48],"class_list":{"0":"post-644","1":"product","2":"type-product","3":"status-publish","4":"has-post-thumbnail","6":"product_cat-workstation-sink","7":"product_tag-304-stainless-steel-kitchen-sink-premium-finish","9":"first","10":"instock","11":"shipping-taxable","12":"product-type-simple"},"_links":{"self":[{"href":"https:\/\/jsd-sinks.com\/pt\/wp-json\/wp\/v2\/product\/644","targetHints":{"allow":["GET"]}}],"collection":[{"href":"https:\/\/jsd-sinks.com\/pt\/wp-json\/wp\/v2\/product"}],"about":[{"href":"https:\/\/jsd-sinks.com\/pt\/wp-json\/wp\/v2\/types\/product"}],"wp:featuredmedia":[{"embeddable":true,"href":"https:\/\/jsd-sinks.com\/pt\/wp-json\/wp\/v2\/media\/645"}],"wp:attachment":[{"href":"https:\/\/jsd-sinks.com\/pt\/wp-json\/wp\/v2\/media?parent=644"}],"wp:term":[{"taxonomy":"product_brand","embeddable":true,"href":"https:\/\/jsd-sinks.com\/pt\/wp-json\/wp\/v2\/product_brand?post=644"},{"taxonomy":"product_cat","embeddable":true,"href":"https:\/\/jsd-sinks.com\/pt\/wp-json\/wp\/v2\/product_cat?post=644"},{"taxonomy":"product_tag","embeddable":true,"href":"https:\/\/jsd-sinks.com\/pt\/wp-json\/wp\/v2\/product_tag?post=644"}],"curies":[{"name":"wp","href":"https:\/\/api.w.org\/{rel}","templated":true}]}}