{"id":626,"date":"2025-11-29T07:12:11","date_gmt":"2025-11-29T07:12:11","guid":{"rendered":"https:\/\/jsd-sinks.com\/?post_type=product&#038;p=626"},"modified":"2025-12-12T07:32:49","modified_gmt":"2025-12-12T07:32:49","slug":"33-inch-workstation-sink-with-customizable-thickness","status":"publish","type":"product","link":"https:\/\/jsd-sinks.com\/pt\/33-inch-workstation-sink-with-customizable-thickness\/","title":{"rendered":"Lavat\u00f3rio para esta\u00e7\u00e3o de trabalho Premium de 33 polegadas com op\u00e7\u00f5es de espessura personaliz\u00e1veis UTS3219"},"content":{"rendered":"<h2 data-start=\"231\" data-end=\"360\"><strong data-start=\"231\" data-end=\"281\">Lavat\u00f3rio para esta\u00e7\u00e3o de trabalho de 33 polegadas<\/strong><\/h2>\n<p data-start=\"231\" data-end=\"360\"><strong data-start=\"284\" data-end=\"360\">Transforme a sua cozinha num espa\u00e7o de cozinha funcional e altamente organizado<\/strong><\/p>\n<h3 data-start=\"362\" data-end=\"802\"><strong data-start=\"362\" data-end=\"394\">Bancada de esta\u00e7\u00e3o de trabalho integrada<\/strong><\/h3>\n<p data-start=\"362\" data-end=\"802\">Uma borda est\u00e1vel permite-lhe deslizar t\u00e1buas de cortar e acess\u00f3rios atrav\u00e9s do lava-loi\u00e7a<br data-start=\"477\" data-end=\"480\" \/>Deslizar uma t\u00e1bua, apoiar um coador ou pousar uma tigela na borda - transforma o lava-loi\u00e7a numa pequena esta\u00e7\u00e3o de trabalho. Em vez de fazer malabarismos com uma t\u00e1bua de cortar molhada no balc\u00e3o, tudo fica no mesmo s\u00edtio e escorre diretamente para o lava-loi\u00e7a. \u00c9 o tipo de pequena mudan\u00e7a que acaba por lhe poupar minutos e muito aborrecimento.<\/p>\n<h3 data-start=\"804\" data-end=\"1109\"><strong data-start=\"804\" data-end=\"823\">Bacia principal profunda<\/strong><\/h3>\n<p data-start=\"804\" data-end=\"1109\">Uma bacia com 230 mm de profundidade d\u00e1-lhe espa\u00e7o para panelas grandes e reduz os salpicos<br data-start=\"898\" data-end=\"901\" \/>Quando se lava uma panela ou se enxagua uma assadeira, a profundidade mant\u00e9m a \u00e1gua no seu devido lugar. \u00c9 mais f\u00e1cil esfregar uma panela alta sem que ela tombe, e notar\u00e1 menos pingos na bancada depois de a enxaguar.<\/p>\n<p><img decoding=\"async\" class=\"size-medium wp-image-1159\" src=\"https:\/\/jsd-sinks.com\/wp-content\/uploads\/2025\/11\/121-300x300.jpg\" alt=\"Lavat\u00f3rio para esta\u00e7\u00e3o de trabalho de 33 polegadas\" width=\"300\" height=\"300\" title=\"\" srcset=\"https:\/\/jsd-sinks.com\/wp-content\/uploads\/2025\/11\/121-300x300.jpg 300w, https:\/\/jsd-sinks.com\/wp-content\/uploads\/2025\/11\/121-100x100.jpg 100w, https:\/\/jsd-sinks.com\/wp-content\/uploads\/2025\/11\/121-600x600.jpg 600w, https:\/\/jsd-sinks.com\/wp-content\/uploads\/2025\/11\/121-500x500.jpg 500w, https:\/\/jsd-sinks.com\/wp-content\/uploads\/2025\/11\/121-150x150.jpg 150w, https:\/\/jsd-sinks.com\/wp-content\/uploads\/2025\/11\/121-768x768.jpg 768w, https:\/\/jsd-sinks.com\/wp-content\/uploads\/2025\/11\/121-12x12.jpg 12w, https:\/\/jsd-sinks.com\/wp-content\/uploads\/2025\/11\/121.jpg 800w\" sizes=\"(max-width: 300px) 100vw, 300px\" \/><\/p>\n<h3 data-start=\"1111\" data-end=\"1459\"><strong data-start=\"1111\" data-end=\"1142\">Constru\u00e7\u00e3o SUS304 dur\u00e1vel<\/strong><\/h3>\n<p data-start=\"1111\" data-end=\"1459\">A\u00e7o inoxid\u00e1vel de qualidade superior com op\u00e7\u00f5es de espessura de 0,95 mm a 1,2 mm<br data-start=\"1216\" data-end=\"1219\" \/>Este \u00e9 um metal de cozinha que se sente s\u00f3lido nas suas m\u00e3os. Escolha um calibre mais fino se estiver a controlar o or\u00e7amento ou um mais grosso se gostar de uma sensa\u00e7\u00e3o mais pesada e silenciosa. De qualquer forma, o SUS304 resiste \u00e0 ferrugem e aguenta os golpes do dia a dia e o vapor.<\/p>\n<h3 data-start=\"1461\" data-end=\"1779\"><strong data-start=\"1461\" data-end=\"1487\">Cantos arredondados modernos<\/strong><\/h3>\n<p data-start=\"1461\" data-end=\"1779\">Os cantos arredondados tornam a limpeza r\u00e1pida e reduzem a sujidade escondida<br data-start=\"1555\" data-end=\"1558\" \/>N\u00e3o \u00e9 necess\u00e1rio esfregar a escova de dentes em \u00e2ngulos apertados - as extremidades arredondadas limpam facilmente. \u00c9 um daqueles pormenores pr\u00e1ticos que n\u00e3o se aprecia at\u00e9 \u00e0 primeira vez que se limpa o lava-loi\u00e7a e se apercebe de que \u00e9 preciso muito menos esfor\u00e7o.<\/p>\n<h3 data-start=\"1781\" data-end=\"2111\"><strong data-start=\"1781\" data-end=\"1815\">Ranhuras de drenagem inteligentes em forma de X<\/strong><\/h3>\n<p data-start=\"1781\" data-end=\"2111\">As ranhuras concebidas guiam a \u00e1gua para o dreno padr\u00e3o de 3,5 polegadas para evitar a forma\u00e7\u00e3o de po\u00e7as<br data-start=\"1906\" data-end=\"1909\" \/>As ranhuras puxam a \u00e1gua em dire\u00e7\u00e3o ao ralo para que desapare\u00e7a mais rapidamente. Ap\u00f3s uma sess\u00e3o de cozedura intensa, ver\u00e1 menos \u00e1gua parada e menos pontos para limpar com uma toalha - uma pequena engenharia com uma recompensa not\u00e1vel.<\/p>\n<h3 data-start=\"2113\" data-end=\"2400\"><strong data-start=\"2113\" data-end=\"2154\">Drenagem de precis\u00e3o e acabamento duradouro<\/strong><\/h3>\n<p data-start=\"2113\" data-end=\"2400\">Talude de drenagem calibrado e tratamentos de superf\u00edcie concebidos para durar<br data-start=\"2223\" data-end=\"2226\" \/>A inclina\u00e7\u00e3o e o tratamento da superf\u00edcie funcionam em conjunto: a \u00e1gua escorre para onde deve escorrer e o acabamento resiste a riscos e manchas, pelo que o lava-loi\u00e7a mant\u00e9m um bom aspeto durante a utiliza\u00e7\u00e3o regular.<\/p>\n<p data-start=\"2402\" data-end=\"2658\"><strong data-start=\"2402\" data-end=\"2450\">Suporte p\u00f3s-venda vital\u00edcio e apoio de I&amp;D<\/strong><br data-start=\"2450\" data-end=\"2453\" \/>O suporte cont\u00ednuo e o apoio t\u00e9cnico d\u00e3o-lhe confian\u00e7a ao longo do tempo<br data-start=\"2524\" data-end=\"2527\" \/>Se surgir algum problema, existe um verdadeiro apoio por tr\u00e1s do produto - e uma equipa que melhora o design para que as vers\u00f5es futuras sejam ainda melhores.<\/p>","protected":false},"excerpt":{"rendered":"<p>Conhe\u00e7a o lava-loi\u00e7a para esta\u00e7\u00e3o de trabalho de 33 polegadas - o seu melhor companheiro de cozinha. Com uma borda para acess\u00f3rios incorporada, este lava-loi\u00e7a de 838 mm oferece uma bacia espa\u00e7osa de 230 mm de profundidade com drenagem em forma de X e cantos arredondados. Fabricado em a\u00e7o inoxid\u00e1vel SUS304 de primeira qualidade com v\u00e1rias op\u00e7\u00f5es de espessura, integra perfeitamente a prepara\u00e7\u00e3o de alimentos, a lavagem e a secagem num espa\u00e7o de trabalho eficiente. Perfeito para cozinhas modernas que procuram estilo e funcionalidade.<\/p>\n<p>Modelo: UTS3219<br \/>\nDimens\u00f5es externas: 818X482MM<br \/>\nDimens\u00f5es internas: 762X432MM<br \/>\nProfundidade: 230MM<br \/>\nMaterial: SUS201\/SUS304\/SUS316<br \/>\nEspessura: 0,95\/1,05\/1,15\/1,35MM\/personaliz\u00e1vel<br \/>\nAcabamento da superf\u00edcie: Escovado\/Nano preto\/Preto mate\/Cinza pistola\/Dourado<br \/>\nMOQ: 5-10PCS<br \/>\nEmbalagem individual: 868X532X290MM<br \/>\nPeso l\u00edquido: 8KG<br \/>\nPeso bruto: 9.5KG<\/p>","protected":false},"featured_media":1230,"template":"","meta":{"_gspb_post_css":""},"product_brand":[],"product_cat":[18],"product_tag":[46],"class_list":{"0":"post-626","1":"product","2":"type-product","3":"status-publish","4":"has-post-thumbnail","6":"product_cat-workstation-sink","7":"product_tag-workstation-sink-integrated-accessory-ledge-compact-kitchen-sink","9":"first","10":"instock","11":"shipping-taxable","12":"product-type-simple"},"_links":{"self":[{"href":"https:\/\/jsd-sinks.com\/pt\/wp-json\/wp\/v2\/product\/626","targetHints":{"allow":["GET"]}}],"collection":[{"href":"https:\/\/jsd-sinks.com\/pt\/wp-json\/wp\/v2\/product"}],"about":[{"href":"https:\/\/jsd-sinks.com\/pt\/wp-json\/wp\/v2\/types\/product"}],"wp:featuredmedia":[{"embeddable":true,"href":"https:\/\/jsd-sinks.com\/pt\/wp-json\/wp\/v2\/media\/1230"}],"wp:attachment":[{"href":"https:\/\/jsd-sinks.com\/pt\/wp-json\/wp\/v2\/media?parent=626"}],"wp:term":[{"taxonomy":"product_brand","embeddable":true,"href":"https:\/\/jsd-sinks.com\/pt\/wp-json\/wp\/v2\/product_brand?post=626"},{"taxonomy":"product_cat","embeddable":true,"href":"https:\/\/jsd-sinks.com\/pt\/wp-json\/wp\/v2\/product_cat?post=626"},{"taxonomy":"product_tag","embeddable":true,"href":"https:\/\/jsd-sinks.com\/pt\/wp-json\/wp\/v2\/product_tag?post=626"}],"curies":[{"name":"wp","href":"https:\/\/api.w.org\/{rel}","templated":true}]}}