{"id":612,"date":"2025-11-29T02:45:20","date_gmt":"2025-11-29T02:45:20","guid":{"rendered":"https:\/\/jsd-sinks.com\/?post_type=product&#038;p=612"},"modified":"2025-12-10T02:12:24","modified_gmt":"2025-12-10T02:12:24","slug":"double-drainboard-sink-with-dual-deep-basins","status":"publish","type":"product","link":"https:\/\/jsd-sinks.com\/pt\/double-drainboard-sink-with-dual-deep-basins\/","title":{"rendered":"O melhor espa\u00e7o de trabalho: Lava-loi\u00e7a com duas bacias profundas JSD12050DT"},"content":{"rendered":"<h2 data-start=\"372\" data-end=\"709\"><strong data-start=\"372\" data-end=\"413\">Lava-lou\u00e7as com escorredor duplo (1200 x 500 mm)<\/strong><\/h2>\n<p data-start=\"372\" data-end=\"709\">Transforme a sua cozinha no melhor espa\u00e7o de trabalho eficiente com um lava-loi\u00e7a de escorredor duplo Premium<br data-start=\"518\" data-end=\"521\" \/>Pense em menos desordem e mais fluxo: dois escorredores e lavat\u00f3rios espa\u00e7osos oferecem-lhe lugares deliberados para trabalhar, descansar e enxaguar - para que cozinhar e limpar pare\u00e7a mais r\u00e1pido, n\u00e3o mais complicado.<\/p>\n<h3 data-start=\"711\" data-end=\"1075\"><strong data-start=\"711\" data-end=\"742\">Escorredores duplos integrados<\/strong><\/h3>\n<p data-start=\"711\" data-end=\"1075\">Dois escorredores incorporados proporcionam um espa\u00e7o amplo para secar, preparar e organizar utens\u00edlios e panelas<br data-start=\"851\" data-end=\"854\" \/>Quando est\u00e1 a fazer malabarismos com um assado, uma salada e um lava-loi\u00e7a cheio de panelas, os escorredores funcionam como ilhas de tranquilidade - um local para apoiar uma grelha molhada, descansar uma t\u00e1bua de cortar ou deixar escorrer um escorredor sem transformar a sua bancada num p\u00e2ntano.<\/p>\n<h3 data-start=\"1077\" data-end=\"1378\"><strong data-start=\"1077\" data-end=\"1101\">Lavat\u00f3rios duplos generosos<\/strong><\/h3>\n<p data-start=\"1077\" data-end=\"1378\">Dois lavat\u00f3rios de 370 x 356 mm com 230 mm de profundidade permitem-lhe ensaboar, enxaguar e preparar ao mesmo tempo<br data-start=\"1194\" data-end=\"1197\" \/>Uma bacia pode molhar panelas gordurosas enquanto a outra trata de produtos delicados ou da prepara\u00e7\u00e3o de refei\u00e7\u00f5es. A profundidade de 230 mm reduz os salpicos e facilita a limpeza de tachos altos sem ter de os inclinar.<\/p>\n<p><img decoding=\"async\" class=\"size-medium wp-image-1156\" src=\"https:\/\/jsd-sinks.com\/wp-content\/uploads\/2025\/11\/double-drainboard-sink-4-1-300x300.jpg\" alt=\"Lava-lou\u00e7as com escorredor duplo\" width=\"300\" height=\"300\" title=\"\" srcset=\"https:\/\/jsd-sinks.com\/wp-content\/uploads\/2025\/11\/double-drainboard-sink-4-1-300x300.jpg 300w, https:\/\/jsd-sinks.com\/wp-content\/uploads\/2025\/11\/double-drainboard-sink-4-1-100x100.jpg 100w, https:\/\/jsd-sinks.com\/wp-content\/uploads\/2025\/11\/double-drainboard-sink-4-1-600x600.jpg 600w, https:\/\/jsd-sinks.com\/wp-content\/uploads\/2025\/11\/double-drainboard-sink-4-1-500x500.jpg 500w, https:\/\/jsd-sinks.com\/wp-content\/uploads\/2025\/11\/double-drainboard-sink-4-1-150x150.jpg 150w, https:\/\/jsd-sinks.com\/wp-content\/uploads\/2025\/11\/double-drainboard-sink-4-1-768x768.jpg 768w, https:\/\/jsd-sinks.com\/wp-content\/uploads\/2025\/11\/double-drainboard-sink-4-1-12x12.jpg 12w, https:\/\/jsd-sinks.com\/wp-content\/uploads\/2025\/11\/double-drainboard-sink-4-1.jpg 800w\" sizes=\"(max-width: 300px) 100vw, 300px\" \/><\/p>\n<h3 data-start=\"1380\" data-end=\"1672\"><strong data-start=\"1380\" data-end=\"1414\">Ranhuras de drenagem inteligentes em forma de X<\/strong><\/h3>\n<p data-start=\"1380\" data-end=\"1672\">As ranhuras projectadas em forma de X guiam a \u00e1gua em dire\u00e7\u00e3o aos drenos padr\u00e3o de 3,5 polegadas para evitar a forma\u00e7\u00e3o de po\u00e7as<br data-start=\"1511\" data-end=\"1514\" \/>\u00c9 um pequeno pormenor com uma grande vantagem: a \u00e1gua escorre rapidamente, pelo que o lavat\u00f3rio se mant\u00e9m limpo entre utiliza\u00e7\u00f5es - especialmente \u00fatil depois de cozinhar ou de refei\u00e7\u00f5es em fam\u00edlia.<\/p>\n<h3 data-start=\"1674\" data-end=\"2017\"><strong data-start=\"1674\" data-end=\"1705\">Constru\u00e7\u00e3o SUS304 dur\u00e1vel<\/strong><\/h3>\n<p data-start=\"1674\" data-end=\"2017\">Fabricado em a\u00e7o inoxid\u00e1vel SUS304 de alta qualidade com op\u00e7\u00f5es de espessura de 0,95 mm a 1,35 mm<br data-start=\"1800\" data-end=\"1803\" \/>Este \u00e9 um metal de cozinha que resiste \u00e0 vida quotidiana: calor, vapor, esfregar e a ocasional queda da frigideira. Escolha o calibre que corresponde \u00e0 sua forma de cozinhar - mais leve para valorizar, mais grosso para uma sensa\u00e7\u00e3o mais silenciosa e s\u00f3lida.<\/p>\n<h3 data-start=\"2019\" data-end=\"2267\"><strong data-start=\"2019\" data-end=\"2049\">Cantos arredondados f\u00e1ceis de limpar<\/strong><\/h3>\n<p data-start=\"2019\" data-end=\"2267\">Os cantos arredondados modernos reduzem as armadilhas de sujidade e tornam a limpeza do lava-loi\u00e7a r\u00e1pida e simples<br data-start=\"2137\" data-end=\"2140\" \/>Os cantos arredondados t\u00eam um aspeto moderno e poupam tempo: menos gordura para limpar e menos locais onde a sujidade se pode esconder.<\/p>\n<h3 data-start=\"2269\" data-end=\"2535\"><strong data-start=\"2269\" data-end=\"2296\">V\u00e1rias op\u00e7\u00f5es de acabamento<\/strong><\/h3>\n<p data-start=\"2269\" data-end=\"2535\">Dispon\u00edvel em preto escovado, preto nano, preto mate, cinzento pistola e dourado para combinar com qualquer aspeto de cozinha<br data-start=\"2394\" data-end=\"2397\" \/>Quer pretenda um acabamento subtil e cl\u00e1ssico ou um contraste moderno e arrojado, a gama de cores ajuda o lava-loi\u00e7a a combinar ou a elevar o seu design.<\/p>\n<h3 data-start=\"2537\" data-end=\"2857\"><strong data-start=\"2537\" data-end=\"2597\">Inclina\u00e7\u00e3o precisa da placa de drenagem e tratamento de superf\u00edcie dur\u00e1vel<\/strong><\/h3>\n<p data-start=\"2537\" data-end=\"2857\">Os declives concebidos e os revestimentos protectores garantem uma drenagem fi\u00e1vel e um acabamento duradouro<br data-start=\"2697\" data-end=\"2700\" \/>A inclina\u00e7\u00e3o de cada escorredor \u00e9 ajustada para afastar a \u00e1gua sem formar po\u00e7as, e os tratamentos de superf\u00edcie resistem a riscos e manchas para que o lava-loi\u00e7a envelhe\u00e7a graciosamente.<\/p>\n<h3 data-start=\"2859\" data-end=\"3169\"><strong data-start=\"2859\" data-end=\"2907\">Suporte p\u00f3s-venda vital\u00edcio e apoio de I&amp;D<\/strong><\/h3>\n<p data-start=\"2859\" data-end=\"3169\">Apoiado por um servi\u00e7o p\u00f3s-venda vital\u00edcio e uma equipa de I&amp;D dedicada para apoio e melhorias cont\u00ednuas<br data-start=\"3014\" data-end=\"3017\" \/>Se surgir algum problema, tem apoio - e uma equipa que est\u00e1 constantemente a aperfei\u00e7oar os detalhes nos bastidores para que os futuros clientes obtenham vers\u00f5es ainda melhores.<\/p>","protected":false},"excerpt":{"rendered":"<p>Melhore a sua cozinha com o nosso inovador lava-loi\u00e7a de duplo escorredor com duas bacias e escorredores integrados. Esta esta\u00e7\u00e3o de trabalho de 1200 mm oferece dois lavat\u00f3rios de 230 mm de profundidade com drenagem em forma de X e cantos arredondados para uma limpeza f\u00e1cil. Fabricado em a\u00e7o inoxid\u00e1vel SUS304 de qualidade superior com v\u00e1rias op\u00e7\u00f5es de acabamento, \u00e9 perfeito para uma organiza\u00e7\u00e3o eficiente da cozinha e do fluxo de trabalho.<\/p>\n<p>Modelo: 12050 DT<br \/>\nDimens\u00f5es externas: 1200X500MM<br \/>\nDimens\u00f5es internas: 370X356MM<br \/>\nProfundidade: 230MM<br \/>\nMaterial: SUS201\/SUS304\/SUS316<br \/>\nEspessura: 0,95\/1,05\/1,15\/1,35MM\/personaliz\u00e1vel<br \/>\nAcabamento da superf\u00edcie: Escovado\/Nano preto\/Preto mate\/Cinza pistola\/Dourado<br \/>\nMOQ: 5-10PCS<br \/>\nEmbalagem individual: 1210X510X230MM<br \/>\nPeso l\u00edquido: 12.5KG<br \/>\nPeso bruto: 14KG<\/p>","protected":false},"featured_media":613,"template":"","meta":{"_gspb_post_css":""},"product_brand":[],"product_cat":[18],"product_tag":[44],"class_list":{"0":"post-612","1":"product","2":"type-product","3":"status-publish","4":"has-post-thumbnail","6":"product_cat-workstation-sink","7":"product_tag-dual-drainboard-sink-premium-stainless-steel-modern-kitchen-design","9":"first","10":"instock","11":"shipping-taxable","12":"product-type-simple"},"_links":{"self":[{"href":"https:\/\/jsd-sinks.com\/pt\/wp-json\/wp\/v2\/product\/612","targetHints":{"allow":["GET"]}}],"collection":[{"href":"https:\/\/jsd-sinks.com\/pt\/wp-json\/wp\/v2\/product"}],"about":[{"href":"https:\/\/jsd-sinks.com\/pt\/wp-json\/wp\/v2\/types\/product"}],"wp:featuredmedia":[{"embeddable":true,"href":"https:\/\/jsd-sinks.com\/pt\/wp-json\/wp\/v2\/media\/613"}],"wp:attachment":[{"href":"https:\/\/jsd-sinks.com\/pt\/wp-json\/wp\/v2\/media?parent=612"}],"wp:term":[{"taxonomy":"product_brand","embeddable":true,"href":"https:\/\/jsd-sinks.com\/pt\/wp-json\/wp\/v2\/product_brand?post=612"},{"taxonomy":"product_cat","embeddable":true,"href":"https:\/\/jsd-sinks.com\/pt\/wp-json\/wp\/v2\/product_cat?post=612"},{"taxonomy":"product_tag","embeddable":true,"href":"https:\/\/jsd-sinks.com\/pt\/wp-json\/wp\/v2\/product_tag?post=612"}],"curies":[{"name":"wp","href":"https:\/\/api.w.org\/{rel}","templated":true}]}}