{"id":600,"date":"2025-11-29T02:00:25","date_gmt":"2025-11-29T02:00:25","guid":{"rendered":"https:\/\/jsd-sinks.com\/?post_type=product&#038;p=600"},"modified":"2025-12-13T03:31:55","modified_gmt":"2025-12-13T03:31:55","slug":"modern-stainless-steel-sink-with-drainboard","status":"publish","type":"product","link":"https:\/\/jsd-sinks.com\/pt\/modern-stainless-steel-sink-with-drainboard\/","title":{"rendered":"Lava-lou\u00e7as moderno em a\u00e7o inoxid\u00e1vel com escorredor JSD 11646-N"},"content":{"rendered":"<h2>Lava-loi\u00e7a em a\u00e7o inoxid\u00e1vel com escorredor<\/h2>\n<p>Transforme a sua cozinha num espa\u00e7o de trabalho organizado e eficiente com um sistema de lava-loi\u00e7a Premium de 1160 mm<\/p>\n<h3>Layout de lavat\u00f3rio duplo<\/h3>\n<p>Duas bacias de tamanho generoso (327 x 420 mm) com uma profundidade de 230 mm permitem-lhe lidar com panelas grandes e tarefas de prepara\u00e7\u00e3o ocupadas<\/p>\n<h3>Escorredor integrado<\/h3>\n<p>Um escorredor incorporado mant\u00e9m os pratos e utens\u00edlios bem drenados, ajudando as bancadas a manterem-se limpas e arrumadas<\/p>\n<p><img decoding=\"async\" class=\"size-medium wp-image-604\" src=\"https:\/\/jsd-sinks.com\/wp-content\/uploads\/2025\/11\/stainless-steel-sink-with-drainboard-4-300x300.jpg\" alt=\"lava-loi\u00e7a em a\u00e7o inoxid\u00e1vel com escorredor\" width=\"300\" height=\"300\" title=\"\" srcset=\"https:\/\/jsd-sinks.com\/wp-content\/uploads\/2025\/11\/stainless-steel-sink-with-drainboard-4-300x300.jpg 300w, https:\/\/jsd-sinks.com\/wp-content\/uploads\/2025\/11\/stainless-steel-sink-with-drainboard-4-100x100.jpg 100w, https:\/\/jsd-sinks.com\/wp-content\/uploads\/2025\/11\/stainless-steel-sink-with-drainboard-4-600x600.jpg 600w, https:\/\/jsd-sinks.com\/wp-content\/uploads\/2025\/11\/stainless-steel-sink-with-drainboard-4-500x500.jpg 500w, https:\/\/jsd-sinks.com\/wp-content\/uploads\/2025\/11\/stainless-steel-sink-with-drainboard-4-150x150.jpg 150w, https:\/\/jsd-sinks.com\/wp-content\/uploads\/2025\/11\/stainless-steel-sink-with-drainboard-4-768x768.jpg 768w, https:\/\/jsd-sinks.com\/wp-content\/uploads\/2025\/11\/stainless-steel-sink-with-drainboard-4-12x12.jpg 12w, https:\/\/jsd-sinks.com\/wp-content\/uploads\/2025\/11\/stainless-steel-sink-with-drainboard-4.jpg 800w\" sizes=\"(max-width: 300px) 100vw, 300px\" \/><\/p>\n<h3>Constru\u00e7\u00e3o SUS304 dur\u00e1vel<\/h3>\n<p>Fabricado em a\u00e7o inoxid\u00e1vel SUS304 de alta qualidade com v\u00e1rias op\u00e7\u00f5es de espessura para um desempenho duradouro<\/p>\n<h3>Cantos R10 de limpeza f\u00e1cil<\/h3>\n<p>Os cantos suaves e arredondados reduzem a acumula\u00e7\u00e3o de sujidade e tornam a limpeza do lava-loi\u00e7a simples e r\u00e1pida<\/p>\n<h3>Ranhuras de drenagem em forma de X<\/h3>\n<p>As ranhuras estrategicamente colocadas guiam a \u00e1gua para o dreno padr\u00e3o de 3,5 polegadas para evitar a forma\u00e7\u00e3o de po\u00e7as<\/p>\n<h3>Escolha de acabamentos<\/h3>\n<p>Dispon\u00edvel em preto escovado, preto nano e cinzento pistola para combinar com diferentes estilos de cozinha<\/p>\n<h3>Tratamento de superf\u00edcie e inclina\u00e7\u00e3o de pain\u00e9is de drenagem de precis\u00e3o<\/h3>\n<p>A inclina\u00e7\u00e3o projectada e os revestimentos de superf\u00edcie dur\u00e1veis garantem uma drenagem eficiente e um acabamento duradouro<\/p>\n<h3>Assist\u00eancia p\u00f3s-venda vital\u00edcia<\/h3>\n<p>Apoiado por um servi\u00e7o p\u00f3s-venda vital\u00edcio e uma equipa de I&amp;D dedicada para uma tranquilidade cont\u00ednua<\/p>","protected":false},"excerpt":{"rendered":"<p>Melhore a sua cozinha com o nosso lava-loi\u00e7a em a\u00e7o inoxid\u00e1vel com um escorredor integrado. Este modelo espa\u00e7oso de 1160 mm combina duas bacias de 230 mm de profundidade com ranhuras de drenagem eficientes em forma de X e cantos arredondados para uma limpeza f\u00e1cil. Fabricado em a\u00e7o inoxid\u00e1vel premium SUS304 com v\u00e1rias op\u00e7\u00f5es de acabamento, oferece o equil\u00edbrio perfeito entre funcionalidade e estilo para cozinhas modernas.<\/p>\n<p>Modelo: JSD 11646-N<br \/>\nDimens\u00f5es externas: 1160X460MM<br \/>\nDimens\u00f5es internas: 327X420MM<br \/>\nProfundidade: 230MM<br \/>\nMaterial: SUS201\/SUS304\/SUS316<br \/>\nEspessura: 0,95\/1,05\/1,15\/1,35MM\/personaliz\u00e1vel<br \/>\nAcabamento da superf\u00edcie: Escovado\/Nano preto\/Preto mate\/Cinza pistola\/Dourado<br \/>\nEmbalagem individual: 1210X510X290MM<br \/>\nPeso l\u00edquido: 13KG<br \/>\nPeso bruto: 14.5KG<br \/>\nMOQ: 5-10PCS<\/p>","protected":false},"featured_media":1229,"template":"","meta":{"_gspb_post_css":""},"product_brand":[],"product_cat":[18],"product_tag":[42],"class_list":{"0":"post-600","1":"product","2":"type-product","3":"status-publish","4":"has-post-thumbnail","6":"product_cat-workstation-sink","7":"product_tag-dual-basin-sink-integrated-drainboard-modern-kitchen-sink","9":"first","10":"instock","11":"shipping-taxable","12":"product-type-simple"},"_links":{"self":[{"href":"https:\/\/jsd-sinks.com\/pt\/wp-json\/wp\/v2\/product\/600","targetHints":{"allow":["GET"]}}],"collection":[{"href":"https:\/\/jsd-sinks.com\/pt\/wp-json\/wp\/v2\/product"}],"about":[{"href":"https:\/\/jsd-sinks.com\/pt\/wp-json\/wp\/v2\/types\/product"}],"wp:featuredmedia":[{"embeddable":true,"href":"https:\/\/jsd-sinks.com\/pt\/wp-json\/wp\/v2\/media\/1229"}],"wp:attachment":[{"href":"https:\/\/jsd-sinks.com\/pt\/wp-json\/wp\/v2\/media?parent=600"}],"wp:term":[{"taxonomy":"product_brand","embeddable":true,"href":"https:\/\/jsd-sinks.com\/pt\/wp-json\/wp\/v2\/product_brand?post=600"},{"taxonomy":"product_cat","embeddable":true,"href":"https:\/\/jsd-sinks.com\/pt\/wp-json\/wp\/v2\/product_cat?post=600"},{"taxonomy":"product_tag","embeddable":true,"href":"https:\/\/jsd-sinks.com\/pt\/wp-json\/wp\/v2\/product_tag?post=600"}],"curies":[{"name":"wp","href":"https:\/\/api.w.org\/{rel}","templated":true}]}}