{"id":560,"date":"2025-11-28T07:30:31","date_gmt":"2025-11-28T07:30:31","guid":{"rendered":"https:\/\/jsd-sinks.com\/?post_type=product&#038;p=560"},"modified":"2025-12-10T03:15:09","modified_gmt":"2025-12-10T03:15:09","slug":"32-inch-farmhouse-sink-with-built-in-accessory-ledge","status":"publish","type":"product","link":"https:\/\/jsd-sinks.com\/pt\/32-inch-farmhouse-sink-with-built-in-accessory-ledge\/","title":{"rendered":"Lava-lou\u00e7as de 32 polegadas com acess\u00f3rio incorporado APWS3321"},"content":{"rendered":"<h2 data-start=\"357\" data-end=\"383\">Lava-lou\u00e7as de 32 polegadas<\/h2>\n<p data-start=\"384\" data-end=\"778\"><strong data-start=\"384\" data-end=\"450\">Um centro de mesa \u00fatil e acolhedor que torna a cozinha mais f\u00e1cil.<\/strong><br data-start=\"450\" data-end=\"453\" \/>Sabe aquele aspeto acolhedor e \u201ccaseiro\u201d de um lava-loi\u00e7a com avental? Este mant\u00e9m esse conforto, mas n\u00e3o atrapalha. \u00c9 suficientemente grande para deixar cair uma assadeira sem ter de lutar com ela. Fica ali, est\u00e1vel, mais fi\u00e1vel do que vistosa - e depois de algumas utiliza\u00e7\u00f5es, come\u00e7a-se a dar por adquirido o caos que existe no balc\u00e3o.<\/p>\n<h3 data-start=\"780\" data-end=\"812\">Bancada de esta\u00e7\u00e3o de trabalho integrada<\/h3>\n<p data-start=\"813\" data-end=\"1162\"><strong data-start=\"813\" data-end=\"874\">Uma pequena sali\u00eancia que transforma o lava-loi\u00e7a num verdadeiro local de prepara\u00e7\u00e3o.<\/strong><br data-start=\"874\" data-end=\"877\" \/>Esta sali\u00eancia \u00e9 o tipo de coisa pequena de que n\u00e3o se sente falta at\u00e9 a ter. Deslize uma t\u00e1bua, coloque um suporte para pratos, apoie uma tigela enquanto enxagua - tudo fica no mesmo s\u00edtio. Poupa aquelas pequenas viagens de um lado para o outro do balc\u00e3o. Quando se est\u00e1 a preparar uma receita, esses segundos poupados parecem enormes.<\/p>\n<h3 data-start=\"1164\" data-end=\"1193\">Op\u00e7\u00f5es SUS304 e SUS316<\/h3>\n<p data-start=\"1194\" data-end=\"1536\"><strong data-start=\"1194\" data-end=\"1249\">Escolha o a\u00e7o que corresponde \u00e0s necessidades da sua cozinha.<\/strong><br data-start=\"1249\" data-end=\"1252\" \/>Escolha 304 se pretender um desempenho di\u00e1rio s\u00f3lido. Escolha 316 se pretender uma prote\u00e7\u00e3o extra contra a corros\u00e3o (pense em casas costeiras, utiliza\u00e7\u00e3o intensiva). Ambos t\u00eam uma sensa\u00e7\u00e3o de honestidade e peso; n\u00e3o flectem sob uma panela pesada. \u00c9 o tipo de material que faz com que deixe de se preocupar com pequenas mossas ou desgaste r\u00e1pido.<\/p>\n<h3 data-start=\"1538\" data-end=\"1579\">Bacia de 230 mm de profundidade com cantos arredondados<\/h3>\n<p data-start=\"1580\" data-end=\"1890\"><strong data-start=\"1580\" data-end=\"1635\">Espa\u00e7o profundo e pr\u00e1tico que mant\u00e9m os salpicos sob controlo.<\/strong><br data-start=\"1635\" data-end=\"1638\" \/>Com 230 mm de profundidade, pode empilhar frigideiras ou demolhar uma ca\u00e7arola grande sem fazer confus\u00e3o. Os cantos arredondados s\u00e3o um her\u00f3i silencioso aqui - permitem-lhe limpar corretamente. N\u00e3o h\u00e1 sujidade inacess\u00edvel. Pequenas conveni\u00eancias, sim, mas que tornam as limpezas nocturnas menos inc\u00f3modas.<\/p>\n<p><img decoding=\"async\" class=\"size-medium wp-image-1179\" src=\"https:\/\/jsd-sinks.com\/wp-content\/uploads\/2025\/11\/32-inch-farmhouse-sink-5-1-300x300.jpg\" alt=\"Lava-lou\u00e7as de 32 polegadas\" width=\"300\" height=\"300\" title=\"\" srcset=\"https:\/\/jsd-sinks.com\/wp-content\/uploads\/2025\/11\/32-inch-farmhouse-sink-5-1-300x300.jpg 300w, https:\/\/jsd-sinks.com\/wp-content\/uploads\/2025\/11\/32-inch-farmhouse-sink-5-1-100x100.jpg 100w, https:\/\/jsd-sinks.com\/wp-content\/uploads\/2025\/11\/32-inch-farmhouse-sink-5-1-600x600.jpg 600w, https:\/\/jsd-sinks.com\/wp-content\/uploads\/2025\/11\/32-inch-farmhouse-sink-5-1-500x500.jpg 500w, https:\/\/jsd-sinks.com\/wp-content\/uploads\/2025\/11\/32-inch-farmhouse-sink-5-1-150x150.jpg 150w, https:\/\/jsd-sinks.com\/wp-content\/uploads\/2025\/11\/32-inch-farmhouse-sink-5-1-768x768.jpg 768w, https:\/\/jsd-sinks.com\/wp-content\/uploads\/2025\/11\/32-inch-farmhouse-sink-5-1-12x12.jpg 12w, https:\/\/jsd-sinks.com\/wp-content\/uploads\/2025\/11\/32-inch-farmhouse-sink-5-1.jpg 800w\" sizes=\"(max-width: 300px) 100vw, 300px\" \/><\/p>\n<h3 data-start=\"1892\" data-end=\"1928\">Ranhuras em forma de X e ligeira inclina\u00e7\u00e3o<\/h3>\n<p data-start=\"1929\" data-end=\"2213\"><strong data-start=\"1929\" data-end=\"1978\">Design subtil que ajuda a \u00e1gua a mover-se, n\u00e3o a sentar-se.<\/strong><br data-start=\"1978\" data-end=\"1981\" \/>O fundo inclina-se suavemente e as ranhuras em X empurram a \u00e1gua para o ralo, em vez de a deixarem ficar pelos cantos. Isto significa menos limpeza, menos risco de bolor e menos momentos de \u201cugh\u201d depois de cozinhar. \u00c9 atencioso sem ser vistoso.<\/p>\n<h3 data-start=\"2215\" data-end=\"2254\">Acabamentos e tampas de drenagem decorativas<\/h3>\n<p data-start=\"2255\" data-end=\"2595\"><strong data-start=\"2255\" data-end=\"2322\">Escovado, preto nano ou cinzento pistola - com uma tampa pr\u00e1tica para prepara\u00e7\u00e3o.<\/strong><br data-start=\"2322\" data-end=\"2325\" \/>Escolha um acabamento que combine com o seu estilo. A tampa decorativa do ralo limpa o aspeto e funciona como uma pequena \u00e1rea de prepara\u00e7\u00e3o - coloque uma colher, um lim\u00e3o, um ramo de ervas enquanto trabalha. \u00c9 o tipo de coisa pequena e \u00fatil que deixa de parecer um truque ap\u00f3s a primeira refei\u00e7\u00e3o.<\/p>\n<h3 data-start=\"2597\" data-end=\"2635\">Apoiado por I&amp;D e servi\u00e7o vital\u00edcio<\/h3>\n<p data-start=\"2636\" data-end=\"2953\"><strong data-start=\"2636\" data-end=\"2691\">Um produto com pessoas por detr\u00e1s - n\u00e3o apenas uma fotografia.<\/strong><br data-start=\"2691\" data-end=\"2694\" \/>Este lava-lou\u00e7a foi testado e aperfei\u00e7oado, e h\u00e1 uma equipa a quem pode ligar se precisar de ajuda. A assist\u00eancia p\u00f3s-venda vital\u00edcia n\u00e3o \u00e9 apenas uma linha numa folha de especifica\u00e7\u00f5es; \u00e9 paz de esp\u00edrito. Compra-se uma vez, usa-se durante anos e torna-se discretamente parte do funcionamento da sua cozinha.<\/p>","protected":false},"excerpt":{"rendered":"<p>Descubra a mistura perfeita de charme r\u00fastico e funcionalidade moderna com o nosso lava-loi\u00e7a de lavandaria de 32 polegadas. Com uma exclusiva borda de esta\u00e7\u00e3o de trabalho incorporada para acess\u00f3rios deslizantes, este lavat\u00f3rio profundo de 230 mm oferece um espa\u00e7o excecional para todas as suas tarefas de cozinha. Fabricado em a\u00e7o inoxid\u00e1vel de primeira qualidade, com cantos arredondados f\u00e1ceis de limpar e ranhuras de drenagem eficientes em forma de X, este lava-loi\u00e7a combina um design pr\u00e1tico com um apelo intemporal de casa de campo para transformar o espa\u00e7o de trabalho da sua cozinha.<\/p>\n<p>Modelo: APWS3321<br \/>\nDimens\u00f5es externas: 838X533MM<br \/>\nDimens\u00f5es internas: 787X431MM<br \/>\nProfundidade: 230MM<br \/>\nMaterial: SUS201\/SUS304\/SUS316<br \/>\nEspessura: 0,95\/1,05\/1,15\/1,35MM\/personaliz\u00e1vel<br \/>\nAcabamento da superf\u00edcie: Escovado\/Nano preto\/Preto mate\/Cinza pistola\/Dourado<br \/>\nEmbalagem individual: 928X583X290MM<br \/>\nPeso l\u00edquido: 11KG<br \/>\nPeso bruto: 13KG<br \/>\nMOQ: 5-10PCS<\/p>","protected":false},"featured_media":1178,"template":"","meta":{"_gspb_post_css":""},"product_brand":[],"product_cat":[17],"product_tag":[37],"class_list":{"0":"post-560","1":"product","2":"type-product","3":"status-publish","4":"has-post-thumbnail","6":"product_cat-apron-sink","7":"product_tag-workstation-sink-farmhouse-kitchen-sink-deep-basin-design","9":"first","10":"instock","11":"shipping-taxable","12":"product-type-simple"},"_links":{"self":[{"href":"https:\/\/jsd-sinks.com\/pt\/wp-json\/wp\/v2\/product\/560","targetHints":{"allow":["GET"]}}],"collection":[{"href":"https:\/\/jsd-sinks.com\/pt\/wp-json\/wp\/v2\/product"}],"about":[{"href":"https:\/\/jsd-sinks.com\/pt\/wp-json\/wp\/v2\/types\/product"}],"wp:featuredmedia":[{"embeddable":true,"href":"https:\/\/jsd-sinks.com\/pt\/wp-json\/wp\/v2\/media\/1178"}],"wp:attachment":[{"href":"https:\/\/jsd-sinks.com\/pt\/wp-json\/wp\/v2\/media?parent=560"}],"wp:term":[{"taxonomy":"product_brand","embeddable":true,"href":"https:\/\/jsd-sinks.com\/pt\/wp-json\/wp\/v2\/product_brand?post=560"},{"taxonomy":"product_cat","embeddable":true,"href":"https:\/\/jsd-sinks.com\/pt\/wp-json\/wp\/v2\/product_cat?post=560"},{"taxonomy":"product_tag","embeddable":true,"href":"https:\/\/jsd-sinks.com\/pt\/wp-json\/wp\/v2\/product_tag?post=560"}],"curies":[{"name":"wp","href":"https:\/\/api.w.org\/{rel}","templated":true}]}}