{"id":552,"date":"2025-11-28T07:07:26","date_gmt":"2025-11-28T07:07:26","guid":{"rendered":"https:\/\/jsd-sinks.com\/?post_type=product&#038;p=552"},"modified":"2025-12-12T07:02:30","modified_gmt":"2025-12-12T07:02:30","slug":"versatile-farmhouse-apron-sink-33","status":"publish","type":"product","link":"https:\/\/jsd-sinks.com\/pt\/versatile-farmhouse-apron-sink-33\/","title":{"rendered":"Lavat\u00f3rio de avental Versatile Farmhouse de 33 polegadas com acess\u00f3rios APWS3320"},"content":{"rendered":"<h2 data-start=\"449\" data-end=\"476\">Lavat\u00f3rio de avental para casa de campo 33 polegadas<\/h2>\n<p data-start=\"477\" data-end=\"867\"><strong data-start=\"477\" data-end=\"546\">Um lava-loi\u00e7a confort\u00e1vel para o dia a dia que combina calor e praticidade.<\/strong><br data-start=\"546\" data-end=\"549\" \/>Este lava-loi\u00e7a parece familiar no momento em que o vemos. O aspeto de avental d\u00e1 \u00e0 cozinha uma sensa\u00e7\u00e3o mais quente e suave - o tipo de coisa que faz com que a divis\u00e3o pare\u00e7a vivida e n\u00e3o encenada. E quando come\u00e7a a utiliz\u00e1-lo, apercebe-se que n\u00e3o \u00e9 s\u00f3 para mostrar. \u00c9 grande, est\u00e1vel e, de facto, torna toda a rotina da cozinha um pouco mais f\u00e1cil.<\/p>\n<h3 data-start=\"869\" data-end=\"901\">Bancada de esta\u00e7\u00e3o de trabalho integrada<\/h3>\n<p data-start=\"902\" data-end=\"1340\"><strong data-start=\"902\" data-end=\"960\">Um parapeito deslizante que transforma o lava-loi\u00e7a numa mesa de prepara\u00e7\u00e3o.<\/strong><br data-start=\"960\" data-end=\"963\" \/>A borda \u00e9 uma daquelas carater\u00edsticas em que n\u00e3o nos apercebemos que vamos confiar at\u00e9 a utilizarmos uma vez. A possibilidade de deslizar uma t\u00e1bua de cortar ou um estendal pelo lava-loi\u00e7a mant\u00e9m tudo no mesmo s\u00edtio. Enxaguamos algo, mudamos a t\u00e1bua, cortamos, voltamos a desliz\u00e1-la... \u00e9 f\u00e1cil, quase como se a cozinha se movesse ao nosso ritmo. E os balc\u00f5es ficam mais limpos, o que \u00e9 estranhamente satisfat\u00f3rio.<\/p>\n<p><img decoding=\"async\" class=\"size-medium wp-image-1222\" src=\"https:\/\/jsd-sinks.com\/wp-content\/uploads\/2025\/11\/farmhouse-apron-sink-33-4-1-300x300.jpg\" alt=\"lavat\u00f3rio de avental de quinta\" width=\"300\" height=\"300\" title=\"\" srcset=\"https:\/\/jsd-sinks.com\/wp-content\/uploads\/2025\/11\/farmhouse-apron-sink-33-4-1-300x300.jpg 300w, https:\/\/jsd-sinks.com\/wp-content\/uploads\/2025\/11\/farmhouse-apron-sink-33-4-1-100x100.jpg 100w, https:\/\/jsd-sinks.com\/wp-content\/uploads\/2025\/11\/farmhouse-apron-sink-33-4-1-600x600.jpg 600w, https:\/\/jsd-sinks.com\/wp-content\/uploads\/2025\/11\/farmhouse-apron-sink-33-4-1-500x500.jpg 500w, https:\/\/jsd-sinks.com\/wp-content\/uploads\/2025\/11\/farmhouse-apron-sink-33-4-1-150x150.jpg 150w, https:\/\/jsd-sinks.com\/wp-content\/uploads\/2025\/11\/farmhouse-apron-sink-33-4-1-768x768.jpg 768w, https:\/\/jsd-sinks.com\/wp-content\/uploads\/2025\/11\/farmhouse-apron-sink-33-4-1-12x12.jpg 12w, https:\/\/jsd-sinks.com\/wp-content\/uploads\/2025\/11\/farmhouse-apron-sink-33-4-1.jpg 800w\" sizes=\"(max-width: 300px) 100vw, 300px\" \/><\/p>\n<h3 data-start=\"1342\" data-end=\"1378\">Materiais dur\u00e1veis e bacia profunda<\/h3>\n<p data-start=\"1379\" data-end=\"1744\"><strong data-start=\"1379\" data-end=\"1450\">A\u00e7o inoxid\u00e1vel forte e uma tigela profunda de 230 mm para cozinhar na vida real.<\/strong><br data-start=\"1450\" data-end=\"1453\" \/>Pode escolher entre SUS304 ou SUS316, ambos s\u00f3lidos e fi\u00e1veis. A profundidade de 230 mm \u00e9 o que lhe d\u00e1 uma sensa\u00e7\u00e3o de seriedade - cabem tachos grandes, assadeiras, pode at\u00e9 molhar coisas sem salpicar \u00e1gua por todo o lado. Parece um lava-loi\u00e7a constru\u00eddo para dias de cozinha reais, e n\u00e3o para os dias perfeitos.<\/p>\n<h3 data-start=\"1746\" data-end=\"1787\">Cantos f\u00e1ceis de limpar e drenagem inteligente<\/h3>\n<p data-start=\"1788\" data-end=\"2182\"><strong data-start=\"1788\" data-end=\"1863\">Cantos arredondados e ranhuras subtis que guiam a \u00e1gua para onde ela deve ir.<\/strong><br data-start=\"1863\" data-end=\"1866\" \/>Os cantos s\u00e3o suficientemente arredondados para que possa limp\u00e1-los sem esfor\u00e7o. O fundo tem uma inclina\u00e7\u00e3o suave e aquelas linhas em forma de X que fazem com que a \u00e1gua se desloque para o ralo em vez de ficar parada. N\u00e3o \u00e9 vistoso, mas poupa tempo e faz com que o lava-loi\u00e7a fique mais limpo com menos esfor\u00e7o - o que \u00e9 mais importante do que espera.<\/p>\n<h3 data-start=\"2184\" data-end=\"2218\">Op\u00e7\u00f5es de acabamento e tampa de drenagem<\/h3>\n<p data-start=\"2219\" data-end=\"2584\"><strong data-start=\"2219\" data-end=\"2291\">M\u00faltiplos acabamentos e uma cobertura de aspeto limpo que serve tamb\u00e9m de arruma\u00e7\u00e3o.<\/strong><br data-start=\"2291\" data-end=\"2294\" \/>Pode escolher entre escovado, preto nano ou cinzento pistola, consoante o estilo da sua cozinha. A tampa do ralo em a\u00e7o inoxid\u00e1vel n\u00e3o tem apenas um aspeto agrad\u00e1vel - funciona como uma pequena prateleira tempor\u00e1ria quando se est\u00e1 a preparar. Pode colocar uma colher, uma tigela pequena ou at\u00e9 mesmo um ramo de ervas arom\u00e1ticas sem que estas caiam.<\/p>\n<h3 data-start=\"2586\" data-end=\"2613\">Constru\u00eddo para utiliza\u00e7\u00e3o a longo prazo<\/h3>\n<p data-start=\"2614\" data-end=\"3005\"><strong data-start=\"2614\" data-end=\"2674\">Apoiado por uma verdadeira equipa e apoiado por um servi\u00e7o vital\u00edcio.<\/strong><br data-start=\"2674\" data-end=\"2677\" \/>\u00c9 reconfortante saber que este lava-loi\u00e7a n\u00e3o foi constru\u00eddo \u00e0 pressa. \u00c9 apoiado por uma equipa de I&amp;D que testa realmente as coisas, e o servi\u00e7o vital\u00edcio faz com que pare\u00e7a que algu\u00e9m ainda est\u00e1 l\u00e1 depois de o comprar. Com o tempo, torna-se menos uma \u201cfuncionalidade\u201d e mais um companheiro di\u00e1rio na cozinha - algo com que se conta sem pensar.<\/p>","protected":false},"excerpt":{"rendered":"<p>O lavat\u00f3rio Farmhouse Apron Sink 33 combina o charme cl\u00e1ssico com a utilidade moderna. A sua frente em avental e a bacia profunda de 230 mm s\u00e3o complementadas por uma inovadora borda de esta\u00e7\u00e3o de trabalho para acess\u00f3rios deslizantes. Com cantos arredondados f\u00e1ceis de limpar, ranhuras de drenagem eficientes em forma de X e v\u00e1rias op\u00e7\u00f5es de acabamento, este lava-loi\u00e7a \u00e9 uma pe\u00e7a central elegante e pr\u00e1tica para qualquer cozinha.<\/p>\n<p>Modelo: APWS3320<br \/>\nDimens\u00f5es externas: 835X514MM<br \/>\nDimens\u00f5es internas: 784X432MM<br \/>\nProfundidade: 230MM<br \/>\nMaterial: SUS201\/SUS304\/SUS316<br \/>\nEspessura: 0,95\/1,05\/1,15\/1,35MM\/personaliz\u00e1vel<br \/>\nAcabamento da superf\u00edcie: Escovado\/Nano preto\/Preto mate\/Cinza pistola\/Dourado<br \/>\nEmbalagem individual: 885X564X290MM<br \/>\nPeso l\u00edquido: 11.5KG<br \/>\nPeso bruto: 13KG<br \/>\nMOQ: 5-10PCS<\/p>","protected":false},"featured_media":1223,"template":"","meta":{"_gspb_post_css":""},"product_brand":[],"product_cat":[17],"product_tag":[36],"class_list":{"0":"post-552","1":"product","2":"type-product","3":"status-publish","4":"has-post-thumbnail","6":"product_cat-apron-sink","7":"product_tag-workstation-sink-apron-front-sink-rounded-corner-design","9":"first","10":"instock","11":"shipping-taxable","12":"product-type-simple"},"_links":{"self":[{"href":"https:\/\/jsd-sinks.com\/pt\/wp-json\/wp\/v2\/product\/552","targetHints":{"allow":["GET"]}}],"collection":[{"href":"https:\/\/jsd-sinks.com\/pt\/wp-json\/wp\/v2\/product"}],"about":[{"href":"https:\/\/jsd-sinks.com\/pt\/wp-json\/wp\/v2\/types\/product"}],"wp:featuredmedia":[{"embeddable":true,"href":"https:\/\/jsd-sinks.com\/pt\/wp-json\/wp\/v2\/media\/1223"}],"wp:attachment":[{"href":"https:\/\/jsd-sinks.com\/pt\/wp-json\/wp\/v2\/media?parent=552"}],"wp:term":[{"taxonomy":"product_brand","embeddable":true,"href":"https:\/\/jsd-sinks.com\/pt\/wp-json\/wp\/v2\/product_brand?post=552"},{"taxonomy":"product_cat","embeddable":true,"href":"https:\/\/jsd-sinks.com\/pt\/wp-json\/wp\/v2\/product_cat?post=552"},{"taxonomy":"product_tag","embeddable":true,"href":"https:\/\/jsd-sinks.com\/pt\/wp-json\/wp\/v2\/product_tag?post=552"}],"curies":[{"name":"wp","href":"https:\/\/api.w.org\/{rel}","templated":true}]}}