{"id":530,"date":"2025-11-28T03:13:46","date_gmt":"2025-11-28T03:13:46","guid":{"rendered":"https:\/\/jsd-sinks.com\/?post_type=product&#038;p=530"},"modified":"2025-12-13T03:42:21","modified_gmt":"2025-12-13T03:42:21","slug":"gold-stream-multifunctional-waterfall-kitchen-sink","status":"publish","type":"product","link":"https:\/\/jsd-sinks.com\/pt\/gold-stream-multifunctional-waterfall-kitchen-sink\/","title":{"rendered":"Lava-loi\u00e7a de cozinha Gold Stream Multifuncional em cascata"},"content":{"rendered":"<h2 data-start=\"296\" data-end=\"368\"><strong data-start=\"298\" data-end=\"368\">Apresentamos o lava-loi\u00e7a de cozinha Gold Stream Multifuncional em cascata<\/strong><\/h2>\n<p data-start=\"370\" data-end=\"697\">O lava-loi\u00e7a de cozinha Gold Stream Multifunctional Waterfall foi concebido para se tornar o cora\u00e7\u00e3o da sua cozinha moderna - onde a engenharia cuidadosa, a est\u00e9tica elevada e a verdadeira comodidade quotidiana se juntam. Todas as carater\u00edsticas foram concebidas para simplificar a sua rotina, acrescentando um toque de luxo tranquilo ao espa\u00e7o que mais utiliza.<\/p>\n<h3 data-start=\"699\" data-end=\"737\"><strong data-start=\"703\" data-end=\"737\">Interruptores independentes para teclas de piano<\/strong><\/h3>\n<p data-start=\"738\" data-end=\"1152\">Assuma o controlo total do fluxo de \u00e1gua com os intuitivos interruptores de tecla de piano. Cada tecla funciona de forma independente, permitindo-lhe alternar entre quatro fun\u00e7\u00f5es com uma facilidade natural: a suave Cortina em cascata para um enchimento sem salpicos, o flex\u00edvel Pulverizador extra\u00edvel para uma limpeza de grande alcance, o lava-copos de precis\u00e3o para objectos delicados e a Torneira normal para uma utiliza\u00e7\u00e3o di\u00e1ria. Todos os modos t\u00eam um objetivo e s\u00e3o satisfat\u00f3rios de utilizar.<\/p>\n<p><img decoding=\"async\" class=\"size-medium wp-image-1171\" src=\"https:\/\/jsd-sinks.com\/wp-content\/uploads\/2025\/11\/\u200bgold-stream-multifunctional-waterfall-kitchen-sink-3-1-300x300.jpg\" alt=\"Lava-loi\u00e7a de cozinha Gold Stream Multifuncional em cascata\" width=\"300\" height=\"300\" title=\"\" srcset=\"https:\/\/jsd-sinks.com\/wp-content\/uploads\/2025\/11\/\u200bgold-stream-multifunctional-waterfall-kitchen-sink-3-1-300x300.jpg 300w, https:\/\/jsd-sinks.com\/wp-content\/uploads\/2025\/11\/\u200bgold-stream-multifunctional-waterfall-kitchen-sink-3-1-100x100.jpg 100w, https:\/\/jsd-sinks.com\/wp-content\/uploads\/2025\/11\/\u200bgold-stream-multifunctional-waterfall-kitchen-sink-3-1-600x600.jpg 600w, https:\/\/jsd-sinks.com\/wp-content\/uploads\/2025\/11\/\u200bgold-stream-multifunctional-waterfall-kitchen-sink-3-1-500x500.jpg 500w, https:\/\/jsd-sinks.com\/wp-content\/uploads\/2025\/11\/\u200bgold-stream-multifunctional-waterfall-kitchen-sink-3-1-150x150.jpg 150w, https:\/\/jsd-sinks.com\/wp-content\/uploads\/2025\/11\/\u200bgold-stream-multifunctional-waterfall-kitchen-sink-3-1-768x768.jpg 768w, https:\/\/jsd-sinks.com\/wp-content\/uploads\/2025\/11\/\u200bgold-stream-multifunctional-waterfall-kitchen-sink-3-1-12x12.jpg 12w, https:\/\/jsd-sinks.com\/wp-content\/uploads\/2025\/11\/\u200bgold-stream-multifunctional-waterfall-kitchen-sink-3-1.jpg 800w\" sizes=\"(max-width: 300px) 100vw, 300px\" \/><\/p>\n<h3 data-start=\"1154\" data-end=\"1213\"><strong data-start=\"1158\" data-end=\"1213\">Volante termost\u00e1tico com indicador LED de temperatura<\/strong><\/h3>\n<p data-start=\"1214\" data-end=\"1492\">O sistema de temperatura inteligente da torneira d\u00e1-lhe precis\u00e3o num relance. O volante termost\u00e1tico define o seu calor preferido, enquanto o visor LED mostra a temperatura em tempo real - ideal para preparar biber\u00f5es, fazer ch\u00e1, lavar produtos ou simplesmente garantir uma utiliza\u00e7\u00e3o confort\u00e1vel.<\/p>\n<h3 data-start=\"1494\" data-end=\"1528\"><strong data-start=\"1498\" data-end=\"1528\">Superf\u00edcie em relevo em forma de favo de mel<\/strong><\/h3>\n<p data-start=\"1529\" data-end=\"1778\">Fabricado com a nossa tecnologia Honeycomb Embossing, a superf\u00edcie do lava-loi\u00e7a n\u00e3o \u00e9 apenas visualmente impressionante - \u00e9 altamente funcional. A micro-textura acelera o escoamento at\u00e9 30%, reduz o ru\u00eddo da \u00e1gua corrente e refor\u00e7a o a\u00e7o contra o desgaste di\u00e1rio.<\/p>\n<h3 data-start=\"1780\" data-end=\"1807\"><strong data-start=\"1784\" data-end=\"1807\">Uma declara\u00e7\u00e3o em ouro<\/strong><\/h3>\n<p data-start=\"1808\" data-end=\"2122\">Com um acabamento num tom dourado radiante, este lava-loi\u00e7a faz mais do que funcionar - destaca-se. Traz requinte, car\u00e1cter moderno e uma sensa\u00e7\u00e3o de presen\u00e7a art\u00edstica a qualquer cozinha. O lava-loi\u00e7a Gold Stream combina artesanato, funcionalidades inteligentes e inova\u00e7\u00e3o pr\u00e1tica para criar um espa\u00e7o de trabalho inspirador todos os dias.<\/p>","protected":false},"excerpt":{"rendered":"<p>O lava-loi\u00e7a de cozinha Gold Stream Multifunctional Waterfall redefine a eleg\u00e2ncia culin\u00e1ria. Inclui os inovadores interruptores Piano Key para alternar entre um dram\u00e1tico jato de \u00e1gua em cascata, um potente jato extra\u00edvel, um lava-copos dedicado e uma torneira normal. Com um visor de temperatura LED n\u00edtido e um alcance extra\u00edvel de 60 cm, combina tecnologia inteligente, funcionalidade vers\u00e1til e um deslumbrante acabamento dourado para uma cozinha verdadeiramente avan\u00e7ada.<\/p>","protected":false},"featured_media":531,"template":"","meta":{"_gspb_post_css":""},"product_brand":[],"product_cat":[16],"product_tag":[34],"class_list":{"0":"post-530","1":"product","2":"type-product","3":"status-publish","4":"has-post-thumbnail","6":"product_cat-waterfall-sink","7":"product_tag-gold-kitchen-faucet-smart-waterfall-sink-piano-key-switch","9":"first","10":"instock","11":"shipping-taxable","12":"product-type-simple"},"_links":{"self":[{"href":"https:\/\/jsd-sinks.com\/pt\/wp-json\/wp\/v2\/product\/530","targetHints":{"allow":["GET"]}}],"collection":[{"href":"https:\/\/jsd-sinks.com\/pt\/wp-json\/wp\/v2\/product"}],"about":[{"href":"https:\/\/jsd-sinks.com\/pt\/wp-json\/wp\/v2\/types\/product"}],"wp:featuredmedia":[{"embeddable":true,"href":"https:\/\/jsd-sinks.com\/pt\/wp-json\/wp\/v2\/media\/531"}],"wp:attachment":[{"href":"https:\/\/jsd-sinks.com\/pt\/wp-json\/wp\/v2\/media?parent=530"}],"wp:term":[{"taxonomy":"product_brand","embeddable":true,"href":"https:\/\/jsd-sinks.com\/pt\/wp-json\/wp\/v2\/product_brand?post=530"},{"taxonomy":"product_cat","embeddable":true,"href":"https:\/\/jsd-sinks.com\/pt\/wp-json\/wp\/v2\/product_cat?post=530"},{"taxonomy":"product_tag","embeddable":true,"href":"https:\/\/jsd-sinks.com\/pt\/wp-json\/wp\/v2\/product_tag?post=530"}],"curies":[{"name":"wp","href":"https:\/\/api.w.org\/{rel}","templated":true}]}}