{"id":508,"date":"2025-11-28T02:01:13","date_gmt":"2025-11-28T02:01:13","guid":{"rendered":"https:\/\/jsd-sinks.com\/?post_type=product&#038;p=508"},"modified":"2025-12-13T03:41:48","modified_gmt":"2025-12-13T03:41:48","slug":"the-smart-organized-waterfall-kitchen-sink","status":"publish","type":"product","link":"https:\/\/jsd-sinks.com\/pt\/the-smart-organized-waterfall-kitchen-sink\/","title":{"rendered":"O lava-loi\u00e7a de cozinha em cascata inteligente e organizado JSD004"},"content":{"rendered":"<h2 data-start=\"307\" data-end=\"348\">Bem-vindo ao lava-loi\u00e7a de cozinha em cascata<\/h2>\n<p data-start=\"349\" data-end=\"719\"><strong data-start=\"349\" data-end=\"399\">Onde o belo design encontra o conforto quotidiano.<\/strong><br data-start=\"399\" data-end=\"402\" \/>Entre numa cozinha que parece mais calma, mais suave e mais intencional. O lava-loi\u00e7a de cozinha Waterfall n\u00e3o \u00e9 apenas um local para lavar a loi\u00e7a - \u00e9 uma pe\u00e7a central que muda a forma como se move, cozinha e descontrai no seu espa\u00e7o. Cada curva, acabamento e carater\u00edstica foi concebida para tornar as tarefas di\u00e1rias mais leves e surpreendentemente agrad\u00e1veis.<\/p>\n<h3 data-start=\"721\" data-end=\"755\">Design e durabilidade superiores<\/h3>\n<p data-start=\"756\" data-end=\"1190\"><strong data-start=\"756\" data-end=\"822\">Uma superf\u00edcie cuidadosamente trabalhada que se mant\u00e9m bonita ao longo do tempo.<\/strong><br data-start=\"822\" data-end=\"825\" \/>O revestimento em nano favo de mel melhorado confere a este lava-loi\u00e7a uma presen\u00e7a profunda e elegante, mas a sua beleza vai muito al\u00e9m da apar\u00eancia. Forma uma barreira protetora que resiste a riscos, manchas e impress\u00f5es digitais de dias atarefados. O \u00f3leo e a \u00e1gua deslizam em vez de se agarrarem, pelo que manter a superf\u00edcie limpa se torna um h\u00e1bito simples, quase sem esfor\u00e7o - muitas vezes apenas com uma limpeza suave.<\/p>\n<p><img decoding=\"async\" class=\"size-medium wp-image-511\" src=\"https:\/\/jsd-sinks.com\/wp-content\/uploads\/2025\/11\/waterfall-kitchen-sink-1-300x300.jpg\" alt=\"lava-loi\u00e7a de cozinha em cascata\" width=\"300\" height=\"300\" title=\"\" srcset=\"https:\/\/jsd-sinks.com\/wp-content\/uploads\/2025\/11\/waterfall-kitchen-sink-1-300x300.jpg 300w, https:\/\/jsd-sinks.com\/wp-content\/uploads\/2025\/11\/waterfall-kitchen-sink-1-100x100.jpg 100w, https:\/\/jsd-sinks.com\/wp-content\/uploads\/2025\/11\/waterfall-kitchen-sink-1-600x600.jpg 600w, https:\/\/jsd-sinks.com\/wp-content\/uploads\/2025\/11\/waterfall-kitchen-sink-1-500x500.jpg 500w, https:\/\/jsd-sinks.com\/wp-content\/uploads\/2025\/11\/waterfall-kitchen-sink-1-150x150.jpg 150w, https:\/\/jsd-sinks.com\/wp-content\/uploads\/2025\/11\/waterfall-kitchen-sink-1-768x768.jpg 768w, https:\/\/jsd-sinks.com\/wp-content\/uploads\/2025\/11\/waterfall-kitchen-sink-1-12x12.jpg 12w, https:\/\/jsd-sinks.com\/wp-content\/uploads\/2025\/11\/waterfall-kitchen-sink-1.jpg 800w\" sizes=\"(max-width: 300px) 100vw, 300px\" \/><\/p>\n<h3 data-start=\"1192\" data-end=\"1237\">Acess\u00f3rios multifuncionais sem paralelo<\/h3>\n<p data-start=\"1238\" data-end=\"1911\"><strong data-start=\"1238\" data-end=\"1292\">Ferramentas que se adaptam a si e n\u00e3o o contr\u00e1rio.<\/strong><br data-start=\"1292\" data-end=\"1295\" \/>Todos os acess\u00f3rios deste conjunto foram escolhidos tendo em conta os verdadeiros ritmos di\u00e1rios. O bloco de facas amov\u00edvel e lav\u00e1vel mant\u00e9m as suas ferramentas mais utilizadas seguras, organizadas e sempre ao seu alcance. O lava-loi\u00e7a m\u00f3vel e a t\u00e1bua de corte integrada deslocam-se sem esfor\u00e7o \u00e0 medida que se prepara, para que nunca esteja a trabalhar contra a disposi\u00e7\u00e3o. At\u00e9 a placa de drenagem e o sistema de drenagem trazem uma sensa\u00e7\u00e3o de ordem calma \u00e0 lavagem da loi\u00e7a.<br data-start=\"1679\" data-end=\"1682\" \/>O painel de controlo com teclas de piano - em conjunto com um visor digital intuitivo - acrescenta um toque de sofistica\u00e7\u00e3o silenciosa. Ajustar o caudal e a temperatura da \u00e1gua \u00e9 quase como tocar um instrumento: suave, preciso e profundamente satisfat\u00f3rio.<\/p>\n<h3 data-start=\"1913\" data-end=\"1944\">Experi\u00eancia inteligente integrada<\/h3>\n<p data-start=\"1945\" data-end=\"2390\"><strong data-start=\"1945\" data-end=\"2010\">Uma mistura perfeita de conveni\u00eancia moderna e fluxo de \u00e1gua suave.<\/strong><br data-start=\"2010\" data-end=\"2013\" \/>Este lava-loi\u00e7a n\u00e3o inclui apenas acess\u00f3rios - junta-os de uma forma que parece natural. A torneira de puxar para baixo, a torneira dedicada ao purificador de \u00e1gua e o potente enxaguador de ch\u00e1venas funcionam em harmonia. E o jato de \u00e1gua em cascata... \u00e9 largo, suave e est\u00e1vel, lavando os alimentos e os utens\u00edlios de cozinha sem salpicos ou aspereza. Parece mais um jato calmo do que um t\u00edpico jato de lava-loi\u00e7a.<\/p>\n<h3 data-start=\"2392\" data-end=\"2426\">Uma esta\u00e7\u00e3o de trabalho de cozinha completa<\/h3>\n<p data-start=\"2427\" data-end=\"2933\"><strong data-start=\"2427\" data-end=\"2502\">Concebido para apoiar a sua cozinha, a sua criatividade e a sua vida quotidiana.<\/strong><br data-start=\"2502\" data-end=\"2505\" \/>Este lava-loi\u00e7a em cascata transforma o seu balc\u00e3o num espa\u00e7o de trabalho flex\u00edvel e inspirador. A sua estrutura inteligente e o conjunto completo de ferramentas ajudam-no a manter-se organizado, a poupar tempo e a concentrar-se no que realmente importa - quer seja preparar uma refei\u00e7\u00e3o para os seus entes queridos ou simplesmente desfrutar de um momento de tranquilidade na sua cozinha.<br data-start=\"2801\" data-end=\"2804\" \/>\u00c9 mais do que um produto. \u00c9 um companheiro di\u00e1rio que traz facilidade, beleza e uma pequena sensa\u00e7\u00e3o de luxo ao cora\u00e7\u00e3o da sua casa.<\/p>","protected":false},"excerpt":{"rendered":"<p>Experimente o design revolucion\u00e1rio do lava-loi\u00e7a de cozinha Waterfall! Revestimento em nano favo de mel atualizado para resist\u00eancia a riscos e manchas. Inclui um bloco de facas amov\u00edvel, um visor digital com tecla de piano e um lava-loi\u00e7a e escorredor m\u00f3veis. Integrado com um purificador de \u00e1gua, uma panela de press\u00e3o e uma torneira de abertura f\u00e1cil, resolve todas as necessidades da sua cozinha num s\u00f3 local. O sistema de drenagem inteligente torna a limpeza f\u00e1cil e elegante, redefinindo o espa\u00e7o da sua cozinha.<\/p>","protected":false},"featured_media":509,"template":"","meta":{"_gspb_post_css":""},"product_brand":[],"product_cat":[16],"product_tag":[31],"class_list":{"0":"post-508","1":"product","2":"type-product","3":"status-publish","4":"has-post-thumbnail","6":"product_cat-waterfall-sink","7":"product_tag-waterfall-kitchen-sink-nano-coated-sink-complete-sink-package","9":"first","10":"instock","11":"shipping-taxable","12":"product-type-simple"},"_links":{"self":[{"href":"https:\/\/jsd-sinks.com\/pt\/wp-json\/wp\/v2\/product\/508","targetHints":{"allow":["GET"]}}],"collection":[{"href":"https:\/\/jsd-sinks.com\/pt\/wp-json\/wp\/v2\/product"}],"about":[{"href":"https:\/\/jsd-sinks.com\/pt\/wp-json\/wp\/v2\/types\/product"}],"wp:featuredmedia":[{"embeddable":true,"href":"https:\/\/jsd-sinks.com\/pt\/wp-json\/wp\/v2\/media\/509"}],"wp:attachment":[{"href":"https:\/\/jsd-sinks.com\/pt\/wp-json\/wp\/v2\/media?parent=508"}],"wp:term":[{"taxonomy":"product_brand","embeddable":true,"href":"https:\/\/jsd-sinks.com\/pt\/wp-json\/wp\/v2\/product_brand?post=508"},{"taxonomy":"product_cat","embeddable":true,"href":"https:\/\/jsd-sinks.com\/pt\/wp-json\/wp\/v2\/product_cat?post=508"},{"taxonomy":"product_tag","embeddable":true,"href":"https:\/\/jsd-sinks.com\/pt\/wp-json\/wp\/v2\/product_tag?post=508"}],"curies":[{"name":"wp","href":"https:\/\/api.w.org\/{rel}","templated":true}]}}