{"id":289,"date":"2025-11-22T08:59:20","date_gmt":"2025-11-22T08:59:20","guid":{"rendered":"https:\/\/jsd-sinks.com\/?post_type=product&#038;p=289"},"modified":"2025-12-13T03:40:15","modified_gmt":"2025-12-13T03:40:15","slug":"elegant-cascade-fountain-sink-with-waterfall","status":"publish","type":"product","link":"https:\/\/jsd-sinks.com\/pt\/elegant-cascade-fountain-sink-with-waterfall\/","title":{"rendered":"Lavat\u00f3rio elegante de fonte em cascata com cascata integrada JSD001"},"content":{"rendered":"<h2><strong>A pia da fonte: Onde a serenidade da cascata se encontra com a arte funcional<\/strong><\/h2>\n<h3 class=\"ds-markdown-paragraph\"><strong>Redefinir o Ritual: Um O\u00e1sis Sensorial na sua Cozinha<\/strong><\/h3>\n<p>Transforme a sua cozinha de um espa\u00e7o puramente funcional num o\u00e1sis de tranquilidade pessoal com o nosso revolucion\u00e1rio lava-loi\u00e7a Fountain. N\u00e3o se trata apenas de um acess\u00f3rio; \u00e9 uma pe\u00e7a de arte funcional, concebida para cativar os sentidos e redefinir o ritual di\u00e1rio de lavagem das m\u00e3os. A carater\u00edstica definidora \u00e9 uma graciosa e integrada fonte de \u00e1gua, em que a \u00e1gua cai elegantemente em cascata sobre uma soleira esculpida ou um a\u00e7ude para o lavat\u00f3rio prim\u00e1rio abaixo. Isto cria o som suave e cont\u00ednuo de uma cascata suave, oferecendo um momento de calma e uma atmosfera de spa na sua pr\u00f3pria casa.<\/p>\n<p><img decoding=\"async\" class=\"size-medium wp-image-1188\" src=\"https:\/\/jsd-sinks.com\/wp-content\/uploads\/2025\/11\/1-11-300x300.jpg\" alt=\"Pia da fonte\" width=\"300\" height=\"300\" title=\"\" srcset=\"https:\/\/jsd-sinks.com\/wp-content\/uploads\/2025\/11\/1-11-300x300.jpg 300w, https:\/\/jsd-sinks.com\/wp-content\/uploads\/2025\/11\/1-11-100x100.jpg 100w, https:\/\/jsd-sinks.com\/wp-content\/uploads\/2025\/11\/1-11-600x600.jpg 600w, https:\/\/jsd-sinks.com\/wp-content\/uploads\/2025\/11\/1-11-500x500.jpg 500w, https:\/\/jsd-sinks.com\/wp-content\/uploads\/2025\/11\/1-11-150x150.jpg 150w, https:\/\/jsd-sinks.com\/wp-content\/uploads\/2025\/11\/1-11-768x768.jpg 768w, https:\/\/jsd-sinks.com\/wp-content\/uploads\/2025\/11\/1-11-12x12.jpg 12w, https:\/\/jsd-sinks.com\/wp-content\/uploads\/2025\/11\/1-11.jpg 800w\" sizes=\"(max-width: 300px) 100vw, 300px\" \/><\/p>\n<h3><strong>Artesanato sem falhas: Beleza feita para durar<\/strong><\/h3>\n<p>Este lavat\u00f3rio de estilo fonte combina est\u00e9tica e durabilidade, sendo meticulosamente trabalhado em a\u00e7o inoxid\u00e1vel de alta qualidade, o que garante uma superf\u00edcie extraordinariamente lisa e sem costuras, que n\u00e3o s\u00f3 \u00e9 deslumbrante \u00e0 vista, mas tamb\u00e9m excecionalmente higi\u00e9nica e f\u00e1cil de manter, resistindo a manchas e bact\u00e9rias. O design monol\u00edtico elimina as fendas dif\u00edceis de alcan\u00e7ar, tornando a limpeza simples.<\/p>\n<h3><strong>Concebido para a gra\u00e7a: Eleg\u00e2ncia pr\u00e1tica e luz ambiente<\/strong><\/h3>\n<p>Para al\u00e9m do seu apelo est\u00e9tico, o design \u00e9 muito pr\u00e1tico. O jato de \u00e1gua em cascata minimiza os salpicos, mantendo a \u00e1rea circundante mais seca e limpa. A bacia generosa proporciona um espa\u00e7o amplo para uma utiliza\u00e7\u00e3o confort\u00e1vel, enquanto o elemento de fonte integrado pode ser subtilmente iluminado com ilumina\u00e7\u00e3o LED para real\u00e7ar o drama visual e criar um ambiente hipnotizante para uma utiliza\u00e7\u00e3o nocturna.<\/p>\n<h3 class=\"ds-markdown-paragraph\"><strong>Mais do que um lava-loi\u00e7a: Uma declara\u00e7\u00e3o transformadora para qualquer espa\u00e7o<\/strong><\/h3>\n<p>Ideal para casas contempor\u00e2neas, hot\u00e9is de luxo, espa\u00e7os comerciais de alta qualidade e centros de bem-estar, o lavat\u00f3rio Fountain \u00e9 mais do que um lavat\u00f3rio - \u00e9 uma experi\u00eancia. Serve como um ponto focal de cortar a respira\u00e7\u00e3o que reflecte um compromisso com um design sofisticado, uma qualidade sem paralelo e um bem-estar hol\u00edstico, transformando um canto vulgar da sua divis\u00e3o num santu\u00e1rio extraordin\u00e1rio.<\/p>","protected":false},"excerpt":{"rendered":"<p>Eleve o seu espa\u00e7o com o nosso lavat\u00f3rio Fountain Sink, uma fus\u00e3o espantosa de arte e fun\u00e7\u00e3o. Esta pe\u00e7a central apresenta uma cascata de \u00e1gua suave e integrada na bacia, criando um ambiente sereno, semelhante a um spa. Fabricado a partir de materiais de primeira qualidade e dur\u00e1veis, como pedra ou resina s\u00f3lida, oferece uma superf\u00edcie perfeita e f\u00e1cil de limpar. Perfeita para cozinhas modernas, spas de luxo ou ambientes comerciais \u00fanicos, transforma a lavagem rotineira das m\u00e3os numa experi\u00eancia refrescante e sensorial. Fa\u00e7a uma afirma\u00e7\u00e3o de estilo dram\u00e1tica enquanto desfruta de uma eleg\u00e2ncia inigual\u00e1vel.<\/p>","protected":false},"featured_media":486,"template":"","meta":{"_gspb_post_css":""},"product_brand":[],"product_cat":[16],"product_tag":[28],"class_list":{"0":"post-289","1":"product","2":"type-product","3":"status-publish","4":"has-post-thumbnail","6":"product_cat-waterfall-sink","7":"product_tag-fountain-sink-waterfall-sink-luxury-kitchen","9":"first","10":"instock","11":"shipping-taxable","12":"product-type-simple"},"_links":{"self":[{"href":"https:\/\/jsd-sinks.com\/pt\/wp-json\/wp\/v2\/product\/289","targetHints":{"allow":["GET"]}}],"collection":[{"href":"https:\/\/jsd-sinks.com\/pt\/wp-json\/wp\/v2\/product"}],"about":[{"href":"https:\/\/jsd-sinks.com\/pt\/wp-json\/wp\/v2\/types\/product"}],"wp:featuredmedia":[{"embeddable":true,"href":"https:\/\/jsd-sinks.com\/pt\/wp-json\/wp\/v2\/media\/486"}],"wp:attachment":[{"href":"https:\/\/jsd-sinks.com\/pt\/wp-json\/wp\/v2\/media?parent=289"}],"wp:term":[{"taxonomy":"product_brand","embeddable":true,"href":"https:\/\/jsd-sinks.com\/pt\/wp-json\/wp\/v2\/product_brand?post=289"},{"taxonomy":"product_cat","embeddable":true,"href":"https:\/\/jsd-sinks.com\/pt\/wp-json\/wp\/v2\/product_cat?post=289"},{"taxonomy":"product_tag","embeddable":true,"href":"https:\/\/jsd-sinks.com\/pt\/wp-json\/wp\/v2\/product_tag?post=289"}],"curies":[{"name":"wp","href":"https:\/\/api.w.org\/{rel}","templated":true}]}}