{"id":1262,"date":"2025-12-12T09:33:20","date_gmt":"2025-12-12T09:33:20","guid":{"rendered":"https:\/\/jsd-sinks.com\/?post_type=product&#038;p=1262"},"modified":"2025-12-12T09:33:20","modified_gmt":"2025-12-12T09:33:20","slug":"elegant-and-multifunctional-sink-soap-dispenser","status":"publish","type":"product","link":"https:\/\/jsd-sinks.com\/pt\/elegant-and-multifunctional-sink-soap-dispenser\/","title":{"rendered":"Dispensador de sabonete para lavat\u00f3rio elegante e multifuncional para espa\u00e7os modernos"},"content":{"rendered":"<h2 class=\"ds-markdown-paragraph\"><strong>Design elegante e constru\u00e7\u00e3o duradoura<\/strong><\/h2>\n<p data-start=\"570\" data-end=\"1161\">Este dispensador de sab\u00e3o para lava-loi\u00e7a embutido foi concebido para proporcionar comodidade, efici\u00eancia e estilo a qualquer cozinha ou casa de banho moderna. Fabricado com uma cabe\u00e7a de bomba em a\u00e7o inoxid\u00e1vel de primeira qualidade, proporciona durabilidade e um aspeto elegante que complementa uma vasta gama de designs de lava-loi\u00e7as e torneiras. O acabamento resistente \u00e0 corros\u00e3o garante que a bomba mant\u00e9m o seu brilho e desempenho mesmo em ambientes expostos a \u00e1gua, sab\u00e3o e l\u00edquidos de limpeza. Dispon\u00edvel em v\u00e1rios acabamentos, como cromado, preto mate, n\u00edquel escovado e dourado, permite aos utilizadores combinarem o seu espa\u00e7o com um aspeto coordenado e elegante.<\/p>\n<p><img decoding=\"async\" class=\"size-medium wp-image-1263\" src=\"https:\/\/jsd-sinks.com\/wp-content\/uploads\/2025\/12\/\u56fe\u72473-300x300.jpg\" alt=\"Dispensador de sab\u00e3o para lavat\u00f3rio\" width=\"300\" height=\"300\" title=\"\" srcset=\"https:\/\/jsd-sinks.com\/wp-content\/uploads\/2025\/12\/\u56fe\u72473-300x300.jpg 300w, https:\/\/jsd-sinks.com\/wp-content\/uploads\/2025\/12\/\u56fe\u72473-100x100.jpg 100w, https:\/\/jsd-sinks.com\/wp-content\/uploads\/2025\/12\/\u56fe\u72473-600x600.jpg 600w, https:\/\/jsd-sinks.com\/wp-content\/uploads\/2025\/12\/\u56fe\u72473-500x500.jpg 500w, https:\/\/jsd-sinks.com\/wp-content\/uploads\/2025\/12\/\u56fe\u72473-150x150.jpg 150w, https:\/\/jsd-sinks.com\/wp-content\/uploads\/2025\/12\/\u56fe\u72473-768x768.jpg 768w, https:\/\/jsd-sinks.com\/wp-content\/uploads\/2025\/12\/\u56fe\u72473-12x12.jpg 12w, https:\/\/jsd-sinks.com\/wp-content\/uploads\/2025\/12\/\u56fe\u72473.jpg 800w\" sizes=\"(max-width: 300px) 100vw, 300px\" \/><\/p>\n<h3 class=\"ds-markdown-paragraph\"><strong>Garrafa grande recarreg\u00e1vel e f\u00e1cil instala\u00e7\u00e3o<\/strong><\/h3>\n<p data-start=\"1163\" data-end=\"1724\">O dispensador possui uma grande garrafa recarreg\u00e1vel de 320 ml, feita de pl\u00e1stico espesso de alta qualidade, que \u00e9 resistente a fissuras e \u00e0 corros\u00e3o qu\u00edmica. O design de boca larga torna o reabastecimento r\u00e1pido e f\u00e1cil, enquanto a haste de rosca longa garante a compatibilidade com a maioria dos orif\u00edcios de lava-loi\u00e7a padr\u00e3o. Uma vez instalada, a garrafa fica discretamente por baixo da bancada, poupando espa\u00e7o e mantendo uma superf\u00edcie limpa e organizada. Os utilizadores podem reabastecer convenientemente por cima do balc\u00e3o, bastando puxar a cabe\u00e7a da bomba, o que a torna mais pr\u00e1tica do que as garrafas de bancada tradicionais.<\/p>\n<h3 class=\"ds-markdown-paragraph\"><strong>Mecanismo de bomba suave e preciso<\/strong><\/h3>\n<p data-start=\"1726\" data-end=\"2043\">O mecanismo da bomba foi concebido para proporcionar um fluxo de sab\u00e3o suave e consistente com cada press\u00e3o. Funciona bem com sab\u00e3o l\u00edquido, detergente para a loi\u00e7a, lo\u00e7\u00e3o, desinfetante para as m\u00e3os e outros l\u00edquidos semelhantes. O bico prolongado garante que o sab\u00e3o \u00e9 dispensado com precis\u00e3o no lava-loi\u00e7a ou numa esponja sem pingar ou salpicar.<\/p>\n<h3 class=\"ds-markdown-paragraph\"><strong>Aplica\u00e7\u00f5es vers\u00e1teis e benef\u00edcios pr\u00e1ticos<\/strong><\/h3>\n<p data-start=\"2045\" data-end=\"2480\">Quer se trate de uma nova instala\u00e7\u00e3o ou de uma atualiza\u00e7\u00e3o de um lava-loi\u00e7a existente, este dispensador incorporado oferece uma solu\u00e7\u00e3o elegante e funcional para as necessidades de limpeza di\u00e1rias. Ajuda a manter uma bancada minimalista, reduz a confus\u00e3o de garrafas de pl\u00e1stico e melhora a organiza\u00e7\u00e3o geral da cozinha ou da casa de banho. Com a sua f\u00e1cil instala\u00e7\u00e3o e constru\u00e7\u00e3o duradoura, \u00e9 um acess\u00f3rio ideal para casas, escrit\u00f3rios, restaurantes e esta\u00e7\u00f5es de lavagem comerciais.<\/p>","protected":false},"excerpt":{"rendered":"<p>Este dispensador de sab\u00e3o para lava-loi\u00e7a de encastrar possui uma cabe\u00e7a de bomba em a\u00e7o inoxid\u00e1vel dur\u00e1vel, uma grande garrafa recarreg\u00e1vel de 320 ml e um funcionamento suave com uma s\u00f3 m\u00e3o. Concebido para os lava-loi\u00e7as da cozinha ou da casa de banho, proporciona uma distribui\u00e7\u00e3o de sab\u00e3o pr\u00e1tica e sem confus\u00e3o, com um estilo moderno e uma resist\u00eancia duradoura \u00e0 corros\u00e3o.<\/p>","protected":false},"featured_media":1264,"template":"","meta":{"_gspb_post_css":""},"product_brand":[],"product_cat":[24],"product_tag":[142],"class_list":{"0":"post-1262","1":"product","2":"type-product","3":"status-publish","4":"has-post-thumbnail","6":"product_cat-accessories","7":"product_tag-sink-soap-dispenser-kitchen-accessory-built-in-soap-pump","9":"first","10":"instock","11":"shipping-taxable","12":"product-type-simple"},"_links":{"self":[{"href":"https:\/\/jsd-sinks.com\/pt\/wp-json\/wp\/v2\/product\/1262","targetHints":{"allow":["GET"]}}],"collection":[{"href":"https:\/\/jsd-sinks.com\/pt\/wp-json\/wp\/v2\/product"}],"about":[{"href":"https:\/\/jsd-sinks.com\/pt\/wp-json\/wp\/v2\/types\/product"}],"wp:featuredmedia":[{"embeddable":true,"href":"https:\/\/jsd-sinks.com\/pt\/wp-json\/wp\/v2\/media\/1264"}],"wp:attachment":[{"href":"https:\/\/jsd-sinks.com\/pt\/wp-json\/wp\/v2\/media?parent=1262"}],"wp:term":[{"taxonomy":"product_brand","embeddable":true,"href":"https:\/\/jsd-sinks.com\/pt\/wp-json\/wp\/v2\/product_brand?post=1262"},{"taxonomy":"product_cat","embeddable":true,"href":"https:\/\/jsd-sinks.com\/pt\/wp-json\/wp\/v2\/product_cat?post=1262"},{"taxonomy":"product_tag","embeddable":true,"href":"https:\/\/jsd-sinks.com\/pt\/wp-json\/wp\/v2\/product_tag?post=1262"}],"curies":[{"name":"wp","href":"https:\/\/api.w.org\/{rel}","templated":true}]}}