{"id":848,"date":"2025-12-02T08:58:10","date_gmt":"2025-12-02T08:58:10","guid":{"rendered":"https:\/\/jsd-sinks.com\/?post_type=product&#038;p=848"},"modified":"2025-12-12T08:56:26","modified_gmt":"2025-12-12T08:56:26","slug":"the-best-stainless-steel-sink-for-compact-kitchens","status":"publish","type":"product","link":"https:\/\/jsd-sinks.com\/ko\/the-best-stainless-steel-sink-for-compact-kitchens\/","title":{"rendered":"\uc18c\ud615 \uc8fc\ubc29\uc744 \uc704\ud55c \ucd5c\uace0\uc758 \uc2a4\ud14c\uc778\ub9ac\uc2a4 \uc2a4\ud2f8 \uc2f1\ud06c\ub300-JSD US4045B"},"content":{"rendered":"<h2 data-start=\"0\" data-end=\"50\">JSD US4045B \ucef4\ud329\ud2b8 \ube14\ub799 \ucd5c\uace0\uc758 \uc2a4\ud14c\uc778\ub9ac\uc2a4 \uc2a4\ud2f8 \uc2f1\ud06c\ub300<\/h2>\n<p data-start=\"51\" data-end=\"102\"><strong data-start=\"51\" data-end=\"102\">\uc2e4\uc6a9\uc801\uc778 \uc131\ub2a5\uc758 \ucef4\ud329\ud2b8\ud55c \ube14\ub799 \ub514\uc790\uc778<\/strong><\/p>\n<p data-start=\"104\" data-end=\"493\">JSD US4045B\ub294 \uc8fc\ubc29\uc5d0\uc11c \uc138\uc2ec\ud558\uace0 \uc720\ub2a5\ud55c \ud300\uc6d0\ucc98\ub7fc \uc791\ub3d9\ud558\ub294 \uc18c\ud615 \uc2f1\ud06c\ub300\uc785\ub2c8\ub2e4. 400 \u00d7 450mm, 350 \u00d7 400 \u00d7 230mm \ubcf4\uc6b8\uc758 \uc774 \uc2f1\ud06c\ub300\ub294 \uc816\uc740 \ubc14, RV, \ubcf4\uc870 \uc870\ub9ac\ub300 \ub610\ub294 \uc18c\ud615 \uc544\ud30c\ud2b8 \ub4f1 \uc881\uc740 \uce74\uc6b4\ud130\uc5d0 \uc801\ud569\ud55c \ud06c\uae30\uc774\uba74\uc11c\ub3c4 \ud504\ub77c\uc774\ud32c\uc744 \ud5f9\uad6c\uac70\ub098 \uce90\uc11c\ub864 \uc811\uc2dc\ub97c \ub2f4\uadf8\uac70\ub098 \ube44\uc881\uc740 \ub290\ub08c \uc5c6\uc774 \uc548\uc815\uc801\uc778 \uc870\ub9ac\ub300\ub97c \ub193\uc744 \uc218 \uc788\ub294 \uc2e4\uc81c \uc791\uc5c5 \uacf5\uac04\uc744 \ud655\ubcf4\ud560 \uc218 \uc788\uc2b5\ub2c8\ub2e4.<\/p>\n<p>&nbsp;<\/p>\n<p><img decoding=\"async\" class=\"size-medium wp-image-849\" src=\"https:\/\/jsd-sinks.com\/wp-content\/uploads\/2025\/12\/best-stainless-steel-sink-1-300x300.jpg\" alt=\"\ucd5c\uace0\uc758 \uc2a4\ud14c\uc778\ub9ac\uc2a4 \uc2a4\ud2f8 \uc2f1\ud06c\ub300\" width=\"300\" height=\"300\" title=\"\" srcset=\"https:\/\/jsd-sinks.com\/wp-content\/uploads\/2025\/12\/best-stainless-steel-sink-1-300x300.jpg 300w, https:\/\/jsd-sinks.com\/wp-content\/uploads\/2025\/12\/best-stainless-steel-sink-1-100x100.jpg 100w, https:\/\/jsd-sinks.com\/wp-content\/uploads\/2025\/12\/best-stainless-steel-sink-1-600x600.jpg 600w, https:\/\/jsd-sinks.com\/wp-content\/uploads\/2025\/12\/best-stainless-steel-sink-1-500x500.jpg 500w, https:\/\/jsd-sinks.com\/wp-content\/uploads\/2025\/12\/best-stainless-steel-sink-1-150x150.jpg 150w, https:\/\/jsd-sinks.com\/wp-content\/uploads\/2025\/12\/best-stainless-steel-sink-1-768x768.jpg 768w, https:\/\/jsd-sinks.com\/wp-content\/uploads\/2025\/12\/best-stainless-steel-sink-1-12x12.jpg 12w, https:\/\/jsd-sinks.com\/wp-content\/uploads\/2025\/12\/best-stainless-steel-sink-1.jpg 800w\" sizes=\"(max-width: 300px) 100vw, 300px\" \/><\/p>\n<h3 data-start=\"495\" data-end=\"521\">\uc0ac\uc6a9 \ubc29\ubc95<\/h3>\n<p data-start=\"522\" data-end=\"984\">\uc774 \uc2f1\ud06c\ub300\ub294 \uc77c\ubc18\uc801\uc778 \uc8fc\ubc29 \ub3d9\uc791\uc744 \uace0\ub824\ud558\uc5ec \ub514\uc790\uc778\ub418\uc5c8\uc2b5\ub2c8\ub2e4. \uc548\ucabd \ubaa8\uc11c\ub9ac\uac00 \ub465\uae00\uac8c \ucc98\ub9ac\ub418\uc5b4 \uc788\uc5b4 \uac07\ud78c \ub54c\ub97c \ucc3e\uc544 \ud5e4\ub9ec \ud544\uc694\uac00 \uc5c6\uace0 \ubd80\ub4dc\ub7ec\uc6b4 \ucc9c\uc73c\ub85c \ud55c \ubc88\ub9cc \uc4f8\uba74 \uadf8\ub987 \uc804\uccb4\ub97c \uae68\ub057\ud558\uac8c \ub2e6\uc744 \uc218 \uc788\uc2b5\ub2c8\ub2e4. \ubc14\ub2e5\uc758 \ubbf8\uc138\ud55c X\uc790 \ud648\uc774 \ubc30\uc218\uad6c \ucabd\uc73c\ub85c \ubb3c\uc744 \uc774\ub3d9\uc2dc\ucf1c \uc6c5\ub369\uc774\uac00 \ub0a8\uc9c0 \uc54a\uace0, \uc5b8\ub354\ub9c8\uc6b4\ud2b8\ud615 \ub514\uc790\uc778\uc73c\ub85c \uc870\ub9ac\ub300 \uac00\uc7a5\uc790\ub9ac\uac00 \ub9e4\ub044\ub7fd\uac8c \uc720\uc9c0\ub418\uc5b4 \ubd80\uc2a4\ub7ec\uae30\uc640 \ud758\ub9b0 \uc74c\uc2dd\ubb3c\uc774 \uc8fc\ubcc0\uc774 \uc544\ub2cc \ub300\uc57c\ub85c \ubc14\ub85c \ud758\ub7ec\ub4e4\uc5b4\uac00\uc8e0. \uc774\ub7ec\ud55c \uc791\uc740 \ud3b8\ub9ac\ud568\uc774 \uc77c\uc0c1\uc758 \uc18d\ub3c4\ub97c \uc870\uc6a9\ud788 \ub192\uc5ec\uc90d\ub2c8\ub2e4.<\/p>\n<h3 data-start=\"986\" data-end=\"1016\">\uc124\uacc4, \ub9c8\uac10 \ubc0f \uad6c\ucd95<\/h3>\n<ul data-start=\"1017\" data-end=\"1511\">\n<li data-start=\"1017\" data-end=\"1154\">\n<p data-start=\"1019\" data-end=\"1154\">\ub9c8\uac10: \ud14d\uc2a4\ucc98 \ube14\ub799 \ube0c\ub7ec\uc2dc\ub4dc \uc2a4\ud14c\uc778\ub9ac\uc2a4 - \uc9c0\ubb38\uacfc \uac00\ubcbc\uc6b4 \uc790\uad6d\uc744 \uc228\uae30\ub294 \uc2a4\ub9c8\ud2b8\ud55c \ud45c\uba74\uc73c\ub85c \ucc28\ubd84\ud558\uace0 \ubaa8\ub358\ud558\uac8c \uc77d\uc744 \uc218 \uc788\uc2b5\ub2c8\ub2e4.<\/p>\n<\/li>\n<li data-start=\"1155\" data-end=\"1259\">\n<p data-start=\"1157\" data-end=\"1259\">\uae30\ud558\ud559\uc801 \uad6c\uc870: \ubaa8\uc11c\ub9ac\uac00 \ub9e4\ub044\ub7fd\uace0 \ub465\uae00\uac8c \ucc98\ub9ac\ub418\uc5b4 \uccad\uc18c\uac00 \uc27d\uace0 \uc870\ub9ac\ub300\uc640 \uae54\ub054\ud55c \uc2dc\uac01\uc801 \ub77c\uc778\uc744 \uc774\ub8f9\ub2c8\ub2e4.<\/p>\n<\/li>\n<li data-start=\"1260\" data-end=\"1404\">\n<p data-start=\"1262\" data-end=\"1404\">\ubc30\uc218\uad6c \uc635\uc158: \ud45c\uc900 3.5\uc778\uce58(89mm) \ubc30\uc218\uad6c \ud3ec\ud568, \ub354 \ud070 \ubc30\ucd9c\uad6c\uac00 \ud544\uc694\ud55c \ud504\ub85c\uc81d\ud2b8\uc758 \uacbd\uc6b0 114mm \ubc30\uc218\uad6c \uc635\uc158 \uc0ac\uc6a9 \uac00\ub2a5.<\/p>\n<\/li>\n<li data-start=\"1405\" data-end=\"1511\">\n<p data-start=\"1407\" data-end=\"1511\">\uad6c\uc870: \ubb34\uac8c, \ucd09\uac10, \ub0b4\uad6c\uc131\uc774 \uade0\ud615\uc744 \uc774\ub8e8\ub294 \uc0ac\ub824 \uae4a\uc740 \ud558\uc774\ube0c\ub9ac\ub4dc \uad6c\uc870\uc640 \uacac\uace0\ud55c \uc18c\uc7ac.<\/p>\n<\/li>\n<\/ul>\n<h3 data-start=\"1513\" data-end=\"1540\">\ub514\ud14c\uc77c\uc774 \uc911\uc694\ud55c \uc774\uc720<\/h3>\n<p data-start=\"1541\" data-end=\"1862\">X\uc790\ud615 \ubc30\uc218\uad6c\uc640 \ub465\uadfc \ubaa8\uc11c\ub9ac\ub294 \uc7a5\uc2dd\uc6a9\uc774 \uc544\ub2c8\ub77c \uace0\uc778 \ubb3c\uc744 \uc904\uc774\uace0 \uac74\uc870 \uc18d\ub3c4\ub97c \ub192\uc774\uba70 \uc720\uc9c0 \uad00\ub9ac\uc758 \uc218\uace0\ub97c \ub35c\uc5b4\uc90d\ub2c8\ub2e4. \ube14\ub799 \ube0c\ub7ec\uc2dc \ud14d\uc2a4\ucc98\ub294 \uc8fc\ubc29 \uc870\uba85 \uc544\ub798\uc5d0\uc11c \uc2f1\ud06c\ub300\uac00 \uae54\ub054\ud558\uac8c \ubcf4\uc774\ub3c4\ub85d \ub3c4\uc640\uc8fc\uba70, \ud45c\uba74\uc774 \uc77c\uc0c1\uc801\uc778 \ud754\uc801\uc744 \ub0a8\uae30\uc9c0 \uc54a\uc544 \uccad\uc18c \uc0ac\uc774\uc0ac\uc774\uc5d0\ub3c4 \uae54\ub054\ud55c \ub290\ub08c\uc744 \uc90d\ub2c8\ub2e4.<\/p>\n<h4 data-start=\"2216\" data-end=\"2246\">\uad00\ub9ac, \uc124\uce58 \ubc0f \ud301<\/h4>\n<ul data-start=\"2247\" data-end=\"2618\">\n<li data-start=\"2247\" data-end=\"2335\">\n<p data-start=\"2249\" data-end=\"2335\">\uc5b8\ub354\ub9c8\uc6b4\ud2b8\ub85c \uc124\uce58\ud558\uba74 \uc870\ub9ac\ub300 \uac00\uc7a5\uc790\ub9ac\uac00 \ub9e4\ub044\ub7fd\uace0 \ud45c\uba74 \uccad\uc18c\uac00 \uc26c\uc6cc\uc9d1\ub2c8\ub2e4.<\/p>\n<\/li>\n<li data-start=\"2336\" data-end=\"2457\">\n<p data-start=\"2338\" data-end=\"2457\">\uc911\uc131 \uc138\uc81c\uc640 \ubd80\ub4dc\ub7ec\uc6b4 \ucc9c\uc73c\ub85c \ub2e6\uace0, \uc5f0\ub9c8 \ud328\ub4dc\ub098 \uac70\uce5c \ud654\ud559 \ubb3c\uc9c8\uc740 \uc9c8\uac10\uc744 \ubb34\ub514\uac8c \ud560 \uc218 \uc788\uc73c\ubbc0\ub85c \ud53c\ud558\uc138\uc694.<\/p>\n<\/li>\n<li data-start=\"2458\" data-end=\"2517\">\n<p data-start=\"2460\" data-end=\"2517\">\uc0ac\uc6a9 \ud6c4 \uac74\uc870\ud558\uba74 \uac00\uc7a5 \uc624\ub798 \uc9c0\uc18d\ub418\ub294 \ubb34\uad11\ud0dd \uc678\uad00\uc744 \uc720\uc9c0\ud560 \uc218 \uc788\uc2b5\ub2c8\ub2e4.<\/p>\n<\/li>\n<li data-start=\"2518\" data-end=\"2618\">\n<p data-start=\"2520\" data-end=\"2618\">\ub354 \uc870\uc6a9\ud55c \uc131\ub2a5\uc744 \uc6d0\ud55c\ub2e4\uba74 \uc8fc\ubb38 \uc2dc \ub354 \ub450\uaebc\uc6b4 \uac8c\uc774\uc9c0 \ub610\ub294 \uc5b8\ub354\ucf54\ud305 \uc635\uc158\uc5d0 \ub300\ud574 \ubb38\uc758\ud558\uc138\uc694.<\/p>\n<\/li>\n<\/ul>\n<h3 data-start=\"2620\" data-end=\"2634\">\uc9e7\uc740 FAQ<\/h3>\n<p data-start=\"2635\" data-end=\"2869\"><strong data-start=\"2635\" data-end=\"2695\">Q: \uac80\uc740\uc0c9 \ub9c8\uac10\uc5d0 \uc2a4\ud06c\ub798\uce58\ub098 \uc9c0\ubb38\uc774 \ub0a8\ub098\uc694?<\/strong><br data-start=\"2695\" data-end=\"2698\" \/>A: \uc9c8\uac10\uc774 \uc788\ub294 \ube14\ub799 \ube0c\ub7ec\uc2dc \ub9c8\uac10\uc740 \ub9e4\ub048\ud558\uac70\ub098 \uad11\ud0dd\uc774 \ub098\ub294 \ucf54\ud305\ubcf4\ub2e4 \uc9c0\ubb38\uacfc \uac00\ubcbc\uc6b4 \uc790\uad6d\uc744 \ub354 \uc798 \uc228\uae41\ub2c8\ub2e4. \ub9c8\uac10\uc744 \ucd5c\uc0c1\uc758 \uc0c1\ud0dc\ub85c \uc720\uc9c0\ud558\ub824\uba74 \uc5f0\ub9c8\uc131 \ud074\ub9ac\ub108\ub97c \uc0ac\uc6a9\ud558\uc9c0 \ub9c8\uc138\uc694.<\/p>\n<p data-start=\"2871\" data-end=\"3060\"><strong data-start=\"2871\" data-end=\"2946\">Q: \uc2f1\ud06c\ub300\ub294 \uc774\ub3d9\uc2dd \ub610\ub294 \uc881\uc740 \uc124\uce58 \uc7a5\uc18c(RV, \ubcf4\ud2b8)\uc5d0 \uc801\ud569\ud55c\uac00\uc694?<\/strong><br data-start=\"2946\" data-end=\"2949\" \/>A: \ub124. \ucef4\ud329\ud2b8\ud55c \uc124\uce58 \uacf5\uac04\uacfc \uc5b8\ub354\ub9c8\uc6b4\ud2b8 \ud504\ub85c\ud30c\uc77c\ub85c \ud611\uc18c\ud558\uac70\ub098 \uc774\ub3d9\uc774 \uc7a6\uc740 \ud658\uacbd\uc5d0\uc11c \ud2b9\ud788 \uc720\uc6a9\ud569\ub2c8\ub2e4.<\/p>\n<p data-start=\"3062\" data-end=\"3255\"><strong data-start=\"3062\" data-end=\"3100\">Q: \ud06c\uae30\ub098 \ub9c8\uac10\uc744 \uc0ac\uc6a9\uc790 \uc9c0\uc815\ud560 \uc218 \uc788\ub098\uc694?<\/strong><br data-start=\"3100\" data-end=\"3103\" \/>A: \ucd5c\uc18c 10\uc138\ud2b8 \uc8fc\ubb38 \uc2dc OEM\/ODM \ub9de\ucda4 \uc81c\uc791\uc774 \uac00\ub2a5\ud558\uba70, R&amp;D \ud300\uc5d0 \ubb38\uc758\ud558\uc5ec \uce58\uc218, \ub9c8\uac10\uc7ac \ub610\ub294 \uc561\uc138\uc11c\ub9ac \uad6c\uc131\uc5d0 \ub300\ud574 \ub17c\uc758\ud558\uc138\uc694.<\/p>","protected":false},"excerpt":{"rendered":"<p>JSD US4045B - \ud504\ub9ac\ubbf8\uc5c4 \ucef4\ud329\ud2b8\ud615 \ucd5c\uace0\uae09 \uc2a4\ud14c\uc778\ub9ac\uc2a4 \uc2a4\ud2f8 \uc2f1\ud06c. 350x400mm \ubcf4\uc6b8\uacfc 230mm \uae4a\uc774\uc758 400x450mm \uc124\uce58 \uacf5\uac04\uc774 \ud2b9\uc9d5\uc785\ub2c8\ub2e4. \ud45c\uc900 3.5\uc778\uce58 \ubc30\uc218\uad6c, \ud6a8\uc728\uc801\uc778 X\uc790\ud615 \ud648, \uccad\uc18c\ud558\uae30 \uc26c\uc6b4 \ub465\uadfc \ubaa8\uc11c\ub9ac\uac00 \uc7a5\ucc29\ub418\uc5b4 \uc788\uc2b5\ub2c8\ub2e4. \ub0b4\uad6c\uc131\uc774 \ub6f0\uc5b4\ub09c \ube14\ub799 \ube0c\ub7ec\uc2dc \ub9c8\uac10\uc73c\ub85c \uc81c\uacf5\ub418\uba70 \ud3c9\uc0dd \ubcf4\uc99d \ubc0f OEM\/ODM \uc11c\ube44\uc2a4\uac00 \uc81c\uacf5\ub429\ub2c8\ub2e4.<\/p>\n<p>\ubaa8\ub378: JSD US4045B<br \/>\n\uc81c\ud488 \uc138\ubd80 \uc815\ubcf4:<br \/>\n\uc804\uccb4 \ud06c\uae30: 400x450mm<br \/>\n\ubcf4\uc6b8 \uc0ac\uc774\uc988: 350x400mm<br \/>\n\uae4a\uc774: 230mm<br \/>\n\ubc30\uc218\uad6c: 114mm<br \/>\n\ud45c\uba74 \ucc98\ub9ac: \ube0c\ub7ec\uc2dc \ucc98\ub9ac<br \/>\n\uc11c\ube44\uc2a4: OEM\/ODM \uc11c\ube44\uc2a4 \uc81c\uacf5<br \/>\n\ubcf4\uc99d: \ud3c9\uc0dd<br \/>\nMOQ: 10\uc138\ud2b8<\/p>","protected":false},"featured_media":855,"template":"","meta":{"_gspb_post_css":""},"product_brand":[],"product_cat":[21],"product_tag":[90,80,74],"class_list":{"0":"post-848","1":"product","2":"type-product","3":"status-publish","4":"has-post-thumbnail","6":"product_cat-embossed-sink","7":"product_tag-best-undermount-sink","8":"product_tag-black-kitchen-sink","9":"product_tag-compact-stainless-steel-sink","11":"first","12":"instock","13":"shipping-taxable","14":"product-type-simple"},"_links":{"self":[{"href":"https:\/\/jsd-sinks.com\/ko\/wp-json\/wp\/v2\/product\/848","targetHints":{"allow":["GET"]}}],"collection":[{"href":"https:\/\/jsd-sinks.com\/ko\/wp-json\/wp\/v2\/product"}],"about":[{"href":"https:\/\/jsd-sinks.com\/ko\/wp-json\/wp\/v2\/types\/product"}],"wp:featuredmedia":[{"embeddable":true,"href":"https:\/\/jsd-sinks.com\/ko\/wp-json\/wp\/v2\/media\/855"}],"wp:attachment":[{"href":"https:\/\/jsd-sinks.com\/ko\/wp-json\/wp\/v2\/media?parent=848"}],"wp:term":[{"taxonomy":"product_brand","embeddable":true,"href":"https:\/\/jsd-sinks.com\/ko\/wp-json\/wp\/v2\/product_brand?post=848"},{"taxonomy":"product_cat","embeddable":true,"href":"https:\/\/jsd-sinks.com\/ko\/wp-json\/wp\/v2\/product_cat?post=848"},{"taxonomy":"product_tag","embeddable":true,"href":"https:\/\/jsd-sinks.com\/ko\/wp-json\/wp\/v2\/product_tag?post=848"}],"curies":[{"name":"wp","href":"https:\/\/api.w.org\/{rel}","templated":true}]}}