{"id":946,"date":"2025-12-03T07:20:36","date_gmt":"2025-12-03T07:20:36","guid":{"rendered":"https:\/\/jsd-sinks.com\/?post_type=product&#038;p=946"},"modified":"2025-12-09T02:38:05","modified_gmt":"2025-12-09T02:38:05","slug":"stainless-steel-colander-with-square-drain-holes","status":"publish","type":"product","link":"https:\/\/jsd-sinks.com\/it\/stainless-steel-colander-with-square-drain-holes\/","title":{"rendered":"Colapasta salvaspazio in acciaio inox con fori di scarico quadrati"},"content":{"rendered":"<h2 data-start=\"379\" data-end=\"713\">Colapasta in acciaio inox con fori di scarico quadrati<\/h2>\n<p><strong>Materiale resistente e design moderno<\/strong><\/p>\n<p data-start=\"379\" data-end=\"713\">Questo scolapasta in acciaio inox combina la praticit\u00e0 quotidiana con un design moderno e durevole. Realizzato in acciaio inox di alta qualit\u00e0, il colino resiste alla ruggine, alle macchie e agli odori, garantendo prestazioni durature nelle cucine pi\u00f9 impegnate. L'esterno spazzolato offre un look raffinato e contemporaneo che si adatta a qualsiasi lavello o piano di lavoro.<\/p>\n<p data-start=\"715\" data-end=\"1198\"><strong>Drenaggio efficiente e forma multifunzionale<\/strong><\/p>\n<p data-start=\"715\" data-end=\"1198\">La forma rettangolare con un ampio bordo piatto garantisce stabilit\u00e0 e maneggevolezza, mentre le perforazioni quadrate uniformemente distribuite sulla base consentono un drenaggio rapido ed efficiente che evita il ristagno dell'acqua e velocizza la preparazione dei cibi. L'ampia capacit\u00e0 lo rende ideale per lavare grandi quantit\u00e0 di frutta e verdura, sciacquare cereali e legumi o scolare pasta e prodotti cotti. La sua profondit\u00e0 ridotta funge anche da comoda piattaforma per la cottura a vapore quando viene posizionata sopra una pentola.<\/p>\n<p><img decoding=\"async\" class=\"size-medium wp-image-1092\" src=\"https:\/\/jsd-sinks.com\/wp-content\/uploads\/2025\/12\/\u53a8\u623f\u624b\u5de5\u6c34\u69fd\u6ca5\u6c34\u7bee-300x300.jpg\" alt=\"Colapasta in acciaio inox con fori di scarico quadrati\" width=\"300\" height=\"300\" title=\"\" srcset=\"https:\/\/jsd-sinks.com\/wp-content\/uploads\/2025\/12\/\u53a8\u623f\u624b\u5de5\u6c34\u69fd\u6ca5\u6c34\u7bee-300x300.jpg 300w, https:\/\/jsd-sinks.com\/wp-content\/uploads\/2025\/12\/\u53a8\u623f\u624b\u5de5\u6c34\u69fd\u6ca5\u6c34\u7bee-100x100.jpg 100w, https:\/\/jsd-sinks.com\/wp-content\/uploads\/2025\/12\/\u53a8\u623f\u624b\u5de5\u6c34\u69fd\u6ca5\u6c34\u7bee-600x600.jpg 600w, https:\/\/jsd-sinks.com\/wp-content\/uploads\/2025\/12\/\u53a8\u623f\u624b\u5de5\u6c34\u69fd\u6ca5\u6c34\u7bee-500x500.jpg 500w, https:\/\/jsd-sinks.com\/wp-content\/uploads\/2025\/12\/\u53a8\u623f\u624b\u5de5\u6c34\u69fd\u6ca5\u6c34\u7bee-150x150.jpg 150w, https:\/\/jsd-sinks.com\/wp-content\/uploads\/2025\/12\/\u53a8\u623f\u624b\u5de5\u6c34\u69fd\u6ca5\u6c34\u7bee-12x12.jpg 12w, https:\/\/jsd-sinks.com\/wp-content\/uploads\/2025\/12\/\u53a8\u623f\u624b\u5de5\u6c34\u69fd\u6ca5\u6c34\u7bee.jpg 667w\" sizes=\"(max-width: 300px) 100vw, 300px\" \/><\/p>\n<p data-start=\"1200\" data-end=\"1523\"><strong>Dettagli facili da usare e manutenzione semplice<\/strong><\/p>\n<p data-start=\"1200\" data-end=\"1523\">Dettagli accurati rendono questo scolapasta facile da usare: l'ampio bordo pu\u00f2 essere appoggiato saldamente su banconi o bordi del lavello, liberando le mani per altre attivit\u00e0; l'interno liscio \u00e8 facile da pulire a mano ed \u00e8 lavabile in lavastoviglie per una manutenzione senza sforzi. La struttura robusta resiste all'uso frequente e agli urti occasionali senza deformarsi.<\/p>\n<p data-start=\"1525\" data-end=\"1821\"><strong>Versatilit\u00e0 d'uso e adattabilit\u00e0 dello stile<\/strong><\/p>\n<p data-start=\"1525\" data-end=\"1821\">Versatile nel design, questo scolapasta \u00e8 adatto a molte attivit\u00e0 in cucina, oltre al risciacquo e alla sgocciolatura: provatelo per scongelare gli ingredienti surgelati, per tenere i prodotti da essiccare o come vassoio per servire i cibi scolati. La sua finitura metallica neutra si adatta a diversi stili di cucina, da quello minimalista a quello industriale.<\/p>\n<p data-start=\"1823\" data-end=\"2423\" data-is-last-node=\"\" data-is-only-node=\"\"><strong>Conveniente, ecologico e resistente al calore<\/strong><\/p>\n<p data-start=\"1823\" data-end=\"2423\" data-is-last-node=\"\" data-is-only-node=\"\">Facile da riporre e a bassa manutenzione, questo colino in acciaio inossidabile \u00e8 uno strumento affidabile e multiuso che migliora il flusso di lavoro e mantiene in ordine la preparazione. Sia che si cucini per un pasto in famiglia o che si preparino gli ingredienti per un evento, \u00e8 un accessorio efficiente progettato per semplificare le attivit\u00e0 quotidiane in cucina, mantenendo un aspetto curato. \u00c8 sicuro per gli alimenti e resistente al calore, quindi adatto a cibi caldi direttamente dalla pentola. Completamente riciclabile a fine vita, questo colino \u00e8 una scelta ecologica che offre un valore pratico e prestazioni affidabili. per la cucina di tutti i giorni.<\/p>","protected":false},"excerpt":{"rendered":"<p>Durevole scolapasta in acciaio inox con elegante finitura spazzolata e ampio bordo piatto per un utilizzo sicuro. La base forata con fori di scarico quadrati assicura un rapido flusso dell'acqua. Grande capacit\u00e0 rettangolare per lavare la frutta, scolare la pasta o cuocere al vapore. Resistente alla ruggine e lavabile in lavastoviglie. Facile da riporre per risparmiare spazio.<\/p>","protected":false},"featured_media":1091,"template":"","meta":{"_gspb_post_css":""},"product_brand":[],"product_cat":[24],"product_tag":[122,120,121],"class_list":{"0":"post-946","1":"product","2":"type-product","3":"status-publish","4":"has-post-thumbnail","6":"product_cat-accessories","7":"product_tag-dishwasher-safe","8":"product_tag-kitchen-essentials","9":"product_tag-rust-resistant","11":"first","12":"instock","13":"shipping-taxable","14":"product-type-simple"},"_links":{"self":[{"href":"https:\/\/jsd-sinks.com\/it\/wp-json\/wp\/v2\/product\/946","targetHints":{"allow":["GET"]}}],"collection":[{"href":"https:\/\/jsd-sinks.com\/it\/wp-json\/wp\/v2\/product"}],"about":[{"href":"https:\/\/jsd-sinks.com\/it\/wp-json\/wp\/v2\/types\/product"}],"wp:featuredmedia":[{"embeddable":true,"href":"https:\/\/jsd-sinks.com\/it\/wp-json\/wp\/v2\/media\/1091"}],"wp:attachment":[{"href":"https:\/\/jsd-sinks.com\/it\/wp-json\/wp\/v2\/media?parent=946"}],"wp:term":[{"taxonomy":"product_brand","embeddable":true,"href":"https:\/\/jsd-sinks.com\/it\/wp-json\/wp\/v2\/product_brand?post=946"},{"taxonomy":"product_cat","embeddable":true,"href":"https:\/\/jsd-sinks.com\/it\/wp-json\/wp\/v2\/product_cat?post=946"},{"taxonomy":"product_tag","embeddable":true,"href":"https:\/\/jsd-sinks.com\/it\/wp-json\/wp\/v2\/product_tag?post=946"}],"curies":[{"name":"wp","href":"https:\/\/api.w.org\/{rel}","templated":true}]}}