{"id":940,"date":"2025-12-03T06:50:03","date_gmt":"2025-12-03T06:50:03","guid":{"rendered":"https:\/\/jsd-sinks.com\/?post_type=product&#038;p=940"},"modified":"2025-12-09T02:25:31","modified_gmt":"2025-12-09T02:25:31","slug":"rust-resistant-stainless-steel-sink-bottom-grids","status":"publish","type":"product","link":"https:\/\/jsd-sinks.com\/it\/rust-resistant-stainless-steel-sink-bottom-grids\/","title":{"rendered":"Griglie di fondo del lavello in acciaio inox resistenti alla ruggine per la protezione del lavello della cucina"},"content":{"rendered":"<h2 data-start=\"303\" data-end=\"813\"><span class=\"YPkS7KbdpWfGdYKd3QB9\" data-src-align=\"0:4\">Base protettiva<\/span> <span class=\"YPkS7KbdpWfGdYKd3QB9\" data-src-align=\"5:6\">per proteggere la lucentezza del lavello<\/span><\/h2>\n<p data-start=\"303\" data-end=\"813\">Questa griglia per il fondo del lavello in acciaio inox \u00e8 stata progettata per migliorare le prestazioni, la longevit\u00e0 e la praticit\u00e0 del lavello della cucina. Realizzata in acciaio inossidabile di prima qualit\u00e0 e resistente alla corrosione, fornisce uno strato protettivo robusto e affidabile tra il bacino del lavello e le pentole di uso quotidiano. Elevando piatti, pentole e utensili al di sopra della superficie del lavello, la griglia previene efficacemente graffi, scalfitture e usura a lungo termine, contribuendo a mantenere la finitura originale del lavello.<\/p>\n<p><img decoding=\"async\" class=\"size-medium wp-image-1089\" src=\"https:\/\/jsd-sinks.com\/wp-content\/uploads\/2025\/12\/\u4e0d\u9508\u94a2\u6c34\u69fd\u5e95\u90e8\u7f51\u683c11211-300x300.jpg\" alt=\"Griglie di fondo del lavello in acciaio inox\" width=\"300\" height=\"300\" title=\"\" srcset=\"https:\/\/jsd-sinks.com\/wp-content\/uploads\/2025\/12\/\u4e0d\u9508\u94a2\u6c34\u69fd\u5e95\u90e8\u7f51\u683c11211-300x300.jpg 300w, https:\/\/jsd-sinks.com\/wp-content\/uploads\/2025\/12\/\u4e0d\u9508\u94a2\u6c34\u69fd\u5e95\u90e8\u7f51\u683c11211-100x100.jpg 100w, https:\/\/jsd-sinks.com\/wp-content\/uploads\/2025\/12\/\u4e0d\u9508\u94a2\u6c34\u69fd\u5e95\u90e8\u7f51\u683c11211-600x600.jpg 600w, https:\/\/jsd-sinks.com\/wp-content\/uploads\/2025\/12\/\u4e0d\u9508\u94a2\u6c34\u69fd\u5e95\u90e8\u7f51\u683c11211-500x500.jpg 500w, https:\/\/jsd-sinks.com\/wp-content\/uploads\/2025\/12\/\u4e0d\u9508\u94a2\u6c34\u69fd\u5e95\u90e8\u7f51\u683c11211-150x150.jpg 150w, https:\/\/jsd-sinks.com\/wp-content\/uploads\/2025\/12\/\u4e0d\u9508\u94a2\u6c34\u69fd\u5e95\u90e8\u7f51\u683c11211-12x12.jpg 12w, https:\/\/jsd-sinks.com\/wp-content\/uploads\/2025\/12\/\u4e0d\u9508\u94a2\u6c34\u69fd\u5e95\u90e8\u7f51\u683c11211.jpg 667w\" sizes=\"(max-width: 300px) 100vw, 300px\" \/><\/p>\n<h3 data-start=\"815\" data-end=\"1255\"><span class=\"YPkS7KbdpWfGdYKd3QB9\" data-src-align=\"17:4\">Drenaggio regolare<\/span> <span class=\"YPkS7KbdpWfGdYKd3QB9\" data-src-align=\"22:4\">e mantenere pulito<\/span><\/h3>\n<p data-start=\"815\" data-end=\"1255\">Il design a filo aperto consente all'acqua di scorrere liberamente, favorendo uno scarico pi\u00f9 rapido e riducendo l'accumulo di residui o acqua stagnante. Ci\u00f2 garantisce un ambiente pi\u00f9 pulito e igienico nel lavello e rende pi\u00f9 agevole il lavoro di routine in cucina. L'apertura di scarico rotonda, posizionata con precisione, offre piena compatibilit\u00e0 con le posizioni di scarico standard del lavello, consentendo un facile accesso alle funzioni di lavaggio, risciacquo e smaltimento senza rimuovere la griglia.<\/p>\n<h3 data-start=\"1257\" data-end=\"1643\"><span class=\"YPkS7KbdpWfGdYKd3QB9\" data-src-align=\"32:4\">Stabile e silenzioso<\/span>, <span class=\"YPkS7KbdpWfGdYKd3QB9\" data-src-align=\"37:4\">assorbimento degli urti e anticollisione<\/span><\/h3>\n<p data-start=\"1257\" data-end=\"1643\">Per migliorare la stabilit\u00e0 e ridurre il rumore, la griglia \u00e8 dotata di piedini protettivi in gomma e di paracolpi laterali. Questi cuscinetti, morbidi ma resistenti, mantengono la griglia saldamente in posizione evitando il contatto metallo-metallo che potrebbe segnare o danneggiare la superficie del lavello. Inoltre, ammortizzano l'impatto delle stoviglie, riducendo al minimo il rumore e proteggendo gli oggetti delicati, come bicchieri e ciotole in ceramica.<\/p>\n<h3 data-start=\"1645\" data-end=\"2049\"><span class=\"YPkS7KbdpWfGdYKd3QB9\" data-src-align=\"47:4\">Facile da pulire<\/span>, <span class=\"YPkS7KbdpWfGdYKd3QB9\" data-src-align=\"52:4\">adattamento universale<\/span><\/h3>\n<p data-start=\"1645\" data-end=\"2049\">Facile da pulire e da mantenere, la struttura in acciaio inox resiste alla ruggine, alle macchie e allo scolorimento, anche in caso di esposizione costante ad acqua, calore e detergenti. La griglia pu\u00f2 essere risciacquata, pulita o messa in lavastoviglie per una manutenzione senza sforzi. La sua forma rettangolare universale la rende adatta a molti stili di lavello moderni e alle dimensioni dei lavelli, sia nelle cucine residenziali che nelle stazioni di preparazione o nelle aree di servizio.<\/p>\n<h3 data-start=\"2051\" data-end=\"2242\"><span class=\"YPkS7KbdpWfGdYKd3QB9\" data-src-align=\"62:4\">Aggiornamento pratico<\/span>, <span class=\"YPkS7KbdpWfGdYKd3QB9\" data-src-align=\"67:4\">guardiano quotidiano<\/span><\/h3>\n<p data-start=\"2051\" data-end=\"2242\" data-is-last-node=\"\" data-is-only-node=\"\">Combinando durata, design accurato e funzionalit\u00e0 pratica, questa griglia per il fondo del lavello \u00e8 un aggiornamento semplice ma essenziale che mantiene il lavello pi\u00f9 pulito, silenzioso e protetto ogni giorno.<\/p>","protected":false},"excerpt":{"rendered":"<p>Resistenti griglie per il fondo del lavello in acciaio inox progettate per proteggere il lavello dai graffi, sostenere pentole pesanti e migliorare il drenaggio. Presenta un'apertura di scarico precisa, piedini in gomma antiscivolo e una struttura in filo metallico resistente alla ruggine e facile da pulire per l'uso quotidiano in cucina.<\/p>","protected":false},"featured_media":1088,"template":"","meta":{"_gspb_post_css":""},"product_brand":[],"product_cat":[24],"product_tag":[119],"class_list":{"0":"post-940","1":"product","2":"type-product","3":"status-publish","4":"has-post-thumbnail","6":"product_cat-accessories","7":"product_tag-stainless-steel-sink-accessories-bottom-grid","9":"first","10":"instock","11":"shipping-taxable","12":"product-type-simple"},"_links":{"self":[{"href":"https:\/\/jsd-sinks.com\/it\/wp-json\/wp\/v2\/product\/940","targetHints":{"allow":["GET"]}}],"collection":[{"href":"https:\/\/jsd-sinks.com\/it\/wp-json\/wp\/v2\/product"}],"about":[{"href":"https:\/\/jsd-sinks.com\/it\/wp-json\/wp\/v2\/types\/product"}],"wp:featuredmedia":[{"embeddable":true,"href":"https:\/\/jsd-sinks.com\/it\/wp-json\/wp\/v2\/media\/1088"}],"wp:attachment":[{"href":"https:\/\/jsd-sinks.com\/it\/wp-json\/wp\/v2\/media?parent=940"}],"wp:term":[{"taxonomy":"product_brand","embeddable":true,"href":"https:\/\/jsd-sinks.com\/it\/wp-json\/wp\/v2\/product_brand?post=940"},{"taxonomy":"product_cat","embeddable":true,"href":"https:\/\/jsd-sinks.com\/it\/wp-json\/wp\/v2\/product_cat?post=940"},{"taxonomy":"product_tag","embeddable":true,"href":"https:\/\/jsd-sinks.com\/it\/wp-json\/wp\/v2\/product_tag?post=940"}],"curies":[{"name":"wp","href":"https:\/\/api.w.org\/{rel}","templated":true}]}}