{"id":914,"date":"2025-12-03T03:38:58","date_gmt":"2025-12-03T03:38:58","guid":{"rendered":"https:\/\/jsd-sinks.com\/?post_type=product&#038;p=914"},"modified":"2025-12-09T01:41:40","modified_gmt":"2025-12-09T01:41:40","slug":"stainless-steel-cutting-board-with-hangable-handle","status":"publish","type":"product","link":"https:\/\/jsd-sinks.com\/it\/stainless-steel-cutting-board-with-hangable-handle\/","title":{"rendered":"Tagliere igienico in acciaio inox SUS304 con manico appendibile"},"content":{"rendered":"<h2 data-start=\"102\" data-end=\"493\"><strong data-start=\"102\" data-end=\"164\">Vi presentiamo il tagliere professionale in acciaio inox<\/strong><\/h2>\n<p data-start=\"102\" data-end=\"493\">Un'apparecchiatura moderna e igienica progettata per rivoluzionare la preparazione dei cibi. Realizzato in pregiato acciaio inox SUS304 per uso alimentare, questo tagliere \u00e8 un'alternativa eccezionale al legno o alla plastica tradizionali, offrendo una durata e una facilit\u00e0 di manutenzione senza pari sia per le cucine domestiche che per gli ambienti professionali.<\/p>\n<h3 data-start=\"500\" data-end=\"843\"><strong data-start=\"500\" data-end=\"543\">Progettato per la sicurezza e la funzionalit\u00e0<\/strong><\/h3>\n<p data-start=\"500\" data-end=\"843\">La lavagna presenta angoli lisci e arrotondati che eliminano gli spigoli vivi, proteggendo le mani durante l'uso. Una maniglia integrata e rinforzata \u00e8 integrata direttamente nel design, garantendo una presa sicura per il trasporto e consentendo di appenderla comodamente in verticale per risparmiare spazio prezioso sul bancone e in magazzino.<\/p>\n<h3 data-start=\"850\" data-end=\"1370\"><strong data-start=\"850\" data-end=\"877\">Incudine da cucina versatile<\/strong><\/h3>\n<p data-start=\"850\" data-end=\"1370\">Costruito per gestire con facilit\u00e0 un'ampia gamma di attivit\u00e0. La sua superficie robusta e non porosa \u00e8 perfetta per tritare e affettare tutti gli ingredienti, mentre la sua base solida e piatta la rende eccezionalmente efficace per impastare, garantendo che non scivoli o si deformi sotto pressione. La superficie impermeabile in acciaio inox resiste alle macchie, agli odori e all'assorbimento dei batteri, rendendola una delle opzioni pi\u00f9 igieniche disponibili. La pulizia \u00e8 semplice: basta un panno o un risciacquo ed \u00e8 pronto per il prossimo utilizzo.<\/p>\n<h3 data-start=\"1377\" data-end=\"1453\"><strong data-start=\"1377\" data-end=\"1396\">Taglie disponibili<\/strong><\/h3>\n<p data-start=\"1377\" data-end=\"1453\">Disponibile in tre pratiche dimensioni per soddisfare qualsiasi esigenza:<\/p>\n<ul data-start=\"1454\" data-end=\"1528\">\n<li data-start=\"1454\" data-end=\"1478\">\n<p data-start=\"1456\" data-end=\"1478\">Codice S (29x20cm)<\/p>\n<\/li>\n<li data-start=\"1479\" data-end=\"1503\">\n<p data-start=\"1481\" data-end=\"1503\">Codice M (36x25cm)<\/p>\n<\/li>\n<li data-start=\"1504\" data-end=\"1528\">\n<p data-start=\"1506\" data-end=\"1528\">Codice L (46x30cm)<\/p>\n<\/li>\n<\/ul>\n<p data-start=\"1530\" data-end=\"1793\">Che si tratti di preparare un pasto in famiglia o di eseguire tecniche culinarie complesse, questo tagliere in acciaio inossidabile offre prestazioni superiori, resistenza duratura e pulizia semplificata, rendendolo un aggiornamento indispensabile e moderno del vostro kit di strumenti culinari.<\/p>","protected":false},"excerpt":{"rendered":"<p>Tagliere professionale in acciaio inox SUS304 per uso alimentare. Presenta angoli arrotondati sicuri, una maniglia integrata per essere appeso ed \u00e8 progettato per sminuzzare, affettare e impastare con forza. Disponibile in tre misure (S\/M\/L) per un uso versatile in cucina. Igienico, resistente e facile da pulire.<\/p>","protected":false},"featured_media":915,"template":"","meta":{"_gspb_post_css":""},"product_brand":[],"product_cat":[24],"product_tag":[109,111,110],"class_list":{"0":"post-914","1":"product","2":"type-product","3":"status-publish","4":"has-post-thumbnail","6":"product_cat-accessories","7":"product_tag-kitchen-cutting-board","8":"product_tag-professional-chopping-board","9":"product_tag-stainless-steel-kitchen-tool","11":"first","12":"instock","13":"shipping-taxable","14":"product-type-simple"},"_links":{"self":[{"href":"https:\/\/jsd-sinks.com\/it\/wp-json\/wp\/v2\/product\/914","targetHints":{"allow":["GET"]}}],"collection":[{"href":"https:\/\/jsd-sinks.com\/it\/wp-json\/wp\/v2\/product"}],"about":[{"href":"https:\/\/jsd-sinks.com\/it\/wp-json\/wp\/v2\/types\/product"}],"wp:featuredmedia":[{"embeddable":true,"href":"https:\/\/jsd-sinks.com\/it\/wp-json\/wp\/v2\/media\/915"}],"wp:attachment":[{"href":"https:\/\/jsd-sinks.com\/it\/wp-json\/wp\/v2\/media?parent=914"}],"wp:term":[{"taxonomy":"product_brand","embeddable":true,"href":"https:\/\/jsd-sinks.com\/it\/wp-json\/wp\/v2\/product_brand?post=914"},{"taxonomy":"product_cat","embeddable":true,"href":"https:\/\/jsd-sinks.com\/it\/wp-json\/wp\/v2\/product_cat?post=914"},{"taxonomy":"product_tag","embeddable":true,"href":"https:\/\/jsd-sinks.com\/it\/wp-json\/wp\/v2\/product_tag?post=914"}],"curies":[{"name":"wp","href":"https:\/\/api.w.org\/{rel}","templated":true}]}}