{"id":905,"date":"2025-12-03T03:27:25","date_gmt":"2025-12-03T03:27:25","guid":{"rendered":"https:\/\/jsd-sinks.com\/?post_type=product&#038;p=905"},"modified":"2025-12-09T06:16:06","modified_gmt":"2025-12-09T06:16:06","slug":"expand-your-countertop-bamboo-cutting-board-for-sink","status":"publish","type":"product","link":"https:\/\/jsd-sinks.com\/it\/expand-your-countertop-bamboo-cutting-board-for-sink\/","title":{"rendered":"Ampliare il piano di lavoro: Tagliere in bamb\u00f9 per lavello in noce e teak"},"content":{"rendered":"<h2 data-start=\"0\" data-end=\"447\"><strong data-start=\"0\" data-end=\"33\">Tagliere in bamb\u00f9 per lavello<\/strong><\/h2>\n<p data-start=\"0\" data-end=\"447\">Questo tagliere in bamb\u00f9 \u00e8 la soluzione perfetta per risparmiare spazio in cucina. Si adatta perfettamente alla maggior parte dei lavelli, offrendo un modo innovativo per preparare frutta, verdura e carne direttamente sul lavello, mantenendo il piano di lavoro libero da ingombri. Realizzato in bamb\u00f9 durevole ed ecologico, resiste ai segni dei coltelli e vanta una superficie di taglio liscia. Le venature naturali del bamb\u00f9 aggiungono un tocco di eleganza alla cucina.<\/p>\n<p><img decoding=\"async\" class=\"size-medium wp-image-909\" src=\"https:\/\/jsd-sinks.com\/wp-content\/uploads\/2025\/12\/bamboo-cutting-board-for-sink-4-300x300.jpg\" alt=\"tagliere in bamb\u00f9 per lavello\" width=\"300\" height=\"300\" title=\"\" srcset=\"https:\/\/jsd-sinks.com\/wp-content\/uploads\/2025\/12\/bamboo-cutting-board-for-sink-4-300x300.jpg 300w, https:\/\/jsd-sinks.com\/wp-content\/uploads\/2025\/12\/bamboo-cutting-board-for-sink-4-100x100.jpg 100w, https:\/\/jsd-sinks.com\/wp-content\/uploads\/2025\/12\/bamboo-cutting-board-for-sink-4-600x599.jpg 600w, https:\/\/jsd-sinks.com\/wp-content\/uploads\/2025\/12\/bamboo-cutting-board-for-sink-4-500x499.jpg 500w, https:\/\/jsd-sinks.com\/wp-content\/uploads\/2025\/12\/bamboo-cutting-board-for-sink-4-150x150.jpg 150w, https:\/\/jsd-sinks.com\/wp-content\/uploads\/2025\/12\/bamboo-cutting-board-for-sink-4-768x767.jpg 768w, https:\/\/jsd-sinks.com\/wp-content\/uploads\/2025\/12\/bamboo-cutting-board-for-sink-4-12x12.jpg 12w, https:\/\/jsd-sinks.com\/wp-content\/uploads\/2025\/12\/bamboo-cutting-board-for-sink-4.jpg 800w\" sizes=\"(max-width: 300px) 100vw, 300px\" \/><\/p>\n<h3 data-start=\"449\" data-end=\"927\"><strong data-start=\"449\" data-end=\"487\">Doppia funzionalit\u00e0 per una maggiore praticit\u00e0<\/strong><\/h3>\n<p data-start=\"449\" data-end=\"927\">Una delle caratteristiche principali di questo tagliere \u00e8 la sua doppia funzionalit\u00e0. Permette di preparare gli ingredienti sul lavello e di raccogliere i succhi e gli scarti, garantendo la pulizia del piano di lavoro. \u00c8 possibile sciacquare facilmente i prodotti o raschiare gli scarti direttamente nel lavello, rendendo la pulizia semplice. La struttura robusta e le dimensioni generose garantiscono la resistenza all'uso intensivo, sia che si tratti di tritare la frutta, affettare le verdure o tagliare la carne.<\/p>\n<h3 data-start=\"929\" data-end=\"1273\"><strong data-start=\"929\" data-end=\"966\">Manutenzione facile ed ecologica<\/strong><\/h3>\n<p data-start=\"929\" data-end=\"1273\">La manutenzione di questo tagliere \u00e8 semplice e consente di mantenerlo in ottimo stato per anni. Il bamb\u00f9 \u00e8 naturalmente resistente ai batteri e all'acqua e offre una superficie igienica per la preparazione dei cibi. Realizzato con bamb\u00f9 proveniente da fonti sostenibili, \u00e8 una scelta ecologica per chi vuole ridurre l'impronta di carbonio.<\/p>\n<h3 data-start=\"1275\" data-end=\"1554\"><strong data-start=\"1275\" data-end=\"1318\">Ideale per le piccole cucine e per i cuochi pi\u00f9 impegnati<\/strong><\/h3>\n<p data-start=\"1275\" data-end=\"1554\" data-is-last-node=\"\" data-is-only-node=\"\">Se avete una cucina piccola o volete semplicemente mantenere lo spazio organizzato, questo tagliere in bamb\u00f9 \u00e8 pratico ed elegante. Offre una soluzione intelligente per la preparazione dei cibi e per risparmiare spazio, rendendolo uno strumento essenziale per ogni casa.<\/p>","protected":false},"excerpt":{"rendered":"<p>Migliorate la vostra cucina con questo tagliere in bamb\u00f9 di qualit\u00e0 superiore, progettato per essere posizionato sopra il lavello. Perfetto per tritare, lavare e scolare, consente di ottimizzare lo spazio mantenendo in ordine il piano di lavoro. Resistente, ecologico e facile da pulire, questo tagliere \u00e8 un elemento essenziale per la cucina.<\/p>","protected":false},"featured_media":906,"template":"","meta":{"_gspb_post_css":""},"product_brand":[],"product_cat":[24],"product_tag":[107,108,106],"class_list":{"0":"post-905","1":"product","2":"type-product","3":"status-publish","4":"has-post-thumbnail","6":"product_cat-accessories","7":"product_tag-bamboo-chopping-board","8":"product_tag-kitchen-prep-board","9":"product_tag-sink-cover-cutting-board","11":"first","12":"instock","13":"shipping-taxable","14":"product-type-simple"},"_links":{"self":[{"href":"https:\/\/jsd-sinks.com\/it\/wp-json\/wp\/v2\/product\/905","targetHints":{"allow":["GET"]}}],"collection":[{"href":"https:\/\/jsd-sinks.com\/it\/wp-json\/wp\/v2\/product"}],"about":[{"href":"https:\/\/jsd-sinks.com\/it\/wp-json\/wp\/v2\/types\/product"}],"wp:featuredmedia":[{"embeddable":true,"href":"https:\/\/jsd-sinks.com\/it\/wp-json\/wp\/v2\/media\/906"}],"wp:attachment":[{"href":"https:\/\/jsd-sinks.com\/it\/wp-json\/wp\/v2\/media?parent=905"}],"wp:term":[{"taxonomy":"product_brand","embeddable":true,"href":"https:\/\/jsd-sinks.com\/it\/wp-json\/wp\/v2\/product_brand?post=905"},{"taxonomy":"product_cat","embeddable":true,"href":"https:\/\/jsd-sinks.com\/it\/wp-json\/wp\/v2\/product_cat?post=905"},{"taxonomy":"product_tag","embeddable":true,"href":"https:\/\/jsd-sinks.com\/it\/wp-json\/wp\/v2\/product_tag?post=905"}],"curies":[{"name":"wp","href":"https:\/\/api.w.org\/{rel}","templated":true}]}}