{"id":888,"date":"2025-12-03T02:58:01","date_gmt":"2025-12-03T02:58:01","guid":{"rendered":"https:\/\/jsd-sinks.com\/?post_type=product&#038;p=888"},"modified":"2025-12-13T03:49:37","modified_gmt":"2025-12-13T03:49:37","slug":"rectangular-bathroom-sinks-for-easy-cleaning","status":"publish","type":"product","link":"https:\/\/jsd-sinks.com\/it\/rectangular-bathroom-sinks-for-easy-cleaning\/","title":{"rendered":"Lavandini da bagno rettangolari ad angolo tondo R10 moderni per una facile pulizia"},"content":{"rendered":"<h2 data-start=\"101\" data-end=\"419\"><strong data-start=\"101\" data-end=\"170\">Elevate il vostro bagno con questo lavabo rettangolare elegante e moderno<\/strong><\/h2>\n<p data-start=\"101\" data-end=\"419\">Aggiungete un tocco di minimalismo e praticit\u00e0 al vostro spazio con questo lavabo dalle linee pulite e versatili. Perfetto per i lavabi moderni, i bagni compatti o le sale da bagno, offre un look senza tempo che si abbina senza sforzo a una variet\u00e0 di stili d'interni.<\/p>\n<p><img decoding=\"async\" class=\"size-medium wp-image-1102\" src=\"https:\/\/jsd-sinks.com\/wp-content\/uploads\/2025\/12\/1-300x300.jpg\" alt=\"lavandini da bagno rettangolari\" width=\"300\" height=\"300\" title=\"\" srcset=\"https:\/\/jsd-sinks.com\/wp-content\/uploads\/2025\/12\/1-300x300.jpg 300w, https:\/\/jsd-sinks.com\/wp-content\/uploads\/2025\/12\/1-100x100.jpg 100w, https:\/\/jsd-sinks.com\/wp-content\/uploads\/2025\/12\/1-600x600.jpg 600w, https:\/\/jsd-sinks.com\/wp-content\/uploads\/2025\/12\/1-500x500.jpg 500w, https:\/\/jsd-sinks.com\/wp-content\/uploads\/2025\/12\/1-150x150.jpg 150w, https:\/\/jsd-sinks.com\/wp-content\/uploads\/2025\/12\/1-768x768.jpg 768w, https:\/\/jsd-sinks.com\/wp-content\/uploads\/2025\/12\/1-12x12.jpg 12w, https:\/\/jsd-sinks.com\/wp-content\/uploads\/2025\/12\/1.jpg 800w\" sizes=\"(max-width: 300px) 100vw, 300px\" \/><\/p>\n<h3 data-start=\"421\" data-end=\"785\"><strong data-start=\"421\" data-end=\"476\">Progettato per una facile pulizia con angoli arrotondati R10<\/strong><\/h3>\n<p data-start=\"421\" data-end=\"785\">Questo lavello \u00e8 caratterizzato da angoli lisci e arrotondati R10, che lo rendono non solo esteticamente gradevole ma anche molto pratico. Le curve dolci eliminano gli spigoli vivi, garantendo una facile pulizia e manutenzione. Non dovrete pi\u00f9 preoccuparvi di sporcizia o macchie d'acqua: \u00e8 perfetto per mantenere l'igiene del lavello con il minimo sforzo.<\/p>\n<h3 data-start=\"787\" data-end=\"1100\"><strong data-start=\"787\" data-end=\"850\">Scegliete tra una gamma di finiture eleganti da abbinare al vostro arredamento<\/strong><\/h3>\n<p data-start=\"787\" data-end=\"1100\">Personalizzate il vostro bagno con una selezione esclusiva di finiture. Dall'audace King Kong nero al lussuoso Gold, dal caldo Rose Gold all'industriale Gun Grey, fino al classico acciaio inossidabile, ogni opzione \u00e8 progettata per durare a lungo.<\/p>\n<h3 data-start=\"1102\" data-end=\"1372\"><strong data-start=\"1102\" data-end=\"1158\">Compatto ma funzionale, con proporzioni perfette<\/strong><\/h3>\n<p data-start=\"1102\" data-end=\"1372\">Con dimensioni di 560 mm di lunghezza, 320 mm di larghezza e 120 mm di profondit\u00e0, questo lavello \u00e8 perfettamente dimensionato per il lavaggio a mano, la toelettatura e le attivit\u00e0 quotidiane del bagno, offrendo un'ampia utilit\u00e0 senza ingombrare troppo lo spazio.<\/p>\n<p><img decoding=\"async\" class=\"size-medium wp-image-1103\" src=\"https:\/\/jsd-sinks.com\/wp-content\/uploads\/2025\/12\/6-300x222.jpg\" alt=\"lavandini da bagno rettangolari\" width=\"300\" height=\"222\" title=\"\" srcset=\"https:\/\/jsd-sinks.com\/wp-content\/uploads\/2025\/12\/6-300x222.jpg 300w, https:\/\/jsd-sinks.com\/wp-content\/uploads\/2025\/12\/6-600x444.jpg 600w, https:\/\/jsd-sinks.com\/wp-content\/uploads\/2025\/12\/6-500x370.jpg 500w, https:\/\/jsd-sinks.com\/wp-content\/uploads\/2025\/12\/6-768x568.jpg 768w, https:\/\/jsd-sinks.com\/wp-content\/uploads\/2025\/12\/6-16x12.jpg 16w, https:\/\/jsd-sinks.com\/wp-content\/uploads\/2025\/12\/6.jpg 800w\" sizes=\"(max-width: 300px) 100vw, 300px\" \/><\/p>\n<h3 data-start=\"1374\" data-end=\"1687\"><strong data-start=\"1374\" data-end=\"1416\">Realizzato per garantire durata e facilit\u00e0 di manutenzione<\/strong><\/h3>\n<p data-start=\"1374\" data-end=\"1687\">Realizzato con materiali di alta qualit\u00e0, questo lavabo combina un design elegante con caratteristiche pratiche, assicurando una lunga durata e una facile manutenzione. \u00c8 un'ottima scelta per chi vuole portare nel proprio bagno un mix di stile, pulizia e comodit\u00e0 moderna.<\/p>","protected":false},"excerpt":{"rendered":"<p>Moderni lavabi da bagno rettangolari con design angolare rotondo R10 per una pulizia senza sforzo. Disponibile in diverse finiture di pregio: King Kong nero, Luxury Gold, Rose Gold, Gun Grey e acciaio inox classico. Dimensioni compatte di 560x320x120 mm, perfette per i bagni con poco spazio.<\/p>","protected":false},"featured_media":889,"template":"","meta":{"_gspb_post_css":""},"product_brand":[],"product_cat":[23],"product_tag":[100,101,102],"class_list":{"0":"post-888","1":"product","2":"type-product","3":"status-publish","4":"has-post-thumbnail","6":"product_cat-bathroom-sink","7":"product_tag-bathroom-vanity-sink","8":"product_tag-modern-bathroom-sink","9":"product_tag-stainless-steel-basin","11":"first","12":"instock","13":"shipping-taxable","14":"product-type-simple"},"_links":{"self":[{"href":"https:\/\/jsd-sinks.com\/it\/wp-json\/wp\/v2\/product\/888","targetHints":{"allow":["GET"]}}],"collection":[{"href":"https:\/\/jsd-sinks.com\/it\/wp-json\/wp\/v2\/product"}],"about":[{"href":"https:\/\/jsd-sinks.com\/it\/wp-json\/wp\/v2\/types\/product"}],"wp:featuredmedia":[{"embeddable":true,"href":"https:\/\/jsd-sinks.com\/it\/wp-json\/wp\/v2\/media\/889"}],"wp:attachment":[{"href":"https:\/\/jsd-sinks.com\/it\/wp-json\/wp\/v2\/media?parent=888"}],"wp:term":[{"taxonomy":"product_brand","embeddable":true,"href":"https:\/\/jsd-sinks.com\/it\/wp-json\/wp\/v2\/product_brand?post=888"},{"taxonomy":"product_cat","embeddable":true,"href":"https:\/\/jsd-sinks.com\/it\/wp-json\/wp\/v2\/product_cat?post=888"},{"taxonomy":"product_tag","embeddable":true,"href":"https:\/\/jsd-sinks.com\/it\/wp-json\/wp\/v2\/product_tag?post=888"}],"curies":[{"name":"wp","href":"https:\/\/api.w.org\/{rel}","templated":true}]}}