{"id":864,"date":"2025-12-02T10:02:23","date_gmt":"2025-12-02T10:02:23","guid":{"rendered":"https:\/\/jsd-sinks.com\/?post_type=product&#038;p=864"},"modified":"2025-12-13T03:46:48","modified_gmt":"2025-12-13T03:46:48","slug":"convertible-matte-black-bar-hidden-sink","status":"publish","type":"product","link":"https:\/\/jsd-sinks.com\/it\/convertible-matte-black-bar-hidden-sink\/","title":{"rendered":"Lavello a scomparsa per bar convertibile nero opaco - 400x440 mm con piastra di copertura rimovibile JSD-HS001"},"content":{"rendered":"<h2 data-start=\"543\" data-end=\"602\">Presentazione del lavello nascosto per bar JSD HS001 nero opaco<\/h2>\n<p data-start=\"603\" data-end=\"949\">Immaginate il vostro bancone del bar o della cucina trasformato: liscio, pulito e privo di ingombri. Ecco cosa offre questo lavello a scomparsa. Con una larghezza di 400 mm, una profondit\u00e0 di 440 mm e una generosa profondit\u00e0 della vasca di 230 mm, \u00e8 compatto ma sufficientemente spazioso per l'uso quotidiano: perfetto per sciacquare i bicchieri dopo una festa o per preparare gli ingredienti in una cucina accogliente.<\/p>\n<p><img decoding=\"async\" class=\"size-medium wp-image-1093\" src=\"https:\/\/jsd-sinks.com\/wp-content\/uploads\/2025\/12\/1-1-300x300.jpg\" alt=\"Lavello nascosto da bar nero opaco\" width=\"300\" height=\"300\" title=\"\" srcset=\"https:\/\/jsd-sinks.com\/wp-content\/uploads\/2025\/12\/1-1-300x300.jpg 300w, https:\/\/jsd-sinks.com\/wp-content\/uploads\/2025\/12\/1-1-100x100.jpg 100w, https:\/\/jsd-sinks.com\/wp-content\/uploads\/2025\/12\/1-1-600x600.jpg 600w, https:\/\/jsd-sinks.com\/wp-content\/uploads\/2025\/12\/1-1-500x500.jpg 500w, https:\/\/jsd-sinks.com\/wp-content\/uploads\/2025\/12\/1-1-150x150.jpg 150w, https:\/\/jsd-sinks.com\/wp-content\/uploads\/2025\/12\/1-1-12x12.jpg 12w, https:\/\/jsd-sinks.com\/wp-content\/uploads\/2025\/12\/1-1.jpg 667w\" sizes=\"(max-width: 300px) 100vw, 300px\" \/><\/p>\n<p><img decoding=\"async\" class=\"size-medium wp-image-1094\" src=\"https:\/\/jsd-sinks.com\/wp-content\/uploads\/2025\/12\/1-2-300x300.jpg\" alt=\"Lavello nascosto da bar nero opaco\" width=\"300\" height=\"300\" title=\"\" srcset=\"https:\/\/jsd-sinks.com\/wp-content\/uploads\/2025\/12\/1-2-300x300.jpg 300w, https:\/\/jsd-sinks.com\/wp-content\/uploads\/2025\/12\/1-2-100x100.jpg 100w, https:\/\/jsd-sinks.com\/wp-content\/uploads\/2025\/12\/1-2-600x600.jpg 600w, https:\/\/jsd-sinks.com\/wp-content\/uploads\/2025\/12\/1-2-500x500.jpg 500w, https:\/\/jsd-sinks.com\/wp-content\/uploads\/2025\/12\/1-2-150x150.jpg 150w, https:\/\/jsd-sinks.com\/wp-content\/uploads\/2025\/12\/1-2-12x12.jpg 12w, https:\/\/jsd-sinks.com\/wp-content\/uploads\/2025\/12\/1-2.jpg 667w\" sizes=\"(max-width: 300px) 100vw, 300px\" \/><\/p>\n<h3 data-start=\"951\" data-end=\"998\">Costruito in acciaio inox SUS304 di prima qualit\u00e0<\/h3>\n<p data-start=\"999\" data-end=\"1448\">Il cuore di questo lavello \u00e8 l'acciaio inox SUS304 di alta qualit\u00e0: resistente, affidabile e costruito per durare nel tempo. \u00c8 possibile scegliere tra tre diversi spessori (1,05 mm, 1,15 mm o 1,35 mm), a seconda che si desideri una sensazione pi\u00f9 leggera e silenziosa o una struttura pi\u00f9 robusta e resistente. E grazie alla finitura nera opaca spazzolata, il lavello non ha solo un aspetto elegante, ma resiste alle impronte digitali, alle macchie d'acqua e ai graffi. Meno tempo per la pulizia, pi\u00f9 tempo per godersi lo spazio.<\/p>\n<h3 data-start=\"1450\" data-end=\"1506\">Viene fornito come kit di installazione completo con copertura nascosta<\/h3>\n<p data-start=\"1507\" data-end=\"1888\">Non c'\u00e8 bisogno di andare a caccia di pezzi extra, perch\u00e9 abbiamo incluso tutto ci\u00f2 che serve: la vasca del lavello, un gruppo di scarico da 114 mm e una piastra di copertura abbinata. La piastra di copertura \u00e8 un piccolo ma brillante dettaglio: quando il lavello non \u00e8 in uso, la si fa scorrere e si recupera spazio extra sul bancone. Ottimo per servire le bevande, impiattare i piatti o ampliare lo spazio di lavoro quando si cucina o si fa festa.<\/p>\n<h3 data-start=\"1890\" data-end=\"1951\">Sicurezza incorporata: Garanzia a vita e opzioni personalizzate<\/h3>\n<p data-start=\"1952\" data-end=\"2277\">Crediamo cos\u00ec tanto nella qualit\u00e0 di questo lavello che lo sosteniamo con una garanzia a vita. Inoltre, se state progettando un bar, una caffetteria o semplicemente volete qualcosa di personalizzato, offriamo la personalizzazione OEM\/ODM (ordine minimo: 10 set). Che si tratti di un rinnovo personale della cucina o di un progetto pi\u00f9 ampio, vi garantiamo flessibilit\u00e0 e tranquillit\u00e0.<\/p>\n<h3 data-start=\"2279\" data-end=\"2348\">Un aggiornamento minimalista per chi apprezza il design ponderato<\/h3>\n<p data-start=\"2349\" data-end=\"2665\">Se amate gli spazi tranquilli, puliti e progettati con cura, questo lavello \u00e8 la scelta naturale. Il lavello nascosto per bar JSD HS001 nero opaco unisce design elegante, praticit\u00e0 e funzionalit\u00e0 intelligente: un aggiornamento sottile che aiuta la cucina o il bar a sentirsi pi\u00f9 come uno spazio curato, non solo come una stanza.<\/p>","protected":false},"excerpt":{"rendered":"<p>Lavello nascosto da bar JSD HS001 nero opaco. Ha un design elegante e integrato con un ingombro di 400x440 mm e una profondit\u00e0 di 230 mm. Realizzato in acciaio SUS304 da 1,05-1,35 mm per impieghi gravosi con una resistente finitura nera spazzolata. Include il gruppo di drenaggio e la piastra di copertura. Offre garanzia a vita e servizi OEM\/ODM.<\/p>\n<p>Modello: JSD HS001<br \/>\nDimensioni complessive: 400X440 mm<br \/>\nProfondit\u00e0: 230 mm<br \/>\nForo di scarico: 114 mm<br \/>\nThickness:1.35mm\/1.15mm \/1.05mm<br \/>\nPeso netto: 6,00KG<br \/>\nMateriale: SUS304<br \/>\nTrattamento superficiale: Nano Black<br \/>\nServizio: Servizio OEM\/ODM disponibile<br \/>\nGaranzia: A vita<br \/>\nMOQ: 10 set<\/p>","protected":false},"featured_media":865,"template":"","meta":{"_gspb_post_css":""},"product_brand":[],"product_cat":[22],"product_tag":[87,94,93],"class_list":{"0":"post-864","1":"product","2":"type-product","3":"status-publish","4":"has-post-thumbnail","6":"product_cat-hidden-sink","7":"product_tag-black-stainless-steel-sink","8":"product_tag-commercial-bar-sink","9":"product_tag-hidden-bar-sink","11":"first","12":"instock","13":"shipping-taxable","14":"product-type-simple"},"_links":{"self":[{"href":"https:\/\/jsd-sinks.com\/it\/wp-json\/wp\/v2\/product\/864","targetHints":{"allow":["GET"]}}],"collection":[{"href":"https:\/\/jsd-sinks.com\/it\/wp-json\/wp\/v2\/product"}],"about":[{"href":"https:\/\/jsd-sinks.com\/it\/wp-json\/wp\/v2\/types\/product"}],"wp:featuredmedia":[{"embeddable":true,"href":"https:\/\/jsd-sinks.com\/it\/wp-json\/wp\/v2\/media\/865"}],"wp:attachment":[{"href":"https:\/\/jsd-sinks.com\/it\/wp-json\/wp\/v2\/media?parent=864"}],"wp:term":[{"taxonomy":"product_brand","embeddable":true,"href":"https:\/\/jsd-sinks.com\/it\/wp-json\/wp\/v2\/product_brand?post=864"},{"taxonomy":"product_cat","embeddable":true,"href":"https:\/\/jsd-sinks.com\/it\/wp-json\/wp\/v2\/product_cat?post=864"},{"taxonomy":"product_tag","embeddable":true,"href":"https:\/\/jsd-sinks.com\/it\/wp-json\/wp\/v2\/product_tag?post=864"}],"curies":[{"name":"wp","href":"https:\/\/api.w.org\/{rel}","templated":true}]}}