{"id":856,"date":"2025-12-02T09:26:17","date_gmt":"2025-12-02T09:26:17","guid":{"rendered":"https:\/\/jsd-sinks.com\/?post_type=product&#038;p=856"},"modified":"2025-12-13T03:45:36","modified_gmt":"2025-12-13T03:45:36","slug":"embossed-single-bowl-undermount-sink-jsd-us5545","status":"publish","type":"product","link":"https:\/\/jsd-sinks.com\/it\/embossed-single-bowl-undermount-sink-jsd-us5545\/","title":{"rendered":"Lavello sottopiano a vasca singola in rilievo-JSD US5545"},"content":{"rendered":"<h2 data-start=\"287\" data-end=\"382\">JSD US5545 Lavello sottopiano a una vasca in rilievo - Lo stile durevole incontra la praticit\u00e0 quotidiana<\/h2>\n<h3 data-start=\"384\" data-end=\"684\"><strong data-start=\"384\" data-end=\"419\">Dimensioni equilibrate per la maggior parte delle cucine<\/strong><\/h3>\n<p data-start=\"384\" data-end=\"684\">Il modello JSD US5545 ha una larghezza di 550 mm e una profondit\u00e0 di 450 mm, un ingombro ben bilanciato che si adatta comodamente alla maggior parte delle cucine. La vasca principale misura 350 \u00d7 400 mm con una profondit\u00e0 di 230 mm, offrendo cos\u00ec molto spazio per le stoviglie, la preparazione dei pasti o le attivit\u00e0 quotidiane in cucina.<\/p>\n<p><img decoding=\"async\" class=\"size-medium wp-image-862\" src=\"https:\/\/jsd-sinks.com\/wp-content\/uploads\/2025\/12\/Embossed-Single-Bowl-Undermount-Sink-6-300x300.jpg\" alt=\"Lavello sottopiano a vasca singola in rilievo\" width=\"300\" height=\"300\" title=\"\" srcset=\"https:\/\/jsd-sinks.com\/wp-content\/uploads\/2025\/12\/Embossed-Single-Bowl-Undermount-Sink-6-300x300.jpg 300w, https:\/\/jsd-sinks.com\/wp-content\/uploads\/2025\/12\/Embossed-Single-Bowl-Undermount-Sink-6-100x100.jpg 100w, https:\/\/jsd-sinks.com\/wp-content\/uploads\/2025\/12\/Embossed-Single-Bowl-Undermount-Sink-6-600x600.jpg 600w, https:\/\/jsd-sinks.com\/wp-content\/uploads\/2025\/12\/Embossed-Single-Bowl-Undermount-Sink-6-500x500.jpg 500w, https:\/\/jsd-sinks.com\/wp-content\/uploads\/2025\/12\/Embossed-Single-Bowl-Undermount-Sink-6-150x150.jpg 150w, https:\/\/jsd-sinks.com\/wp-content\/uploads\/2025\/12\/Embossed-Single-Bowl-Undermount-Sink-6-768x768.jpg 768w, https:\/\/jsd-sinks.com\/wp-content\/uploads\/2025\/12\/Embossed-Single-Bowl-Undermount-Sink-6-12x12.jpg 12w, https:\/\/jsd-sinks.com\/wp-content\/uploads\/2025\/12\/Embossed-Single-Bowl-Undermount-Sink-6.jpg 800w\" sizes=\"(max-width: 300px) 100vw, 300px\" \/><\/p>\n<h3 data-start=\"686\" data-end=\"1018\"><strong data-start=\"686\" data-end=\"718\">Finitura elegante ma pratica<\/strong><\/h3>\n<p data-start=\"686\" data-end=\"1018\">Questo lavello ha una superficie in acciaio inox spazzolato e presenta una sottile texture in rilievo. La finitura conferisce un fascino moderno e tattile e, grazie alla superficie spazzolata e strutturata, resiste a graffi, impronte digitali e macchie d'acqua, consentendo di mantenere un aspetto pulito e raffinato con il minimo sforzo.<\/p>\n<h3 data-start=\"1020\" data-end=\"1226\"><strong data-start=\"1020\" data-end=\"1057\">Forma facile da pulire e design intelligente<\/strong><\/h3>\n<p data-start=\"1020\" data-end=\"1226\">Gli angoli lisci e arrotondati conferiscono al lavello un aspetto elegante e contemporaneo, ma sono anche pratici: eliminano le fessure difficili da raggiungere e la pulizia \u00e8 facile e veloce.<\/p>\n<p data-start=\"1228\" data-end=\"1456\">All'interno del lavabo sono presenti scanalature a forma di X, progettate in modo intelligente, che creano una leggera pendenza verso lo scarico. Questo aiuta l'acqua a defluire rapidamente, riducendo al minimo l'acqua stagnante e accelerando l'asciugatura, in modo da mantenere il lavello igienico e fresco.<\/p>\n<h3 data-start=\"1458\" data-end=\"1705\"><strong data-start=\"1458\" data-end=\"1501\">Installazione e compatibilit\u00e0 senza problemi<\/strong><\/h3>\n<p data-start=\"1458\" data-end=\"1705\">Il lavello \u00e8 dotato di un foro di scarico standard da 3,5 pollici per una facile installazione con i comuni sistemi idraulici. Se si preferisce, \u00e8 anche compatibile con uno scolapiatti pi\u00f9 grande, da 114 mm, per offrire opzioni flessibili di installazione.<\/p>\n<p data-start=\"1707\" data-end=\"2055\"><strong data-start=\"1707\" data-end=\"1757\">Costruito per durare nel tempo, anche con opzioni di personalizzazione<\/strong><br data-start=\"1757\" data-end=\"1760\" \/>JSD US5545 \u00e8 coperto da una garanzia a vita, per cui potete fidarvi che sia costruito per un uso prolungato. E se dovete arredare pi\u00f9 cucine o desiderate un design personalizzato, offriamo servizi OEM\/ODM con un ordine minimo di 10 set, per darvi la flessibilit\u00e0 necessaria per ordini all'ingrosso o specifiche personalizzate.<\/p>","protected":false},"excerpt":{"rendered":"<p>Lavello sottotop JSD US5545 Embossed Single Bowl. Versatile formato 550x450 mm con una pratica vasca da 350x400 mm e una profondit\u00e0 di 230 mm. Presenta un'elegante finitura in acciaio inox spazzolato con una sottile texture in rilievo, angoli arrotondati facili da pulire, efficienti scanalature di drenaggio a X e un foro di drenaggio standard da 3,5\u2033. Include garanzia a vita e servizi OEM\/ODM.<\/p>\n<p>Modello: JSD US5545<br \/>\nDettagli del prodotto:<br \/>\nDimensioni complessive: 550X450 mm<br \/>\nDimensioni della ciotola: 350x400 mm<br \/>\nProfondit\u00e0: 230 mm<br \/>\nForo di scarico: 114 mm<br \/>\nTrattamento di superficie: spazzolato<br \/>\nServizio: Servizio OEM\/ODM disponibile<br \/>\nGaranzia: A vita<br \/>\nMOQ: 10 set<\/p>","protected":false},"featured_media":863,"template":"","meta":{"_gspb_post_css":""},"product_brand":[],"product_cat":[21],"product_tag":[92,88,91],"class_list":{"0":"post-856","1":"product","2":"type-product","3":"status-publish","4":"has-post-thumbnail","6":"product_cat-embossed-sink","7":"product_tag-brushed-stainless-steel-sink","8":"product_tag-embossed-kitchen-sink","9":"product_tag-single-bowl-undermount","11":"first","12":"instock","13":"shipping-taxable","14":"product-type-simple"},"_links":{"self":[{"href":"https:\/\/jsd-sinks.com\/it\/wp-json\/wp\/v2\/product\/856","targetHints":{"allow":["GET"]}}],"collection":[{"href":"https:\/\/jsd-sinks.com\/it\/wp-json\/wp\/v2\/product"}],"about":[{"href":"https:\/\/jsd-sinks.com\/it\/wp-json\/wp\/v2\/types\/product"}],"wp:featuredmedia":[{"embeddable":true,"href":"https:\/\/jsd-sinks.com\/it\/wp-json\/wp\/v2\/media\/863"}],"wp:attachment":[{"href":"https:\/\/jsd-sinks.com\/it\/wp-json\/wp\/v2\/media?parent=856"}],"wp:term":[{"taxonomy":"product_brand","embeddable":true,"href":"https:\/\/jsd-sinks.com\/it\/wp-json\/wp\/v2\/product_brand?post=856"},{"taxonomy":"product_cat","embeddable":true,"href":"https:\/\/jsd-sinks.com\/it\/wp-json\/wp\/v2\/product_cat?post=856"},{"taxonomy":"product_tag","embeddable":true,"href":"https:\/\/jsd-sinks.com\/it\/wp-json\/wp\/v2\/product_tag?post=856"}],"curies":[{"name":"wp","href":"https:\/\/api.w.org\/{rel}","templated":true}]}}