{"id":831,"date":"2025-12-02T07:56:24","date_gmt":"2025-12-02T07:56:24","guid":{"rendered":"https:\/\/jsd-sinks.com\/?post_type=product&#038;p=831"},"modified":"2025-12-13T03:44:01","modified_gmt":"2025-12-13T03:44:01","slug":"custom-stainless-steel-sink-with-premium-nano-silver","status":"publish","type":"product","link":"https:\/\/jsd-sinks.com\/it\/custom-stainless-steel-sink-with-premium-nano-silver\/","title":{"rendered":"Lavello personalizzato in acciaio inox con finitura Premium Nano Silver JSD TS2522"},"content":{"rendered":"<h2 data-start=\"0\" data-end=\"42\">Lavello in acciaio inox personalizzato JSD TS2522<\/h2>\n<p data-start=\"43\" data-end=\"89\"><strong data-start=\"43\" data-end=\"89\">Durevolezza su misura con finitura in argento nano<\/strong><\/p>\n<p data-start=\"105\" data-end=\"545\">Il lavello JSD TS2522 \u00e8 il tipo di lavello che si nota prima per come scompare nel lavoro e poi per l'affidabilit\u00e0 delle sue prestazioni. Con dimensioni di 635 \u00d7 559 mm e una vasca singola profonda 575 \u00d7 453 \u00d7 230 mm, \u00e8 in grado di contenere senza problemi pentole e teglie di grandi dimensioni e di pulire altrettanto rapidamente. Costruita in modo pesante (peso netto 26,00 kg), \u00e8 solidamente posizionata nel mobile e d\u00e0 una sensazione tattile di qualit\u00e0 a lungo termine fin dal momento dell'installazione.<\/p>\n<p><img decoding=\"async\" class=\"size-medium wp-image-835\" src=\"https:\/\/jsd-sinks.com\/wp-content\/uploads\/2025\/12\/custom-stainless-steel-sink-4-300x300.jpg\" alt=\"lavello in acciaio inox personalizzato\" width=\"300\" height=\"300\" title=\"\" srcset=\"https:\/\/jsd-sinks.com\/wp-content\/uploads\/2025\/12\/custom-stainless-steel-sink-4-300x300.jpg 300w, https:\/\/jsd-sinks.com\/wp-content\/uploads\/2025\/12\/custom-stainless-steel-sink-4-100x100.jpg 100w, https:\/\/jsd-sinks.com\/wp-content\/uploads\/2025\/12\/custom-stainless-steel-sink-4-600x600.jpg 600w, https:\/\/jsd-sinks.com\/wp-content\/uploads\/2025\/12\/custom-stainless-steel-sink-4-500x500.jpg 500w, https:\/\/jsd-sinks.com\/wp-content\/uploads\/2025\/12\/custom-stainless-steel-sink-4-150x150.jpg 150w, https:\/\/jsd-sinks.com\/wp-content\/uploads\/2025\/12\/custom-stainless-steel-sink-4-768x768.jpg 768w, https:\/\/jsd-sinks.com\/wp-content\/uploads\/2025\/12\/custom-stainless-steel-sink-4-12x12.jpg 12w, https:\/\/jsd-sinks.com\/wp-content\/uploads\/2025\/12\/custom-stainless-steel-sink-4.jpg 800w\" sizes=\"(max-width: 300px) 100vw, 300px\" \/><\/p>\n<h3 data-start=\"547\" data-end=\"577\">Cosa si prova a usarlo<\/h3>\n<p data-start=\"578\" data-end=\"938\">Se si fa scivolare una padella per arrostire nella vasca dopo cena, c'\u00e8 ancora spazio per risciacquare e preparare accanto ad essa. La finitura spazzolata Nano Silver attenua la luce senza mostrare le impronte digitali, in modo che i banconi pi\u00f9 affollati appaiano pi\u00f9 puliti tra una pulizia e l'altra. La geometria arrotondata e ponderata e il drenaggio intelligente fanno s\u00ec che pulire la bacinella sia un movimento unico e soddisfacente, che non fa andare a caccia di sporcizia negli angoli.<\/p>\n<h3 data-start=\"940\" data-end=\"964\">Dettagli sulle prestazioni<\/h3>\n<ul data-start=\"965\" data-end=\"1478\">\n<li data-start=\"965\" data-end=\"1144\">\n<p data-start=\"967\" data-end=\"1144\">Superficie spazzolata Nano Silver: La finitura avanzata migliora la resistenza alle impronte digitali, ai graffi sottili e alle macchie, in modo che il lavello mantenga un aspetto raffinato con una manutenzione minima.<\/p>\n<\/li>\n<li data-start=\"1145\" data-end=\"1293\">\n<p data-start=\"1147\" data-end=\"1293\">Drenaggio con scanalature a X: Le sottili scanalature a X creano una leggera pendenza che incanala l'acqua verso lo scarico, riducendo i ristagni e accelerando l'asciugatura.<\/p>\n<\/li>\n<li data-start=\"1294\" data-end=\"1478\">\n<p data-start=\"1296\" data-end=\"1478\">Ampio scarico: Un generoso scarico da 114 mm (\u22484,5\") elimina rapidamente l'acqua e i detriti, utile nelle cucine che fanno un uso intensivo e quando si utilizzano tritarifiuti o filtri di tipo commerciale.<\/p>\n<\/li>\n<\/ul>\n<h3 data-start=\"1480\" data-end=\"1518\">Costruito per durare e da specificare<\/h3>\n<p data-start=\"1519\" data-end=\"1782\">Proposto in spessori consistenti (1,05 mm, 1,15 mm e 1,35 mm), il TS2522 offre a progettisti e proprietari di case una scelta concreta in termini di smorzamento del suono e rigidit\u00e0 strutturale. Il peso e la struttura garantiscono una sensazione di solidit\u00e0 e silenziosit\u00e0 anche in presenza di pentole pesanti e di un uso ripetuto.<\/p>\n<h3 data-start=\"1784\" data-end=\"1812\">Personalizzazione e assistenza<\/h3>\n<p data-start=\"1813\" data-end=\"2119\">Questo modello \u00e8 progettato per la flessibilit\u00e0 OEM\/ODM: \u00e8 possibile modificare dimensioni, finiture o layout degli accessori per adattarsi alla visione specifica di un progetto. Ogni unit\u00e0 \u00e8 coperta da una garanzia completa a vita e supportata da un team di ricerca e sviluppo e di assistenza clienti dedicato, in modo che il lavello sia tanto maneggevole quanto bello.<\/p>\n<h3 data-start=\"2427\" data-end=\"2441\">Breve FAQ<\/h3>\n<p data-start=\"2442\" data-end=\"2638\"><strong data-start=\"2442\" data-end=\"2500\">D: Quali vantaggi offre la finitura Nano Silver?<\/strong><br data-start=\"2500\" data-end=\"2503\" \/>R: Riduce le impronte digitali visibili e i piccoli segni superficiali, resiste alle macchie e mantiene il lavello pi\u00f9 pulito pi\u00f9 a lungo con una semplice cura.<\/p>\n<p data-start=\"2640\" data-end=\"2792\"><strong data-start=\"2640\" data-end=\"2675\">D: Perch\u00e9 scegliere lo scarico da 114 mm?<\/strong><br data-start=\"2675\" data-end=\"2678\" \/>R: L'uscita pi\u00f9 grande elimina pi\u00f9 velocemente l'acqua e i detriti, riducendo i ristagni e migliorando l'igiene nelle cucine a uso intensivo.<\/p>\n<p data-start=\"2794\" data-end=\"2984\"><strong data-start=\"2794\" data-end=\"2852\">D: Questo lavello pu\u00f2 essere personalizzato per un progetto specifico?<\/strong><br data-start=\"2852\" data-end=\"2855\" \/>R: S\u00ec, la personalizzazione OEM\/ODM \u00e8 supportata per le dimensioni, le finiture e le configurazioni degli accessori. Contattate il nostro team di ricerca e sviluppo con le vostre specifiche.<\/p>","protected":false},"excerpt":{"rendered":"<p>Lavello in acciaio inox personalizzato JSD TS2522. Dimensioni professionali di 635x559 mm con un'ampia vasca di 575x453 mm e una profondit\u00e0 di 230 mm. Presenta una finitura spazzolata Nano Silver, un efficiente drenaggio a X e un foro di scarico da 114 mm. Costruita con acciaio SUS304 da 1,05-1,35 mm per impieghi gravosi. Garanzia a vita e servizi OEM\/ODM.<\/p>\n<p>Modello: JSD TS2522<br \/>\nDettagli del prodotto:<br \/>\nDimensioni complessive: 635X559 mm<br \/>\nDimensioni della ciotola: 575X453 mm<br \/>\nProfondit\u00e0: 230 mm<br \/>\nForo di scarico: 114 mm<br \/>\nThickness:1.35mm\/1.15mm \/1.05mm<br \/>\nPeso netto: 6,00KG<br \/>\nColore: Argento Nano<br \/>\nMateriale: SUS304<br \/>\nTrattamento di superficie: spazzolato<br \/>\nServizio: Servizio OEM\/ODM disponibile<br \/>\nGaranzia: A vita<br \/>\nMOQ: 10 set<\/p>","protected":false},"featured_media":838,"template":"","meta":{"_gspb_post_css":""},"product_brand":[],"product_cat":[21],"product_tag":[85,86,84],"class_list":{"0":"post-831","1":"product","2":"type-product","3":"status-publish","4":"has-post-thumbnail","6":"product_cat-embossed-sink","7":"product_tag-nano-silver-sink","8":"product_tag-oem-kitchen-sink","9":"product_tag-sus304-stainless-steel-sink","11":"first","12":"instock","13":"shipping-taxable","14":"product-type-simple"},"_links":{"self":[{"href":"https:\/\/jsd-sinks.com\/it\/wp-json\/wp\/v2\/product\/831","targetHints":{"allow":["GET"]}}],"collection":[{"href":"https:\/\/jsd-sinks.com\/it\/wp-json\/wp\/v2\/product"}],"about":[{"href":"https:\/\/jsd-sinks.com\/it\/wp-json\/wp\/v2\/types\/product"}],"wp:featuredmedia":[{"embeddable":true,"href":"https:\/\/jsd-sinks.com\/it\/wp-json\/wp\/v2\/media\/838"}],"wp:attachment":[{"href":"https:\/\/jsd-sinks.com\/it\/wp-json\/wp\/v2\/media?parent=831"}],"wp:term":[{"taxonomy":"product_brand","embeddable":true,"href":"https:\/\/jsd-sinks.com\/it\/wp-json\/wp\/v2\/product_brand?post=831"},{"taxonomy":"product_cat","embeddable":true,"href":"https:\/\/jsd-sinks.com\/it\/wp-json\/wp\/v2\/product_cat?post=831"},{"taxonomy":"product_tag","embeddable":true,"href":"https:\/\/jsd-sinks.com\/it\/wp-json\/wp\/v2\/product_tag?post=831"}],"curies":[{"name":"wp","href":"https:\/\/api.w.org\/{rel}","templated":true}]}}