{"id":799,"date":"2025-12-02T03:40:02","date_gmt":"2025-12-02T03:40:02","guid":{"rendered":"https:\/\/jsd-sinks.com\/?post_type=product&#038;p=799"},"modified":"2025-12-13T02:52:52","modified_gmt":"2025-12-13T02:52:52","slug":"kitchen-workstation-32x18-in-undermount-sink","status":"publish","type":"product","link":"https:\/\/jsd-sinks.com\/it\/kitchen-workstation-32x18-in-undermount-sink\/","title":{"rendered":"Postazione di lavoro in cucina definitiva: Pacchetto lavello sottotop 32X18 in US3219"},"content":{"rendered":"<h2 data-start=\"0\" data-end=\"32\">US3219 32X18 in Lavello sottopiano<\/h2>\n<p data-start=\"33\" data-end=\"83\"><strong data-start=\"33\" data-end=\"83\">Ampia postazione di lavoro per cucine serie<\/strong><\/p>\n<p data-start=\"85\" data-end=\"477\">Se cucinate, intrattenete o preparate grandi quantit\u00e0 di cibo, US3219 trasforma il lavello in una vera e propria postazione di lavoro in cucina. Con una superficie esterna di 813 \u00d7 482 mm e un interno spazioso a vasca singola di 762 \u00d7 432 mm con una profondit\u00e0 di 230 mm, \u00e8 in grado di contenere pentole di grandi dimensioni, teglie da forno e molteplici attivit\u00e0 senza affollare il bancone: lavaggio, ammollo e preparazione possono avvenire nello stesso spazio pulito e organizzato.<\/p>\n<p><img decoding=\"async\" class=\"size-medium wp-image-1135\" src=\"https:\/\/jsd-sinks.com\/wp-content\/uploads\/2025\/12\/32x18-undermount-sink-4-1-300x300.jpg\" alt=\"Lavello sottopiano\" width=\"300\" height=\"300\" title=\"\" srcset=\"https:\/\/jsd-sinks.com\/wp-content\/uploads\/2025\/12\/32x18-undermount-sink-4-1-300x300.jpg 300w, https:\/\/jsd-sinks.com\/wp-content\/uploads\/2025\/12\/32x18-undermount-sink-4-1-100x100.jpg 100w, https:\/\/jsd-sinks.com\/wp-content\/uploads\/2025\/12\/32x18-undermount-sink-4-1-600x600.jpg 600w, https:\/\/jsd-sinks.com\/wp-content\/uploads\/2025\/12\/32x18-undermount-sink-4-1-500x500.jpg 500w, https:\/\/jsd-sinks.com\/wp-content\/uploads\/2025\/12\/32x18-undermount-sink-4-1-150x150.jpg 150w, https:\/\/jsd-sinks.com\/wp-content\/uploads\/2025\/12\/32x18-undermount-sink-4-1-768x768.jpg 768w, https:\/\/jsd-sinks.com\/wp-content\/uploads\/2025\/12\/32x18-undermount-sink-4-1-12x12.jpg 12w, https:\/\/jsd-sinks.com\/wp-content\/uploads\/2025\/12\/32x18-undermount-sink-4-1.jpg 800w\" sizes=\"(max-width: 300px) 100vw, 300px\" \/><\/p>\n<h3 data-start=\"479\" data-end=\"510\">Progettato sulla base di una cucina reale<\/h3>\n<ul>\n<li data-start=\"511\" data-end=\"728\"><strong data-start=\"511\" data-end=\"545\">Angoli arrotondati che fanno risparmiare tempo<\/strong><br data-start=\"545\" data-end=\"548\" \/>Gli angoli morbidi e arrotondati non sono solo estetici. Impediscono al cibo e alla sporcizia di nascondersi, in modo che una rapida passata pulisca l'intero bacino. Niente accumuli ostinati, niente strofinamenti fastidiosi.<\/li>\n<li data-start=\"730\" data-end=\"973\"><strong data-start=\"730\" data-end=\"773\">Drenaggio con scanalatura a X che mantiene le cose asciutte<\/strong><br data-start=\"773\" data-end=\"776\" \/>Le sottili scanalature a forma di X formano una leggera pendenza verso lo scarico. In pratica, ci\u00f2 significa meno ristagni, meno macchie d'acqua e un lavello che si asciuga pi\u00f9 velocemente tra un utilizzo e l'altro: piccoli dettagli che si sommano ogni giorno.<\/li>\n<\/ul>\n<h3 data-start=\"975\" data-end=\"1000\">A <strong>Completo<\/strong> Sistema di preparazione<\/h3>\n<p data-start=\"1001\" data-end=\"1325\">Questo modello \u00e8 pronto per il vero lavoro in cucina. La confezione comprende un tagliere in legno massiccio naturale che si adatta alla ciotola, uno scolapasta in acciaio inox, un portautensili pieghevole e una griglia protettiva per il fondo, in modo da avere strumenti per la preparazione, il risciacquo e l'asciugatura che funzionano insieme, non accessori sciolti che non si adattano.<\/p>\n<h3 data-start=\"1327\" data-end=\"1343\">Costruito per durare<\/h3>\n<p data-start=\"1344\" data-end=\"1634\">Realizzato in acciaio inossidabile di qualit\u00e0 e disponibile negli spessori di 0,95 mm, 1,05 mm e 1,2 mm (sono disponibili anche spessori personalizzati), l'US3219 \u00e8 in grado di bilanciare durata, controllo del rumore e flessibilit\u00e0 di budget. Ogni lavello viene spedito in modo sicuro in una scatola di 863 \u00d7 632 \u00d7 290 mm con un peso netto di 11,5 kg.<\/p>\n<h3 data-start=\"1636\" data-end=\"1669\">Installazione e compatibilit\u00e0<\/h3>\n<p data-start=\"1670\" data-end=\"1872\">Il lavello utilizza un'apertura di scarico standard da 3,5 pollici per adattarsi facilmente alla maggior parte dei filtri e dei tritarifiuti. Il suo profilo sottopiano crea un bordo del piano di lavoro senza soluzione di continuit\u00e0, pi\u00f9 facile da pulire e dall'aspetto integrato.<\/p>\n<h3 data-start=\"1874\" data-end=\"1909\">Perch\u00e9 gli chef e i cuochi di casa lo amano<\/h3>\n<ul data-start=\"1910\" data-end=\"2290\">\n<li data-start=\"1910\" data-end=\"1986\">\n<p data-start=\"1912\" data-end=\"1986\">La generosa capacit\u00e0 di una sola vasca consente di gestire pentole e teglie di grandi dimensioni<\/p>\n<\/li>\n<li data-start=\"1987\" data-end=\"2057\">\n<p data-start=\"1989\" data-end=\"2057\">Drenaggio studiato e design angolare per una pulizia a bassa manutenzione<\/p>\n<\/li>\n<li data-start=\"2058\" data-end=\"2131\">\n<p data-start=\"2060\" data-end=\"2131\">Accessori curati che trasformano il lavello in una funzionale stazione di preparazione<\/p>\n<\/li>\n<li data-start=\"2132\" data-end=\"2213\">\n<p data-start=\"2134\" data-end=\"2213\">Opzioni di calibro multiple per soddisfare le esigenze di peso, durata e smorzamento del rumore<\/p>\n<\/li>\n<li data-start=\"2214\" data-end=\"2290\">\n<p data-start=\"2216\" data-end=\"2290\">Imballaggio sicuro e dimensioni pratiche per una semplice installazione<\/p>\n<\/li>\n<\/ul>\n<h3 data-start=\"2292\" data-end=\"2304\">Breve FAQ<\/h3>\n<p data-start=\"2305\" data-end=\"2452\"><strong data-start=\"2305\" data-end=\"2359\">D: Il tagliere e lo scolapasta si adattano perfettamente?<\/strong><br data-start=\"2359\" data-end=\"2362\" \/>R: S\u00ec, sono progettati per appoggiarsi saldamente sul bordo della ciotola, creando una superficie di preparazione stabile.<\/p>\n<p data-start=\"2454\" data-end=\"2643\"><strong data-start=\"2454\" data-end=\"2512\">D: Quale spessore scegliere per una famiglia impegnata?<\/strong><br data-start=\"2512\" data-end=\"2515\" \/>R: Per un uso quotidiano intenso, scegliere <strong data-start=\"2546\" data-end=\"2561\">1,05-1,2 mm<\/strong>. I calibri pi\u00f9 sottili funzionano bene per un uso domestico pi\u00f9 leggero o per installazioni sensibili al peso.<\/p>\n<p data-start=\"2645\" data-end=\"2789\"><strong data-start=\"2645\" data-end=\"2699\">D: Posso richiedere modifiche o una finitura personalizzata?<\/strong><br data-start=\"2699\" data-end=\"2702\" \/>R: La personalizzazione \u00e8 disponibile: contattate il vostro fornitore prima dell'ordine per discutere le opzioni.<\/p>","protected":false},"excerpt":{"rendered":"<p>US3219 Lavello sottopiano 32\u2019\u2019X18\u2019\u2019, vasca singola grande 813x482 mm (762x432 mm). Profondit\u00e0 di 230 mm, angoli arrotondati facili da pulire, drenaggio a X e foro standard da 3,5\u2033. Include tagliere, scolapasta, stendino e griglia di fondo. 0,95-1,2 mm, servizio a vita.<\/p>\n<p>Numero di modello: US3219<br \/>\nDimensioni esterne: 813 x 482 mm<br \/>\nDimensioni interne: 762 x 432 mm<br \/>\nProfondit\u00e0: 230 mm<br \/>\nSpessore: 0,95\/1,05\/1,2 mm\/personalizzato<br \/>\nImballaggio individuale Dimensioni: 863 x 632 x 290 mm<br \/>\nPeso netto: 11,5 kg<br \/>\nPeso lordo: 13 kg<\/p>","protected":false},"featured_media":1197,"template":"","meta":{"_gspb_post_css":""},"product_brand":[],"product_cat":[20],"product_tag":[79,64,67],"class_list":{"0":"post-799","1":"product","2":"type-product","3":"status-publish","4":"has-post-thumbnail","6":"product_cat-undermount-sink","7":"product_tag-large-single-bowl-sink","8":"product_tag-stainless-steel-sink","9":"product_tag-undermount-kitchen-sink","11":"first","12":"instock","13":"shipping-taxable","14":"product-type-simple"},"_links":{"self":[{"href":"https:\/\/jsd-sinks.com\/it\/wp-json\/wp\/v2\/product\/799","targetHints":{"allow":["GET"]}}],"collection":[{"href":"https:\/\/jsd-sinks.com\/it\/wp-json\/wp\/v2\/product"}],"about":[{"href":"https:\/\/jsd-sinks.com\/it\/wp-json\/wp\/v2\/types\/product"}],"wp:featuredmedia":[{"embeddable":true,"href":"https:\/\/jsd-sinks.com\/it\/wp-json\/wp\/v2\/media\/1197"}],"wp:attachment":[{"href":"https:\/\/jsd-sinks.com\/it\/wp-json\/wp\/v2\/media?parent=799"}],"wp:term":[{"taxonomy":"product_brand","embeddable":true,"href":"https:\/\/jsd-sinks.com\/it\/wp-json\/wp\/v2\/product_brand?post=799"},{"taxonomy":"product_cat","embeddable":true,"href":"https:\/\/jsd-sinks.com\/it\/wp-json\/wp\/v2\/product_cat?post=799"},{"taxonomy":"product_tag","embeddable":true,"href":"https:\/\/jsd-sinks.com\/it\/wp-json\/wp\/v2\/product_tag?post=799"}],"curies":[{"name":"wp","href":"https:\/\/api.w.org\/{rel}","templated":true}]}}