{"id":781,"date":"2025-12-02T02:54:52","date_gmt":"2025-12-02T02:54:52","guid":{"rendered":"https:\/\/jsd-sinks.com\/?post_type=product&#038;p=781"},"modified":"2025-12-13T03:17:29","modified_gmt":"2025-12-13T03:17:29","slug":"us2135-deep-compact-small-rv-sink-230mm-depth","status":"publish","type":"product","link":"https:\/\/jsd-sinks.com\/it\/us2135-deep-compact-small-rv-sink-230mm-depth\/","title":{"rendered":"US2135 Piccolo lavello per camper profondo e compatto - 230 mm di profondit\u00e0 per un uso efficiente dello spazio US2135"},"content":{"rendered":"<h2 data-start=\"0\" data-end=\"39\">US2135 Lavello compatto per camper di piccole dimensioni<\/h2>\n<p data-start=\"40\" data-end=\"86\"><strong data-start=\"40\" data-end=\"86\">Efficienza compatta per spazi micro-abitativi<\/strong><\/p>\n<p data-start=\"88\" data-end=\"431\">Se dovete inserire un lavello in un camper, in una cabina, in un camper, in un piccolo appartamento, in un bar o in un angolo lavanderia, l'US2135 \u00e8 stato creato per questo tipo di sfida. A soli <strong data-start=\"251\" data-end=\"267\">212 \u00d7 350 mm<\/strong> con un <strong data-start=\"275\" data-end=\"285\">230 mm<\/strong> La profondit\u00e0 \u00e8 tale da poter essere inserita in banchi stretti, ma con una capacit\u00e0 sorprendente: \u00e8 abbastanza spaziosa da gestire il bucato di tutti i giorni senza sembrare un giocattolo.<\/p>\n<h3 data-start=\"433\" data-end=\"487\">Un design che risolve realmente i problemi di uno spazio ridotto<\/h3>\n<ul data-start=\"488\" data-end=\"970\">\n<li data-start=\"488\" data-end=\"662\">\n<p data-start=\"490\" data-end=\"662\">Angoli arrotondati, zero problemi: Gli angoli morbidi e curvi conferiscono al lavello un aspetto tranquillo e minimalista ed eliminano le solite trappole per lo sporco. Una rapida passata pulisce l'intera vasca.<\/p>\n<\/li>\n<li data-start=\"663\" data-end=\"845\">\n<p data-start=\"665\" data-end=\"845\">Drenaggio a X che funziona: Le sottili scanalature a X alla base sono angolate per incanalare l'acqua direttamente verso lo scarico centrale, riducendo i ristagni e aiutando il lavello ad asciugarsi pi\u00f9 velocemente.<\/p>\n<\/li>\n<li data-start=\"846\" data-end=\"970\">\n<p data-start=\"848\" data-end=\"970\">Compatibilit\u00e0 con lo scarico universale: Viene fornito con un foro di scarico standard da 3,5 pollici (\u224889 mm) per un facile adattamento ai comuni kit di scarico.<\/p>\n<\/li>\n<\/ul>\n<p><img decoding=\"async\" class=\"size-medium wp-image-785\" src=\"https:\/\/jsd-sinks.com\/wp-content\/uploads\/2025\/12\/small-rv-sink-4-300x300.jpg\" alt=\"lavello piccolo per camper\" width=\"300\" height=\"300\" title=\"\" srcset=\"https:\/\/jsd-sinks.com\/wp-content\/uploads\/2025\/12\/small-rv-sink-4-300x300.jpg 300w, https:\/\/jsd-sinks.com\/wp-content\/uploads\/2025\/12\/small-rv-sink-4-100x100.jpg 100w, https:\/\/jsd-sinks.com\/wp-content\/uploads\/2025\/12\/small-rv-sink-4-600x600.jpg 600w, https:\/\/jsd-sinks.com\/wp-content\/uploads\/2025\/12\/small-rv-sink-4-500x500.jpg 500w, https:\/\/jsd-sinks.com\/wp-content\/uploads\/2025\/12\/small-rv-sink-4-150x150.jpg 150w, https:\/\/jsd-sinks.com\/wp-content\/uploads\/2025\/12\/small-rv-sink-4-768x768.jpg 768w, https:\/\/jsd-sinks.com\/wp-content\/uploads\/2025\/12\/small-rv-sink-4-12x12.jpg 12w, https:\/\/jsd-sinks.com\/wp-content\/uploads\/2025\/12\/small-rv-sink-4.jpg 800w\" sizes=\"(max-width: 300px) 100vw, 300px\" \/><\/p>\n<h3 data-start=\"972\" data-end=\"1012\">Costruito per essere forte nonostante le dimensioni<\/h3>\n<p data-start=\"1013\" data-end=\"1247\">Realizzato in acciaio inossidabile di qualit\u00e0 e disponibile nei calibri da 0,95 mm, 1,05 mm e 1,2 mm, l'US2135 offre opzioni di peso, budget e durata. Sono disponibili anche calibri personalizzati se il vostro progetto richiede qualcosa di specifico.<\/p>\n<h3 data-start=\"1249\" data-end=\"1274\">Imballaggio e movimentazione<\/h3>\n<p data-start=\"1275\" data-end=\"1446\">Leggero e facile da installare: peso netto di 2,1 kg, confezionato singolarmente con dimensioni di 262 \u00d7 400 \u00d7 290 mm, che rende la spedizione e il montaggio molto pi\u00f9 semplici rispetto a un lavello di dimensioni reali.<\/p>\n<h3 data-start=\"1448\" data-end=\"1477\">Un supporto su cui contare<\/h3>\n<p data-start=\"1478\" data-end=\"1646\">Con il supporto di un team professionale di ricerca e sviluppo e di un servizio di assistenza post-vendita a vita, potrete ricevere aiuto quando ne avrete bisogno, sia che si tratti di consigli durante l'installazione, sia che si tratti di assistenza a distanza di anni.<\/p>\n<h3 data-start=\"1648\" data-end=\"1681\">Perch\u00e9 le persone scelgono US2135<\/h3>\n<ul data-start=\"1682\" data-end=\"2000\">\n<li data-start=\"1682\" data-end=\"1753\">\n<p data-start=\"1684\" data-end=\"1753\">Perfetto per banchi estremamente stretti dove ogni millimetro \u00e8 importante<\/p>\n<\/li>\n<li data-start=\"1754\" data-end=\"1815\">\n<p data-start=\"1756\" data-end=\"1815\">La profondit\u00e0 pratica offre un'utilit\u00e0 reale, non solo una ciotola di cartone.<\/p>\n<\/li>\n<li data-start=\"1816\" data-end=\"1880\">\n<p data-start=\"1818\" data-end=\"1880\">Dettagli a bassa manutenzione che fanno risparmiare tempo e frustrazione quotidianamente<\/p>\n<\/li>\n<li data-start=\"1881\" data-end=\"1942\">\n<p data-start=\"1883\" data-end=\"1942\">Diversi spessori di acciaio permettono di bilanciare costi e durata<\/p>\n<\/li>\n<li data-start=\"1943\" data-end=\"2000\">\n<p data-start=\"1945\" data-end=\"2000\">Leggero, facile da trasportare e da installare in spazi ristretti<\/p>\n<\/li>\n<\/ul>\n<h3 data-start=\"2002\" data-end=\"2016\">Breve FAQ<\/h3>\n<p data-start=\"2017\" data-end=\"2208\"><strong data-start=\"2017\" data-end=\"2078\">D: Questo lavello \u00e8 utilizzabile per la preparazione dei cibi o solo per il lavaggio a mano?<\/strong><br data-start=\"2078\" data-end=\"2081\" \/>R: \u00c8 perfettamente funzionante per la preparazione di cibi leggeri, il risciacquo e il lavaggio quotidiano - eccellente per le micro-cucine e le aree ausiliarie.<\/p>\n<p data-start=\"2210\" data-end=\"2379\"><strong data-start=\"2210\" data-end=\"2264\">D: Posso richiedere un acciaio pi\u00f9 spesso o ritagli speciali?<\/strong><br data-start=\"2264\" data-end=\"2267\" \/>R: S\u00ec. L'US2135 supporta spessori personalizzati e modifiche prima della spedizione: contattate il vostro fornitore per conoscere le opzioni.<\/p>\n<p data-start=\"2381\" data-end=\"2534\"><strong data-start=\"2381\" data-end=\"2428\">D: Si adatta all'impianto idraulico standard della marina e del camper?<\/strong><br data-start=\"2428\" data-end=\"2431\" \/>R: Il foro di scarico standard da 3,5\u2033 garantisce una compatibilit\u00e0 elevata con la maggior parte dei kit di scarico per camper, imbarcazioni e abitazioni.<\/p>","protected":false},"excerpt":{"rendered":"<p>Il piccolo lavello per camper US2135 \u00e8 stato progettato per gli spazi compatti. Di dimensioni ridotte, 212x350 mm, presenta una pratica vasca singola di 162x300 mm con una profondit\u00e0 di 230 mm. Vanta angoli arrotondati facili da pulire, un efficiente canale di scarico a X e un foro di scarico standard da 3,5 pollici. Con un peso di soli 2,1 kg, \u00e8 disponibile in vari spessori (0,95\/1,05\/1,2 mm) e viene fornito con assistenza a vita.<\/p>\n<p>Modello: US2135<br \/>\nDimensioni esterne: 212 x 350 mm<br \/>\nDimensioni interne: 162 x 300 mm<br \/>\nProfondit\u00e0: 230 mm<br \/>\nSpessore: 0,95\/1,05\/1,2 mm\/personalizzato<br \/>\nImballaggio individuale Dimensioni: 262 x 400 x 290 mm<br \/>\nPeso netto: 2,1 kg<br \/>\nPeso lordo: 3,5 kg<\/p>","protected":false},"featured_media":782,"template":"","meta":{"_gspb_post_css":""},"product_brand":[],"product_cat":[20],"product_tag":[74,73,75],"class_list":{"0":"post-781","1":"product","2":"type-product","3":"status-publish","4":"has-post-thumbnail","6":"product_cat-undermount-sink","7":"product_tag-compact-stainless-steel-sink","8":"product_tag-rv-kitchen-sink","9":"product_tag-tiny-house-sink","11":"first","12":"instock","13":"shipping-taxable","14":"product-type-simple"},"_links":{"self":[{"href":"https:\/\/jsd-sinks.com\/it\/wp-json\/wp\/v2\/product\/781","targetHints":{"allow":["GET"]}}],"collection":[{"href":"https:\/\/jsd-sinks.com\/it\/wp-json\/wp\/v2\/product"}],"about":[{"href":"https:\/\/jsd-sinks.com\/it\/wp-json\/wp\/v2\/types\/product"}],"wp:featuredmedia":[{"embeddable":true,"href":"https:\/\/jsd-sinks.com\/it\/wp-json\/wp\/v2\/media\/782"}],"wp:attachment":[{"href":"https:\/\/jsd-sinks.com\/it\/wp-json\/wp\/v2\/media?parent=781"}],"wp:term":[{"taxonomy":"product_brand","embeddable":true,"href":"https:\/\/jsd-sinks.com\/it\/wp-json\/wp\/v2\/product_brand?post=781"},{"taxonomy":"product_cat","embeddable":true,"href":"https:\/\/jsd-sinks.com\/it\/wp-json\/wp\/v2\/product_cat?post=781"},{"taxonomy":"product_tag","embeddable":true,"href":"https:\/\/jsd-sinks.com\/it\/wp-json\/wp\/v2\/product_tag?post=781"}],"curies":[{"name":"wp","href":"https:\/\/api.w.org\/{rel}","templated":true}]}}