{"id":755,"date":"2025-12-01T09:26:42","date_gmt":"2025-12-01T09:26:42","guid":{"rendered":"https:\/\/jsd-sinks.com\/?post_type=product&#038;p=755"},"modified":"2025-12-13T03:12:43","modified_gmt":"2025-12-13T03:12:43","slug":"modern-stainless-double-sink-undermount","status":"publish","type":"product","link":"https:\/\/jsd-sinks.com\/it\/modern-stainless-double-sink-undermount\/","title":{"rendered":"Lavello moderno doppio sottopiano in acciaio inox con angoli arrotondati R10 UD8046"},"content":{"rendered":"<h2 data-start=\"248\" data-end=\"295\"><strong data-start=\"250\" data-end=\"293\">UD8046 Lavello doppio sottopiano in acciaio inox<\/strong><\/h2>\n<h3 data-start=\"345\" data-end=\"371\"><strong data-start=\"349\" data-end=\"369\">Panoramica del prodotto<\/strong><\/h3>\n<p data-start=\"372\" data-end=\"725\">Design elegante da incasso per piani di lavoro senza soluzione di continuit\u00e0<br data-start=\"421\" data-end=\"424\" \/>UD8046 conferisce un aspetto pulito e moderno a qualsiasi cucina. Essendo installato sotto il piano di lavoro, si ottiene una superficie liscia e ininterrotta che rende incredibilmente facile pulire le briciole o le fuoriuscite direttamente nel lavello. Il risultato \u00e8 un look semplice e raffinato che si integra naturalmente nello spazio.<\/p>\n<p><img decoding=\"async\" class=\"size-medium wp-image-1116\" src=\"https:\/\/jsd-sinks.com\/wp-content\/uploads\/2025\/12\/13-298x300.jpg\" alt=\"Lavello doppio inox sottopiano\" width=\"298\" height=\"300\" title=\"\" srcset=\"https:\/\/jsd-sinks.com\/wp-content\/uploads\/2025\/12\/13-298x300.jpg 298w, https:\/\/jsd-sinks.com\/wp-content\/uploads\/2025\/12\/13-100x100.jpg 100w, https:\/\/jsd-sinks.com\/wp-content\/uploads\/2025\/12\/13-600x604.jpg 600w, https:\/\/jsd-sinks.com\/wp-content\/uploads\/2025\/12\/13-500x503.jpg 500w, https:\/\/jsd-sinks.com\/wp-content\/uploads\/2025\/12\/13-150x150.jpg 150w, https:\/\/jsd-sinks.com\/wp-content\/uploads\/2025\/12\/13-768x773.jpg 768w, https:\/\/jsd-sinks.com\/wp-content\/uploads\/2025\/12\/13-12x12.jpg 12w, https:\/\/jsd-sinks.com\/wp-content\/uploads\/2025\/12\/13.jpg 800w\" sizes=\"(max-width: 298px) 100vw, 298px\" \/><\/p>\n<h3 data-start=\"727\" data-end=\"759\"><strong data-start=\"731\" data-end=\"757\">Design e convenienza<\/strong><\/h3>\n<p data-start=\"760\" data-end=\"1100\">Due generose ciotole per un facile utilizzo multitasking<br data-start=\"804\" data-end=\"807\" \/>Con due capienti vasche (362 \u00d7 406 mm ciascuna), le faccende quotidiane risultano pi\u00f9 organizzate. \u00c8 possibile sciacquare le verdure in una vasca e mettere a bagno le stoviglie nell'altra, oppure tenere separati gli oggetti puliti da quelli sporchi, in base alle proprie abitudini culinarie. Una disposizione che aiuta a muoversi pi\u00f9 velocemente e senza intoppi.<\/p>\n<h3 data-start=\"1102\" data-end=\"1136\"><strong data-start=\"1106\" data-end=\"1134\">Capacit\u00e0 e prestazioni<\/strong><\/h3>\n<p data-start=\"1137\" data-end=\"1411\">Bacini profondi che gestiscono pentole di grandi dimensioni<br data-start=\"1179\" data-end=\"1182\" \/>Ogni vasca ha una profondit\u00e0 di 230 mm, che offre spazio sufficiente per pentole alte, padelle larghe e teglie da forno. La profondit\u00e0 contribuisce inoltre a mantenere l'acqua al suo posto, all'interno del lavello, in modo che i vostri banconi rimangano pi\u00f9 puliti e asciutti durante le attivit\u00e0 di cucina.<\/p>\n<h3 data-start=\"1413\" data-end=\"1441\"><strong data-start=\"1417\" data-end=\"1439\">Caratteristiche di facile manutenzione<\/strong><\/h3>\n<p data-start=\"1442\" data-end=\"1762\">Angoli arrotondati e drenaggio efficiente<br data-start=\"1484\" data-end=\"1487\" \/>Gli angoli arrotondati di R10 rendono il lavello pi\u00f9 facile da pulire, eliminando i bordi nascosti dove di solito si deposita la sporcizia. Le scanalature di drenaggio a forma di X guidano l'acqua verso lo scarico standard da 3,5 pollici, aiutando il lavabo a rimanere asciutto e igienico con il minimo sforzo da parte vostra.<\/p>\n<h3 data-start=\"1764\" data-end=\"1799\"><strong data-start=\"1768\" data-end=\"1797\">Qualit\u00e0 costruttiva e opzioni<\/strong><\/h3>\n<p data-start=\"1800\" data-end=\"2146\">Acciaio inossidabile durevole con scelte di spessore personalizzate<br data-start=\"1857\" data-end=\"1860\" \/>Realizzato in robusto acciaio inossidabile, l'UD8046 \u00e8 costruito per l'uso quotidiano. \u00c8 possibile scegliere tra tre opzioni di spessore - 0,95 mm, 1,05 mm o 1,2 mm - a seconda che si preferisca una struttura pi\u00f9 leggera o la massima durata. \u00c8 un modo pratico per adattare il lavello al carico di lavoro della cucina.<\/p>\n<h3 data-start=\"2148\" data-end=\"2178\"><strong data-start=\"2152\" data-end=\"2176\">Garanzia e assistenza<\/strong><\/h3>\n<p data-start=\"2179\" data-end=\"2485\"><strong data-start=\"2179\" data-end=\"2229\">Sostenuto da R&amp;S e servizio post-vendita a vita<\/strong><br data-start=\"2229\" data-end=\"2232\" \/>Con il supporto di un team di ricerca e sviluppo dedicato e una garanzia post-vendita a vita, l'UD8046 non \u00e8 solo un acquisto, ma un aggiornamento a lungo termine. Potete contare su prestazioni affidabili, su una progettazione accurata e sull'assistenza ogni volta che ne avete bisogno.<\/p>","protected":false},"excerpt":{"rendered":"<p>Vi presentiamo il lavello doppio sottotop UD8046, progettato per garantire uno stile perfetto e una funzionalit\u00e0 superiore. Dotato di due spaziose vasche da 362x406 mm con un design profondo 230 mm, \u00e8 perfetto per un efficiente lavoro multitasking. La facilit\u00e0 di pulizia \u00e8 garantita dagli angoli arrotondati R10, dal drenaggio efficiente delle scanalature a X e dalla flessibilit\u00e0 dello spessore personalizzabile. Un look elegante e integrato con un servizio di assistenza a vita.<\/p>\n<p>Modello: UD8046<br \/>\nDimensioni esterne: 789 x 446 mm<br \/>\nDimensioni interne: 362 x 406 mm<br \/>\nProfondit\u00e0: 230 mm<br \/>\nSpessore: 0,95\/1,05\/1,2 mm\/personalizzato<br \/>\nImballaggio individuale Dimensioni: 839 x 496 x 290 mm<br \/>\nPeso netto: 10 kg<br \/>\nPeso lordo: 11,5 kg<\/p>","protected":false},"featured_media":1286,"template":"","meta":{"_gspb_post_css":""},"product_brand":[],"product_cat":[20],"product_tag":[63],"class_list":{"0":"post-755","1":"product","2":"type-product","3":"status-publish","4":"has-post-thumbnail","6":"product_cat-undermount-sink","7":"product_tag-undermount-double-sink-seamless-installation-dual-basin-design","9":"first","10":"instock","11":"shipping-taxable","12":"product-type-simple"},"_links":{"self":[{"href":"https:\/\/jsd-sinks.com\/it\/wp-json\/wp\/v2\/product\/755","targetHints":{"allow":["GET"]}}],"collection":[{"href":"https:\/\/jsd-sinks.com\/it\/wp-json\/wp\/v2\/product"}],"about":[{"href":"https:\/\/jsd-sinks.com\/it\/wp-json\/wp\/v2\/types\/product"}],"wp:featuredmedia":[{"embeddable":true,"href":"https:\/\/jsd-sinks.com\/it\/wp-json\/wp\/v2\/media\/1286"}],"wp:attachment":[{"href":"https:\/\/jsd-sinks.com\/it\/wp-json\/wp\/v2\/media?parent=755"}],"wp:term":[{"taxonomy":"product_brand","embeddable":true,"href":"https:\/\/jsd-sinks.com\/it\/wp-json\/wp\/v2\/product_brand?post=755"},{"taxonomy":"product_cat","embeddable":true,"href":"https:\/\/jsd-sinks.com\/it\/wp-json\/wp\/v2\/product_cat?post=755"},{"taxonomy":"product_tag","embeddable":true,"href":"https:\/\/jsd-sinks.com\/it\/wp-json\/wp\/v2\/product_tag?post=755"}],"curies":[{"name":"wp","href":"https:\/\/api.w.org\/{rel}","templated":true}]}}