{"id":748,"date":"2025-12-01T08:54:16","date_gmt":"2025-12-01T08:54:16","guid":{"rendered":"https:\/\/jsd-sinks.com\/?post_type=product&#038;p=748"},"modified":"2025-12-13T03:07:51","modified_gmt":"2025-12-13T03:07:51","slug":"seamless-stainless-steel-undermount-kitchen-sink","status":"publish","type":"product","link":"https:\/\/jsd-sinks.com\/it\/seamless-stainless-steel-undermount-kitchen-sink\/","title":{"rendered":"Lavello da sottopiano in acciaio inox senza saldature con bacino profondo US2318-1"},"content":{"rendered":"<h2 data-start=\"207\" data-end=\"518\"><strong data-start=\"207\" data-end=\"235\">Lavello sottopiano in acciaio inox US2318-1<\/strong><\/h2>\n<h3 data-start=\"207\" data-end=\"518\"><strong data-start=\"238\" data-end=\"298\">Design senza soluzione di continuit\u00e0 che rende facile la pulizia<\/strong><\/h3>\n<p data-start=\"207\" data-end=\"518\">Questo lavello sottopiano conferisce al vostro piano di lavoro un aspetto pulito e continuo: spazzate gli avanzi direttamente nel bacino e finite il pasto senza dover cercare le briciole. \u00c8 una piccola comodit\u00e0 quotidiana che si nota ogni volta che si cucina.<\/p>\n<p><img decoding=\"async\" class=\"size-medium wp-image-1147\" src=\"https:\/\/jsd-sinks.com\/wp-content\/uploads\/2025\/12\/stainless-steel-undermount-kitchen-sink-4-1-300x300.jpg\" alt=\"Lavello da cucina sottopiano in acciaio inox\" width=\"300\" height=\"300\" title=\"\" srcset=\"https:\/\/jsd-sinks.com\/wp-content\/uploads\/2025\/12\/stainless-steel-undermount-kitchen-sink-4-1-300x300.jpg 300w, https:\/\/jsd-sinks.com\/wp-content\/uploads\/2025\/12\/stainless-steel-undermount-kitchen-sink-4-1-100x100.jpg 100w, https:\/\/jsd-sinks.com\/wp-content\/uploads\/2025\/12\/stainless-steel-undermount-kitchen-sink-4-1-600x600.jpg 600w, https:\/\/jsd-sinks.com\/wp-content\/uploads\/2025\/12\/stainless-steel-undermount-kitchen-sink-4-1-500x500.jpg 500w, https:\/\/jsd-sinks.com\/wp-content\/uploads\/2025\/12\/stainless-steel-undermount-kitchen-sink-4-1-150x150.jpg 150w, https:\/\/jsd-sinks.com\/wp-content\/uploads\/2025\/12\/stainless-steel-undermount-kitchen-sink-4-1-768x768.jpg 768w, https:\/\/jsd-sinks.com\/wp-content\/uploads\/2025\/12\/stainless-steel-undermount-kitchen-sink-4-1-12x12.jpg 12w, https:\/\/jsd-sinks.com\/wp-content\/uploads\/2025\/12\/stainless-steel-undermount-kitchen-sink-4-1.jpg 800w\" sizes=\"(max-width: 300px) 100vw, 300px\" \/><\/p>\n<h3 data-start=\"525\" data-end=\"802\"><strong data-start=\"525\" data-end=\"551\">Vasca spaziosa da 546 x 419 mm<\/strong><\/h3>\n<p data-start=\"525\" data-end=\"802\">Una profondit\u00e0 di 230 mm per contenere vasi di grandi dimensioni senza schizzare<br data-start=\"609\" data-end=\"612\" \/>Una ciotola profonda offre una vera libert\u00e0: si pu\u00f2 versare una pentola, far scorrere una teglia o immergere una teglia senza che il lavandino si rovesci. La profondit\u00e0 extra significa meno disordine e meno salvataggi con l'asciugamano.<\/p>\n<h3 data-start=\"809\" data-end=\"1068\"><strong data-start=\"809\" data-end=\"837\">Scanalature di drenaggio a X<\/strong><\/h3>\n<p data-start=\"809\" data-end=\"1068\">Canali sottili che aiutano il bacino ad asciugarsi pi\u00f9 rapidamente<br data-start=\"890\" data-end=\"893\" \/>Le scanalature guidano silenziosamente l'acqua verso lo scarico da 3,5 pollici, evitando che si formino pozzanghere. Dopo una cena abbondante o un'infornata nel fine settimana, la vasca si svuota pi\u00f9 rapidamente: meno panni, meno preoccupazioni.<\/p>\n<h3 data-start=\"1075\" data-end=\"1312\"><strong data-start=\"1075\" data-end=\"1098\">R10 Angoli arrotondati<\/strong><\/h3>\n<p data-start=\"1075\" data-end=\"1312\">Angoli lisci per una pulizia pi\u00f9 facile e veloce<br data-start=\"1147\" data-end=\"1150\" \/>Niente fessure strette, niente spazzolino da denti. Gli angoli arrotondati si puliscono in una sola passata, in modo che il lavandino risulti effettivamente pulito quando si \u00e8 finito, non solo \u201cmeno schifoso\u201d.\u201d<\/p>\n<h3 data-start=\"1319\" data-end=\"1660\"><strong data-start=\"1319\" data-end=\"1358\">Durata e opzioni di calibro SUS304<\/strong><\/h3>\n<p data-start=\"1319\" data-end=\"1660\">Scegliete lo spessore che si adatta all'uso che fate della vostra cucina<br data-start=\"1421\" data-end=\"1424\" \/>Realizzato in acciaio inox SUS304 da cucina e disponibile nei calibri da 0,95 mm, 1,05 mm e 1,2 mm. Volete qualcosa di leggero e conveniente o un lavello pi\u00f9 pesante e silenzioso con una sensazione di solidit\u00e0? Scegliete il calibro pi\u00f9 adatto alla vostra cucina.<\/p>\n<h3 data-start=\"1667\" data-end=\"1943\"><strong data-start=\"1667\" data-end=\"1693\">Comodit\u00e0 del sottopensile<\/strong><\/h3>\n<p data-start=\"1667\" data-end=\"1943\">Una transizione senza soluzione di continuit\u00e0 dal piano d'appoggio al lavabo<br data-start=\"1746\" data-end=\"1749\" \/>L'installazione sottopiano crea un bordo elegante e pratico: briciole, bucce e fuoriuscite vengono spazzate via direttamente. \u00c8 uno di quei piccoli cambiamenti di design che rendono le pulizie quotidiane pi\u00f9 semplici.<\/p>\n<h3 data-start=\"1950\" data-end=\"2284\"><strong data-start=\"1950\" data-end=\"1986\">Supporto a vita e sostegno alla ricerca e sviluppo<\/strong><\/h3>\n<p data-start=\"1950\" data-end=\"2284\">Assistenza post-vendita affidabile e miglioramento continuo dei prodotti<br data-start=\"2053\" data-end=\"2056\" \/>Il supporto post-vendita \u00e8 a vita e il team continua a perfezionare il prodotto. Se c'\u00e8 un problema, c'\u00e8 una linea di assistenza davvero attenta alle persone, e i miglioramenti futuri non si vedranno finch\u00e9 non renderanno il vostro prossimo lavandino ancora migliore.<\/p>","protected":false},"excerpt":{"rendered":"<p>Il lavello da cucina sottotop in acciaio inox conferisce un look moderno e senza soluzione di continuit\u00e0. Realizzato in acciaio inox di prima qualit\u00e0, il suo telaio di 596x469 mm ospita una vasca profonda 230 mm (546x419 mm). Le caratteristiche includono efficienti scanalature di drenaggio a X, angoli arrotondati (R10) facili da pulire e spessore personalizzabile. Progettato per l'installazione a filo del piano di lavoro e garantito da un servizio di assistenza a vita.<\/p>\n<p>Numero di modello: US2318-1<br \/>\nDimensioni esterne: 596 x 469 mm<br \/>\nDimensioni interne: 546 x 419 mm<br \/>\nProfondit\u00e0: 230 mm<br \/>\nSpessore: 0,95\/1,05\/1,2 mm\/personalizzato<br \/>\nImballaggio individuale Dimensioni: 646 x 519 x 290 mm<br \/>\nPeso netto: 5,5 kg<br \/>\nPeso lordo: 7 kg<\/p>","protected":false},"featured_media":1219,"template":"","meta":{"_gspb_post_css":""},"product_brand":[],"product_cat":[20],"product_tag":[62],"class_list":{"0":"post-748","1":"product","2":"type-product","3":"status-publish","4":"has-post-thumbnail","6":"product_cat-undermount-sink","7":"product_tag-undermount-sink-seamless-installation-modern-kitchen-sink","9":"first","10":"instock","11":"shipping-taxable","12":"product-type-simple"},"_links":{"self":[{"href":"https:\/\/jsd-sinks.com\/it\/wp-json\/wp\/v2\/product\/748","targetHints":{"allow":["GET"]}}],"collection":[{"href":"https:\/\/jsd-sinks.com\/it\/wp-json\/wp\/v2\/product"}],"about":[{"href":"https:\/\/jsd-sinks.com\/it\/wp-json\/wp\/v2\/types\/product"}],"wp:featuredmedia":[{"embeddable":true,"href":"https:\/\/jsd-sinks.com\/it\/wp-json\/wp\/v2\/media\/1219"}],"wp:attachment":[{"href":"https:\/\/jsd-sinks.com\/it\/wp-json\/wp\/v2\/media?parent=748"}],"wp:term":[{"taxonomy":"product_brand","embeddable":true,"href":"https:\/\/jsd-sinks.com\/it\/wp-json\/wp\/v2\/product_brand?post=748"},{"taxonomy":"product_cat","embeddable":true,"href":"https:\/\/jsd-sinks.com\/it\/wp-json\/wp\/v2\/product_cat?post=748"},{"taxonomy":"product_tag","embeddable":true,"href":"https:\/\/jsd-sinks.com\/it\/wp-json\/wp\/v2\/product_tag?post=748"}],"curies":[{"name":"wp","href":"https:\/\/api.w.org\/{rel}","templated":true}]}}