{"id":726,"date":"2025-12-01T07:52:38","date_gmt":"2025-12-01T07:52:38","guid":{"rendered":"https:\/\/jsd-sinks.com\/?post_type=product&#038;p=726"},"modified":"2025-12-09T08:50:09","modified_gmt":"2025-12-09T08:50:09","slug":"modern-sink-for-countertop-easy-clean-corners","status":"publish","type":"product","link":"https:\/\/jsd-sinks.com\/it\/modern-sink-for-countertop-easy-clean-corners\/","title":{"rendered":"Lavello moderno per piano di lavoro con drenaggio a X e angoli facili da pulire TS-5040B"},"content":{"rendered":"<h2 data-start=\"235\" data-end=\"352\"><strong data-start=\"235\" data-end=\"281\">TS-5040B Lavello per piano d'appoggio (500 x 400 mm)<\/strong><\/h2>\n<h3 data-start=\"235\" data-end=\"352\"><strong>Piccolo ingombro, grande capacit\u00e0<\/strong><\/h3>\n<p data-start=\"354\" data-end=\"820\">Se vivete in una cucina piccola, sapete che le piccole vittorie sono importanti: una padella che si adatta senza rovesciarsi, un bancone che rimane asciutto e un lavandino che non vi contrasta quando siete nel bel mezzo della cena. Il TS-5040B \u00e8 stato progettato per questi momenti. A prima vista \u00e8 compatto, ma quando lo userete noterete quanto spazio vi concede la vasca: 230 mm di profondit\u00e0 per contenere pentole e teglie alte senza il rischio di schizzi o angoli scomodi.<\/p>\n<p><img decoding=\"async\" class=\"size-medium wp-image-1143\" src=\"https:\/\/jsd-sinks.com\/wp-content\/uploads\/2025\/12\/9-5-300x300.jpg\" alt=\"Lavello per controsoffitto\" width=\"300\" height=\"300\" title=\"\" srcset=\"https:\/\/jsd-sinks.com\/wp-content\/uploads\/2025\/12\/9-5-300x300.jpg 300w, https:\/\/jsd-sinks.com\/wp-content\/uploads\/2025\/12\/9-5-100x100.jpg 100w, https:\/\/jsd-sinks.com\/wp-content\/uploads\/2025\/12\/9-5-600x600.jpg 600w, https:\/\/jsd-sinks.com\/wp-content\/uploads\/2025\/12\/9-5-500x500.jpg 500w, https:\/\/jsd-sinks.com\/wp-content\/uploads\/2025\/12\/9-5-150x150.jpg 150w, https:\/\/jsd-sinks.com\/wp-content\/uploads\/2025\/12\/9-5-768x768.jpg 768w, https:\/\/jsd-sinks.com\/wp-content\/uploads\/2025\/12\/9-5-12x12.jpg 12w, https:\/\/jsd-sinks.com\/wp-content\/uploads\/2025\/12\/9-5.jpg 800w\" sizes=\"(max-width: 300px) 100vw, 300px\" \/><\/p>\n<p data-start=\"822\" data-end=\"1311\"><strong>Dettagli curati per una facile pulizia<\/strong><\/p>\n<p data-start=\"822\" data-end=\"1311\">La sensazione che si prova quando si risciacqua o si strofina \u00e8 piacevole: il generoso spazio interno di 460 x 400 mm semplifica le operazioni con una sola mano e gli angoli arrotondati rendono pi\u00f9 veloce la pulizia (lo spazzolino non sfrega nelle piccole fessure). Le scanalature di drenaggio a forma di X sono un piccolo dettaglio che ha un valore reale: l'acqua scorre via invece di depositarsi negli angoli, cos\u00ec il lavello si asciuga pi\u00f9 velocemente e ha un odore pi\u00f9 fresco tra un utilizzo e l'altro. \u00c8 il tipo di ingegneria pratica che non si nota fino a quando non se ne sente la mancanza.<\/p>\n<p data-start=\"1313\" data-end=\"1669\"><strong>Materiale resistente e costruzione personalizzabile<\/strong><\/p>\n<p data-start=\"1313\" data-end=\"1669\">Il materiale \u00e8 onesto: acciaio inossidabile SUS304 che resiste al vapore, allo strofinamento e agli utensili che cadono. Scegliete il calibro che preferite: pi\u00f9 sottile per un'opzione pi\u00f9 leggera e conveniente, o pi\u00f9 spesso se volete una sensazione pi\u00f9 pesante e silenziosa quando l'acqua colpisce la vasca. In ogni caso, la finitura resiste all'usura quotidiana e mantiene il lavello pulito senza troppi problemi.<\/p>\n<p data-start=\"1671\" data-end=\"1941\"><strong>Installazione semplice e supporto affidabile<\/strong><\/p>\n<p data-start=\"1671\" data-end=\"1941\">L'installazione \u00e8 semplice e l'ingombro ridotto ne fa una scelta eccellente per appartamenti, case minuscole, wet bar o una stazione di preparazione ausiliaria. E s\u00ec, in caso di problemi, l'assistenza post-vendita a vita e il team di ricerca e sviluppo sono a disposizione, per non lasciare nulla di intentato.<\/p>","protected":false},"excerpt":{"rendered":"<p>Il lavello da appoggio TS-5040B \u00e8 il connubio perfetto tra design compatto e prestazioni di alto livello. Con un ingombro di 500x400 mm, \u00e8 dotato di una spaziosa vasca di 460x400 mm e di un profondo bacino di 230 mm per gestire tutte le attivit\u00e0 in cucina. Gli angoli arrotondati e l'efficiente drenaggio a X facilitano la pulizia. Personalizzate lo spessore e godete del supporto del servizio clienti a vita.<\/p>\n<p>Modello: TS-5040B<br \/>\nDimensioni esterne: 500X400MM<br \/>\nDimensioni interne: 460X400MM<br \/>\nProfondit\u00e0: 230MM<br \/>\nSpessore: 0,95\/1,05\/1,2MM\/Personalizzare<br \/>\nDimensioni della confezione individuale: 550X450X290MM<br \/>\nPeso netto: 4,5 kg<br \/>\nPeso lordo: 6KG<\/p>","protected":false},"featured_media":727,"template":"","meta":{"_gspb_post_css":""},"product_brand":[],"product_cat":[19],"product_tag":[59],"class_list":{"0":"post-726","1":"product","2":"type-product","3":"status-publish","4":"has-post-thumbnail","6":"product_cat-topmount-sink","7":"product_tag-countertop-sink-compact-kitchen-sink-easy-clean-design","9":"first","10":"instock","11":"shipping-taxable","12":"product-type-simple"},"_links":{"self":[{"href":"https:\/\/jsd-sinks.com\/it\/wp-json\/wp\/v2\/product\/726","targetHints":{"allow":["GET"]}}],"collection":[{"href":"https:\/\/jsd-sinks.com\/it\/wp-json\/wp\/v2\/product"}],"about":[{"href":"https:\/\/jsd-sinks.com\/it\/wp-json\/wp\/v2\/types\/product"}],"wp:featuredmedia":[{"embeddable":true,"href":"https:\/\/jsd-sinks.com\/it\/wp-json\/wp\/v2\/media\/727"}],"wp:attachment":[{"href":"https:\/\/jsd-sinks.com\/it\/wp-json\/wp\/v2\/media?parent=726"}],"wp:term":[{"taxonomy":"product_brand","embeddable":true,"href":"https:\/\/jsd-sinks.com\/it\/wp-json\/wp\/v2\/product_brand?post=726"},{"taxonomy":"product_cat","embeddable":true,"href":"https:\/\/jsd-sinks.com\/it\/wp-json\/wp\/v2\/product_cat?post=726"},{"taxonomy":"product_tag","embeddable":true,"href":"https:\/\/jsd-sinks.com\/it\/wp-json\/wp\/v2\/product_tag?post=726"}],"curies":[{"name":"wp","href":"https:\/\/api.w.org\/{rel}","templated":true}]}}