{"id":712,"date":"2025-12-01T07:23:52","date_gmt":"2025-12-01T07:23:52","guid":{"rendered":"https:\/\/jsd-sinks.com\/?post_type=product&#038;p=712"},"modified":"2025-12-13T03:24:05","modified_gmt":"2025-12-13T03:24:05","slug":"large-single-kitchen-sink-with-230mm-deep-basin","status":"publish","type":"product","link":"https:\/\/jsd-sinks.com\/it\/large-single-kitchen-sink-with-230mm-deep-basin\/","title":{"rendered":"Ampio lavello singolo per cucina con bacino profondo 230 mm TS3322"},"content":{"rendered":"<h2 data-start=\"331\" data-end=\"616\"><strong data-start=\"331\" data-end=\"374\">Lavello singolo grande (838 x 559 mm)<\/strong><\/h2>\n<h3 data-start=\"331\" data-end=\"616\"><strong data-start=\"377\" data-end=\"462\">Spaziosa vasca singola (774 x 432 mm) con profondit\u00e0 di 230 mm - Costruita per la vita di cucina reale<\/strong><\/h3>\n<p data-start=\"331\" data-end=\"616\">Quando c'\u00e8 da preparare una teglia, una teglia piena o una pila di piatti, questo lavello semplifica questi momenti: \u00e8 spazioso, solido e onesto.<\/p>\n<h3 data-start=\"623\" data-end=\"919\"><strong data-start=\"623\" data-end=\"647\">Vasca singola generosa<\/strong><\/h3>\n<p data-start=\"623\" data-end=\"919\">Una vasca da 774 x 432 mm con una profondit\u00e0 di 230 mm consente di lavare pentole e vassoi di grandi dimensioni senza dover lottare contro il lavello<br data-start=\"750\" data-end=\"753\" \/>Non \u00e8 pi\u00f9 necessario angolare le padelle o ribaltarle in modo scomodo: si pu\u00f2 inserire una padella per arrostire, pulire, sciacquare e andare avanti. Si tratta di un vero spazio per cucinare, non di un compromesso.<\/p>\n<p><img decoding=\"async\" class=\"size-medium wp-image-1137\" src=\"https:\/\/jsd-sinks.com\/wp-content\/uploads\/2025\/12\/91-300x300.jpg\" alt=\"Lavello singolo grande per cucina\" width=\"300\" height=\"300\" title=\"\" srcset=\"https:\/\/jsd-sinks.com\/wp-content\/uploads\/2025\/12\/91-300x300.jpg 300w, https:\/\/jsd-sinks.com\/wp-content\/uploads\/2025\/12\/91-100x100.jpg 100w, https:\/\/jsd-sinks.com\/wp-content\/uploads\/2025\/12\/91-600x600.jpg 600w, https:\/\/jsd-sinks.com\/wp-content\/uploads\/2025\/12\/91-500x500.jpg 500w, https:\/\/jsd-sinks.com\/wp-content\/uploads\/2025\/12\/91-150x150.jpg 150w, https:\/\/jsd-sinks.com\/wp-content\/uploads\/2025\/12\/91-768x768.jpg 768w, https:\/\/jsd-sinks.com\/wp-content\/uploads\/2025\/12\/91-12x12.jpg 12w, https:\/\/jsd-sinks.com\/wp-content\/uploads\/2025\/12\/91.jpg 800w\" sizes=\"(max-width: 300px) 100vw, 300px\" \/><\/p>\n<h3 data-start=\"926\" data-end=\"1200\"><strong data-start=\"926\" data-end=\"951\">Profondit\u00e0 di riduzione degli spruzzi<\/strong><\/h3>\n<p data-start=\"926\" data-end=\"1200\">La profondit\u00e0 di 230 mm mantiene l'acqua al suo posto e riduce il disordine sul piano di lavoro<br data-start=\"1035\" data-end=\"1038\" \/>Noterete meno pozzanghere e meno carta assorbente. La profondit\u00e0 significa meno schizzi e pi\u00f9 sicurezza quando si sciacquano pentole alte o si maneggiano padelle unte.<\/p>\n<h3 data-start=\"1207\" data-end=\"1490\"><strong data-start=\"1207\" data-end=\"1237\">Angoli arrotondati facili da pulire<\/strong><\/h3>\n<p data-start=\"1207\" data-end=\"1490\">Gli angoli arrotondati riducono la sporcizia nascosta e rendono la pulizia del lavandino semplice e veloce<br data-start=\"1321\" data-end=\"1324\" \/>Le curve dolci non sono solo estetiche, ma rendono pi\u00f9 veloce la pulizia. Basta una rapida passata e gli angoli non trattengono briciole o sporcizia come fanno i vecchi angoli retti.<\/p>\n<h3 data-start=\"1497\" data-end=\"1770\"><strong data-start=\"1497\" data-end=\"1531\">Scanalature di drenaggio intelligenti a forma di X<\/strong><\/h3>\n<p data-start=\"1497\" data-end=\"1770\">Le scanalature a X guidano l'acqua verso lo scarico standard da 3,5 pollici per evitare il ristagno.<br data-start=\"1620\" data-end=\"1623\" \/>Si tratta di un piccolo vantaggio ingegneristico che d\u00e0 i suoi frutti: l'acqua fuoriesce in modo ordinato, la bacinella si asciuga pi\u00f9 rapidamente e si passa meno tempo a tamponare e pi\u00f9 a mangiare.<\/p>\n<h3 data-start=\"1777\" data-end=\"2096\"><strong data-start=\"1777\" data-end=\"1812\">Costruzione resistente e pratica<\/strong><\/h3>\n<p data-start=\"1777\" data-end=\"2096\">Realizzato con materiali di alta qualit\u00e0 e disponibile in diverse opzioni di spessore (0,95 mm-1,2 mm).<br data-start=\"1910\" data-end=\"1913\" \/>Il lavello \u00e8 solido sotto le mani. Scegliete un calibro pi\u00f9 spesso se volete una vasca pi\u00f9 pesante e silenziosa; sceglietene uno pi\u00f9 leggero se state ottimizzando il budget: in ogni caso, \u00e8 costruito per durare.<\/p>\n<h3 data-start=\"2103\" data-end=\"2373\"><strong data-start=\"2103\" data-end=\"2129\">Impronta proporzionale<\/strong><\/h3>\n<p data-start=\"2103\" data-end=\"2373\">Le dimensioni complessive di 838 x 559 mm conferiscono una presenza imponente senza sovrastare il banco.<br data-start=\"2221\" data-end=\"2224\" \/>Grande ciotola, ingombro intelligente: si ottiene spazio utilizzabile senza sacrificare la disposizione di armadietti e banconi. \u00c8 spaziosa ma rispettosa dei limiti di una vera cucina.<\/p>\n<h3 data-start=\"2380\" data-end=\"2638\"><strong data-start=\"2380\" data-end=\"2410\">Supportato da un'assistenza a vita<\/strong><\/h3>\n<p data-start=\"2380\" data-end=\"2638\">L'assistenza post-vendita a vita e il supporto alla ricerca e sviluppo significano un aiuto concreto quando ne avete bisogno<br data-start=\"2493\" data-end=\"2496\" \/>Se qualcosa ha bisogno di attenzione tra qualche anno, c'\u00e8 un team che conosce il prodotto e pu\u00f2 aiutarlo, non solo una generica nota di garanzia nella scatola.<\/p>","protected":false},"excerpt":{"rendered":"<p>Sperimentate una capacit\u00e0 e una facilit\u00e0 senza pari con il nostro lavello da cucina singolo grande. Dotato di una spaziosa vasca da 774x432 mm con un design profondo 230 mm, pu\u00f2 ospitare senza problemi pentole e padelle di grandi dimensioni. Gli angoli arrotondati e le scanalature di drenaggio a X assicurano una pulizia rapida e un flusso d'acqua efficiente, rendendolo il fulcro perfetto per le cucine affollate che apprezzano sia la forma che la funzionalit\u00e0.<\/p>\n<p>Modello: TS3322<br \/>\nDimensioni esterne: 838X559MM<br \/>\nDimensioni interne: 774X432MM<br \/>\nProfondit\u00e0: 230MM<br \/>\nSpessore: 0,95\/1,05\/1,2MM\/Personalizzare<br \/>\nDimensioni della confezione individuale: 890X609X290MM<br \/>\nPeso netto: 11KG<br \/>\nPeso lordo: 12,5 kg<\/p>","protected":false},"featured_media":713,"template":"","meta":{"_gspb_post_css":""},"product_brand":[],"product_cat":[19],"product_tag":[57],"class_list":{"0":"post-712","1":"product","2":"type-product","3":"status-publish","4":"has-post-thumbnail","6":"product_cat-topmount-sink","7":"product_tag-single-basin-sink-extra-large-sink-deep-kitchen-sink","9":"first","10":"instock","11":"shipping-taxable","12":"product-type-simple"},"_links":{"self":[{"href":"https:\/\/jsd-sinks.com\/it\/wp-json\/wp\/v2\/product\/712","targetHints":{"allow":["GET"]}}],"collection":[{"href":"https:\/\/jsd-sinks.com\/it\/wp-json\/wp\/v2\/product"}],"about":[{"href":"https:\/\/jsd-sinks.com\/it\/wp-json\/wp\/v2\/types\/product"}],"wp:featuredmedia":[{"embeddable":true,"href":"https:\/\/jsd-sinks.com\/it\/wp-json\/wp\/v2\/media\/713"}],"wp:attachment":[{"href":"https:\/\/jsd-sinks.com\/it\/wp-json\/wp\/v2\/media?parent=712"}],"wp:term":[{"taxonomy":"product_brand","embeddable":true,"href":"https:\/\/jsd-sinks.com\/it\/wp-json\/wp\/v2\/product_brand?post=712"},{"taxonomy":"product_cat","embeddable":true,"href":"https:\/\/jsd-sinks.com\/it\/wp-json\/wp\/v2\/product_cat?post=712"},{"taxonomy":"product_tag","embeddable":true,"href":"https:\/\/jsd-sinks.com\/it\/wp-json\/wp\/v2\/product_tag?post=712"}],"curies":[{"name":"wp","href":"https:\/\/api.w.org\/{rel}","templated":true}]}}