{"id":706,"date":"2025-12-01T06:47:13","date_gmt":"2025-12-01T06:47:13","guid":{"rendered":"https:\/\/jsd-sinks.com\/?post_type=product&#038;p=706"},"modified":"2025-12-12T08:34:10","modified_gmt":"2025-12-12T08:34:10","slug":"single-topmount-sink-custom-thickness-modern-design","status":"publish","type":"product","link":"https:\/\/jsd-sinks.com\/it\/single-topmount-sink-custom-thickness-modern-design\/","title":{"rendered":"Lavello singolo da incasso Sleek - Spessore personalizzabile e design moderno TS2522"},"content":{"rendered":"<h2 data-start=\"339\" data-end=\"432\"><strong data-start=\"339\" data-end=\"366\">TS2522 Lavello singolo da appoggio<\/strong><\/h2>\n<p data-start=\"339\" data-end=\"432\"><strong data-start=\"369\" data-end=\"432\">Angoli netti e linee pulite per un look moderno e industriale<\/strong><\/p>\n<h3 data-start=\"434\" data-end=\"803\"><strong data-start=\"434\" data-end=\"478\">Design d'impatto con vantaggi pratici<\/strong><\/h3>\n<p data-start=\"434\" data-end=\"803\">Gli angoli R10 offrono un look audace e minimale, semplificando la pulizia<br data-start=\"560\" data-end=\"563\" \/>Gli angoli squadrati a raggio zero fanno subito \u201cwow\u201d, ma non si tratta solo di stile. Senza angoli curvi in cui si possa nascondere la sporcizia, pulire il lavello \u00e8 pi\u00f9 veloce e meno faticoso. \u00c8 audace da vedere e tranquillamente pratico da vivere.<\/p>\n<h3 data-start=\"805\" data-end=\"1122\"><strong data-start=\"805\" data-end=\"826\">Vasca singola spaziosa<\/strong><\/h3>\n<p data-start=\"805\" data-end=\"1122\">Una vasca da 575 x 453 mm con una profondit\u00e0 di 230 mm che consente di gestire agevolmente vasi di grandi dimensioni<br data-start=\"900\" data-end=\"903\" \/>Questa ciotola \u00e8 sorprendentemente generosa. \u00c8 possibile versare una teglia piena, sciacquare pile di teglie da forno o riempire la pentola senza doverla angolare in modo scomodo. La profondit\u00e0 tiene a bada gli schizzi, in modo che i banconi rimangano pi\u00f9 puliti durante l'uso intensivo.<\/p>\n<p><img decoding=\"async\" class=\"size-medium wp-image-1136\" src=\"https:\/\/jsd-sinks.com\/wp-content\/uploads\/2025\/12\/9-3-300x300.jpg\" alt=\"Lavello a raggio zero\" width=\"300\" height=\"300\" title=\"\" srcset=\"https:\/\/jsd-sinks.com\/wp-content\/uploads\/2025\/12\/9-3-300x300.jpg 300w, https:\/\/jsd-sinks.com\/wp-content\/uploads\/2025\/12\/9-3-100x100.jpg 100w, https:\/\/jsd-sinks.com\/wp-content\/uploads\/2025\/12\/9-3-600x600.jpg 600w, https:\/\/jsd-sinks.com\/wp-content\/uploads\/2025\/12\/9-3-500x500.jpg 500w, https:\/\/jsd-sinks.com\/wp-content\/uploads\/2025\/12\/9-3-150x150.jpg 150w, https:\/\/jsd-sinks.com\/wp-content\/uploads\/2025\/12\/9-3-768x768.jpg 768w, https:\/\/jsd-sinks.com\/wp-content\/uploads\/2025\/12\/9-3-12x12.jpg 12w, https:\/\/jsd-sinks.com\/wp-content\/uploads\/2025\/12\/9-3.jpg 800w\" sizes=\"(max-width: 300px) 100vw, 300px\" \/><\/p>\n<h3 data-start=\"1124\" data-end=\"1423\"><strong data-start=\"1124\" data-end=\"1150\">Dettagli sul drenaggio intelligente<\/strong><\/h3>\n<p data-start=\"1124\" data-end=\"1423\">Le scanalature a X guidano l'acqua verso lo scarico standard da 3,5 pollici per evitare ristagni.<br data-start=\"1238\" data-end=\"1241\" \/>Le piccole scanalature a X sono importanti. Allontanano l'acqua in modo che il lavello si liberi pi\u00f9 velocemente dopo il risciacquo. Dopo un pasto abbondante, noterete meno acqua stagnante e meno punti da asciugare.<\/p>\n<h3 data-start=\"1425\" data-end=\"1754\"><strong data-start=\"1425\" data-end=\"1458\">Robusta struttura in acciaio inox<\/strong><\/h3>\n<p data-start=\"1425\" data-end=\"1754\">Disponibile nelle misure da 0,95 mm a 1,2 mm per un equilibrio tra valore, peso e smorzamento del suono.<br data-start=\"1552\" data-end=\"1555\" \/>Scegliete il calibro che pi\u00f9 si addice alla vostra vita: pi\u00f9 sottile per il budget e il peso ridotto, pi\u00f9 spesso per una sensazione pi\u00f9 pesante e silenziosa. In ogni caso, l'acciaio SUS304 resiste al vapore, allo strofinamento e alla vita in cucina.<\/p>\n<h3 data-start=\"1756\" data-end=\"2032\"><strong data-start=\"1756\" data-end=\"1786\">Ingombro esterno compatto<\/strong><\/h3>\n<p data-start=\"1756\" data-end=\"2032\">Dimensioni esterne di 635 x 559 mm per una facile integrazione in layout ristretti<br data-start=\"1861\" data-end=\"1864\" \/>Si adatta alle esigenze di molte cucine moderne: \u00e8 compatto ma non angusto. Si ottiene un aspetto integrato e snello che si inserisce a filo dei banconi e mantiene ordinata l'area di lavoro.<\/p>\n<h3 data-start=\"2034\" data-end=\"2308\"><strong data-start=\"2034\" data-end=\"2068\">Vantaggio della pulizia a raggio zero<\/strong><\/h3>\n<p data-start=\"2034\" data-end=\"2308\">Gli angoli squadrati conferiscono al lavello un aspetto nitido e riducono l'accumulo di sporcizia nascosta<br data-start=\"2145\" data-end=\"2148\" \/>Gli angoli a raggio zero sono una scelta di design pulita che ripaga quando \u00e8 il momento di pulire. L'assenza di fessure curve si traduce in una minore necessit\u00e0 di strofinare e in una superficie complessivamente pi\u00f9 igienica.<\/p>\n<h3 data-start=\"2310\" data-end=\"2554\"><strong data-start=\"2310\" data-end=\"2328\">Finitura e montaggio<\/strong><\/h3>\n<p data-start=\"2310\" data-end=\"2554\">Molteplici opzioni di calibro e una finitura che completa i moderni piani di lavoro<br data-start=\"2406\" data-end=\"2409\" \/>Questo lavello si adatta a molti stili, dal cemento industriale al legno caldo. Scegliete il calibro e la finitura che si adattano alla personalit\u00e0 della vostra cucina.<\/p>\n<h3 data-start=\"2556\" data-end=\"2811\"><strong data-start=\"2556\" data-end=\"2584\">Supporto a vita<\/strong><\/h3>\n<p data-start=\"2556\" data-end=\"2811\">Sostenuti da un servizio clienti a vita e da un supporto continuo alla ricerca e allo sviluppo<br data-start=\"2650\" data-end=\"2653\" \/>Se avete bisogno di aiuto, c'\u00e8 un team dietro al prodotto. Questo supporto e i continui miglioramenti apportati dal team di ricerca e sviluppo ne fanno una scelta affidabile a lungo termine.<\/p>","protected":false},"excerpt":{"rendered":"<p>Il lavello TS2522 Single Topmount \u00e8 la quintessenza del design moderno in cucina. Caratterizzato da linee nette e pulite e da una spaziosa vasca di 575x453 mm con una profondit\u00e0 di 230 mm, offre un'estetica minimalista senza compromettere la funzionalit\u00e0. Progettato con scanalature di drenaggio a X e opzioni di spessore personalizzabili, questo lavello combina uno stile sofisticato con prestazioni pratiche per un look senza soluzione di continuit\u00e0.<\/p>\n<p>Modello: TS2522<br \/>\nDimensioni esterne: 635X559MM<br \/>\nDimensioni interne: 575X453MM<br \/>\nProfondit\u00e0: 230MM<br \/>\nSpessore: 0,95\/1,05\/1,2MM\/Personalizzare<br \/>\nDimensioni della confezione individuale: 685X609X290MM<br \/>\nPeso netto: 6KG<br \/>\nPeso lordo: 7,5 kg<\/p>","protected":false},"featured_media":707,"template":"","meta":{"_gspb_post_css":""},"product_brand":[],"product_cat":[19],"product_tag":[56],"class_list":{"0":"post-706","1":"product","2":"type-product","3":"status-publish","4":"has-post-thumbnail","6":"product_cat-topmount-sink","7":"product_tag-zeroradius-modernsink-minimalistdesign","9":"first","10":"instock","11":"shipping-taxable","12":"product-type-simple"},"_links":{"self":[{"href":"https:\/\/jsd-sinks.com\/it\/wp-json\/wp\/v2\/product\/706","targetHints":{"allow":["GET"]}}],"collection":[{"href":"https:\/\/jsd-sinks.com\/it\/wp-json\/wp\/v2\/product"}],"about":[{"href":"https:\/\/jsd-sinks.com\/it\/wp-json\/wp\/v2\/types\/product"}],"wp:featuredmedia":[{"embeddable":true,"href":"https:\/\/jsd-sinks.com\/it\/wp-json\/wp\/v2\/media\/707"}],"wp:attachment":[{"href":"https:\/\/jsd-sinks.com\/it\/wp-json\/wp\/v2\/media?parent=706"}],"wp:term":[{"taxonomy":"product_brand","embeddable":true,"href":"https:\/\/jsd-sinks.com\/it\/wp-json\/wp\/v2\/product_brand?post=706"},{"taxonomy":"product_cat","embeddable":true,"href":"https:\/\/jsd-sinks.com\/it\/wp-json\/wp\/v2\/product_cat?post=706"},{"taxonomy":"product_tag","embeddable":true,"href":"https:\/\/jsd-sinks.com\/it\/wp-json\/wp\/v2\/product_tag?post=706"}],"curies":[{"name":"wp","href":"https:\/\/api.w.org\/{rel}","templated":true}]}}