{"id":700,"date":"2025-12-01T06:27:28","date_gmt":"2025-12-01T06:27:28","guid":{"rendered":"https:\/\/jsd-sinks.com\/?post_type=product&#038;p=700"},"modified":"2025-12-09T09:40:09","modified_gmt":"2025-12-09T09:40:09","slug":"double-bowl-stainless-sink-with-deep-basins","status":"publish","type":"product","link":"https:\/\/jsd-sinks.com\/it\/double-bowl-stainless-sink-with-deep-basins\/","title":{"rendered":"Lavello a doppia vasca in acciaio inox con bacini profondi TDW8248"},"content":{"rendered":"<h2 data-start=\"351\" data-end=\"466\"><strong data-start=\"351\" data-end=\"389\">Lavello inox a doppia vasca TDW8248<\/strong><\/h2>\n<h3 data-start=\"351\" data-end=\"466\"><strong data-start=\"392\" data-end=\"466\">Due spaziose vasche da 390 X 390 mm con profondit\u00e0 di 230 mm per cucinare nel mondo reale<\/strong><\/h3>\n<p data-start=\"468\" data-end=\"769\">Questo lavello \u00e8 stato realizzato per chi cucina molto e odia litigare con i piani di lavoro. Due vasche di uguali dimensioni consentono di mettere a bagno le padelle unte da un lato e di tirare i prodotti freschi dall'altro senza doverli scambiare. \u00c8 il tipo di disposizione che accelera tranquillamente la cena e mantiene la cucina tranquilla anche dopo.<\/p>\n<h3 data-start=\"776\" data-end=\"869\"><strong data-start=\"776\" data-end=\"796\">Layout a doppia vasca<\/strong><\/h3>\n<p data-start=\"776\" data-end=\"869\">Lavorate su due compiti contemporaneamente senza dovervi destreggiare tra padelle e taglieri<\/p>\n<p data-start=\"871\" data-end=\"1093\">Aprire la lavastoviglie, sciacquare una pentola e preparare l'insalata allo stesso tempo: ogni ciotola ha il suo compito. Questa separazione riduce la contaminazione incrociata e lascia il bancone libero per le cose che richiedono la vostra attenzione.<\/p>\n<h3 data-start=\"1100\" data-end=\"1201\"><strong data-start=\"1100\" data-end=\"1124\">Profondit\u00e0 generosa di 230 mm<\/strong><\/h3>\n<p data-start=\"1100\" data-end=\"1201\">Le vaschette profonde riducono gli schizzi e si adattano facilmente a pentole e teglie di grandi dimensioni<\/p>\n<p data-start=\"1203\" data-end=\"1385\">Noterete meno acqua sul bancone e pi\u00f9 spazio per pentole e padelle alte. Grazie alla profondit\u00e0, inoltre, lavare le pentole pi\u00f9 scomode non \u00e8 pi\u00f9 un gioco di equilibrismo: la sensazione \u00e8 quella di una maggiore stabilit\u00e0.<\/p>\n<p><img decoding=\"async\" class=\"size-medium wp-image-1154\" src=\"https:\/\/jsd-sinks.com\/wp-content\/uploads\/2025\/12\/double-bowl-stainless-sink-4-1-300x300.jpg\" alt=\"Lavello a doppia vasca in acciaio inox\" width=\"300\" height=\"300\" title=\"\" srcset=\"https:\/\/jsd-sinks.com\/wp-content\/uploads\/2025\/12\/double-bowl-stainless-sink-4-1-300x300.jpg 300w, https:\/\/jsd-sinks.com\/wp-content\/uploads\/2025\/12\/double-bowl-stainless-sink-4-1-100x100.jpg 100w, https:\/\/jsd-sinks.com\/wp-content\/uploads\/2025\/12\/double-bowl-stainless-sink-4-1-600x600.jpg 600w, https:\/\/jsd-sinks.com\/wp-content\/uploads\/2025\/12\/double-bowl-stainless-sink-4-1-500x500.jpg 500w, https:\/\/jsd-sinks.com\/wp-content\/uploads\/2025\/12\/double-bowl-stainless-sink-4-1-150x150.jpg 150w, https:\/\/jsd-sinks.com\/wp-content\/uploads\/2025\/12\/double-bowl-stainless-sink-4-1-768x768.jpg 768w, https:\/\/jsd-sinks.com\/wp-content\/uploads\/2025\/12\/double-bowl-stainless-sink-4-1-12x12.jpg 12w, https:\/\/jsd-sinks.com\/wp-content\/uploads\/2025\/12\/double-bowl-stainless-sink-4-1.jpg 800w\" sizes=\"(max-width: 300px) 100vw, 300px\" \/><\/p>\n<h3 data-start=\"1392\" data-end=\"1489\"><strong data-start=\"1392\" data-end=\"1422\">Angoli arrotondati facili da pulire<\/strong><\/h3>\n<p data-start=\"1392\" data-end=\"1489\">Gli angoli arrotondati evitano l'accumulo di sporcizia e rendono semplice la pulizia<\/p>\n<p data-start=\"1491\" data-end=\"1670\">Gli angoli morbidi non hanno solo un aspetto moderno, ma si puliscono rapidamente. Non c'\u00e8 bisogno di spazzolino e le briciole non si depositano dove non \u00e8 possibile raggiungerle. Piccoli risparmi di tempo che si sommano ogni settimana.<\/p>\n<h3 data-start=\"1677\" data-end=\"1786\"><strong data-start=\"1677\" data-end=\"1705\">Scanalature di drenaggio a X<\/strong><\/h3>\n<p data-start=\"1677\" data-end=\"1786\">Le sottili scanalature incanalano l'acqua verso gli scarichi da 3,5 pollici per evitare il ristagno.<\/p>\n<p data-start=\"1788\" data-end=\"1969\">Dopo una lunga cottura, le scanalature rendono pi\u00f9 veloce lo scarico del lavello, evitando di pulire pozzanghere ogni dieci minuti. \u00c8 uno di quei dettagli tecnici che si notano a malapena fino a quando non ci sono pi\u00f9.<\/p>\n<h3 data-start=\"1976\" data-end=\"2092\"><strong data-start=\"1976\" data-end=\"2010\">Opzioni di spessore personalizzabili<\/strong><\/h3>\n<p data-start=\"1976\" data-end=\"2092\">Scegliete tra 0,95 mm e 1,2 mm per il giusto equilibrio tra prezzo, sensazione e suono<\/p>\n<p data-start=\"2094\" data-end=\"2294\">Volete qualcosa di leggero ed economico o un lavello pi\u00f9 pesante e silenzioso che assorba il suono? Scegliete il calibro pi\u00f9 adatto al vostro modo di vivere la cucina. L'acciaio pi\u00f9 spesso d\u00e0 un'impressione pi\u00f9 sostanziale e professionale.<\/p>\n<h3 data-start=\"2301\" data-end=\"2409\"><strong data-start=\"2301\" data-end=\"2335\">Struttura resistente in acciaio inox<\/strong><\/h3>\n<p data-start=\"2301\" data-end=\"2409\">Acciaio inossidabile di alta qualit\u00e0 costruito per resistere all'usura quotidiana<\/p>\n<p data-start=\"2411\" data-end=\"2590\">Questo lavello resiste al calore, al vapore e alle occasionali cadute di padelle. Non si spaventa in caso di uso intensivo e mantiene un aspetto gradevole con una cura di routine, di quelle che si possono davvero rispettare.<\/p>\n<h3 data-start=\"2597\" data-end=\"2711\"><strong data-start=\"2597\" data-end=\"2630\">Un'impronta compatta e ponderata<\/strong><\/h3>\n<p data-start=\"2597\" data-end=\"2711\">Ampio spazio di lavoro senza sovraccaricare il piano di lavoro (828 X 480 mm di ingombro)<\/p>\n<p data-start=\"2713\" data-end=\"2874\">Se avete bisogno di prestazioni ma non disponete di una cucina enorme, questo modello si inserisce in modo ordinato pur offrendo ciotole generose. \u00c8 fatto in modo da dare la sensazione di essere deliberato, non angusto.<\/p>\n<h3 data-start=\"2881\" data-end=\"2995\"><strong data-start=\"2881\" data-end=\"2913\">Assistenza post-vendita a vita<\/strong><\/h3>\n<p data-start=\"2881\" data-end=\"2995\">Sostenuti da un'assistenza continua e da un team di ricerca e sviluppo dedicato per una fiducia a lungo termine<\/p>\n<p data-start=\"2997\" data-end=\"3146\">Se qualcosa va storto, c'\u00e8 l'assistenza. E il team di ingegneri continua a migliorare le piccole cose, gli elementi intelligenti che semplificano la vita quotidiana.<\/p>","protected":false},"excerpt":{"rendered":"<p>Il lavello a doppia vasca TDW8248 \u00e8 progettato per garantire la massima versatilit\u00e0 in cucina. Dotato di due spaziose vasche (390x390 mm) e di un design profondo 230 mm, \u00e8 in grado di gestire il multitasking con facilit\u00e0. Le scanalature di drenaggio a X e gli angoli arrotondati garantiscono una pulizia rapida e un flusso d'acqua efficiente. \u00c8 possibile personalizzare lo spessore (0,95-1,2 mm) in base alle proprie esigenze, il tutto supportato da una garanzia di assistenza a vita.<\/p>\n<p>Modello: TDW8248<br \/>\nDimensioni esterne: 828X480MM<br \/>\nDimensioni interne: 390X390MM<br \/>\nProfondit\u00e0: 230MM<br \/>\nSpessore: 0,95\/1,05\/1,2MM\/Personalizzare<br \/>\nImballaggio individuale Dimensioni: 878X530X290MM<br \/>\nPeso netto: 10,5 kg<br \/>\nPeso lordo: 12 kg<\/p>","protected":false},"featured_media":701,"template":"","meta":{"_gspb_post_css":""},"product_brand":[],"product_cat":[19],"product_tag":[55],"class_list":{"0":"post-700","1":"product","2":"type-product","3":"status-publish","4":"has-post-thumbnail","6":"product_cat-topmount-sink","7":"product_tag-double-bowl-sink-deep-basin-easy-clean-sink","9":"first","10":"instock","11":"shipping-taxable","12":"product-type-simple"},"_links":{"self":[{"href":"https:\/\/jsd-sinks.com\/it\/wp-json\/wp\/v2\/product\/700","targetHints":{"allow":["GET"]}}],"collection":[{"href":"https:\/\/jsd-sinks.com\/it\/wp-json\/wp\/v2\/product"}],"about":[{"href":"https:\/\/jsd-sinks.com\/it\/wp-json\/wp\/v2\/types\/product"}],"wp:featuredmedia":[{"embeddable":true,"href":"https:\/\/jsd-sinks.com\/it\/wp-json\/wp\/v2\/media\/701"}],"wp:attachment":[{"href":"https:\/\/jsd-sinks.com\/it\/wp-json\/wp\/v2\/media?parent=700"}],"wp:term":[{"taxonomy":"product_brand","embeddable":true,"href":"https:\/\/jsd-sinks.com\/it\/wp-json\/wp\/v2\/product_brand?post=700"},{"taxonomy":"product_cat","embeddable":true,"href":"https:\/\/jsd-sinks.com\/it\/wp-json\/wp\/v2\/product_cat?post=700"},{"taxonomy":"product_tag","embeddable":true,"href":"https:\/\/jsd-sinks.com\/it\/wp-json\/wp\/v2\/product_tag?post=700"}],"curies":[{"name":"wp","href":"https:\/\/api.w.org\/{rel}","templated":true}]}}