{"id":694,"date":"2025-12-01T03:38:44","date_gmt":"2025-12-01T03:38:44","guid":{"rendered":"https:\/\/jsd-sinks.com\/?post_type=product&#038;p=694"},"modified":"2025-12-13T03:22:54","modified_gmt":"2025-12-13T03:22:54","slug":"efficient-double-drop-in-kitchen-sink-with-drainage","status":"publish","type":"product","link":"https:\/\/jsd-sinks.com\/it\/efficient-double-drop-in-kitchen-sink-with-drainage\/","title":{"rendered":"Lavello da cucina efficiente a doppia caduta con scarico a X TDE3120"},"content":{"rendered":"<h2 data-start=\"337\" data-end=\"457\"><strong data-start=\"337\" data-end=\"382\">Lavello da cucina a doppia caduta (800 x 520 mm)<\/strong><\/h2>\n<p data-start=\"337\" data-end=\"457\"><strong data-start=\"385\" data-end=\"457\">Doppie ciotole e dettagli curati che rendono pi\u00f9 agevole la cottura e la pulizia<\/strong><\/p>\n<h3 data-start=\"459\" data-end=\"774\"><strong data-start=\"459\" data-end=\"487\">Doppie ciotole da 357,5 x 410 mm<\/strong><\/h3>\n<p data-start=\"459\" data-end=\"774\">Due ciotole profonde consentono di lavare, mettere a bagno e preparare allo stesso tempo<br data-start=\"554\" data-end=\"557\" \/>Un lato pu\u00f2 immergere le padelle unte, mentre l'altro rimane libero per sciacquare le verdure o scolare la pasta: niente giochetti, niente interruzioni a met\u00e0 ricetta. Questa piccola separazione rende la cottura in pi\u00f9 fasi naturale e non caotica.<\/p>\n<h3 data-start=\"776\" data-end=\"1020\"><strong data-start=\"776\" data-end=\"796\">230 mm Profondit\u00e0 vasca<\/strong><\/h3>\n<p data-start=\"776\" data-end=\"1020\">La profondit\u00e0 generosa mantiene gli spruzzi bassi e si adatta comodamente a vasi di grandi dimensioni<br data-start=\"869\" data-end=\"872\" \/>La profondit\u00e0 impedisce all'acqua di fuoriuscire dal bacino e consente di maneggiare pentole e teglie da forno alte senza che l'acqua si rovesci in modo scomodo o che si verifichino ulteriori schizzi.<\/p>\n<p><img decoding=\"async\" class=\"size-medium wp-image-1152\" src=\"https:\/\/jsd-sinks.com\/wp-content\/uploads\/2025\/12\/double-drop-in-kitchen-sink-4-1-300x300.jpg\" alt=\"Doppio lavello da cucina\" width=\"300\" height=\"300\" title=\"\" srcset=\"https:\/\/jsd-sinks.com\/wp-content\/uploads\/2025\/12\/double-drop-in-kitchen-sink-4-1-300x300.jpg 300w, https:\/\/jsd-sinks.com\/wp-content\/uploads\/2025\/12\/double-drop-in-kitchen-sink-4-1-100x100.jpg 100w, https:\/\/jsd-sinks.com\/wp-content\/uploads\/2025\/12\/double-drop-in-kitchen-sink-4-1-600x600.jpg 600w, https:\/\/jsd-sinks.com\/wp-content\/uploads\/2025\/12\/double-drop-in-kitchen-sink-4-1-500x500.jpg 500w, https:\/\/jsd-sinks.com\/wp-content\/uploads\/2025\/12\/double-drop-in-kitchen-sink-4-1-150x150.jpg 150w, https:\/\/jsd-sinks.com\/wp-content\/uploads\/2025\/12\/double-drop-in-kitchen-sink-4-1-768x768.jpg 768w, https:\/\/jsd-sinks.com\/wp-content\/uploads\/2025\/12\/double-drop-in-kitchen-sink-4-1-12x12.jpg 12w, https:\/\/jsd-sinks.com\/wp-content\/uploads\/2025\/12\/double-drop-in-kitchen-sink-4-1.jpg 800w\" sizes=\"(max-width: 300px) 100vw, 300px\" \/><\/p>\n<h3 data-start=\"1022\" data-end=\"1292\"><strong data-start=\"1022\" data-end=\"1056\">Scanalature di drenaggio intelligenti a forma di X<\/strong><\/h3>\n<p data-start=\"1022\" data-end=\"1292\">Le scanalature ingegnerizzate guidano l'acqua verso il drenaggio per evitare ristagni<br data-start=\"1127\" data-end=\"1130\" \/>Si tratta di un piccolo dettaglio che si manifesta nella vita quotidiana: l'acqua scorre via pi\u00f9 velocemente, il fondo si asciuga prima e si passa meno tempo ad asciugare con l'asciugamano o ad occuparsi delle macchie d'acqua.<\/p>\n<h3 data-start=\"1294\" data-end=\"1566\"><strong data-start=\"1294\" data-end=\"1320\">Angoli arrotondati moderni<\/strong><\/h3>\n<p data-start=\"1294\" data-end=\"1566\">Gli angoli arrotondati rendono pi\u00f9 facile la pulizia del lavandino e riducono la sporcizia nascosta<br data-start=\"1399\" data-end=\"1402\" \/>Non \u00e8 pi\u00f9 necessario strofinare con lo spazzolino negli angoli stretti: i bordi si puliscono rapidamente, il che significa meno olio di gomito e un lavandino che rimane effettivamente pi\u00f9 pulito tra una pulizia profonda e l'altra.<\/p>\n<h3 data-start=\"1568\" data-end=\"1811\"><strong data-start=\"1568\" data-end=\"1602\">Opzioni di spessore personalizzabili<\/strong><\/h3>\n<p data-start=\"1568\" data-end=\"1811\">Scegliete tra 0,95 mm e 1,2 mm per ottenere la sensazione che preferite<br data-start=\"1660\" data-end=\"1663\" \/>Scegliete il calibro pi\u00f9 leggero se desiderate un buon rapporto qualit\u00e0\/prezzo, o il calibro pi\u00f9 spesso se volete un lavello pi\u00f9 pesante e silenzioso che assorba il suono e dia una sensazione di solidit\u00e0 quando lavorate.<\/p>\n<h3 data-start=\"1813\" data-end=\"2058\"><strong data-start=\"1813\" data-end=\"1837\">Installazione a caduta<\/strong><\/h3>\n<p data-start=\"1813\" data-end=\"2058\">Installazione rapida e sicura che si adatta perfettamente al vostro piano di lavoro<br data-start=\"1901\" data-end=\"1904\" \/>Se state ristrutturando o sostituendo un lavello, il design drop-in mantiene le cose semplici: un montaggio ordinato che sembra integrato senza un'installazione complicata.<\/p>\n<h3 data-start=\"2060\" data-end=\"2312\"><strong data-start=\"2060\" data-end=\"2094\">Materiali e finiture durevoli<\/strong><\/h3>\n<p data-start=\"2060\" data-end=\"2312\">Costruito con materiali di alta qualit\u00e0 per resistere alla vita quotidiana in cucina<br data-start=\"2171\" data-end=\"2174\" \/>Questo lavello \u00e8 stato realizzato per resistere alla ruggine, alle ammaccature e all'usura quotidiana, in modo che non sia solo bello da vedere il primo giorno, ma che regga anche quando lo si usa davvero.<\/p>\n<h3 data-start=\"2314\" data-end=\"2572\"><strong data-start=\"2314\" data-end=\"2346\">Assistenza post-vendita a vita<\/strong><\/h3>\n<p data-start=\"2314\" data-end=\"2572\">Sostenuti da un'assistenza continua e da un team di ricerca e sviluppo che continua a migliorare i dettagli<br data-start=\"2423\" data-end=\"2426\" \/>In caso di problemi, \u00e8 disponibile un aiuto concreto e un team che lavora dietro le quinte per perfezionare le piccole cose che contano di pi\u00f9 nell'uso quotidiano.<\/p>","protected":false},"excerpt":{"rendered":"<p>Aggiornate la vostra cucina con il lavello a doppia vasca, modello TDE3120. Dotato di due spaziose vasche da 357,5x410 mm e 230 mm di profondit\u00e0, questo lavello offre una funzionalit\u00e0 versatile che consente di svolgere pi\u00f9 attivit\u00e0. Gli angoli arrotondati e il drenaggio a X assicurano una pulizia facile e un flusso d'acqua efficiente. Con opzioni di spessore personalizzabili e assistenza a vita.<\/p>\n<p>Modello: TDE3120<br \/>\nDimensioni esterne: 800X520MM<br \/>\nDimensioni interne: 357,5X410MM<br \/>\nProfondit\u00e0: 230MM<br \/>\nSpessore: 0,95\/1,05\/1,2MM\/Personalizzare<br \/>\nImballaggio individuale Dimensioni: 850X570X290MM<br \/>\nPeso netto: 10KG<br \/>\nPeso lordo: 11,5 kg<\/p>","protected":false},"featured_media":695,"template":"","meta":{"_gspb_post_css":""},"product_brand":[],"product_cat":[19],"product_tag":[54],"class_list":{"0":"post-694","1":"product","2":"type-product","3":"status-publish","4":"has-post-thumbnail","6":"product_cat-topmount-sink","7":"product_tag-double-basin-sink-deep-bowl-sink-drop-in-installation","9":"first","10":"instock","11":"shipping-taxable","12":"product-type-simple"},"_links":{"self":[{"href":"https:\/\/jsd-sinks.com\/it\/wp-json\/wp\/v2\/product\/694","targetHints":{"allow":["GET"]}}],"collection":[{"href":"https:\/\/jsd-sinks.com\/it\/wp-json\/wp\/v2\/product"}],"about":[{"href":"https:\/\/jsd-sinks.com\/it\/wp-json\/wp\/v2\/types\/product"}],"wp:featuredmedia":[{"embeddable":true,"href":"https:\/\/jsd-sinks.com\/it\/wp-json\/wp\/v2\/media\/695"}],"wp:attachment":[{"href":"https:\/\/jsd-sinks.com\/it\/wp-json\/wp\/v2\/media?parent=694"}],"wp:term":[{"taxonomy":"product_brand","embeddable":true,"href":"https:\/\/jsd-sinks.com\/it\/wp-json\/wp\/v2\/product_brand?post=694"},{"taxonomy":"product_cat","embeddable":true,"href":"https:\/\/jsd-sinks.com\/it\/wp-json\/wp\/v2\/product_cat?post=694"},{"taxonomy":"product_tag","embeddable":true,"href":"https:\/\/jsd-sinks.com\/it\/wp-json\/wp\/v2\/product_tag?post=694"}],"curies":[{"name":"wp","href":"https:\/\/api.w.org\/{rel}","templated":true}]}}