{"id":681,"date":"2025-12-01T03:01:52","date_gmt":"2025-12-01T03:01:52","guid":{"rendered":"https:\/\/jsd-sinks.com\/?post_type=product&#038;p=681"},"modified":"2025-12-12T08:24:26","modified_gmt":"2025-12-12T08:24:26","slug":"compact-topmount-kitchen-sink-with-230mm-deep-basin","status":"publish","type":"product","link":"https:\/\/jsd-sinks.com\/it\/compact-topmount-kitchen-sink-with-230mm-deep-basin\/","title":{"rendered":"Lavello compatto da incasso con bacino profondo 230 mm JSD DW5848"},"content":{"rendered":"<h2 data-start=\"223\" data-end=\"353\"><strong data-start=\"223\" data-end=\"269\">Lavello topmount DW5848<\/strong><\/h2>\n<h3 data-start=\"223\" data-end=\"353\"><strong data-start=\"272\" data-end=\"353\">Un lavello compatto da montare in alto con una vasca profonda che sembra pi\u00f9 grande del suo ingombro<\/strong><\/h3>\n<p data-start=\"355\" data-end=\"612\">Questo lavello \u00e8 stato creato per le cucine che devono lavorare sodo in uno spazio ridotto. \u00c8 il tipo di lavello che apprezzerete quando dovrete destreggiarvi tra una casseruola, una pila di piatti e una ricetta che vi \u00e8 sfuggita: spazioso dove serve e ordinato dove \u00e8 necessario.<\/p>\n<p><img decoding=\"async\" class=\"size-medium wp-image-1149\" src=\"https:\/\/jsd-sinks.com\/wp-content\/uploads\/2025\/12\/topmount-kitchen-sink-3-1-300x300.jpg\" alt=\"Lavello da cucina compatto a montaggio superiore\" width=\"300\" height=\"300\" title=\"\" srcset=\"https:\/\/jsd-sinks.com\/wp-content\/uploads\/2025\/12\/topmount-kitchen-sink-3-1-300x300.jpg 300w, https:\/\/jsd-sinks.com\/wp-content\/uploads\/2025\/12\/topmount-kitchen-sink-3-1-100x100.jpg 100w, https:\/\/jsd-sinks.com\/wp-content\/uploads\/2025\/12\/topmount-kitchen-sink-3-1-600x600.jpg 600w, https:\/\/jsd-sinks.com\/wp-content\/uploads\/2025\/12\/topmount-kitchen-sink-3-1-500x500.jpg 500w, https:\/\/jsd-sinks.com\/wp-content\/uploads\/2025\/12\/topmount-kitchen-sink-3-1-150x150.jpg 150w, https:\/\/jsd-sinks.com\/wp-content\/uploads\/2025\/12\/topmount-kitchen-sink-3-1-768x768.jpg 768w, https:\/\/jsd-sinks.com\/wp-content\/uploads\/2025\/12\/topmount-kitchen-sink-3-1-12x12.jpg 12w, https:\/\/jsd-sinks.com\/wp-content\/uploads\/2025\/12\/topmount-kitchen-sink-3-1.jpg 800w\" sizes=\"(max-width: 300px) 100vw, 300px\" \/><\/p>\n<h3 data-start=\"619\" data-end=\"984\"><strong data-start=\"619\" data-end=\"641\">Vasca profonda e spaziosa<\/strong><\/h3>\n<p data-start=\"619\" data-end=\"984\">Vasca da 530 x 335 mm con profondit\u00e0 di 230 mm per adattarsi a vasi di grandi dimensioni e ridurre gli schizzi<br data-start=\"722\" data-end=\"725\" \/>Noterete la profondit\u00e0 la prima volta che farete scorrere una pentola piena all'interno: niente inclinazioni scomode, meno gocce sul bancone e meno schizzi sulle maniche. \u00c8 un vero lusso per la cucina di piccole dimensioni: abbastanza grande per i grandi lavori, abbastanza compatto per adattarsi agli spazi ristretti.<\/p>\n<h3 data-start=\"991\" data-end=\"1347\"><strong data-start=\"991\" data-end=\"1025\">Scanalature di drenaggio intelligenti a forma di X<\/strong><\/h3>\n<p data-start=\"991\" data-end=\"1347\">Le scanalature ingegnerizzate incanalano l'acqua verso lo scarico standard da 3,5 pollici per evitare il ristagno.<br data-start=\"1118\" data-end=\"1121\" \/>Non si tratta di ingegneria appariscente, ma di ingegneria ponderata. Le scanalature allontanano l'acqua, in modo che il lavello si asciughi pi\u00f9 velocemente e abbia un odore pi\u00f9 fresco. Dopo una lunga cottura o una cena, questa piccola efficienza semplifica notevolmente le operazioni di pulizia.<\/p>\n<h3 data-start=\"1354\" data-end=\"1636\"><strong data-start=\"1354\" data-end=\"1379\">Design ad angolo arrotondato<\/strong><\/h3>\n<p>I moderni angoli arrotondati rendono pi\u00f9 veloce la pulizia e riducono la sporcizia nascosta<br data-start=\"1458\" data-end=\"1461\" \/>Gli angoli arrotondati sono una di quelle piccole scelte di design che fanno risparmiare olio di gomito. Pulite con una spugna e il gioco \u00e8 fatto: non ci sono fessure strette in cui si nascondono briciole e sporcizia.<\/p>\n<h3 data-start=\"1643\" data-end=\"1962\"><strong data-start=\"1643\" data-end=\"1677\">Opzioni di spessore personalizzabili<\/strong><\/h3>\n<p data-start=\"1643\" data-end=\"1962\">Scegliete tra 0,95 mm e 1,2 mm per adattarvi alla sensazione e al budget che desiderate.<br data-start=\"1749\" data-end=\"1752\" \/>Volete un lavello pi\u00f9 leggero ed economico? Scegliete un calibro pi\u00f9 sottile. Volete qualcosa di pi\u00f9 silenzioso e pesante che attutisca il rumore? Scegliete uno spessore maggiore. In ogni caso, la costruzione in acciaio inox garantisce prestazioni di lunga durata.<\/p>\n<h3 data-start=\"1969\" data-end=\"2261\"><strong data-start=\"1969\" data-end=\"2008\">Installazione dall'alto per un montaggio rapido<\/strong><\/h3>\n<p data-start=\"1969\" data-end=\"2261\">Il facile design per il montaggio dall'alto garantisce un'installazione sicura e semplice<br data-start=\"2082\" data-end=\"2085\" \/>Se state ristrutturando o montando un secondo lavello, lo stile topmount semplifica l'installazione: il lavello si inserisce e si sigilla in modo ordinato, offrendo un bordo pulito dove il bancone incontra la vasca.<\/p>\n<h3 data-start=\"2268\" data-end=\"2581\"><strong data-start=\"2268\" data-end=\"2304\">Costruzione e supporto durevoli<\/strong><\/h3>\n<p data-start=\"2268\" data-end=\"2581\">Materiali di alta qualit\u00e0 sostenuti da un servizio post-vendita a vita e dal supporto di R&amp;S<br data-start=\"2388\" data-end=\"2391\" \/>Questo lavello non \u00e8 solo progettato per durare, ma \u00e8 anche supportato. L'assistenza post-vendita a vita e un team di ricerca e sviluppo dedicato garantiscono un prodotto solido e un'assistenza reale in caso di necessit\u00e0.<\/p>","protected":false},"excerpt":{"rendered":"<p>Scoprite il lavello topmount DW5848, la soluzione compatta perfetta per le cucine moderne. Con una vasca di 530x335 mm e una profondit\u00e0 di 230 mm, scanalature di drenaggio a X e angoli arrotondati per una facile pulizia. Realizzato con materiali di prima qualit\u00e0 e con opzioni di spessore personalizzabili (0,95-1,2 mm). La facilit\u00e0 di installazione e il servizio di assistenza a vita ne fanno una scelta ideale per le cucine con poco spazio.<\/p>\n<p>Modello: DW5848<br \/>\nDimensioni esterne: 580X480MM<br \/>\nDimensioni interne: 530X335MM<br \/>\nProfondit\u00e0: 230MM<br \/>\nSpessore: 0,95\/1,05\/1,2MM\/Personalizzare<br \/>\nImballaggio individuale Dimensioni: 630X530X290MM<br \/>\nPeso netto: 4,5 kg<br \/>\nPeso lordo: 6KG<\/p>","protected":false},"featured_media":682,"template":"","meta":{"_gspb_post_css":""},"product_brand":[],"product_cat":[19],"product_tag":[52],"class_list":{"0":"post-681","1":"product","2":"type-product","3":"status-publish","4":"has-post-thumbnail","6":"product_cat-topmount-sink","7":"product_tag-topmount-sink-deep-basin-space-saving","9":"first","10":"instock","11":"shipping-taxable","12":"product-type-simple"},"_links":{"self":[{"href":"https:\/\/jsd-sinks.com\/it\/wp-json\/wp\/v2\/product\/681","targetHints":{"allow":["GET"]}}],"collection":[{"href":"https:\/\/jsd-sinks.com\/it\/wp-json\/wp\/v2\/product"}],"about":[{"href":"https:\/\/jsd-sinks.com\/it\/wp-json\/wp\/v2\/types\/product"}],"wp:featuredmedia":[{"embeddable":true,"href":"https:\/\/jsd-sinks.com\/it\/wp-json\/wp\/v2\/media\/682"}],"wp:attachment":[{"href":"https:\/\/jsd-sinks.com\/it\/wp-json\/wp\/v2\/media?parent=681"}],"wp:term":[{"taxonomy":"product_brand","embeddable":true,"href":"https:\/\/jsd-sinks.com\/it\/wp-json\/wp\/v2\/product_brand?post=681"},{"taxonomy":"product_cat","embeddable":true,"href":"https:\/\/jsd-sinks.com\/it\/wp-json\/wp\/v2\/product_cat?post=681"},{"taxonomy":"product_tag","embeddable":true,"href":"https:\/\/jsd-sinks.com\/it\/wp-json\/wp\/v2\/product_tag?post=681"}],"curies":[{"name":"wp","href":"https:\/\/api.w.org\/{rel}","templated":true}]}}