{"id":644,"date":"2025-11-29T07:52:52","date_gmt":"2025-11-29T07:52:52","guid":{"rendered":"https:\/\/jsd-sinks.com\/?post_type=product&#038;p=644"},"modified":"2025-12-10T02:30:19","modified_gmt":"2025-12-10T02:30:19","slug":"durable-304-stainless-steel-sink-multiple-thickness","status":"publish","type":"product","link":"https:\/\/jsd-sinks.com\/it\/durable-304-stainless-steel-sink-multiple-thickness\/","title":{"rendered":"Lavello durevole in acciaio inox 304 - Opzioni di spessore e finitura multipli WUS3019"},"content":{"rendered":"<h2 data-start=\"316\" data-end=\"384\">Lavello in acciaio inox 304 - Realizzato per le cucine reali, per la vita reale<\/h2>\n<h3 data-start=\"386\" data-end=\"428\"><strong data-start=\"386\" data-end=\"428\">Realizzato per cucine reali, per una vita reale<\/strong><\/h3>\n<p data-start=\"430\" data-end=\"776\">Questo lavello \u00e8 costruito per chi cucina, pulisce, intrattiene e vive in cucina. Realizzato in vero acciaio inox SUS304, offre il tipo di resistenza e affidabilit\u00e0 che si percepisce appena si passa la mano sulla superficie. \u00c8 robusto, liscio e in grado di gestire il caos dell'uso quotidiano senza perdere il suo aspetto pulito e moderno.<\/p>\n<p data-start=\"778\" data-end=\"1154\">La vasca misura 711 \u00d7 432 mm, offrendo uno spazio di lavoro generoso sia che si tratti di sciacquare le verdure per la cena, sia che si tratti di mettere in ammollo una pentola dopo una grande cena in famiglia. La profondit\u00e0 di 230 mm consente di tenere sotto controllo gli schizzi e di maneggiare con facilit\u00e0 pentole ingombranti senza sentirsi stretti. \u00c8 il tipo di profondit\u00e0 che sembra naturale: n\u00e9 troppo bassa, n\u00e9 troppo profonda, giusta per la routine quotidiana.<\/p>\n<p><img decoding=\"async\" class=\"size-medium wp-image-1162\" src=\"https:\/\/jsd-sinks.com\/wp-content\/uploads\/2025\/11\/\u672a\u547d\u540d1-300x300.jpg\" alt=\"Lavello in acciaio inox 304\" width=\"300\" height=\"300\" title=\"\" srcset=\"https:\/\/jsd-sinks.com\/wp-content\/uploads\/2025\/11\/\u672a\u547d\u540d1-300x300.jpg 300w, https:\/\/jsd-sinks.com\/wp-content\/uploads\/2025\/11\/\u672a\u547d\u540d1-100x100.jpg 100w, https:\/\/jsd-sinks.com\/wp-content\/uploads\/2025\/11\/\u672a\u547d\u540d1-600x599.jpg 600w, https:\/\/jsd-sinks.com\/wp-content\/uploads\/2025\/11\/\u672a\u547d\u540d1-500x499.jpg 500w, https:\/\/jsd-sinks.com\/wp-content\/uploads\/2025\/11\/\u672a\u547d\u540d1-150x150.jpg 150w, https:\/\/jsd-sinks.com\/wp-content\/uploads\/2025\/11\/\u672a\u547d\u540d1-768x767.jpg 768w, https:\/\/jsd-sinks.com\/wp-content\/uploads\/2025\/11\/\u672a\u547d\u540d1-12x12.jpg 12w, https:\/\/jsd-sinks.com\/wp-content\/uploads\/2025\/11\/\u672a\u547d\u540d1.jpg 802w\" sizes=\"(max-width: 300px) 100vw, 300px\" \/><\/p>\n<h3 data-start=\"1156\" data-end=\"1206\"><strong data-start=\"1156\" data-end=\"1206\">Dettagli ponderati che fanno davvero la differenza<\/strong><\/h3>\n<p data-start=\"1208\" data-end=\"1628\">Una delle caratteristiche pi\u00f9 soddisfacenti \u00e8 il sistema di drenaggio a X. Invece di trattenere l'acqua nella vasca, le scanalature la guidano delicatamente verso lo scarico da 3,5 pollici, mantenendo la superficie del lavello asciutta e pulita. \u00c8 un piccolo dettaglio che migliora silenziosamente l'esperienza in cucina. Gli angoli smussati e arrotondati conferiscono al lavello una personalit\u00e0 moderna e rendono la pulizia quasi impossibile: niente angoli stretti o sporcizia ostinata.<\/p>\n<h3 data-start=\"1630\" data-end=\"1671\"><strong data-start=\"1630\" data-end=\"1671\">Costruito a modo vostro, non in taglia unica<\/strong><\/h3>\n<p data-start=\"1673\" data-end=\"2068\">Potete scegliere lo spessore che preferite, da 0,95 mm a 1,35 mm. Se desiderate un lavello un po' pi\u00f9 pesante e sostanzioso, potete averlo. Se invece preferite qualcosa di pi\u00f9 leggero ma affidabile, c'\u00e8 anche questa opzione. Le opzioni di finitura - Brushed, Nano Black, Matte Black, Gun Grey e Gold - consentono di abbinare il lavello al carattere della casa, non il contrario.<\/p>\n<p data-start=\"2070\" data-end=\"2329\">Ogni pezzo viene testato, controllato e perfezionato dal nostro team prima di arrivare nella vostra cucina. Grazie all'assistenza post-vendita a vita e a un team di ricerca e sviluppo dedicato, non si acquista solo un lavello, ma si investe in anni di fiducia e comfort.<\/p>\n<h3 data-start=\"2331\" data-end=\"2370\"><strong data-start=\"2331\" data-end=\"2370\">Un lavello che lavora tanto quanto voi<\/strong><\/h3>\n<p data-start=\"2372\" data-end=\"2608\">Questo lavello in acciaio inox 304 \u00e8 stato progettato per essere pi\u00f9 di un semplice spazio di servizio. \u00c8 stato concepito per essere intuitivo, resistente e affidabile: una parte della cucina che supporta tranquillamente ogni pasto, ogni pulizia e ogni momento trascorso intorno ad esso.<\/p>","protected":false},"excerpt":{"rendered":"<p>Scoprite il nostro lavello in acciaio inox 304 di prima qualit\u00e0, sapientemente realizzato per garantire durata e funzionalit\u00e0. Caratterizzato da una spaziosa vasca di 711x432 mm con profondit\u00e0 di 230 mm, scanalature di drenaggio a X e angoli arrotondati per una facile pulizia. Disponibile in diverse opzioni di spessore e finiture, tra cui spazzolato, nero nano e oro. Con il supporto del servizio clienti a vita: la miscela perfetta di qualit\u00e0 e prestazioni per la vostra cucina.<\/p>\n<p>Modello: WUS3019<br \/>\nDimensioni esterne: 762X482MM<br \/>\nDimensioni interne: 711X432MM<br \/>\nProfondit\u00e0: 230MM<br \/>\nMateriale: SUS201\/SUS304\/SUS316<br \/>\nSpessore: 0,95\/1,05\/1,15\/1,35MM\/personalizzabile<br \/>\nFinitura della superficie: spazzola\/nero nano\/nero opaco\/grigio fucile\/oro<br \/>\nMOQ: 5-10PCS<br \/>\nImballaggio individuale: 812X532X290MM<br \/>\nPeso netto: 7,5 kg<br \/>\nPeso lordo: 9 kg<\/p>","protected":false},"featured_media":645,"template":"","meta":{"_gspb_post_css":""},"product_brand":[],"product_cat":[18],"product_tag":[48],"class_list":{"0":"post-644","1":"product","2":"type-product","3":"status-publish","4":"has-post-thumbnail","6":"product_cat-workstation-sink","7":"product_tag-304-stainless-steel-kitchen-sink-premium-finish","9":"first","10":"instock","11":"shipping-taxable","12":"product-type-simple"},"_links":{"self":[{"href":"https:\/\/jsd-sinks.com\/it\/wp-json\/wp\/v2\/product\/644","targetHints":{"allow":["GET"]}}],"collection":[{"href":"https:\/\/jsd-sinks.com\/it\/wp-json\/wp\/v2\/product"}],"about":[{"href":"https:\/\/jsd-sinks.com\/it\/wp-json\/wp\/v2\/types\/product"}],"wp:featuredmedia":[{"embeddable":true,"href":"https:\/\/jsd-sinks.com\/it\/wp-json\/wp\/v2\/media\/645"}],"wp:attachment":[{"href":"https:\/\/jsd-sinks.com\/it\/wp-json\/wp\/v2\/media?parent=644"}],"wp:term":[{"taxonomy":"product_brand","embeddable":true,"href":"https:\/\/jsd-sinks.com\/it\/wp-json\/wp\/v2\/product_brand?post=644"},{"taxonomy":"product_cat","embeddable":true,"href":"https:\/\/jsd-sinks.com\/it\/wp-json\/wp\/v2\/product_cat?post=644"},{"taxonomy":"product_tag","embeddable":true,"href":"https:\/\/jsd-sinks.com\/it\/wp-json\/wp\/v2\/product_tag?post=644"}],"curies":[{"name":"wp","href":"https:\/\/api.w.org\/{rel}","templated":true}]}}