{"id":635,"date":"2025-11-29T07:31:52","date_gmt":"2025-11-29T07:31:52","guid":{"rendered":"https:\/\/jsd-sinks.com\/?post_type=product&#038;p=635"},"modified":"2025-12-10T02:21:59","modified_gmt":"2025-12-10T02:21:59","slug":"space-saving-27-inch-kitchen-sink-with-deep-basin","status":"publish","type":"product","link":"https:\/\/jsd-sinks.com\/it\/space-saving-27-inch-kitchen-sink-with-deep-basin\/","title":{"rendered":"Lavello salvaspazio da 27 pollici con bacino profondo 230 mm WUS2719"},"content":{"rendered":"<h2 data-start=\"463\" data-end=\"489\"><strong data-start=\"465\" data-end=\"489\">Lavello da 27 pollici<\/strong><\/h2>\n<h3 data-start=\"491\" data-end=\"541\"><strong data-start=\"494\" data-end=\"539\">Dimensioni compatte con una grande praticit\u00e0<\/strong><\/h3>\n<p data-start=\"542\" data-end=\"894\">\u00c8 sorprendente la differenza che pu\u00f2 fare un lavello ben progettato, soprattutto in una cucina piccola. Il nostro lavello da 27 pollici \u00e8 stato creato per chi non dispone di uno spazio infinito sul piano di lavoro, ma vuole comunque qualcosa di comodo per cucinare ogni giorno. Invece di sembrare \u201cpiccolo\u201d, sembra intelligente, come se sapesse come vengono utilizzate le cucine.<\/p>\n<h3 data-start=\"896\" data-end=\"943\"><strong data-start=\"899\" data-end=\"941\">Profondit\u00e0 generosa della ciotola che fa davvero la differenza<\/strong><\/h3>\n<p data-start=\"944\" data-end=\"1345\">Anche se le dimensioni complessive sono di soli 685x482 mm, la vasca \u00e8 spaziosa con 635x432 mm e la profondit\u00e0 \u00e8 di ben 230 mm.<br data-start=\"1067\" data-end=\"1070\" \/>La profondit\u00e0 \u00e8 la prima cosa che si nota. \u00c8 possibile sciacquare una pentola alta senza schizzare l'acqua dappertutto, e le teglie da forno finalmente stanno in piano invece di sporgere per met\u00e0 dalla vasca. Per un lavello cos\u00ec compatto \u00e8 una cosa rara e, onestamente, fa sembrare l'intera cucina pi\u00f9 capace.<\/p>\n<p><img decoding=\"async\" class=\"size-medium wp-image-1160\" src=\"https:\/\/jsd-sinks.com\/wp-content\/uploads\/2025\/11\/121-1-300x300.jpg\" alt=\"Lavello da 27 pollici\" width=\"300\" height=\"300\" title=\"\" srcset=\"https:\/\/jsd-sinks.com\/wp-content\/uploads\/2025\/11\/121-1-300x300.jpg 300w, https:\/\/jsd-sinks.com\/wp-content\/uploads\/2025\/11\/121-1-100x100.jpg 100w, https:\/\/jsd-sinks.com\/wp-content\/uploads\/2025\/11\/121-1-600x600.jpg 600w, https:\/\/jsd-sinks.com\/wp-content\/uploads\/2025\/11\/121-1-500x500.jpg 500w, https:\/\/jsd-sinks.com\/wp-content\/uploads\/2025\/11\/121-1-150x150.jpg 150w, https:\/\/jsd-sinks.com\/wp-content\/uploads\/2025\/11\/121-1-768x768.jpg 768w, https:\/\/jsd-sinks.com\/wp-content\/uploads\/2025\/11\/121-1-12x12.jpg 12w, https:\/\/jsd-sinks.com\/wp-content\/uploads\/2025\/11\/121-1.jpg 800w\" sizes=\"(max-width: 300px) 100vw, 300px\" \/><\/p>\n<h3 data-start=\"1347\" data-end=\"1398\"><strong data-start=\"1350\" data-end=\"1396\">Costruito in affidabile acciaio inox SUS304<\/strong><\/h3>\n<p data-start=\"1399\" data-end=\"1778\">Il corpo del lavello ha la stessa sensazione di robustezza dei modelli pi\u00f9 grandi perch\u00e9 utilizza l'acciaio inox SUS304, non il materiale pi\u00f9 sottile e sottile che si trova talvolta nei lavelli compatti. A seconda delle vostre preferenze, potete scegliere spessori da 0,95 mm a 1,35 mm.<br data-start=\"1646\" data-end=\"1649\" \/>Anche se si cucina tutti i giorni, la superficie resiste bene e non ci si deve preoccupare di ruggine o scolorimento nel tempo.<\/p>\n<h3 data-start=\"1780\" data-end=\"1815\"><strong data-start=\"1783\" data-end=\"1813\">Angoli arrotondati facili da pulire<\/strong><\/h3>\n<p data-start=\"1816\" data-end=\"2052\">Gli angoli sono arrotondati in modo pratico, non decorativo. Quando si pulisce il lavello alla fine della giornata, non si finisce per cacciare la sporcizia in angoli stretti. \u00c8 una piccola scelta di design che vi risparmia frustrazioni ogni sera.<\/p>\n<h3 data-start=\"2054\" data-end=\"2092\"><strong data-start=\"2057\" data-end=\"2090\">Sistema di drenaggio intelligente X-Shape<\/strong><\/h3>\n<p data-start=\"2093\" data-end=\"2377\">Le scanalature di drenaggio non sono solo linee visive, ma aiutano davvero l'acqua a muoversi pi\u00f9 velocemente verso lo scarico. Vedrete la differenza dopo aver lavato i piatti o pulito le verdure: il fondo si asciuga senza lasciare pozzanghere, mantenendo la cucina pi\u00f9 pulita e bloccando i cattivi odori prima che si formino.<\/p>\n<h3 data-start=\"2379\" data-end=\"2426\"><strong data-start=\"2382\" data-end=\"2424\">Finiture che si adattano al vostro stile<\/strong><\/h3>\n<p data-start=\"2427\" data-end=\"2750\">Se la vostra cucina \u00e8 luminosa, moderna, minimalista o calda e accogliente, c'\u00e8 una finitura che fa al caso vostro. Potete scegliere tra spazzolato, nero nano, nero opaco, grigio canna di fucile e persino oro, se volete osare.<br data-start=\"2624\" data-end=\"2627\" \/>Anche in una cucina piccola, il lavello diventa un'ancora visiva, un piccolo momento di design che migliora immediatamente l'intero spazio.<\/p>\n<h3 data-start=\"2752\" data-end=\"2813\"><strong data-start=\"2755\" data-end=\"2811\">Progettato per cucine piccole, senza sentirsi piccoli<\/strong><\/h3>\n<p data-start=\"2814\" data-end=\"3126\">Appartamenti, camper, case minuscole, condomini compatti: spazi come questi spesso costringono a scendere a compromessi. Questo lavello non lo fa.<br data-start=\"2927\" data-end=\"2930\" \/>Sulla carta pu\u00f2 essere piccola, ma nell'uso quotidiano sembra una ciotola di dimensioni normali che si adatta a spazi pi\u00f9 ristretti. \u00c8 uno di quei rari oggetti che si meritano davvero la parola \u201cefficiente\u201d.\u201d<\/p>\n<h3 data-start=\"3128\" data-end=\"3160\"><strong data-start=\"3131\" data-end=\"3158\">Un supporto su cui contare<\/strong><\/h3>\n<p data-start=\"3161\" data-end=\"3403\">Oltre alla qualit\u00e0 costruttiva, avrete a disposizione un'assistenza post-vendita a vita e il supporto di un team che conosce davvero l'ingegneria alla base del prodotto. Se avete gi\u00e0 installato un lavello economico, capirete subito perch\u00e9 questo \u00e8 importante.<\/p>","protected":false},"excerpt":{"rendered":"<p>Ecco il lavello da cucina da 27 pollici a ingombro ridotto che non scende a compromessi con la funzionalit\u00e0. Questo lavello da 685 mm presenta una vasca sorprendentemente profonda di 230 mm con efficienti scanalature di drenaggio a X e angoli arrotondati per una facile pulizia. Realizzato in pregiato acciaio inox SUS304 con diverse opzioni di spessore e finitura, \u00e8 la soluzione compatta perfetta per cucine piccole, appartamenti e spazi accoglienti dove l'efficienza \u00e8 fondamentale.<\/p>\n<p>Modello: WUS2719<br \/>\nDimensioni esterne: 685X482MM<br \/>\nDimensioni interne: 635X432MM<br \/>\nProfondit\u00e0: 230MM<br \/>\nMateriale: SUS201\/SUS304\/SUS316<br \/>\nSpessore: 0,95\/1,05\/1,15\/1,35MM\/personalizzabile<br \/>\nFinitura della superficie: spazzola\/nero nano\/nero opaco\/grigio fucile\/oro<br \/>\nMOQ: 5-10PCS<br \/>\nImballaggio individuale: 735X532X290MM<br \/>\nPeso netto: 7KG<br \/>\nPeso lordo: 8,5 kg<\/p>","protected":false},"featured_media":636,"template":"","meta":{"_gspb_post_css":""},"product_brand":[],"product_cat":[18],"product_tag":[47],"class_list":{"0":"post-635","1":"product","2":"type-product","3":"status-publish","4":"has-post-thumbnail","6":"product_cat-workstation-sink","7":"product_tag-compact-sink-small-kitchen-stainless-steel-sink","9":"first","10":"instock","11":"shipping-taxable","12":"product-type-simple"},"_links":{"self":[{"href":"https:\/\/jsd-sinks.com\/it\/wp-json\/wp\/v2\/product\/635","targetHints":{"allow":["GET"]}}],"collection":[{"href":"https:\/\/jsd-sinks.com\/it\/wp-json\/wp\/v2\/product"}],"about":[{"href":"https:\/\/jsd-sinks.com\/it\/wp-json\/wp\/v2\/types\/product"}],"wp:featuredmedia":[{"embeddable":true,"href":"https:\/\/jsd-sinks.com\/it\/wp-json\/wp\/v2\/media\/636"}],"wp:attachment":[{"href":"https:\/\/jsd-sinks.com\/it\/wp-json\/wp\/v2\/media?parent=635"}],"wp:term":[{"taxonomy":"product_brand","embeddable":true,"href":"https:\/\/jsd-sinks.com\/it\/wp-json\/wp\/v2\/product_brand?post=635"},{"taxonomy":"product_cat","embeddable":true,"href":"https:\/\/jsd-sinks.com\/it\/wp-json\/wp\/v2\/product_cat?post=635"},{"taxonomy":"product_tag","embeddable":true,"href":"https:\/\/jsd-sinks.com\/it\/wp-json\/wp\/v2\/product_tag?post=635"}],"curies":[{"name":"wp","href":"https:\/\/api.w.org\/{rel}","templated":true}]}}