{"id":626,"date":"2025-11-29T07:12:11","date_gmt":"2025-11-29T07:12:11","guid":{"rendered":"https:\/\/jsd-sinks.com\/?post_type=product&#038;p=626"},"modified":"2025-12-12T07:32:49","modified_gmt":"2025-12-12T07:32:49","slug":"33-inch-workstation-sink-with-customizable-thickness","status":"publish","type":"product","link":"https:\/\/jsd-sinks.com\/it\/33-inch-workstation-sink-with-customizable-thickness\/","title":{"rendered":"Lavello per postazione di lavoro Premium da 33 pollici con opzioni di spessore personalizzabili UTS3219"},"content":{"rendered":"<h2 data-start=\"231\" data-end=\"360\"><strong data-start=\"231\" data-end=\"281\">Lavello per postazione di lavoro da 33 pollici<\/strong><\/h2>\n<p data-start=\"231\" data-end=\"360\"><strong data-start=\"284\" data-end=\"360\">Trasformate la vostra cucina in uno spazio altamente organizzato e funzionale.<\/strong><\/p>\n<h3 data-start=\"362\" data-end=\"802\"><strong data-start=\"362\" data-end=\"394\">Bordo della postazione di lavoro integrato<\/strong><\/h3>\n<p data-start=\"362\" data-end=\"802\">Una sponda stabile permette di far scorrere taglieri e accessori attraverso il lavello<br data-start=\"477\" data-end=\"480\" \/>Far scorrere una tavola, appoggiare un colino o appoggiare una ciotola sulla sporgenza trasforma il lavello in una piccola postazione di lavoro mirata. Invece di dover fare i conti con un tagliere bagnato sul bancone, tutto rimane in un unico posto e scola direttamente nel lavello. \u00c8 il tipo di piccolo cambiamento che fa risparmiare minuti e molte seccature.<\/p>\n<h3 data-start=\"804\" data-end=\"1109\"><strong data-start=\"804\" data-end=\"823\">Bacino principale profondo<\/strong><\/h3>\n<p data-start=\"804\" data-end=\"1109\">Un bacino profondo 230 mm lascia spazio a vasi di grandi dimensioni e riduce gli schizzi<br data-start=\"898\" data-end=\"901\" \/>Quando si affonda una pentola o si sciacqua una teglia, la profondit\u00e0 mantiene l'acqua al suo posto. \u00c8 pi\u00f9 facile lavare una pentola alta senza che si rovesci e si noteranno meno gocce sul piano di lavoro dopo il risciacquo.<\/p>\n<p><img decoding=\"async\" class=\"size-medium wp-image-1159\" src=\"https:\/\/jsd-sinks.com\/wp-content\/uploads\/2025\/11\/121-300x300.jpg\" alt=\"Lavello per postazione di lavoro da 33 pollici\" width=\"300\" height=\"300\" title=\"\" srcset=\"https:\/\/jsd-sinks.com\/wp-content\/uploads\/2025\/11\/121-300x300.jpg 300w, https:\/\/jsd-sinks.com\/wp-content\/uploads\/2025\/11\/121-100x100.jpg 100w, https:\/\/jsd-sinks.com\/wp-content\/uploads\/2025\/11\/121-600x600.jpg 600w, https:\/\/jsd-sinks.com\/wp-content\/uploads\/2025\/11\/121-500x500.jpg 500w, https:\/\/jsd-sinks.com\/wp-content\/uploads\/2025\/11\/121-150x150.jpg 150w, https:\/\/jsd-sinks.com\/wp-content\/uploads\/2025\/11\/121-768x768.jpg 768w, https:\/\/jsd-sinks.com\/wp-content\/uploads\/2025\/11\/121-12x12.jpg 12w, https:\/\/jsd-sinks.com\/wp-content\/uploads\/2025\/11\/121.jpg 800w\" sizes=\"(max-width: 300px) 100vw, 300px\" \/><\/p>\n<h3 data-start=\"1111\" data-end=\"1459\"><strong data-start=\"1111\" data-end=\"1142\">Costruzione resistente SUS304<\/strong><\/h3>\n<p data-start=\"1111\" data-end=\"1459\">Acciaio inox premium con opzioni di spessore da 0,95 mm a 1,2 mm<br data-start=\"1216\" data-end=\"1219\" \/>Si tratta di metallo da cucina che si sente solido sotto le mani. Scegliete un calibro pi\u00f9 sottile se siete attenti al budget o uno pi\u00f9 spesso se preferite una sensazione pi\u00f9 pesante e silenziosa. In ogni caso, il SUS304 resiste alla ruggine e agli urti quotidiani e al vapore.<\/p>\n<h3 data-start=\"1461\" data-end=\"1779\"><strong data-start=\"1461\" data-end=\"1487\">Angoli arrotondati moderni<\/strong><\/h3>\n<p data-start=\"1461\" data-end=\"1779\">Gli angoli arrotondati rendono veloce la pulizia e riducono la sporcizia nascosta<br data-start=\"1555\" data-end=\"1558\" \/>Lo spazzolino non deve sfregare negli angoli stretti: i bordi arrotondati si puliscono facilmente. \u00c8 uno di quei dettagli pratici che si apprezzano solo quando si pulisce il lavandino per la prima volta e ci si rende conto di quanto sia necessario meno olio di gomito.<\/p>\n<h3 data-start=\"1781\" data-end=\"2111\"><strong data-start=\"1781\" data-end=\"1815\">Scanalature di drenaggio intelligenti a forma di X<\/strong><\/h3>\n<p data-start=\"1781\" data-end=\"2111\">Le scanalature ingegnerizzate guidano l'acqua verso lo scarico standard da 3,5 pollici per evitare il ristagno.<br data-start=\"1906\" data-end=\"1909\" \/>Le scanalature attirano l'acqua verso lo scarico e la fanno sparire pi\u00f9 rapidamente. Dopo un'intensa sessione di cottura, si noter\u00e0 meno acqua stagnante e meno punti da asciugare: un piccolo accorgimento con un notevole guadagno.<\/p>\n<h3 data-start=\"2113\" data-end=\"2400\"><strong data-start=\"2113\" data-end=\"2154\">Drenaggio di precisione e finitura resistente<\/strong><\/h3>\n<p data-start=\"2113\" data-end=\"2400\">Pendenza calibrata del drenaggio e trattamenti superficiali progettati per durare nel tempo<br data-start=\"2223\" data-end=\"2226\" \/>La pendenza e il trattamento della superficie funzionano insieme: l'acqua scorre dove deve scorrere e la finitura resiste a graffi e macchie, in modo che il lavello mantenga un aspetto gradevole anche con l'uso regolare.<\/p>\n<p data-start=\"2402\" data-end=\"2658\"><strong data-start=\"2402\" data-end=\"2450\">Supporto post-vendita a vita e sostegno alla ricerca e sviluppo<\/strong><br data-start=\"2450\" data-end=\"2453\" \/>L'assistenza continua e il supporto tecnico vi danno fiducia nel tempo<br data-start=\"2524\" data-end=\"2527\" \/>In caso di problemi, il prodotto \u00e8 supportato da un'assistenza reale e da un team che migliora il design in modo che le versioni future siano sempre migliori.<\/p>","protected":false},"excerpt":{"rendered":"<p>Ecco il lavello Workstation da 33 pollici, il vostro compagno di cucina per eccellenza. Dotato di una sporgenza per accessori incorporata, questo lavello da 838 mm offre una spaziosa vasca profonda 230 mm con drenaggio a X e angoli arrotondati. Realizzato in pregiato acciaio inox SUS304 con diverse opzioni di spessore, integra perfettamente la preparazione dei cibi, il lavaggio e l'asciugatura in un unico spazio di lavoro efficiente. Perfetto per le cucine moderne che cercano stile e funzionalit\u00e0.<\/p>\n<p>Modello: UTS3219<br \/>\nDimensioni esterne: 818X482MM<br \/>\nDimensioni interne: 762X432MM<br \/>\nProfondit\u00e0: 230MM<br \/>\nMateriale: SUS201\/SUS304\/SUS316<br \/>\nSpessore: 0,95\/1,05\/1,15\/1,35MM\/personalizzabile<br \/>\nFinitura della superficie: spazzola\/nero nano\/nero opaco\/grigio fucile\/oro<br \/>\nMOQ: 5-10PCS<br \/>\nImballaggio individuale: 868X532X290MM<br \/>\nPeso netto: 8KG<br \/>\nPeso lordo: 9,5 kg<\/p>","protected":false},"featured_media":1230,"template":"","meta":{"_gspb_post_css":""},"product_brand":[],"product_cat":[18],"product_tag":[46],"class_list":{"0":"post-626","1":"product","2":"type-product","3":"status-publish","4":"has-post-thumbnail","6":"product_cat-workstation-sink","7":"product_tag-workstation-sink-integrated-accessory-ledge-compact-kitchen-sink","9":"first","10":"instock","11":"shipping-taxable","12":"product-type-simple"},"_links":{"self":[{"href":"https:\/\/jsd-sinks.com\/it\/wp-json\/wp\/v2\/product\/626","targetHints":{"allow":["GET"]}}],"collection":[{"href":"https:\/\/jsd-sinks.com\/it\/wp-json\/wp\/v2\/product"}],"about":[{"href":"https:\/\/jsd-sinks.com\/it\/wp-json\/wp\/v2\/types\/product"}],"wp:featuredmedia":[{"embeddable":true,"href":"https:\/\/jsd-sinks.com\/it\/wp-json\/wp\/v2\/media\/1230"}],"wp:attachment":[{"href":"https:\/\/jsd-sinks.com\/it\/wp-json\/wp\/v2\/media?parent=626"}],"wp:term":[{"taxonomy":"product_brand","embeddable":true,"href":"https:\/\/jsd-sinks.com\/it\/wp-json\/wp\/v2\/product_brand?post=626"},{"taxonomy":"product_cat","embeddable":true,"href":"https:\/\/jsd-sinks.com\/it\/wp-json\/wp\/v2\/product_cat?post=626"},{"taxonomy":"product_tag","embeddable":true,"href":"https:\/\/jsd-sinks.com\/it\/wp-json\/wp\/v2\/product_tag?post=626"}],"curies":[{"name":"wp","href":"https:\/\/api.w.org\/{rel}","templated":true}]}}