{"id":619,"date":"2025-11-29T06:49:46","date_gmt":"2025-11-29T06:49:46","guid":{"rendered":"https:\/\/jsd-sinks.com\/?post_type=product&#038;p=619"},"modified":"2025-12-10T02:13:22","modified_gmt":"2025-12-10T02:13:22","slug":"workstation-kitchen-sink-with-dual-deep-basins","status":"publish","type":"product","link":"https:\/\/jsd-sinks.com\/it\/workstation-kitchen-sink-with-dual-deep-basins\/","title":{"rendered":"Lavello da cucina personalizzabile con doppio bacino profondo UDWE3319"},"content":{"rendered":"<h2 data-start=\"502\" data-end=\"532\"><strong data-start=\"504\" data-end=\"532\">Lavello da cucina per postazione di lavoro<\/strong><\/h2>\n<p data-start=\"534\" data-end=\"945\">Se passate molto tempo a cucinare, sapete bene che gran parte della vostra giornata si svolge intorno al lavello. \u00c8 l\u00ec che inizia la preparazione, dove si raccoglie il disordine e dove si vince o si perde la battaglia per la pulizia. Il nostro lavello da cucina \u00e8 stato creato tenendo conto di questa realt\u00e0 quotidiana, non solo come prodotto ricco di funzioni, ma come modo per rendere la cucina pi\u00f9 tranquilla, pi\u00f9 organizzata e pi\u00f9 facile da lavorare.<\/p>\n<p data-start=\"947\" data-end=\"1363\">Ci\u00f2 che rende diverso questo lavello \u00e8 il modo in cui trasforma l'intera area della vasca in uno spazio di lavoro utilizzabile. Invece di dover destreggiare taglieri e ciotole sul piano di lavoro, la sporgenza integrata offre un posto dove far scorrere gli accessori avanti e indietro mentre si cucina. Dopo qualche utilizzo, diventa una seconda natura. Si sciacquano le verdure da un lato, si tagliano le verdure sul piano superiore e improvvisamente tutto diventa pi\u00f9 fluido e meno caotico.<\/p>\n<p><img decoding=\"async\" class=\"size-medium wp-image-1157\" src=\"https:\/\/jsd-sinks.com\/wp-content\/uploads\/2025\/11\/workstation-kitchen-sink\u200b-4-1-300x300.jpg\" alt=\"Lavello da cucina per postazione di lavoro\" width=\"300\" height=\"300\" title=\"\" srcset=\"https:\/\/jsd-sinks.com\/wp-content\/uploads\/2025\/11\/workstation-kitchen-sink\u200b-4-1-300x300.jpg 300w, https:\/\/jsd-sinks.com\/wp-content\/uploads\/2025\/11\/workstation-kitchen-sink\u200b-4-1-100x100.jpg 100w, https:\/\/jsd-sinks.com\/wp-content\/uploads\/2025\/11\/workstation-kitchen-sink\u200b-4-1-600x600.jpg 600w, https:\/\/jsd-sinks.com\/wp-content\/uploads\/2025\/11\/workstation-kitchen-sink\u200b-4-1-500x500.jpg 500w, https:\/\/jsd-sinks.com\/wp-content\/uploads\/2025\/11\/workstation-kitchen-sink\u200b-4-1-150x150.jpg 150w, https:\/\/jsd-sinks.com\/wp-content\/uploads\/2025\/11\/workstation-kitchen-sink\u200b-4-1-768x768.jpg 768w, https:\/\/jsd-sinks.com\/wp-content\/uploads\/2025\/11\/workstation-kitchen-sink\u200b-4-1-12x12.jpg 12w, https:\/\/jsd-sinks.com\/wp-content\/uploads\/2025\/11\/workstation-kitchen-sink\u200b-4-1.jpg 1000w\" sizes=\"(max-width: 300px) 100vw, 300px\" \/><\/p>\n<h3 data-start=\"1370\" data-end=\"1404\"><strong data-start=\"1372\" data-end=\"1404\">Sporgenza della postazione di lavoro integrata<\/strong><\/h3>\n<p data-start=\"1406\" data-end=\"1787\">Il sistema di sporgenze pu\u00f2 sembrare semplice, ma cambia completamente il flusso di lavoro.<br data-start=\"1482\" data-end=\"1485\" \/>Si pu\u00f2 appoggiare un tagliere direttamente su di esso, far scorrere un colino sull'altro lato o tenere in ordine gli ingredienti mentre si cucina. Si prova un momento di sollievo quando ci si rende conto di non dover pi\u00f9 spostare le cose sul bancone: tutto rimane sopra il lavello, contenuto e facile da raggiungere.<\/p>\n<p data-start=\"1789\" data-end=\"1992\">Inoltre, contribuisce a mantenere la cucina pi\u00f9 pulita. Invece di far sgocciolare l'acqua sul bancone, tutto scola direttamente nel lavello. \u00c8 un piccolo dettaglio che fa una grande differenza durante la preparazione dei pasti.<\/p>\n<h3 data-start=\"1999\" data-end=\"2020\"><strong data-start=\"2001\" data-end=\"2020\">Doppia vasca profonda<\/strong><\/h3>\n<p data-start=\"2022\" data-end=\"2491\">Ogni lavabo ha dimensioni confortevoli di 370x356 mm e una profondit\u00e0 di 230 mm, ma ci\u00f2 che conta \u00e8 la sensazione di spazio che si prova quando lo si utilizza.<br data-start=\"2159\" data-end=\"2162\" \/>\u00c8 possibile mettere a bagno una pentola grande senza che si rovesci di lato o schizzi dappertutto. Se dovete lavare i piatti dopo cena, un lato pu\u00f2 essere messo in ammollo mentre l'altro rimane aperto per il risciacquo o la preparazione. \u00c8 il tipo di disposizione che vi sostiene silenziosamente, soprattutto quando siete multitasking o quando state cucinando qualcosa di pi\u00f9 ambizioso del solito.<\/p>\n<h3 data-start=\"2498\" data-end=\"2527\"><strong data-start=\"2500\" data-end=\"2527\">Durata percepibile<\/strong><\/h3>\n<p data-start=\"2529\" data-end=\"2869\">Il lavello \u00e8 realizzato in acciaio inox SUS304, che non \u00e8 solo un nome di fantasia. La differenza si sente: \u00e8 solido, non cede sotto pressione e ha quella rassicurante pesantezza che indica che \u00e8 costruito per durare.<br data-start=\"2768\" data-end=\"2771\" \/>A seconda delle preferenze, \u00e8 possibile scegliere spessori da 0,95 mm a 1,35 mm per una maggiore resistenza.<\/p>\n<p data-start=\"2871\" data-end=\"3012\">Gli angoli arrotondati non sono solo estetici. La pulizia \u00e8 pi\u00f9 rapida: non si accumula sporcizia negli angoli stretti e non \u00e8 necessario strofinare ulteriormente.<\/p>\n<h3 data-start=\"3019\" data-end=\"3046\"><strong data-start=\"3021\" data-end=\"3046\">Design intelligente del drenaggio<\/strong><\/h3>\n<p data-start=\"3048\" data-end=\"3357\">Le scanalature di drenaggio a forma di X guidano l'acqua verso lo scarico, evitando che il fondo del lavello rimanga bagnato o raccolga residui. Sembra un piccolo dettaglio ingegneristico, ma lo si nota davvero dopo una lunga sessione di cucina quando tutto scola rapidamente e il lavello si asciuga da solo senza doverlo strofinare continuamente.<\/p>\n<h3 data-start=\"3364\" data-end=\"3400\"><strong data-start=\"3366\" data-end=\"3400\">Finiture adatte alla vostra cucina<\/strong><\/h3>\n<p data-start=\"3402\" data-end=\"3740\">\u00c8 possibile scegliere tra diverse finiture: spazzolato, nero nano, nero opaco, grigio canna di fucile o oro.<br data-start=\"3491\" data-end=\"3494\" \/>Ognuno di essi conferisce una personalit\u00e0 diversa. Le finiture pi\u00f9 scure conferiscono un aspetto audace e moderno, mentre l'acciaio spazzolato \u00e8 classico e facile da abbinare. L'oro \u00e8 un pezzo forte, perfetto se state progettando una cucina con toni caldi o accenti di lusso.<\/p>\n<h3 data-start=\"3747\" data-end=\"3771\"><strong data-start=\"3749\" data-end=\"3771\">Un supporto che dura nel tempo<\/strong><\/h3>\n<p data-start=\"3773\" data-end=\"4055\">Il lavello viene fornito con un'assistenza post-vendita a vita ed \u00e8 supportato da un team che comprende effettivamente l'aspetto tecnico del prodotto. Se avete bisogno di aiuto, c'\u00e8 un'assistenza reale dietro, cosa che apprezzerete se avete gi\u00e0 avuto a che fare con attrezzature da cucina di scarsa qualit\u00e0.<\/p>\n<h3 data-start=\"4062\" data-end=\"4104\"><strong data-start=\"4064\" data-end=\"4104\">Perch\u00e9 questo lavello per postazione di lavoro si distingue<\/strong><\/h3>\n<p data-start=\"4106\" data-end=\"4409\">A rendere \u201cumano\u201d questo lavello non sono solo le sue caratteristiche, ma anche il modo in cui riduce lo stress in cucina.<br data-start=\"4210\" data-end=\"4213\" \/>Si ha pi\u00f9 spazio per lavorare.<br data-start=\"4239\" data-end=\"4242\" \/>Meno disordine sui banconi.<br data-start=\"4268\" data-end=\"4271\" \/>Un flusso pi\u00f9 fluido dalla preparazione alla cottura e alla pulizia.<br data-start=\"4320\" data-end=\"4323\" \/>E uno spazio di lavoro che renda la vostra cucina pi\u00f9 intenzionale e piacevole.<\/p>\n<p data-start=\"4411\" data-end=\"4519\">Cucinare diventa meno un lavoro e pi\u00f9 un ritmo. Questo \u00e8 ci\u00f2 che dovrebbe fare un buon lavello da lavoro.<\/p>","protected":false},"excerpt":{"rendered":"<p>Rivoluzionate il vostro flusso di lavoro in cucina con il lavello Workstation, dotato di un ripiano integrato per gli accessori. Questo innovativo lavello da 1200x500 mm comprende due vasche profonde 230 mm, scanalature di drenaggio a X e angoli arrotondati per una pulizia senza sforzi. Realizzato in pregiato acciaio inox SUS304 con diverse opzioni di spessore e finitura, \u00e8 progettato per semplificare la preparazione dei cibi, la pulizia e l'organizzazione in un unico spazio di lavoro efficiente.<\/p>\n<p>Modello: UDWE3319<br \/>\nDimensioni esterne: 838X482MM<br \/>\nDimensioni interne: 381X431MM<br \/>\nProfondit\u00e0: 230MM<br \/>\nMateriale: SUS201\/SUS304\/SUS316<br \/>\nSpessore: 0,95\/1,05\/1,15\/1,35MM\/personalizzabile<br \/>\nFinitura della superficie: spazzola\/nero nano\/nero opaco\/grigio fucile\/oro<br \/>\nMOQ: 5-10PCS<br \/>\nImballaggio individuale: 888X532X290MM<br \/>\nPeso netto: 8,5 kg<br \/>\nPeso lordo: 10KG<\/p>","protected":false},"featured_media":620,"template":"","meta":{"_gspb_post_css":""},"product_brand":[],"product_cat":[18],"product_tag":[45],"class_list":{"0":"post-619","1":"product","2":"type-product","3":"status-publish","4":"has-post-thumbnail","6":"product_cat-workstation-sink","7":"product_tag-kitchen-workstation-sink-integrated-accessory-ledge-premium-stainless-steel","9":"first","10":"instock","11":"shipping-taxable","12":"product-type-simple"},"_links":{"self":[{"href":"https:\/\/jsd-sinks.com\/it\/wp-json\/wp\/v2\/product\/619","targetHints":{"allow":["GET"]}}],"collection":[{"href":"https:\/\/jsd-sinks.com\/it\/wp-json\/wp\/v2\/product"}],"about":[{"href":"https:\/\/jsd-sinks.com\/it\/wp-json\/wp\/v2\/types\/product"}],"wp:featuredmedia":[{"embeddable":true,"href":"https:\/\/jsd-sinks.com\/it\/wp-json\/wp\/v2\/media\/620"}],"wp:attachment":[{"href":"https:\/\/jsd-sinks.com\/it\/wp-json\/wp\/v2\/media?parent=619"}],"wp:term":[{"taxonomy":"product_brand","embeddable":true,"href":"https:\/\/jsd-sinks.com\/it\/wp-json\/wp\/v2\/product_brand?post=619"},{"taxonomy":"product_cat","embeddable":true,"href":"https:\/\/jsd-sinks.com\/it\/wp-json\/wp\/v2\/product_cat?post=619"},{"taxonomy":"product_tag","embeddable":true,"href":"https:\/\/jsd-sinks.com\/it\/wp-json\/wp\/v2\/product_tag?post=619"}],"curies":[{"name":"wp","href":"https:\/\/api.w.org\/{rel}","templated":true}]}}