{"id":569,"date":"2025-11-28T07:44:51","date_gmt":"2025-11-28T07:44:51","guid":{"rendered":"https:\/\/jsd-sinks.com\/?post_type=product&#038;p=569"},"modified":"2025-12-13T03:38:44","modified_gmt":"2025-12-13T03:38:44","slug":"modern-drop-in-apron-sink-with-rounded-corners","status":"publish","type":"product","link":"https:\/\/jsd-sinks.com\/it\/modern-drop-in-apron-sink-with-rounded-corners\/","title":{"rendered":"Lavandino moderno a goccia con angoli arrotondati APWS3620"},"content":{"rendered":"<h2>Lavello Drop-In Apron<\/h2>\n<p><strong>Un look classico che aiuta a cucinare.<\/strong><br \/>\nHa un aspetto familiare - con il grembiule, caldo - e poi vi sorprende per la sua reale utilit\u00e0. All'inizio non ci si fa caso, ma dopo qualche pasto si smette di lottare con le pentole e si inizia a godersi il flusso. D\u00e0 alla cucina un'aria pi\u00f9 morbida e vi permette di lavorare senza problemi.<\/p>\n<h3>Bordo della postazione di lavoro integrato<\/h3>\n<p><strong>Una sporgenza integrata che trasforma il lavello in un punto di preparazione.<\/strong><br \/>\nQuesta piccola sporgenza diventa il luogo che si usa istintivamente: per far scorrere un tagliere, per appoggiare uno stendino, per appoggiare una ciotola mentre si sciacqua. Si risparmiano quei piccoli e fastidiosi spostamenti sul bancone. Una volta abituati, vi ritroverete a usarlo sempre: una piccola abitudine che velocizza le cose.<\/p>\n<h3>Opzioni Premium SUS304 e SUS316<\/h3>\n<p><strong>Scegliete l'acciaio pi\u00f9 adatto alla vostra routine.<\/strong><br \/>\nIl 304 \u00e8 solido per la vita di tutti i giorni; il 316 \u00e8 per una maggiore tranquillit\u00e0 in presenza di aria salata o di un uso intensivo. Entrambi sono robusti: non si tratta di metallo fragile. Quando si lascia cadere una pentola pesante, il lavello non si lamenta. \u00c8 un materiale onesto, che ti fa fidare dell'oggetto che usi quotidianamente.<\/p>\n<p><img decoding=\"async\" class=\"size-medium wp-image-570\" src=\"https:\/\/jsd-sinks.com\/wp-content\/uploads\/2025\/11\/drop-in-apron-sink-1-300x300.jpg\" alt=\"lavello drop-in a grembiule\" width=\"300\" height=\"300\" title=\"\" srcset=\"https:\/\/jsd-sinks.com\/wp-content\/uploads\/2025\/11\/drop-in-apron-sink-1-300x300.jpg 300w, https:\/\/jsd-sinks.com\/wp-content\/uploads\/2025\/11\/drop-in-apron-sink-1-100x100.jpg 100w, https:\/\/jsd-sinks.com\/wp-content\/uploads\/2025\/11\/drop-in-apron-sink-1-600x600.jpg 600w, https:\/\/jsd-sinks.com\/wp-content\/uploads\/2025\/11\/drop-in-apron-sink-1-500x500.jpg 500w, https:\/\/jsd-sinks.com\/wp-content\/uploads\/2025\/11\/drop-in-apron-sink-1-150x150.jpg 150w, https:\/\/jsd-sinks.com\/wp-content\/uploads\/2025\/11\/drop-in-apron-sink-1-768x768.jpg 768w, https:\/\/jsd-sinks.com\/wp-content\/uploads\/2025\/11\/drop-in-apron-sink-1-12x12.jpg 12w, https:\/\/jsd-sinks.com\/wp-content\/uploads\/2025\/11\/drop-in-apron-sink-1.jpg 800w\" sizes=\"(max-width: 300px) 100vw, 300px\" \/><\/p>\n<h3>Bacino profondo 230 m con angoli arrotondati<\/h3>\n<p><strong>Capacit\u00e0 profonda e pratica che tiene sotto controllo gli schizzi.<\/strong><br \/>\nCon una profondit\u00e0 di 230 mm, \u00e8 possibile inserire pentole e teglie alte senza doverle inclinare in modo scomodo. Gli angoli arrotondati consentono di pulire correttamente, senza dover strofinare in pieghe strette e inutili. \u00c8 uno di quei dettagli che fanno pensare \u201cperch\u00e9 non l'hanno sempre fatto?\u201d e che migliorano silenziosamente le pulizie notturne.<\/p>\n<h3>Scanalature di drenaggio a X e leggera pendenza<\/h3>\n<p><strong>Canali sottili che permettono all'acqua di muoversi e non di accumularsi.<\/strong><br \/>\nLa vasca ha una leggera pendenza e scanalature a X che spingono l'acqua verso lo scarico. Meno acqua stagnante, meno panni da pulire, meno fastidiose pozzanghere. Non \u00e8 appariscente; \u00e8 funzionale, ma si nota solo quando manca.<\/p>\n<h3>Finiture e copertura decorativa dello scarico<\/h3>\n<p><strong>Spazzolato, nero nano o grigio canna di fucile, e una copertura che aiuta a prepararsi.<\/strong><br \/>\nScegliete una finitura che si adatti all'atmosfera della vostra cucina. Il coperchio di scarico in acciaio inossidabile rende l'aspetto pi\u00f9 ordinato e funge da piccola area di sosta quando si \u00e8 nel bel mezzo della preparazione: un cucchiaio, uno spicchio di limone, una piccola ciotola. Utile, non un espediente.<\/p>\n<h3>Sostenuto da R&amp;S e servizio post-vendita a vita<\/h3>\n<p><strong>Un prodotto pensato con persone alle spalle.<\/strong><br \/>\nQuesto lavello \u00e8 stato testato e perfezionato, e c'\u00e8 un team da chiamare in caso di problemi. Il supporto a vita non \u00e8 solo uno slogan: \u00e8 la rassicurazione che questo lavello \u00e8 destinato a far parte della vostra cucina per anni, non \u00e8 una tendenza di una stagione.<\/p>","protected":false},"excerpt":{"rendered":"<p>Provate la perfetta fusione tra il fascino della casa colonica e la funzionalit\u00e0 moderna con il nostro lavello Drop-In Apron. Dotato di una spaziosa vasca di 860x432 mm e di una profondit\u00e0 di 230 mm, questo lavello incorpora una pratica sporgenza per far scorrere gli accessori. Gli angoli arrotondati, le scanalature di drenaggio a X e le molteplici opzioni di finitura creano un elemento centrale elegante ma altamente funzionale per la vostra cucina, supportato da un servizio di assistenza a vita.<\/p>\n<p>Modello: APWS3620<br \/>\nDimensioni esterne: 911X514MM<br \/>\nDimensioni interne: 860X432MM<br \/>\nProfondit\u00e0: 230MM<br \/>\nMateriale: SUS201\/SUS304\/SUS316<br \/>\nSpessore: 0,95\/1,05\/1,15\/1,35MM\/personalizzabile<br \/>\nFinitura della superficie: spazzola\/nero nano\/nero opaco\/grigio fucile\/oro<br \/>\nImballaggio individuale: 961X564X290MM<br \/>\nPeso netto: 12KG<br \/>\nPeso lordo: 13,5 kg<br \/>\nMOQ: 5-10PCS<\/p>","protected":false},"featured_media":1224,"template":"","meta":{"_gspb_post_css":""},"product_brand":[],"product_cat":[17],"product_tag":[38],"class_list":{"0":"post-569","1":"product","2":"type-product","3":"status-publish","4":"has-post-thumbnail","6":"product_cat-apron-sink","7":"product_tag-workstation-sink-apron-front-sink-deep-basin-design","9":"first","10":"instock","11":"shipping-taxable","12":"product-type-simple"},"_links":{"self":[{"href":"https:\/\/jsd-sinks.com\/it\/wp-json\/wp\/v2\/product\/569","targetHints":{"allow":["GET"]}}],"collection":[{"href":"https:\/\/jsd-sinks.com\/it\/wp-json\/wp\/v2\/product"}],"about":[{"href":"https:\/\/jsd-sinks.com\/it\/wp-json\/wp\/v2\/types\/product"}],"wp:featuredmedia":[{"embeddable":true,"href":"https:\/\/jsd-sinks.com\/it\/wp-json\/wp\/v2\/media\/1224"}],"wp:attachment":[{"href":"https:\/\/jsd-sinks.com\/it\/wp-json\/wp\/v2\/media?parent=569"}],"wp:term":[{"taxonomy":"product_brand","embeddable":true,"href":"https:\/\/jsd-sinks.com\/it\/wp-json\/wp\/v2\/product_brand?post=569"},{"taxonomy":"product_cat","embeddable":true,"href":"https:\/\/jsd-sinks.com\/it\/wp-json\/wp\/v2\/product_cat?post=569"},{"taxonomy":"product_tag","embeddable":true,"href":"https:\/\/jsd-sinks.com\/it\/wp-json\/wp\/v2\/product_tag?post=569"}],"curies":[{"name":"wp","href":"https:\/\/api.w.org\/{rel}","templated":true}]}}