{"id":522,"date":"2025-11-28T02:42:46","date_gmt":"2025-11-28T02:42:46","guid":{"rendered":"https:\/\/jsd-sinks.com\/?post_type=product&#038;p=522"},"modified":"2025-12-10T02:50:49","modified_gmt":"2025-12-10T02:50:49","slug":"elegant-waterfall-kitchen-sink-with-smart-faucet","status":"publish","type":"product","link":"https:\/\/jsd-sinks.com\/it\/elegant-waterfall-kitchen-sink-with-smart-faucet\/","title":{"rendered":"Elegante lavello a cascata con rubinetto intelligente e modalit\u00e0 multifunzione 4 in 1 JSD006"},"content":{"rendered":"<h2 data-start=\"561\" data-end=\"602\">Elegante sistema di lavelli da cucina a cascata<\/h2>\n<p data-start=\"603\" data-end=\"1001\"><strong data-start=\"603\" data-end=\"674\">Un aggiornamento pratico che migliora il lavoro quotidiano in cucina.<\/strong><br data-start=\"674\" data-end=\"677\" \/>\u00c8 buffo come una configurazione del lavello possa cambiare l'atmosfera di una cucina, ma questa lo fa. Non nel senso di un design eccessivo da showroom, ma piuttosto nel senso di \u201cquesto mi aiuta davvero\u201d. Dopo averlo usato per qualche giorno, si inizia a notare che ci si muove in cucina con meno frustrazione, meno disordine e, onestamente, meno pensieri.<\/p>\n<h3 data-start=\"1003\" data-end=\"1030\">Pulsante dell'interruttore del tasto del pianoforte<\/h3>\n<p data-start=\"1031\" data-end=\"1622\"><strong data-start=\"1031\" data-end=\"1105\">Quattro modalit\u00e0 d'acqua che si possono cambiare con un semplice, quasi impensato rubinetto.<\/strong><br data-start=\"1105\" data-end=\"1108\" \/>I tasti del pianoforte sono probabilmente la prima cosa che viene commentata. Sono immediati, senza curva di apprendimento, solo <em data-start=\"1223\" data-end=\"1230\">stampa<\/em> e si \u00e8 in una modalit\u00e0 diversa. Il rubinetto estraibile arriva molto pi\u00f9 lontano di quanto ci si aspetti, il lavabo a tazza arriva esattamente dove si vuole e il rubinetto normale \u00e8, beh, normale. La tendina a cascata \u00e8 davvero rilassante: morbida, costante e non schizza dappertutto come pensavo.<br data-start=\"1519\" data-end=\"1522\" \/>\u00c8 stranamente soddisfacente la sensazione di fluidit\u00e0 dei pulsanti. \u00c8 come premere un interruttore della luce che si usa tutti i giorni.<\/p>\n<p><img decoding=\"async\" class=\"size-medium wp-image-1169\" src=\"https:\/\/jsd-sinks.com\/wp-content\/uploads\/2025\/11\/2-101-300x300.jpg\" alt=\"Elegante lavello da cucina a cascata\" width=\"300\" height=\"300\" title=\"\" srcset=\"https:\/\/jsd-sinks.com\/wp-content\/uploads\/2025\/11\/2-101-300x300.jpg 300w, https:\/\/jsd-sinks.com\/wp-content\/uploads\/2025\/11\/2-101-100x100.jpg 100w, https:\/\/jsd-sinks.com\/wp-content\/uploads\/2025\/11\/2-101-600x600.jpg 600w, https:\/\/jsd-sinks.com\/wp-content\/uploads\/2025\/11\/2-101-500x500.jpg 500w, https:\/\/jsd-sinks.com\/wp-content\/uploads\/2025\/11\/2-101-150x150.jpg 150w, https:\/\/jsd-sinks.com\/wp-content\/uploads\/2025\/11\/2-101-768x768.jpg 768w, https:\/\/jsd-sinks.com\/wp-content\/uploads\/2025\/11\/2-101-12x12.jpg 12w, https:\/\/jsd-sinks.com\/wp-content\/uploads\/2025\/11\/2-101.jpg 800w\" sizes=\"(max-width: 300px) 100vw, 300px\" \/><\/p>\n<h3 data-start=\"1624\" data-end=\"1667\">Volantino termostatico con display a led<\/h3>\n<p data-start=\"1668\" data-end=\"2102\"><strong data-start=\"1668\" data-end=\"1742\">Una lettura della temperatura che evita di tirare a indovinare e di scottarsi.<\/strong><br data-start=\"1742\" data-end=\"1745\" \/>La rotella della temperatura con il piccolo schermo a LED sembra un espediente all'inizio, ma si fa subito notare. \u00c8 possibile vedere la variazione della temperatura dell'acqua in tempo reale, in modo da evitare di scuotere accidentalmente le mani o di far appassire qualcosa di delicato con acqua troppo calda. \u00c8 un sistema semplice, che diventa sempre pi\u00f9 sensato con l'uso, soprattutto quando ci si muove rapidamente.<\/p>\n<h3 data-start=\"2104\" data-end=\"2140\">Superficie del lavello con goffratura a nido d'ape<\/h3>\n<p data-start=\"2141\" data-end=\"2585\"><strong data-start=\"2141\" data-end=\"2204\">Una superficie pi\u00f9 resistente che drena pi\u00f9 velocemente e fa meno rumore.<\/strong><br data-start=\"2204\" data-end=\"2207\" \/>La texture a nido d'ape \u00e8 diversa la prima volta che ci si passa sopra la mano: leggermente pi\u00f9 ruvida, pi\u00f9 solida. Scola pi\u00f9 velocemente di un normale lavello e il suono dell'acqua che lo colpisce \u00e8 sensibilmente pi\u00f9 morbido. Non si tratta di qualcosa di drammatico, \u00e8 solo pi\u00f9 silenzioso in un modo piacevole e quotidiano. Di notte, quando tutto il resto della casa sembra rumoroso, questa sottile differenza \u00e8 davvero importante.<\/p>\n<h3 data-start=\"2587\" data-end=\"2621\">Moderna installazione integrata<\/h3>\n<p data-start=\"2622\" data-end=\"2989\"><strong data-start=\"2622\" data-end=\"2684\">Un allestimento pulito e coordinato che non sembri improvvisato.<\/strong><br data-start=\"2684\" data-end=\"2687\" \/>Tutti i pezzi si incastrano perfettamente, cosa che ho apprezzato pi\u00f9 di quanto mi aspettassi. Non c'\u00e8 uno strano miscuglio di forme o colori, ma solo un'installazione pulita e unitaria che sembra appartenere al luogo in cui si trova. L'intero piano di lavoro ha un aspetto pi\u00f9 tranquillo, come se il disordine fosse stato ridotto anche se non \u00e8 cambiato nulla.<\/p>\n<h3 data-start=\"2991\" data-end=\"3036\">Un'esperienza completa di cucina intelligente<\/h3>\n<p data-start=\"3037\" data-end=\"3632\"><strong data-start=\"3037\" data-end=\"3116\">Un piccolo sistema che aiuta a mantenere il flusso di cottura comodo e organizzato.<\/strong><br data-start=\"3116\" data-end=\"3119\" \/>Quando si mette tutto insieme - le modalit\u00e0 di rubinetteria, il controllo della temperatura, il lavello testurizzato - l'intero sistema diventa qualcosa a cui ci si affida senza pensarci. Lavare, sciacquare, preparare... tutto avviene pi\u00f9 velocemente e con meno fuoriuscite e pasticci. Non si tratta di una trasformazione radicale, ma \u00e8 uno di quegli aggiornamenti che rendono le attivit\u00e0 quotidiane davvero pi\u00f9 semplici.<br data-start=\"3476\" data-end=\"3479\" \/>E onestamente, questo \u00e8 ci\u00f2 che la maggior parte delle persone desidera dalla propria cucina: meno problemi, pi\u00f9 fluidit\u00e0 e strumenti che aiutino davvero invece di intralciare il lavoro.<\/p>","protected":false},"excerpt":{"rendered":"<p>Introducete un'eleganza intelligente nella vostra cucina. Questo rubinetto multifunzione \u00e8 dotato di un interruttore Piano Key per cambiare modalit\u00e0 con un solo tocco (cascata, rubinetto, estrazione e lavaggio a tazza). Il volantino termostatico con display a LED indica la temperatura dell'acqua in tempo reale. Abbinato a una gamma estraibile da 60 cm e a un lavello a nido d'ape a scarico rapido, \u00e8 la fusione definitiva di stile e funzionalit\u00e0 intelligente.<\/p>","protected":false},"featured_media":523,"template":"","meta":{"_gspb_post_css":""},"product_brand":[],"product_cat":[16],"product_tag":[33],"class_list":{"0":"post-522","1":"product","2":"type-product","3":"status-publish","4":"has-post-thumbnail","6":"product_cat-waterfall-sink","7":"product_tag-smart-kitchen-faucet-piano-key-switch-led-temperature-display","9":"first","10":"instock","11":"shipping-taxable","12":"product-type-simple"},"_links":{"self":[{"href":"https:\/\/jsd-sinks.com\/it\/wp-json\/wp\/v2\/product\/522","targetHints":{"allow":["GET"]}}],"collection":[{"href":"https:\/\/jsd-sinks.com\/it\/wp-json\/wp\/v2\/product"}],"about":[{"href":"https:\/\/jsd-sinks.com\/it\/wp-json\/wp\/v2\/types\/product"}],"wp:featuredmedia":[{"embeddable":true,"href":"https:\/\/jsd-sinks.com\/it\/wp-json\/wp\/v2\/media\/523"}],"wp:attachment":[{"href":"https:\/\/jsd-sinks.com\/it\/wp-json\/wp\/v2\/media?parent=522"}],"wp:term":[{"taxonomy":"product_brand","embeddable":true,"href":"https:\/\/jsd-sinks.com\/it\/wp-json\/wp\/v2\/product_brand?post=522"},{"taxonomy":"product_cat","embeddable":true,"href":"https:\/\/jsd-sinks.com\/it\/wp-json\/wp\/v2\/product_cat?post=522"},{"taxonomy":"product_tag","embeddable":true,"href":"https:\/\/jsd-sinks.com\/it\/wp-json\/wp\/v2\/product_tag?post=522"}],"curies":[{"name":"wp","href":"https:\/\/api.w.org\/{rel}","templated":true}]}}