{"id":291,"date":"2025-11-22T09:01:17","date_gmt":"2025-11-22T09:01:17","guid":{"rendered":"https:\/\/jsd-sinks.com\/?post_type=product&#038;p=291"},"modified":"2025-12-13T03:40:36","modified_gmt":"2025-12-13T03:40:36","slug":"intelligent-kitchen-sinks-black","status":"publish","type":"product","link":"https:\/\/jsd-sinks.com\/it\/intelligent-kitchen-sinks-black\/","title":{"rendered":"Lavelli da cucina intelligenti Nero JSD002"},"content":{"rendered":"<h2 data-start=\"222\" data-end=\"244\">Lavello da cucina nero<\/h2>\n<p data-start=\"372\" data-end=\"665\">Entrate in una cucina che si sente in anticipo sui tempi. Questo lavello nero non \u00e8 solo un elemento di arredo: \u00e8 una postazione di lavoro intelligente e adattabile, progettata per rendere pi\u00f9 agevoli e piacevoli le attivit\u00e0 quotidiane. Unisce un'estetica pulita, una progettazione accurata e piccoli dettagli che fanno davvero la differenza.<\/p>\n<h3 data-start=\"667\" data-end=\"705\">Versatilit\u00e0 e controllo senza pari<\/h3>\n<p data-start=\"667\" data-end=\"705\">Il lavabo si trasforma facilmente in una vasca singola e spaziosa e in una configurazione a due vasche quando si ha bisogno di spazi separati. I tasti a sfioramento in stile pianoforte consentono di cambiare le modalit\u00e0 di erogazione dell'acqua con semplici e intuitivi tocchi. \u00c8 possibile scegliere tra sei stili di erogazione: da un forte getto estraibile per la pulizia profonda a un morbido risciacquo a pioggia per i prodotti o a un pulito getto a cascata per riempire le pentole. Qualunque sia il momento richiesto, il lavello si adatta.<\/p>\n<p><img decoding=\"async\" class=\"size-medium wp-image-491\" src=\"https:\/\/jsd-sinks.com\/wp-content\/uploads\/2025\/11\/kitchen-sinks-black-4-300x296.jpg\" alt=\"lavelli da cucina neri\" width=\"300\" height=\"296\" title=\"\" srcset=\"https:\/\/jsd-sinks.com\/wp-content\/uploads\/2025\/11\/kitchen-sinks-black-4-300x296.jpg 300w, https:\/\/jsd-sinks.com\/wp-content\/uploads\/2025\/11\/kitchen-sinks-black-4-100x100.jpg 100w, https:\/\/jsd-sinks.com\/wp-content\/uploads\/2025\/11\/kitchen-sinks-black-4-600x591.jpg 600w, https:\/\/jsd-sinks.com\/wp-content\/uploads\/2025\/11\/kitchen-sinks-black-4-500x493.jpg 500w, https:\/\/jsd-sinks.com\/wp-content\/uploads\/2025\/11\/kitchen-sinks-black-4-768x756.jpg 768w, https:\/\/jsd-sinks.com\/wp-content\/uploads\/2025\/11\/kitchen-sinks-black-4-12x12.jpg 12w, https:\/\/jsd-sinks.com\/wp-content\/uploads\/2025\/11\/kitchen-sinks-black-4.jpg 800w\" sizes=\"(max-width: 300px) 100vw, 300px\" \/><\/p>\n<h3 data-start=\"1222\" data-end=\"1260\">Caratteristiche intelligenti e igieniche<\/h3>\n<p data-start=\"1222\" data-end=\"1260\">Un sistema idroelettrico integrato alimenta un luminoso display digitale della temperatura, per conoscere sempre l'esatto calore dell'acqua. L'interruttore di scarico da banco consente di aprire e chiudere lo scarico senza mettere le mani nel lavandino: semplice, pulito e comodo. Inoltre, il risciacquo ad alta pressione delle tazze elimina i residui in pochi secondi, riducendo le incombenze.<\/p>\n<h3 data-start=\"1716\" data-end=\"1769\">Design sofisticato e installazione semplificata<\/h3>\n<p data-start=\"1716\" data-end=\"1769\">La finitura nera opaca aggiunge profondit\u00e0 ed eleganza a qualsiasi stile di cucina. Tocchi accurati come il dispenser di sapone incorporato e l'uscita dell'acqua sul lato destro mantengono l'area di lavoro organizzata e migliorano il flusso di drenaggio. Una chiara guida all'installazione aiuta a garantire che tutto si adatti senza problemi, in modo da poter iniziare a utilizzare il lavello aggiornato senza problemi.<\/p>\n<h3 data-start=\"2206\" data-end=\"2248\">Un nuovo standard per la cucina moderna<\/h3>\n<p data-start=\"2206\" data-end=\"2248\">Questo lavello da cucina nero va al di l\u00e0 delle cose basilari. Introduce un controllo pi\u00f9 intelligente, una pulizia pi\u00f9 semplice e un design che eleva la stanza. Diventa non solo parte della cucina, ma il suo cuore.<\/p>","protected":false},"excerpt":{"rendered":"<p>Rivoluzionate la vostra cucina con i nostri lavelli intelligenti neri. \u00c8 possibile scegliere tra una vasca singola o doppia e sei uscite d'acqua: rubinetto, estraibile, a cascata e a pioggia. Le caratteristiche includono uno sciacquone per tazze ad alta pressione, un igienico interruttore di scarico da banco e un display a LED per la temperatura dell'acqua. Questo design idroelettrico e intelligente combina la massima flessibilit\u00e0 con una sofisticata praticit\u00e0 a mani libere.<\/p>","protected":false},"featured_media":1189,"template":"","meta":{"_gspb_post_css":""},"product_brand":[],"product_cat":[16],"product_tag":[29],"class_list":{"0":"post-291","1":"product","2":"type-product","3":"status-publish","4":"has-post-thumbnail","6":"product_cat-waterfall-sink","7":"product_tag-kitchen-sinks-black-hydroelectric-sink-multifunction-drain-switch","9":"first","10":"instock","11":"shipping-taxable","12":"product-type-simple"},"_links":{"self":[{"href":"https:\/\/jsd-sinks.com\/it\/wp-json\/wp\/v2\/product\/291","targetHints":{"allow":["GET"]}}],"collection":[{"href":"https:\/\/jsd-sinks.com\/it\/wp-json\/wp\/v2\/product"}],"about":[{"href":"https:\/\/jsd-sinks.com\/it\/wp-json\/wp\/v2\/types\/product"}],"wp:featuredmedia":[{"embeddable":true,"href":"https:\/\/jsd-sinks.com\/it\/wp-json\/wp\/v2\/media\/1189"}],"wp:attachment":[{"href":"https:\/\/jsd-sinks.com\/it\/wp-json\/wp\/v2\/media?parent=291"}],"wp:term":[{"taxonomy":"product_brand","embeddable":true,"href":"https:\/\/jsd-sinks.com\/it\/wp-json\/wp\/v2\/product_brand?post=291"},{"taxonomy":"product_cat","embeddable":true,"href":"https:\/\/jsd-sinks.com\/it\/wp-json\/wp\/v2\/product_cat?post=291"},{"taxonomy":"product_tag","embeddable":true,"href":"https:\/\/jsd-sinks.com\/it\/wp-json\/wp\/v2\/product_tag?post=291"}],"curies":[{"name":"wp","href":"https:\/\/api.w.org\/{rel}","templated":true}]}}