{"id":289,"date":"2025-11-22T08:59:20","date_gmt":"2025-11-22T08:59:20","guid":{"rendered":"https:\/\/jsd-sinks.com\/?post_type=product&#038;p=289"},"modified":"2025-12-13T03:40:15","modified_gmt":"2025-12-13T03:40:15","slug":"elegant-cascade-fountain-sink-with-waterfall","status":"publish","type":"product","link":"https:\/\/jsd-sinks.com\/it\/elegant-cascade-fountain-sink-with-waterfall\/","title":{"rendered":"Elegante lavabo a cascata con cascata integrata JSD001"},"content":{"rendered":"<h2><strong>Il lavello a fontana: Dove la serenit\u00e0 della cascata incontra l'arte funzionale<\/strong><\/h2>\n<h3 class=\"ds-markdown-paragraph\"><strong>Ridefinire il rituale: un'oasi sensoriale in cucina<\/strong><\/h3>\n<p>Trasformate la vostra cucina da uno spazio puramente funzionale a un'oasi di tranquillit\u00e0 personale con il nostro rivoluzionario lavello Fountain. Non si tratta di un semplice apparecchio, ma di un pezzo d'arte funzionale, progettato per affascinare i sensi e ridefinire il rituale quotidiano del lavaggio a mano. L'elemento caratterizzante \u00e8 un grazioso gioco d'acqua integrato, in cui l'acqua scorre elegantemente a cascata su un davanzale scolpito o su uno stramazzo nel bacino primario sottostante. Questo crea il suono rilassante e continuo di una dolce cascata, offrendo un momento di calma e un'atmosfera da spa proprio a casa vostra.<\/p>\n<p><img decoding=\"async\" class=\"size-medium wp-image-1188\" src=\"https:\/\/jsd-sinks.com\/wp-content\/uploads\/2025\/11\/1-11-300x300.jpg\" alt=\"Lavello a fontana\" width=\"300\" height=\"300\" title=\"\" srcset=\"https:\/\/jsd-sinks.com\/wp-content\/uploads\/2025\/11\/1-11-300x300.jpg 300w, https:\/\/jsd-sinks.com\/wp-content\/uploads\/2025\/11\/1-11-100x100.jpg 100w, https:\/\/jsd-sinks.com\/wp-content\/uploads\/2025\/11\/1-11-600x600.jpg 600w, https:\/\/jsd-sinks.com\/wp-content\/uploads\/2025\/11\/1-11-500x500.jpg 500w, https:\/\/jsd-sinks.com\/wp-content\/uploads\/2025\/11\/1-11-150x150.jpg 150w, https:\/\/jsd-sinks.com\/wp-content\/uploads\/2025\/11\/1-11-768x768.jpg 768w, https:\/\/jsd-sinks.com\/wp-content\/uploads\/2025\/11\/1-11-12x12.jpg 12w, https:\/\/jsd-sinks.com\/wp-content\/uploads\/2025\/11\/1-11.jpg 800w\" sizes=\"(max-width: 300px) 100vw, 300px\" \/><\/p>\n<h3><strong>Artigianato senza soluzione di continuit\u00e0: Bellezza che dura nel tempo<\/strong><\/h3>\n<p>Questo lavabo a fontana combina estetica e durata, ed \u00e8 meticolosamente realizzato in acciaio inossidabile di alta qualit\u00e0, per garantire una superficie straordinariamente liscia e senza giunture, non solo bella da vedere ma anche eccezionalmente igienica e facile da mantenere, resistendo a macchie e batteri. Il design monolitico elimina le fessure difficili da raggiungere, rendendo la pulizia un semplice passaggio.<\/p>\n<h3><strong>Progettato per la grazia: Eleganza pratica e luce d'ambiente<\/strong><\/h3>\n<p>Oltre all'estetica, il design \u00e8 estremamente pratico. Il flusso d'acqua a cascata riduce al minimo gli schizzi, mantenendo l'area circostante pi\u00f9 asciutta e pulita. La vasca generosa offre un ampio spazio per un uso confortevole, mentre l'elemento integrato della fontana pu\u00f2 essere illuminato in modo discreto con un'illuminazione a LED per aumentare la drammaticit\u00e0 visiva e creare un ambiente ipnotico per l'uso serale.<\/p>\n<h3 class=\"ds-markdown-paragraph\"><strong>Pi\u00f9 di un lavandino: Una dichiarazione trasformativa per qualsiasi spazio<\/strong><\/h3>\n<p>Ideale per case contemporanee, hotel di lusso, spazi commerciali di alto livello e centri benessere, il lavabo Fountain \u00e8 pi\u00f9 di un semplice lavabo: \u00e8 un'esperienza. Serve come punto focale mozzafiato che riflette l'impegno per un design sofisticato, una qualit\u00e0 senza pari e un benessere olistico, trasformando un angolo ordinario della stanza in un santuario straordinario.<\/p>","protected":false},"excerpt":{"rendered":"<p>Elevate il vostro spazio con il nostro lavabo a fontana, una straordinaria fusione di arte e funzionalit\u00e0. Questo centrotavola \u00e8 caratterizzato da una delicata cascata d'acqua integrata nel bacino, che crea un ambiente sereno e simile a una spa. Realizzato con materiali pregiati e durevoli come la pietra o la resina solida, offre una superficie senza giunture e facile da pulire. Perfetto per cucine moderne, spa di lusso o ambienti commerciali unici, trasforma il lavaggio a mano di routine in un'esperienza sensoriale e rinfrescante. Per una dichiarazione di stile e un'eleganza senza eguali.<\/p>","protected":false},"featured_media":486,"template":"","meta":{"_gspb_post_css":""},"product_brand":[],"product_cat":[16],"product_tag":[28],"class_list":{"0":"post-289","1":"product","2":"type-product","3":"status-publish","4":"has-post-thumbnail","6":"product_cat-waterfall-sink","7":"product_tag-fountain-sink-waterfall-sink-luxury-kitchen","9":"first","10":"instock","11":"shipping-taxable","12":"product-type-simple"},"_links":{"self":[{"href":"https:\/\/jsd-sinks.com\/it\/wp-json\/wp\/v2\/product\/289","targetHints":{"allow":["GET"]}}],"collection":[{"href":"https:\/\/jsd-sinks.com\/it\/wp-json\/wp\/v2\/product"}],"about":[{"href":"https:\/\/jsd-sinks.com\/it\/wp-json\/wp\/v2\/types\/product"}],"wp:featuredmedia":[{"embeddable":true,"href":"https:\/\/jsd-sinks.com\/it\/wp-json\/wp\/v2\/media\/486"}],"wp:attachment":[{"href":"https:\/\/jsd-sinks.com\/it\/wp-json\/wp\/v2\/media?parent=289"}],"wp:term":[{"taxonomy":"product_brand","embeddable":true,"href":"https:\/\/jsd-sinks.com\/it\/wp-json\/wp\/v2\/product_brand?post=289"},{"taxonomy":"product_cat","embeddable":true,"href":"https:\/\/jsd-sinks.com\/it\/wp-json\/wp\/v2\/product_cat?post=289"},{"taxonomy":"product_tag","embeddable":true,"href":"https:\/\/jsd-sinks.com\/it\/wp-json\/wp\/v2\/product_tag?post=289"}],"curies":[{"name":"wp","href":"https:\/\/api.w.org\/{rel}","templated":true}]}}