{"id":1599,"date":"2026-04-08T09:26:22","date_gmt":"2026-04-08T09:26:22","guid":{"rendered":"https:\/\/jsd-sinks.com\/?post_type=product&#038;p=1599"},"modified":"2026-04-08T11:10:34","modified_gmt":"2026-04-08T11:10:34","slug":"stainless-steel-undermount-double-bowl-sink-dud5040","status":"publish","type":"product","link":"https:\/\/jsd-sinks.com\/it\/stainless-steel-undermount-double-bowl-sink-dud5040\/","title":{"rendered":"Lavello a doppia vasca sottopiano in acciaio inox DUD5040-2040"},"content":{"rendered":"<h2 data-start=\"248\" data-end=\"295\"><strong data-start=\"250\" data-end=\"293\">Lavello a doppia vasca in acciaio inox DUD5040-2040<\/strong><\/h2>\n<h3 data-start=\"345\" data-end=\"371\"><strong data-start=\"349\" data-end=\"369\">Panoramica del prodotto<\/strong><\/h3>\n<p data-start=\"62\" data-end=\"417\">DUD5040-2040 \u00e8 un pratico lavello sottotop in acciaio inox progettato per le cucine in cui l'uso quotidiano \u00e8 importante. Con una disposizione equilibrata 50\/50, questo lavello a doppia vasca consente di separare facilmente le attivit\u00e0: il lavaggio da un lato, la preparazione dall'altro. \u00c8 una soluzione semplice che funziona bene sia nelle cucine familiari che in ambienti commerciali leggeri.<\/p>\n<div style=\"width: 960px;\" class=\"wp-video\"><video class=\"wp-video-shortcode\" id=\"video-1599-1\" width=\"960\" height=\"960\" preload=\"metadata\" controls=\"controls\"><source type=\"video\/webm\" src=\"https:\/\/jsd-sinks.com\/wp-content\/uploads\/2026\/04\/Double-Bowl-Sink.webm?_=1\" \/><a href=\"https:\/\/jsd-sinks.com\/wp-content\/uploads\/2026\/04\/Double-Bowl-Sink.webm\">https:\/\/jsd-sinks.com\/wp-content\/uploads\/2026\/04\/Double-Bowl-Sink.webm<\/a><\/video><\/div>\n<p data-start=\"419\" data-end=\"743\">Realizzato in resistente acciaio inox, il lavello \u00e8 costruito per un uso prolungato. \u00c8 in grado di gestire pentole calde, lavaggi quotidiani e pulizie regolari senza mostrare troppo rapidamente l'usura. La finitura spazzolata mantiene un aspetto sobrio e contribuisce a ridurre la visibilit\u00e0 dei piccoli graffi, un aspetto importante per le cucine che ne fanno un uso frequente.<\/p>\n<p data-start=\"419\" data-end=\"743\">L'installazione sottopiano offre un bordo pulito tra il piano di lavoro e il lavello. Le briciole e l'acqua possono essere pulite direttamente nella vasca, mantenendo cos\u00ec in ordine lo spazio di lavoro. Questo stile \u00e8 ampiamente preferito nelle cucine europee moderne, soprattutto se abbinato a piani di lavoro in pietra o compositi.<\/p>\n<p><img decoding=\"async\" class=\"wp-image-1605\" src=\"https:\/\/jsd-sinks.com\/wp-content\/uploads\/2026\/04\/Double-Bowl-Sink-Description-2.jpg\" alt=\"Descrizione del lavello a doppia vasca\" width=\"569\" height=\"569\" title=\"\" srcset=\"https:\/\/jsd-sinks.com\/wp-content\/uploads\/2026\/04\/Double-Bowl-Sink-Description-2.jpg 800w, https:\/\/jsd-sinks.com\/wp-content\/uploads\/2026\/04\/Double-Bowl-Sink-Description-2-300x300.jpg 300w, https:\/\/jsd-sinks.com\/wp-content\/uploads\/2026\/04\/Double-Bowl-Sink-Description-2-150x150.jpg 150w, https:\/\/jsd-sinks.com\/wp-content\/uploads\/2026\/04\/Double-Bowl-Sink-Description-2-768x768.jpg 768w, https:\/\/jsd-sinks.com\/wp-content\/uploads\/2026\/04\/Double-Bowl-Sink-Description-2-12x12.jpg 12w, https:\/\/jsd-sinks.com\/wp-content\/uploads\/2026\/04\/Double-Bowl-Sink-Description-2-500x500.jpg 500w, https:\/\/jsd-sinks.com\/wp-content\/uploads\/2026\/04\/Double-Bowl-Sink-Description-2-600x600.jpg 600w, https:\/\/jsd-sinks.com\/wp-content\/uploads\/2026\/04\/Double-Bowl-Sink-Description-2-100x100.jpg 100w\" sizes=\"(max-width: 569px) 100vw, 569px\" \/><\/p>\n<p data-start=\"1026\" data-end=\"1338\">Entrambe le vasche sono sufficientemente profonde per le pentole e le teglie pi\u00f9 grandi, pur lasciando spazio sufficiente per lavorare comodamente. Molti utenti scelgono un lavello a doppia vasca come il DUD5040-2040 perch\u00e9 consente una maggiore flessibilit\u00e0: un lato pu\u00f2 essere utilizzato per l'ammollo, l'altro per il risciacquo o anche per separare gli oggetti puliti da quelli sporchi.<\/p>\n<p data-start=\"1340\" data-end=\"1612\">Per migliorare l'uso quotidiano, il lavello \u00e8 dotato di cuscinetti fonoassorbenti nella parte inferiore. Questo riduce il rumore dell'acqua che scorre e delle stoviglie, particolarmente utile nelle cucine open space. Il fondo \u00e8 inoltre leggermente inclinato verso lo scarico, per consentire all'acqua di scorrere via senza accumularsi.<\/p>\n<p><img decoding=\"async\" class=\"wp-image-1604\" src=\"https:\/\/jsd-sinks.com\/wp-content\/uploads\/2026\/04\/Double-Bowl-Sink-Description-1.jpg\" alt=\"Descrizione del lavello a doppia vasca\" width=\"589\" height=\"758\" title=\"\" srcset=\"https:\/\/jsd-sinks.com\/wp-content\/uploads\/2026\/04\/Double-Bowl-Sink-Description-1.jpg 800w, https:\/\/jsd-sinks.com\/wp-content\/uploads\/2026\/04\/Double-Bowl-Sink-Description-1-233x300.jpg 233w, https:\/\/jsd-sinks.com\/wp-content\/uploads\/2026\/04\/Double-Bowl-Sink-Description-1-796x1024.jpg 796w, https:\/\/jsd-sinks.com\/wp-content\/uploads\/2026\/04\/Double-Bowl-Sink-Description-1-768x988.jpg 768w, https:\/\/jsd-sinks.com\/wp-content\/uploads\/2026\/04\/Double-Bowl-Sink-Description-1-9x12.jpg 9w, https:\/\/jsd-sinks.com\/wp-content\/uploads\/2026\/04\/Double-Bowl-Sink-Description-1-500x643.jpg 500w, https:\/\/jsd-sinks.com\/wp-content\/uploads\/2026\/04\/Double-Bowl-Sink-Description-1-600x772.jpg 600w\" sizes=\"(max-width: 589px) 100vw, 589px\" \/><\/p>\n<p data-start=\"1614\" data-end=\"1838\">Gli angoli sono progettati con un leggero raggio. In questo modo si mantiene un look moderno, ma si evitano gli angoli acuti, pi\u00f9 difficili da pulire. La manutenzione rimane semplice, cosa che la maggior parte dei clienti europei si aspetta da un lavello da cucina.<\/p>\n<p data-start=\"1840\" data-end=\"2040\">La posizione di scarico arretrata crea pi\u00f9 spazio utilizzabile all'interno delle vasche e lascia pi\u00f9 spazio sotto il mobile. Inoltre, \u00e8 utile quando si impilano le pentole, in quanto gli oggetti possono stare in piano senza bloccare lo scarico.<\/p>\n<p data-start=\"2042\" data-end=\"2333\" data-is-last-node=\"\" data-is-only-node=\"\">Sia che venga utilizzato in un nuovo progetto di cucina o nell'ambito di una ristrutturazione, il modello DUD5040-2040 offre una combinazione equilibrata di design pulito e funzionalit\u00e0 pratica. Per i clienti alla ricerca di un lavello a doppia vasca affidabile e senza inutili complessit\u00e0, questo modello si adatta naturalmente all'uso quotidiano della cucina.<\/p>\n<p data-start=\"2179\" data-end=\"2485\"><strong data-start=\"2179\" data-end=\"2229\">Sostenuto da R&amp;S e servizio post-vendita a vita<\/strong><br data-start=\"2229\" data-end=\"2232\" \/>Con il supporto di un team di ricerca e sviluppo dedicato e una garanzia post-vendita a vita, il DUD5040-2040 non \u00e8 solo un acquisto, ma un upgrade a lungo termine. Potete contare su prestazioni affidabili, su una progettazione accurata e sull'assistenza ogni volta che ne avete bisogno.<\/p>\n<div class=\"simg-pop-btn\" style=\"top: 224.625px; left: 14px; display: none;\"><\/div>\n<div id=\"gtx-trans\" style=\"position: absolute; left: 363px; top: 242.958px;\">\n<div class=\"gtx-trans-icon\"><\/div>\n<\/div>\n<div class=\"simg-pop-btn\" style=\"top: 1753.62px; left: 14px; display: none;\"><\/div>","protected":false},"excerpt":{"rendered":"<p>Modello: DUD5040-2040<br \/>\nDimensioni esterne: 500 x 400 mm<br \/>\nDimensioni interne: 200 x 400 mm<br \/>\nProfondit\u00e0: 230 mm<br \/>\nThickness: 2.0+0.8MM\/2.0+1.0MM\/2.0+1.05MM\/1.2MM\/Customize<br \/>\nImballaggio individuale Dimensioni: 900 x 500x 290 mm<br \/>\nPeso netto: 8 kg<br \/>\nPeso lordo: 10 kg<\/p>","protected":false},"featured_media":1600,"template":"","meta":{"_gspb_post_css":""},"product_brand":[],"product_cat":[20],"product_tag":[302,303,65,304,70,81],"class_list":{"0":"post-1599","1":"product","2":"type-product","3":"status-publish","4":"has-post-thumbnail","6":"product_cat-undermount-sink","7":"product_tag-double-bowl-sink","8":"product_tag-european-style-sink","9":"product_tag-kitchen-sink","10":"product_tag-r10-sink","11":"product_tag-stainless-steel-kitchen-sink","12":"product_tag-undermount-sink","14":"first","15":"instock","16":"shipping-taxable","17":"product-type-simple"},"_links":{"self":[{"href":"https:\/\/jsd-sinks.com\/it\/wp-json\/wp\/v2\/product\/1599","targetHints":{"allow":["GET"]}}],"collection":[{"href":"https:\/\/jsd-sinks.com\/it\/wp-json\/wp\/v2\/product"}],"about":[{"href":"https:\/\/jsd-sinks.com\/it\/wp-json\/wp\/v2\/types\/product"}],"wp:featuredmedia":[{"embeddable":true,"href":"https:\/\/jsd-sinks.com\/it\/wp-json\/wp\/v2\/media\/1600"}],"wp:attachment":[{"href":"https:\/\/jsd-sinks.com\/it\/wp-json\/wp\/v2\/media?parent=1599"}],"wp:term":[{"taxonomy":"product_brand","embeddable":true,"href":"https:\/\/jsd-sinks.com\/it\/wp-json\/wp\/v2\/product_brand?post=1599"},{"taxonomy":"product_cat","embeddable":true,"href":"https:\/\/jsd-sinks.com\/it\/wp-json\/wp\/v2\/product_cat?post=1599"},{"taxonomy":"product_tag","embeddable":true,"href":"https:\/\/jsd-sinks.com\/it\/wp-json\/wp\/v2\/product_tag?post=1599"}],"curies":[{"name":"wp","href":"https:\/\/api.w.org\/{rel}","templated":true}]}}