{"id":1262,"date":"2025-12-12T09:33:20","date_gmt":"2025-12-12T09:33:20","guid":{"rendered":"https:\/\/jsd-sinks.com\/?post_type=product&#038;p=1262"},"modified":"2025-12-12T09:33:20","modified_gmt":"2025-12-12T09:33:20","slug":"elegant-and-multifunctional-sink-soap-dispenser","status":"publish","type":"product","link":"https:\/\/jsd-sinks.com\/it\/elegant-and-multifunctional-sink-soap-dispenser\/","title":{"rendered":"Dispenser per sapone da lavello elegante e multifunzionale per spazi moderni"},"content":{"rendered":"<h2 class=\"ds-markdown-paragraph\"><strong>Design elegante e struttura resistente<\/strong><\/h2>\n<p data-start=\"570\" data-end=\"1161\">Questo dispenser di sapone da incasso per lavello \u00e8 progettato per portare praticit\u00e0, efficienza e stile in qualsiasi cucina o bagno moderno. Realizzato con una pompa in acciaio inox di qualit\u00e0 superiore, garantisce una lunga durata e un aspetto elegante che si adatta a un'ampia gamma di lavelli e rubinetti. La finitura anticorrosione garantisce che la pompa mantenga la sua lucentezza e le sue prestazioni anche in ambienti esposti ad acqua, sapone e liquidi detergenti. Disponibile in diverse finiture come cromo, nero opaco, nichel spazzolato e oro, consente di abbinare il proprio spazio a un look coordinato ed elegante.<\/p>\n<p><img decoding=\"async\" class=\"size-medium wp-image-1263\" src=\"https:\/\/jsd-sinks.com\/wp-content\/uploads\/2025\/12\/\u56fe\u72473-300x300.jpg\" alt=\"Distributore di sapone per lavello\" width=\"300\" height=\"300\" title=\"\" srcset=\"https:\/\/jsd-sinks.com\/wp-content\/uploads\/2025\/12\/\u56fe\u72473-300x300.jpg 300w, https:\/\/jsd-sinks.com\/wp-content\/uploads\/2025\/12\/\u56fe\u72473-100x100.jpg 100w, https:\/\/jsd-sinks.com\/wp-content\/uploads\/2025\/12\/\u56fe\u72473-600x600.jpg 600w, https:\/\/jsd-sinks.com\/wp-content\/uploads\/2025\/12\/\u56fe\u72473-500x500.jpg 500w, https:\/\/jsd-sinks.com\/wp-content\/uploads\/2025\/12\/\u56fe\u72473-150x150.jpg 150w, https:\/\/jsd-sinks.com\/wp-content\/uploads\/2025\/12\/\u56fe\u72473-768x768.jpg 768w, https:\/\/jsd-sinks.com\/wp-content\/uploads\/2025\/12\/\u56fe\u72473-12x12.jpg 12w, https:\/\/jsd-sinks.com\/wp-content\/uploads\/2025\/12\/\u56fe\u72473.jpg 800w\" sizes=\"(max-width: 300px) 100vw, 300px\" \/><\/p>\n<h3 class=\"ds-markdown-paragraph\"><strong>Ampio flacone ricaricabile e facile installazione<\/strong><\/h3>\n<p data-start=\"1163\" data-end=\"1724\">Il dispenser \u00e8 dotato di un grande flacone ricaricabile da 320 ml, realizzato in plastica di alta qualit\u00e0 e addensata, resistente alle crepe e alla corrosione chimica. Il design a bocca larga rende il riempimento facile e veloce, mentre il lungo gambo filettato garantisce la compatibilit\u00e0 con la maggior parte dei fori standard dei lavandini. Una volta installata, la bottiglia si posiziona discretamente sotto il piano di lavoro, risparmiando spazio e mantenendo una superficie pulita e ordinata. Gli utenti possono ricaricare comodamente da sopra il bancone semplicemente estraendo la testa della pompa, rendendola pi\u00f9 pratica rispetto alle tradizionali bottiglie da banco.<\/p>\n<h3 class=\"ds-markdown-paragraph\"><strong>Meccanismo di pompaggio fluido e preciso<\/strong><\/h3>\n<p data-start=\"1726\" data-end=\"2043\">Il meccanismo della pompa \u00e8 progettato per garantire un flusso di sapone uniforme e costante a ogni pressione. Funziona bene con sapone liquido, detersivo per piatti, lozione, disinfettante per mani e altri liquidi simili. Il beccuccio allungato assicura che il sapone venga erogato con precisione nel lavandino o su una spugna senza gocciolare o schizzare.<\/p>\n<h3 class=\"ds-markdown-paragraph\"><strong>Applicazioni versatili e vantaggi pratici<\/strong><\/h3>\n<p data-start=\"2045\" data-end=\"2480\">Sia che si tratti di una nuova installazione o di un aggiornamento di un lavello esistente, questo dispenser da incasso offre una soluzione elegante e funzionale per le esigenze di pulizia quotidiane. Aiuta a mantenere un piano di lavoro minimalista, riduce l'ingombro delle bottiglie di plastica e migliora l'organizzazione generale della cucina o del bagno. Grazie alla facilit\u00e0 di installazione e alla struttura di lunga durata, \u00e8 un accessorio ideale per case, uffici, ristoranti e stazioni di lavaggio commerciali.<\/p>","protected":false},"excerpt":{"rendered":"<p>Questo dispenser di sapone da incasso per lavelli \u00e8 dotato di una resistente testa di pompaggio in acciaio inossidabile, di un grande flacone ricaricabile da 320 ml e di un funzionamento agevole con una sola mano. Progettato per i lavelli della cucina o del bagno, offre un'erogazione del sapone comoda e senza problemi, con uno stile moderno e una resistenza alla corrosione di lunga durata.<\/p>","protected":false},"featured_media":1264,"template":"","meta":{"_gspb_post_css":""},"product_brand":[],"product_cat":[24],"product_tag":[142],"class_list":{"0":"post-1262","1":"product","2":"type-product","3":"status-publish","4":"has-post-thumbnail","6":"product_cat-accessories","7":"product_tag-sink-soap-dispenser-kitchen-accessory-built-in-soap-pump","9":"first","10":"instock","11":"shipping-taxable","12":"product-type-simple"},"_links":{"self":[{"href":"https:\/\/jsd-sinks.com\/it\/wp-json\/wp\/v2\/product\/1262","targetHints":{"allow":["GET"]}}],"collection":[{"href":"https:\/\/jsd-sinks.com\/it\/wp-json\/wp\/v2\/product"}],"about":[{"href":"https:\/\/jsd-sinks.com\/it\/wp-json\/wp\/v2\/types\/product"}],"wp:featuredmedia":[{"embeddable":true,"href":"https:\/\/jsd-sinks.com\/it\/wp-json\/wp\/v2\/media\/1264"}],"wp:attachment":[{"href":"https:\/\/jsd-sinks.com\/it\/wp-json\/wp\/v2\/media?parent=1262"}],"wp:term":[{"taxonomy":"product_brand","embeddable":true,"href":"https:\/\/jsd-sinks.com\/it\/wp-json\/wp\/v2\/product_brand?post=1262"},{"taxonomy":"product_cat","embeddable":true,"href":"https:\/\/jsd-sinks.com\/it\/wp-json\/wp\/v2\/product_cat?post=1262"},{"taxonomy":"product_tag","embeddable":true,"href":"https:\/\/jsd-sinks.com\/it\/wp-json\/wp\/v2\/product_tag?post=1262"}],"curies":[{"name":"wp","href":"https:\/\/api.w.org\/{rel}","templated":true}]}}