{"id":946,"date":"2025-12-03T07:20:36","date_gmt":"2025-12-03T07:20:36","guid":{"rendered":"https:\/\/jsd-sinks.com\/?post_type=product&#038;p=946"},"modified":"2025-12-09T02:38:05","modified_gmt":"2025-12-09T02:38:05","slug":"stainless-steel-colander-with-square-drain-holes","status":"publish","type":"product","link":"https:\/\/jsd-sinks.com\/fr\/stainless-steel-colander-with-square-drain-holes\/","title":{"rendered":"Passoire en acier inoxydable peu encombrante avec trous de vidange carr\u00e9s"},"content":{"rendered":"<h2 data-start=\"379\" data-end=\"713\">Passoire en acier inoxydable avec trous de vidange carr\u00e9s<\/h2>\n<p><strong>Mat\u00e9riau durable et design moderne<\/strong><\/p>\n<p data-start=\"379\" data-end=\"713\">Cette passoire en acier inoxydable allie praticit\u00e9 quotidienne et design moderne et durable. Fabriqu\u00e9e en acier inoxydable de haute qualit\u00e9, la passoire r\u00e9siste \u00e0 la rouille, aux taches et aux odeurs, garantissant une performance durable dans les cuisines actives. L'ext\u00e9rieur bross\u00e9 offre un aspect raffin\u00e9 et contemporain qui s'harmonise avec n'importe quel \u00e9vier ou plan de travail.<\/p>\n<p data-start=\"715\" data-end=\"1198\"><strong>Drainage efficace et forme polyvalente<\/strong><\/p>\n<p data-start=\"715\" data-end=\"1198\">La forme rectangulaire avec un bord large et plat assure la stabilit\u00e9 et une manipulation confortable, tandis que les perforations carr\u00e9es r\u00e9guli\u00e8rement espac\u00e9es sur la base permettent un drainage rapide et efficace qui emp\u00eache l'accumulation d'eau et acc\u00e9l\u00e8re la pr\u00e9paration des aliments. Sa capacit\u00e9 g\u00e9n\u00e9reuse en fait l'outil id\u00e9al pour laver de grandes quantit\u00e9s de fruits et de l\u00e9gumes, rincer les c\u00e9r\u00e9ales et les l\u00e9gumineuses, ou \u00e9goutter les p\u00e2tes et les produits cuits. Sa faible profondeur sert \u00e9galement de plateforme pratique pour la cuisson \u00e0 la vapeur lorsqu'il est plac\u00e9 au-dessus d'une casserole.<\/p>\n<p><img decoding=\"async\" class=\"size-medium wp-image-1092\" src=\"https:\/\/jsd-sinks.com\/wp-content\/uploads\/2025\/12\/\u53a8\u623f\u624b\u5de5\u6c34\u69fd\u6ca5\u6c34\u7bee-300x300.jpg\" alt=\"Passoire en acier inoxydable avec trous de vidange carr\u00e9s\" width=\"300\" height=\"300\" title=\"\" srcset=\"https:\/\/jsd-sinks.com\/wp-content\/uploads\/2025\/12\/\u53a8\u623f\u624b\u5de5\u6c34\u69fd\u6ca5\u6c34\u7bee-300x300.jpg 300w, https:\/\/jsd-sinks.com\/wp-content\/uploads\/2025\/12\/\u53a8\u623f\u624b\u5de5\u6c34\u69fd\u6ca5\u6c34\u7bee-100x100.jpg 100w, https:\/\/jsd-sinks.com\/wp-content\/uploads\/2025\/12\/\u53a8\u623f\u624b\u5de5\u6c34\u69fd\u6ca5\u6c34\u7bee-600x600.jpg 600w, https:\/\/jsd-sinks.com\/wp-content\/uploads\/2025\/12\/\u53a8\u623f\u624b\u5de5\u6c34\u69fd\u6ca5\u6c34\u7bee-500x500.jpg 500w, https:\/\/jsd-sinks.com\/wp-content\/uploads\/2025\/12\/\u53a8\u623f\u624b\u5de5\u6c34\u69fd\u6ca5\u6c34\u7bee-150x150.jpg 150w, https:\/\/jsd-sinks.com\/wp-content\/uploads\/2025\/12\/\u53a8\u623f\u624b\u5de5\u6c34\u69fd\u6ca5\u6c34\u7bee-12x12.jpg 12w, https:\/\/jsd-sinks.com\/wp-content\/uploads\/2025\/12\/\u53a8\u623f\u624b\u5de5\u6c34\u69fd\u6ca5\u6c34\u7bee.jpg 667w\" sizes=\"(max-width: 300px) 100vw, 300px\" \/><\/p>\n<p data-start=\"1200\" data-end=\"1523\"><strong>D\u00e9tails conviviaux et entretien facile<\/strong><\/p>\n<p data-start=\"1200\" data-end=\"1523\">Des d\u00e9tails bien pens\u00e9s rendent cette passoire conviviale : le large bord peut reposer en toute s\u00e9curit\u00e9 sur les comptoirs ou les bords de l'\u00e9vier, lib\u00e9rant ainsi les mains pour d'autres t\u00e2ches ; l'int\u00e9rieur lisse est facile \u00e0 nettoyer \u00e0 la main et passe au lave-vaisselle pour un entretien sans effort. L'int\u00e9rieur lisse se nettoie facilement \u00e0 la main et passe au lave-vaisselle pour un entretien sans effort. La construction robuste r\u00e9siste \u00e0 un usage fr\u00e9quent et \u00e0 des chocs occasionnels sans se d\u00e9former.<\/p>\n<p data-start=\"1525\" data-end=\"1821\"><strong>Utilisation polyvalente et adaptabilit\u00e9 du style<\/strong><\/p>\n<p data-start=\"1525\" data-end=\"1821\">Polyvalente de par sa conception, cette passoire permet d'effectuer de nombreuses t\u00e2ches en cuisine au-del\u00e0 du rin\u00e7age et de l'\u00e9gouttage - essayez-la pour d\u00e9congeler les ingr\u00e9dients congel\u00e9s, pour maintenir les produits \u00e0 s\u00e9cher ou pour servir de plateau de service pour les aliments \u00e9goutt\u00e9s. Sa finition m\u00e9tallique neutre s'adapte \u00e0 de nombreux styles de cuisine, du minimaliste \u00e0 l'industriel.<\/p>\n<p data-start=\"1823\" data-end=\"2423\" data-is-last-node=\"\" data-is-only-node=\"\"><strong>Pratique, \u00e9cologique et r\u00e9sistant \u00e0 la chaleur<\/strong><\/p>\n<p data-start=\"1823\" data-end=\"2423\" data-is-last-node=\"\" data-is-only-node=\"\">Facile \u00e0 ranger et n\u00e9cessitant peu d'entretien, cette passoire en acier inoxydable est un outil fiable et polyvalent qui am\u00e9liore le flux de travail et maintient la pr\u00e9paration en ordre. Que vous cuisiniez pour un repas familial ou que vous pr\u00e9pariez des ingr\u00e9dients pour une r\u00e9ception, c'est un accessoire efficace con\u00e7u pour simplifier les t\u00e2ches quotidiennes de la cuisine tout en conservant une apparence soign\u00e9e. Il est s\u00fbr pour les aliments et r\u00e9sistant \u00e0 la chaleur, ce qui permet de pr\u00e9parer des aliments chauds directement \u00e0 partir de la casserole. Enti\u00e8rement recyclable en fin de vie, cette passoire est un choix \u00e9cologique qui offre une valeur pratique et des performances fiables. pour les cuisines de tous les jours.<\/p>","protected":false},"excerpt":{"rendered":"<p>Passoire en acier inoxydable durable avec une finition bross\u00e9e \u00e9l\u00e9gante et un large bord plat pour une manipulation s\u00fbre. La base perfor\u00e9e avec des trous d'\u00e9vacuation carr\u00e9s assure un \u00e9coulement rapide de l'eau. Grande capacit\u00e9 rectangulaire pour laver les fruits, \u00e9goutter les p\u00e2tes ou cuire \u00e0 la vapeur. R\u00e9siste \u00e0 la rouille et passe au lave-vaisselle. Peu encombrant et facile \u00e0 ranger.<\/p>","protected":false},"featured_media":1091,"template":"","meta":{"_gspb_post_css":""},"product_brand":[],"product_cat":[24],"product_tag":[122,120,121],"class_list":{"0":"post-946","1":"product","2":"type-product","3":"status-publish","4":"has-post-thumbnail","6":"product_cat-accessories","7":"product_tag-dishwasher-safe","8":"product_tag-kitchen-essentials","9":"product_tag-rust-resistant","11":"first","12":"instock","13":"shipping-taxable","14":"product-type-simple"},"_links":{"self":[{"href":"https:\/\/jsd-sinks.com\/fr\/wp-json\/wp\/v2\/product\/946","targetHints":{"allow":["GET"]}}],"collection":[{"href":"https:\/\/jsd-sinks.com\/fr\/wp-json\/wp\/v2\/product"}],"about":[{"href":"https:\/\/jsd-sinks.com\/fr\/wp-json\/wp\/v2\/types\/product"}],"wp:featuredmedia":[{"embeddable":true,"href":"https:\/\/jsd-sinks.com\/fr\/wp-json\/wp\/v2\/media\/1091"}],"wp:attachment":[{"href":"https:\/\/jsd-sinks.com\/fr\/wp-json\/wp\/v2\/media?parent=946"}],"wp:term":[{"taxonomy":"product_brand","embeddable":true,"href":"https:\/\/jsd-sinks.com\/fr\/wp-json\/wp\/v2\/product_brand?post=946"},{"taxonomy":"product_cat","embeddable":true,"href":"https:\/\/jsd-sinks.com\/fr\/wp-json\/wp\/v2\/product_cat?post=946"},{"taxonomy":"product_tag","embeddable":true,"href":"https:\/\/jsd-sinks.com\/fr\/wp-json\/wp\/v2\/product_tag?post=946"}],"curies":[{"name":"wp","href":"https:\/\/api.w.org\/{rel}","templated":true}]}}