{"id":940,"date":"2025-12-03T06:50:03","date_gmt":"2025-12-03T06:50:03","guid":{"rendered":"https:\/\/jsd-sinks.com\/?post_type=product&#038;p=940"},"modified":"2025-12-09T02:25:31","modified_gmt":"2025-12-09T02:25:31","slug":"rust-resistant-stainless-steel-sink-bottom-grids","status":"publish","type":"product","link":"https:\/\/jsd-sinks.com\/fr\/rust-resistant-stainless-steel-sink-bottom-grids\/","title":{"rendered":"Grilles de fond d'\u00e9vier en acier inoxydable r\u00e9sistantes \u00e0 la rouille pour la protection de l'\u00e9vier de cuisine"},"content":{"rendered":"<h2 data-start=\"303\" data-end=\"813\"><span class=\"YPkS7KbdpWfGdYKd3QB9\" data-src-align=\"0:4\">Base protectrice<\/span> <span class=\"YPkS7KbdpWfGdYKd3QB9\" data-src-align=\"5:6\">pour prot\u00e9ger le lustre de l'\u00e9vier<\/span><\/h2>\n<p data-start=\"303\" data-end=\"813\">Cette grille de fond d'\u00e9vier en acier inoxydable est con\u00e7ue pour am\u00e9liorer les performances, la long\u00e9vit\u00e9 et la commodit\u00e9 de votre \u00e9vier de cuisine. Fabriqu\u00e9e en acier inoxydable de premi\u00e8re qualit\u00e9 et r\u00e9sistante \u00e0 la corrosion, elle constitue une couche protectrice solide et fiable entre le bassin de l'\u00e9vier et les ustensiles de cuisine utilis\u00e9s quotidiennement. En \u00e9levant la vaisselle, les casseroles et les ustensiles au-dessus de la surface de l'\u00e9vier, la grille pr\u00e9vient efficacement les rayures, les \u00e9raflures et l'usure \u00e0 long terme, contribuant ainsi \u00e0 pr\u00e9server la finition d'origine de votre \u00e9vier.<\/p>\n<p><img decoding=\"async\" class=\"size-medium wp-image-1089\" src=\"https:\/\/jsd-sinks.com\/wp-content\/uploads\/2025\/12\/\u4e0d\u9508\u94a2\u6c34\u69fd\u5e95\u90e8\u7f51\u683c11211-300x300.jpg\" alt=\"Grilles de fond d&#039;\u00e9vier en acier inoxydable\" width=\"300\" height=\"300\" title=\"\" srcset=\"https:\/\/jsd-sinks.com\/wp-content\/uploads\/2025\/12\/\u4e0d\u9508\u94a2\u6c34\u69fd\u5e95\u90e8\u7f51\u683c11211-300x300.jpg 300w, https:\/\/jsd-sinks.com\/wp-content\/uploads\/2025\/12\/\u4e0d\u9508\u94a2\u6c34\u69fd\u5e95\u90e8\u7f51\u683c11211-100x100.jpg 100w, https:\/\/jsd-sinks.com\/wp-content\/uploads\/2025\/12\/\u4e0d\u9508\u94a2\u6c34\u69fd\u5e95\u90e8\u7f51\u683c11211-600x600.jpg 600w, https:\/\/jsd-sinks.com\/wp-content\/uploads\/2025\/12\/\u4e0d\u9508\u94a2\u6c34\u69fd\u5e95\u90e8\u7f51\u683c11211-500x500.jpg 500w, https:\/\/jsd-sinks.com\/wp-content\/uploads\/2025\/12\/\u4e0d\u9508\u94a2\u6c34\u69fd\u5e95\u90e8\u7f51\u683c11211-150x150.jpg 150w, https:\/\/jsd-sinks.com\/wp-content\/uploads\/2025\/12\/\u4e0d\u9508\u94a2\u6c34\u69fd\u5e95\u90e8\u7f51\u683c11211-12x12.jpg 12w, https:\/\/jsd-sinks.com\/wp-content\/uploads\/2025\/12\/\u4e0d\u9508\u94a2\u6c34\u69fd\u5e95\u90e8\u7f51\u683c11211.jpg 667w\" sizes=\"(max-width: 300px) 100vw, 300px\" \/><\/p>\n<h3 data-start=\"815\" data-end=\"1255\"><span class=\"YPkS7KbdpWfGdYKd3QB9\" data-src-align=\"17:4\">Drainage en douceur<\/span> <span class=\"YPkS7KbdpWfGdYKd3QB9\" data-src-align=\"22:4\">et maintenir la propret\u00e9<\/span><\/h3>\n<p data-start=\"815\" data-end=\"1255\">La conception \u00e0 fil ouvert permet \u00e0 l'eau de s'\u00e9couler librement, ce qui acc\u00e9l\u00e8re l'\u00e9vacuation et r\u00e9duit l'accumulation de r\u00e9sidus ou d'eau stagnante. L'environnement de l'\u00e9vier est ainsi plus propre et plus hygi\u00e9nique, tout en facilitant consid\u00e9rablement les t\u00e2ches quotidiennes dans la cuisine. L'orifice de vidange rond, positionn\u00e9 avec pr\u00e9cision, est enti\u00e8rement compatible avec les emplacements de vidange standard des \u00e9viers, ce qui permet d'acc\u00e9der facilement aux fonctions de lavage, de rin\u00e7age et d'\u00e9limination sans avoir \u00e0 retirer la grille.<\/p>\n<h3 data-start=\"1257\" data-end=\"1643\"><span class=\"YPkS7KbdpWfGdYKd3QB9\" data-src-align=\"32:4\">Stable et silencieux<\/span>, <span class=\"YPkS7KbdpWfGdYKd3QB9\" data-src-align=\"37:4\">absorption des chocs et anti-collision<\/span><\/h3>\n<p data-start=\"1257\" data-end=\"1643\">Pour am\u00e9liorer la stabilit\u00e9 et r\u00e9duire le bruit, la grille est \u00e9quip\u00e9e de pieds protecteurs en caoutchouc et de pare-chocs lat\u00e9raux. Ces coussinets souples mais durables maintiennent la grille fermement en place tout en \u00e9vitant le contact m\u00e9tal contre m\u00e9tal qui pourrait marquer ou endommager la surface de l'\u00e9vier. Ils amortissent \u00e9galement l'impact de la mise en place de la vaisselle, ce qui permet de minimiser les bruits et de prot\u00e9ger les objets d\u00e9licats, tels que les verres et les bols en c\u00e9ramique.<\/p>\n<h3 data-start=\"1645\" data-end=\"2049\"><span class=\"YPkS7KbdpWfGdYKd3QB9\" data-src-align=\"47:4\">Facile \u00e0 nettoyer<\/span>, <span class=\"YPkS7KbdpWfGdYKd3QB9\" data-src-align=\"52:4\">adaptation universelle<\/span><\/h3>\n<p data-start=\"1645\" data-end=\"2049\">Facile \u00e0 nettoyer et \u00e0 entretenir, la construction en acier inoxydable r\u00e9siste \u00e0 la rouille, aux taches et \u00e0 la d\u00e9coloration, m\u00eame en cas d'exposition constante \u00e0 l'eau, \u00e0 la chaleur et aux d\u00e9tergents. La grille peut \u00eatre rinc\u00e9e, essuy\u00e9e ou mise au lave-vaisselle pour un entretien sans effort. Sa forme rectangulaire universelle lui permet de s'adapter \u00e0 de nombreux styles d'\u00e9viers modernes et \u00e0 de nombreuses tailles de bassins, que ce soit dans les cuisines r\u00e9sidentielles, les stations de pr\u00e9paration ou les zones utilitaires.<\/p>\n<h3 data-start=\"2051\" data-end=\"2242\"><span class=\"YPkS7KbdpWfGdYKd3QB9\" data-src-align=\"62:4\">Am\u00e9lioration pratique<\/span>, <span class=\"YPkS7KbdpWfGdYKd3QB9\" data-src-align=\"67:4\">le gardien du jour<\/span><\/h3>\n<p data-start=\"2051\" data-end=\"2242\" data-is-last-node=\"\" data-is-only-node=\"\">Alliant durabilit\u00e9, design r\u00e9fl\u00e9chi et fonction pratique, cette grille de fond d'\u00e9vier est une am\u00e9lioration simple mais essentielle qui permet \u00e0 votre \u00e9vier d'\u00eatre plus propre, plus silencieux et mieux prot\u00e9g\u00e9 chaque jour.<\/p>","protected":false},"excerpt":{"rendered":"<p>Grilles de fond d'\u00e9vier en acier inoxydable durables con\u00e7ues pour prot\u00e9ger votre \u00e9vier des rayures, supporter les ustensiles de cuisine lourds et am\u00e9liorer le drainage. Comprend une ouverture de vidange pr\u00e9cise, des pieds en caoutchouc antid\u00e9rapants et un cadre m\u00e9tallique r\u00e9sistant \u00e0 la rouille et facile \u00e0 nettoyer pour une utilisation quotidienne dans la cuisine.<\/p>","protected":false},"featured_media":1088,"template":"","meta":{"_gspb_post_css":""},"product_brand":[],"product_cat":[24],"product_tag":[119],"class_list":{"0":"post-940","1":"product","2":"type-product","3":"status-publish","4":"has-post-thumbnail","6":"product_cat-accessories","7":"product_tag-stainless-steel-sink-accessories-bottom-grid","9":"first","10":"instock","11":"shipping-taxable","12":"product-type-simple"},"_links":{"self":[{"href":"https:\/\/jsd-sinks.com\/fr\/wp-json\/wp\/v2\/product\/940","targetHints":{"allow":["GET"]}}],"collection":[{"href":"https:\/\/jsd-sinks.com\/fr\/wp-json\/wp\/v2\/product"}],"about":[{"href":"https:\/\/jsd-sinks.com\/fr\/wp-json\/wp\/v2\/types\/product"}],"wp:featuredmedia":[{"embeddable":true,"href":"https:\/\/jsd-sinks.com\/fr\/wp-json\/wp\/v2\/media\/1088"}],"wp:attachment":[{"href":"https:\/\/jsd-sinks.com\/fr\/wp-json\/wp\/v2\/media?parent=940"}],"wp:term":[{"taxonomy":"product_brand","embeddable":true,"href":"https:\/\/jsd-sinks.com\/fr\/wp-json\/wp\/v2\/product_brand?post=940"},{"taxonomy":"product_cat","embeddable":true,"href":"https:\/\/jsd-sinks.com\/fr\/wp-json\/wp\/v2\/product_cat?post=940"},{"taxonomy":"product_tag","embeddable":true,"href":"https:\/\/jsd-sinks.com\/fr\/wp-json\/wp\/v2\/product_tag?post=940"}],"curies":[{"name":"wp","href":"https:\/\/api.w.org\/{rel}","templated":true}]}}