{"id":937,"date":"2025-12-03T06:39:08","date_gmt":"2025-12-03T06:39:08","guid":{"rendered":"https:\/\/jsd-sinks.com\/?post_type=product&#038;p=937"},"modified":"2025-12-09T02:06:02","modified_gmt":"2025-12-09T02:06:02","slug":"kitchen-sink-rack-with-drainage-for-dish-drying","status":"publish","type":"product","link":"https:\/\/jsd-sinks.com\/fr\/kitchen-sink-rack-with-drainage-for-dish-drying\/","title":{"rendered":"Support compact pour \u00e9vier de cuisine avec \u00e9gouttage pour un s\u00e9chage efficace de la vaisselle"},"content":{"rendered":"<h2 data-start=\"0\" data-end=\"410\"><strong data-start=\"0\" data-end=\"88\">Am\u00e9liorez la fonctionnalit\u00e9 de votre cuisine gr\u00e2ce \u00e0 ce support d'\u00e9vier \u00e9l\u00e9gant et pratique.<\/strong><\/h2>\n<p data-start=\"0\" data-end=\"410\">Am\u00e9liorez votre cuisine avec ce support d'\u00e9vier \u00e9l\u00e9gant et fonctionnel, con\u00e7u pour faciliter le s\u00e9chage de la vaisselle, des tasses et des couverts. Gr\u00e2ce \u00e0 sa construction durable et \u00e0 son design peu encombrant, il s'adapte parfaitement \u00e0 votre \u00e9vier. Fabriqu\u00e9 \u00e0 partir de mat\u00e9riaux de haute qualit\u00e9 et fini dans un ton gris moderne, il s'int\u00e8gre \u00e0 tous les d\u00e9cors de cuisine.<\/p>\n<figure id=\"attachment_1084\" aria-describedby=\"caption-attachment-1084\" style=\"width: 300px\" class=\"wp-caption alignnone\"><img decoding=\"async\" class=\"size-medium wp-image-1084\" src=\"https:\/\/jsd-sinks.com\/wp-content\/uploads\/2025\/12\/7\u67085\u65e514.jpg1_-300x300.jpg\" alt=\"support d&#039;\u00e9vier de cuisine\" width=\"300\" height=\"300\" title=\"\" srcset=\"https:\/\/jsd-sinks.com\/wp-content\/uploads\/2025\/12\/7\u67085\u65e514.jpg1_-300x300.jpg 300w, https:\/\/jsd-sinks.com\/wp-content\/uploads\/2025\/12\/7\u67085\u65e514.jpg1_-100x100.jpg 100w, https:\/\/jsd-sinks.com\/wp-content\/uploads\/2025\/12\/7\u67085\u65e514.jpg1_-600x600.jpg 600w, https:\/\/jsd-sinks.com\/wp-content\/uploads\/2025\/12\/7\u67085\u65e514.jpg1_-500x500.jpg 500w, https:\/\/jsd-sinks.com\/wp-content\/uploads\/2025\/12\/7\u67085\u65e514.jpg1_-150x150.jpg 150w, https:\/\/jsd-sinks.com\/wp-content\/uploads\/2025\/12\/7\u67085\u65e514.jpg1_-12x12.jpg 12w, https:\/\/jsd-sinks.com\/wp-content\/uploads\/2025\/12\/7\u67085\u65e514.jpg1_.jpg 667w\" sizes=\"(max-width: 300px) 100vw, 300px\" \/><figcaption id=\"caption-attachment-1084\" class=\"wp-caption-text\">support d'\u00e9vier de cuisine<\/figcaption><\/figure>\n<h3 data-start=\"412\" data-end=\"789\"><strong data-start=\"412\" data-end=\"459\">Optimiser le s\u00e9chage gr\u00e2ce \u00e0 des caract\u00e9ristiques de conception intelligentes<\/strong><\/h3>\n<p data-start=\"412\" data-end=\"789\">Cette \u00e9tag\u00e8re est constitu\u00e9e de multiples lamelles qui favorisent la circulation de l'air et assurent une \u00e9vacuation rapide de l'eau, ce qui permet de garder la vaisselle s\u00e8che et \u00e0 l'abri de l'humidit\u00e9 excessive. La base perfor\u00e9e emp\u00eache l'accumulation d'eau, ce qui contribue \u00e0 maintenir un espace propre et organis\u00e9. Sa conception bien pens\u00e9e facilite le rin\u00e7age et l'entretien, de sorte qu'il est toujours pr\u00eat \u00e0 l'emploi.<\/p>\n<h3 data-start=\"791\" data-end=\"1227\"><strong data-start=\"791\" data-end=\"841\">Parfait pour les cuisines compactes et les espaces modernes<\/strong><\/h3>\n<p data-start=\"791\" data-end=\"1227\" data-is-last-node=\"\" data-is-only-node=\"\">Id\u00e9al pour les cuisines dont l'espace de travail est limit\u00e9, le design \u00e9pur\u00e9 de ce support offre une solution pratique pour s\u00e9cher la vaisselle ou ranger les ustensiles de cuisine de mani\u00e8re ordonn\u00e9e. Son style minimaliste ajoute une touche d'\u00e9l\u00e9gance moderne \u00e0 votre cuisine tout en restant tr\u00e8s fonctionnel. Que vous soyez un cuisinier amateur ou un passionn\u00e9 de cuisine, cette \u00e9tag\u00e8re rendra votre routine culinaire plus efficace et plus pratique.<\/p>","protected":false},"excerpt":{"rendered":"<p>Ce support polyvalent pour \u00e9vier de cuisine est con\u00e7u pour optimiser l'espace et permettre un s\u00e9chage efficace de la vaisselle, des verres et des ustensiles. De couleur grise moderne, il pr\u00e9sente une conception robuste avec des fentes de drainage pour l'\u00e9coulement de l'eau et une base compacte, facile \u00e0 ranger. Un must pour tout comptoir de cuisine.<\/p>","protected":false},"featured_media":1084,"template":"","meta":{"_gspb_post_css":""},"product_brand":[],"product_cat":[24],"product_tag":[118],"class_list":{"0":"post-937","1":"product","2":"type-product","3":"status-publish","4":"has-post-thumbnail","6":"product_cat-accessories","7":"product_tag-kitchen-sink-rackdish-drying-rackcountertop-organizer","9":"first","10":"instock","11":"shipping-taxable","12":"product-type-simple"},"_links":{"self":[{"href":"https:\/\/jsd-sinks.com\/fr\/wp-json\/wp\/v2\/product\/937","targetHints":{"allow":["GET"]}}],"collection":[{"href":"https:\/\/jsd-sinks.com\/fr\/wp-json\/wp\/v2\/product"}],"about":[{"href":"https:\/\/jsd-sinks.com\/fr\/wp-json\/wp\/v2\/types\/product"}],"wp:featuredmedia":[{"embeddable":true,"href":"https:\/\/jsd-sinks.com\/fr\/wp-json\/wp\/v2\/media\/1084"}],"wp:attachment":[{"href":"https:\/\/jsd-sinks.com\/fr\/wp-json\/wp\/v2\/media?parent=937"}],"wp:term":[{"taxonomy":"product_brand","embeddable":true,"href":"https:\/\/jsd-sinks.com\/fr\/wp-json\/wp\/v2\/product_brand?post=937"},{"taxonomy":"product_cat","embeddable":true,"href":"https:\/\/jsd-sinks.com\/fr\/wp-json\/wp\/v2\/product_cat?post=937"},{"taxonomy":"product_tag","embeddable":true,"href":"https:\/\/jsd-sinks.com\/fr\/wp-json\/wp\/v2\/product_tag?post=937"}],"curies":[{"name":"wp","href":"https:\/\/api.w.org\/{rel}","templated":true}]}}