{"id":921,"date":"2025-12-03T04:13:17","date_gmt":"2025-12-03T04:13:17","guid":{"rendered":"https:\/\/jsd-sinks.com\/?post_type=product&#038;p=921"},"modified":"2025-12-09T01:49:32","modified_gmt":"2025-12-09T01:49:32","slug":"kitchen-sink-drain-with-dual-filtration-baskets","status":"publish","type":"product","link":"https:\/\/jsd-sinks.com\/fr\/kitchen-sink-drain-with-dual-filtration-baskets\/","title":{"rendered":"Vidange d'\u00e9vier de cuisine \u00e9tanche \u00e0 double \u00e9tanch\u00e9it\u00e9 avec double panier de filtration"},"content":{"rendered":"<h2 data-start=\"0\" data-end=\"44\">Syst\u00e8me de vidange d'\u00e9vier de cuisine haute performance<\/h2>\n<p data-start=\"46\" data-end=\"136\"><strong data-start=\"46\" data-end=\"136\">Syst\u00e8me de vidange d'\u00e9vier de cuisine haute performance - Filtration intelligente et protection \u00e0 double \u00e9tanch\u00e9it\u00e9<\/strong><\/p>\n<p data-start=\"138\" data-end=\"367\">Am\u00e9liorez l'hygi\u00e8ne et la fiabilit\u00e9 de votre cuisine avec un siphon d'\u00e9vier con\u00e7u pour la vie r\u00e9elle. Plus qu'un simple siphon, il s'agit d'un syst\u00e8me de filtration et d'\u00e9tanch\u00e9it\u00e9 bien pens\u00e9, con\u00e7u pour arr\u00eater les bouchons, pr\u00e9venir les fuites et faciliter le nettoyage.<\/p>\n<p><img decoding=\"async\" class=\"size-medium wp-image-1078\" src=\"https:\/\/jsd-sinks.com\/wp-content\/uploads\/2025\/12\/Main-031-300x300.jpg\" alt=\"Drainage de l&#039;\u00e9vier de cuisine\" width=\"300\" height=\"300\" title=\"\" srcset=\"https:\/\/jsd-sinks.com\/wp-content\/uploads\/2025\/12\/Main-031-300x300.jpg 300w, https:\/\/jsd-sinks.com\/wp-content\/uploads\/2025\/12\/Main-031-100x100.jpg 100w, https:\/\/jsd-sinks.com\/wp-content\/uploads\/2025\/12\/Main-031-600x600.jpg 600w, https:\/\/jsd-sinks.com\/wp-content\/uploads\/2025\/12\/Main-031-500x500.jpg 500w, https:\/\/jsd-sinks.com\/wp-content\/uploads\/2025\/12\/Main-031-150x150.jpg 150w, https:\/\/jsd-sinks.com\/wp-content\/uploads\/2025\/12\/Main-031-12x12.jpg 12w, https:\/\/jsd-sinks.com\/wp-content\/uploads\/2025\/12\/Main-031.jpg 667w\" sizes=\"(max-width: 300px) 100vw, 300px\" \/><\/p>\n<h3 data-start=\"369\" data-end=\"396\">Quel m<span style=\"font-size: 16px;\">akes it <\/span><span style=\"font-size: 16px;\">pratique<\/span><\/h3>\n<p data-start=\"397\" data-end=\"572\">Filtre \u00e0 panier amovible<br data-start=\"426\" data-end=\"429\" \/>Un simple panier encliquetable retient les d\u00e9chets, les \u00e9pluchures et autres solides avant qu'ils n'atteignent vos canalisations. Soulevez-le, videz-le et rincez-le - pas d'outils, pas de tracas.<\/p>\n<p data-start=\"574\" data-end=\"776\">Conception doublement \u00e9tanche<br data-start=\"610\" data-end=\"613\" \/>Deux rondelles d'arr\u00eat cr\u00e9ent un joint \u00e9tanche entre le drain et l'\u00e9vier. Cela signifie qu'il n'y a pas d'\u00e9coulement lent sous le comptoir et qu'il y a moins de risques de d\u00e9g\u00e2ts des eaux co\u00fbteux.<\/p>\n<p data-start=\"778\" data-end=\"927\">Paniers de filtration doubles<br data-start=\"805\" data-end=\"808\" \/>Deux couches de filtration am\u00e9liorent la capture des d\u00e9chets afin que les plus petites particules ne passent pas au travers. Des canalisations plus propres, moins de blocages.<\/p>\n<p data-start=\"929\" data-end=\"1107\">Corps de vidange monobloc, estamp\u00e9<br data-start=\"962\" data-end=\"965\" \/>Fabriqu\u00e9 selon un processus d'emboutissage int\u00e9gral pour plus de solidit\u00e9 et de durabilit\u00e9. Le corps en une seule pi\u00e8ce r\u00e9siste aux dommages et \u00e0 l'usage quotidien.<\/p>\n<p data-start=\"1109\" data-end=\"1278\">Finition polie, facile \u00e0 nettoyer<br data-start=\"1143\" data-end=\"1146\" \/>Polis et \u00e9tir\u00e9s pour une surface lisse d'un bel aspect et qui se nettoie en quelques secondes - un entretien r\u00e9duit qui s'harmonise avec les \u00e9viers modernes.<\/p>\n<p data-start=\"1280\" data-end=\"1420\">Adaptation universelle<br data-start=\"1297\" data-end=\"1300\" \/>Con\u00e7u pour s'adapter aux ouvertures d'\u00e9vier standard (110 mm, 114 mm et 140 mm), il est facile \u00e0 installer dans la plupart des cuisines.<\/p>\n<p><img decoding=\"async\" class=\"size-medium wp-image-1079\" src=\"https:\/\/jsd-sinks.com\/wp-content\/uploads\/2025\/12\/Main-04-300x300.jpg\" alt=\"Drainage de l&#039;\u00e9vier de cuisine\" width=\"300\" height=\"300\" title=\"\" srcset=\"https:\/\/jsd-sinks.com\/wp-content\/uploads\/2025\/12\/Main-04-300x300.jpg 300w, https:\/\/jsd-sinks.com\/wp-content\/uploads\/2025\/12\/Main-04-100x100.jpg 100w, https:\/\/jsd-sinks.com\/wp-content\/uploads\/2025\/12\/Main-04-600x600.jpg 600w, https:\/\/jsd-sinks.com\/wp-content\/uploads\/2025\/12\/Main-04-500x500.jpg 500w, https:\/\/jsd-sinks.com\/wp-content\/uploads\/2025\/12\/Main-04-150x150.jpg 150w, https:\/\/jsd-sinks.com\/wp-content\/uploads\/2025\/12\/Main-04-12x12.jpg 12w, https:\/\/jsd-sinks.com\/wp-content\/uploads\/2025\/12\/Main-04.jpg 667w\" sizes=\"(max-width: 300px) 100vw, 300px\" \/><\/p>\n<h3 data-start=\"1422\" data-end=\"1447\">Comment l'utiliser et l'entretenir<\/h3>\n<ol data-start=\"1448\" data-end=\"1718\">\n<li data-start=\"1448\" data-end=\"1517\">\n<p data-start=\"1451\" data-end=\"1517\">D\u00e9posez la cr\u00e9pine dans l'orifice de vidange pour r\u00e9cup\u00e9rer les d\u00e9bris.<\/p>\n<\/li>\n<li data-start=\"1518\" data-end=\"1599\">\n<p data-start=\"1521\" data-end=\"1599\">Lorsqu'il est plein, soulevez-le, videz-le dans la poubelle et rincez-le \u00e0 l'eau courante.<\/p>\n<\/li>\n<li data-start=\"1600\" data-end=\"1718\">\n<p data-start=\"1603\" data-end=\"1718\">Si n\u00e9cessaire, retirez l'ensemble de vidange pour un nettoyage rapide - le double joint assure l'\u00e9tanch\u00e9it\u00e9 de l'ensemble pendant que vous travaillez.<\/p>\n<\/li>\n<\/ol>\n<h3 data-start=\"1720\" data-end=\"1735\">Pourquoi mettre \u00e0 niveau<\/h3>\n<p data-start=\"1736\" data-end=\"1930\">Remplacez un vieux drain par ce syst\u00e8me et vous constaterez qu'il y a moins de bouchons, beaucoup moins de fuites dans les armoires et un drain plus facile \u00e0 nettoyer et con\u00e7u pour durer. C'est un petit changement qui permet d'\u00e9conomiser du temps et de l'\u00e9nergie.<\/p>\n<h3 data-start=\"1932\" data-end=\"1945\">FAQ rapide<\/h3>\n<p data-start=\"1946\" data-end=\"2074\"><strong data-start=\"1946\" data-end=\"1975\">Q : Ce produit est-il adapt\u00e9 \u00e0 mon \u00e9vier ?<\/strong><br data-start=\"1975\" data-end=\"1978\" \/>R : Il s'adapte aux trous d'\u00e9vacuation standard de 110 mm, 114 mm et 140 mm - compatible avec la plupart des \u00e9viers de cuisine.<\/p>\n<p data-start=\"2076\" data-end=\"2196\"><strong data-start=\"2076\" data-end=\"2113\">Q : Le panier passe-t-il au lave-vaisselle ?<\/strong><br data-start=\"2113\" data-end=\"2116\" \/>R : Oui, le panier amovible peut \u00eatre rinc\u00e9 \u00e0 la main ou mis au lave-vaisselle.<\/p>\n<p data-start=\"2198\" data-end=\"2369\"><strong data-start=\"2198\" data-end=\"2244\">Q : Le double joint emp\u00eache-t-il vraiment les fuites ?<\/strong><br data-start=\"2244\" data-end=\"2247\" \/>R : La conception \u00e0 deux rondelles de verrouillage cr\u00e9e un joint solide et \u00e9tanche qui r\u00e9duit consid\u00e9rablement les risques de fuites sous l'\u00e9vier.<\/p>","protected":false},"excerpt":{"rendered":"<p>Syst\u00e8me de vidange d'\u00e9vier de cuisine haut de gamme avec panier filtrant amovible pour capturer efficacement les d\u00e9bris alimentaires et emp\u00eacher les tuyaux de se boucher. Comprend un double joint, une conception \u00e9tanche avec deux rondelles d'arr\u00eat et deux paniers de filtration. Construction monobloc estamp\u00e9e durable, finition polie, et s'adapte aux trous standard de 110\/114\/140 mm.<\/p>","protected":false},"featured_media":922,"template":"","meta":{"_gspb_post_css":""},"product_brand":[],"product_cat":[24],"product_tag":[114,112,113],"class_list":{"0":"post-921","1":"product","2":"type-product","3":"status-publish","4":"has-post-thumbnail","6":"product_cat-accessories","7":"product_tag-kitchen-plumbing","8":"product_tag-sink-drain-strainer","9":"product_tag-stainless-steel-drain","11":"first","12":"instock","13":"shipping-taxable","14":"product-type-simple"},"_links":{"self":[{"href":"https:\/\/jsd-sinks.com\/fr\/wp-json\/wp\/v2\/product\/921","targetHints":{"allow":["GET"]}}],"collection":[{"href":"https:\/\/jsd-sinks.com\/fr\/wp-json\/wp\/v2\/product"}],"about":[{"href":"https:\/\/jsd-sinks.com\/fr\/wp-json\/wp\/v2\/types\/product"}],"wp:featuredmedia":[{"embeddable":true,"href":"https:\/\/jsd-sinks.com\/fr\/wp-json\/wp\/v2\/media\/922"}],"wp:attachment":[{"href":"https:\/\/jsd-sinks.com\/fr\/wp-json\/wp\/v2\/media?parent=921"}],"wp:term":[{"taxonomy":"product_brand","embeddable":true,"href":"https:\/\/jsd-sinks.com\/fr\/wp-json\/wp\/v2\/product_brand?post=921"},{"taxonomy":"product_cat","embeddable":true,"href":"https:\/\/jsd-sinks.com\/fr\/wp-json\/wp\/v2\/product_cat?post=921"},{"taxonomy":"product_tag","embeddable":true,"href":"https:\/\/jsd-sinks.com\/fr\/wp-json\/wp\/v2\/product_tag?post=921"}],"curies":[{"name":"wp","href":"https:\/\/api.w.org\/{rel}","templated":true}]}}